{"id":4420,"date":"2026-01-07T15:09:11","date_gmt":"2026-01-07T07:09:11","guid":{"rendered":"https:\/\/minghanggroup.com\/?post_type=product&#038;p=4420"},"modified":"2026-01-07T16:56:08","modified_gmt":"2026-01-07T08:56:08","slug":"glass-square-vintage-perfume-bottles-with-pump-wholesale","status":"publish","type":"product","link":"https:\/\/minghanggroup.com\/fr\/produit\/glass-square-vintage-perfume-bottles-with-pump-wholesale\/","title":{"rendered":"Flacons de parfum vintage carr\u00e9s en verre de 30 \u00e0 100 ml avec pompe, vente en gros"},"content":{"rendered":"<p>Vos flacons de parfum vintage \u00e0 pompe devraient captiver l&#039;attention des clients. Nous cr\u00e9ons de petits flacons vaporisateurs con\u00e7us pour un packaging qui se vend vraiment\u00a0: chaque flacon en verre incarne un luxe intemporel.<\/p>\n<h2>Caract\u00e9ristiques du produit<\/h2>\n<ul>\n<li><strong>Stabilit\u00e9 de la base carr\u00e9e :<\/strong> Avez-vous \u00e9paissi la base carr\u00e9e\u00a0? Vos petits flacons de parfum en spray sont parfaitement stables sur les \u00e9tag\u00e8res et d\u00e9gagent une impression de qualit\u00e9 et de robustesse.<\/li>\n<li><strong>Personnalisation de casquettes vintage :<\/strong> Sont-ce des bouchons brun noyer, ch\u00eane clair ou noir mat\u00a0? Associez-les \u00e0 l\u2019\u00e2me du parfum.<\/li>\n<li><strong>Clart\u00e9 du verre cristallin :<\/strong> R\u00e9v\u00e9lez la v\u00e9ritable couleur de votre parfum \u00e0 travers ce flacon en verre, sans aucune illusion trouble.<\/li>\n<\/ul>\n<h2>Caract\u00e9ristiques principales<\/h2>\n<table style=\"border-collapse: collapse; width: 80%; margin-left: auto; margin-right: auto;\" border=\"0\" width=\"360\" cellspacing=\"0\" cellpadding=\"0\">\n<tbody>\n<tr style=\"height: 13.50pt;\">\n<td style=\"height: 13.5pt; width: 54pt; text-align: center;\" width=\"72\" height=\"18\">Capacit\u00e9 (ml)<\/td>\n<td style=\"width: 54pt; text-align: center;\" width=\"72\">Dimensions (mm)<\/td>\n<td style=\"width: 54pt; text-align: center;\" width=\"72\">Calibre<\/td>\n<td style=\"width: 54pt; text-align: center;\" width=\"72\">Type de joint<\/td>\n<td style=\"width: 54pt; text-align: center;\" width=\"72\">Couleur<\/td>\n<\/tr>\n<tr style=\"height: 13.50pt;\">\n<td style=\"height: 13.5pt; text-align: center;\" height=\"18\">30<\/td>\n<td style=\"text-align: center;\">35\u00d735\u00d766<\/td>\n<td class=\"et2\" style=\"text-align: center;\" rowspan=\"5\">15 mm<\/td>\n<td class=\"et2\" style=\"text-align: center;\" rowspan=\"5\">Spray top<\/td>\n<td class=\"et2\" style=\"text-align: center;\" rowspan=\"5\">Verre transparent, brun noyer, ch\u00eane clair, bouchon noir mat (personnalisable)<\/td>\n<\/tr>\n<tr style=\"height: 13.50pt;\">\n<td style=\"height: 13.5pt; text-align: center;\" height=\"18\">30<\/td>\n<td style=\"text-align: center;\">37\u00d737\u00d765<\/td>\n<\/tr>\n<tr style=\"height: 13.50pt;\">\n<td style=\"height: 13.5pt; text-align: center;\" height=\"18\">50<\/td>\n<td style=\"text-align: center;\">32\u00d732\u00d785<\/td>\n<\/tr>\n<tr style=\"height: 13.50pt;\">\n<td style=\"height: 13.5pt; text-align: center;\" height=\"18\">45<\/td>\n<td style=\"text-align: center;\">37\u00d737\u00d786<\/td>\n<\/tr>\n<tr style=\"height: 13.50pt;\">\n<td style=\"height: 13.5pt; text-align: center;\" height=\"18\">100<\/td>\n<td style=\"text-align: center;\">47\u00d747\u00d7103<\/td>\n<\/tr>\n<\/tbody>\n<\/table>\n<h2>Cas de r\u00e9ussite<\/h2>\n<p>Une marque ind\u00e9pendante, sp\u00e9cialis\u00e9e dans les parfums vintage, a choisi d&#039;utiliser ces flacons de parfum anciens \u00e0 pompe comme emballage pour sa nouvelle collection, lors de son d\u00e9veloppement. Elle a opt\u00e9 pour une version sur mesure de 50 ml, avec un flacon vaporisateur carr\u00e9 en verre \u00e9pais et une pompe noire mate. Afin d&#039;accro\u00eetre la visibilit\u00e9 de la marque, le logo dor\u00e9, discr\u00e8tement imprim\u00e9 en s\u00e9rigraphie, orne le devant du flacon, tandis que le fond, plus \u00e9pais, am\u00e9liore la prise en main et la stabilit\u00e9, tout en minimisant les risques de dommages pendant le transport.<\/p>\n<p>La commande initiale portait sur 3\u00a0000 petits flacons de parfum vaporisateurs. Trois mois plus tard, une deuxi\u00e8me commande fut pass\u00e9e, et les collaborations suivantes, proposant diff\u00e9rentes couleurs de bouchons et contenances, devinrent progressivement le syst\u00e8me d&#039;emballage embl\u00e9matique de la marque.<\/p>\n<h2>Vos options de personnalisation<\/h2>\n<ol>\n<li><strong>L&#039;histoire de la couleur du bouchon : <\/strong>Choisissez des bouchons en noyer pour des senteurs terreuses et bois\u00e9es, en noir pour ajouter une touche de myst\u00e8re et en ch\u00eane pour des notes fra\u00eeches.<\/li>\n<li><strong>Int\u00e9gration de logos en masse\u00a0: <\/strong>Faites graver votre logo au laser sur la base carr\u00e9e de petits flacons de parfum vaporisateur en gros, avec un marquage non imm\u00e9diatement visible.<\/li>\n<li><strong>Options de marque\u00a0: <\/strong>Parmi les options personnalisables, on trouve l&#039;impression du nom de la marque sur le produit par s\u00e9rigraphie, marquage \u00e0 chaud (or ou argent) ou sablage du logo pour favoriser la reconnaissance de la marque.<\/li>\n<\/ol>","protected":false},"excerpt":{"rendered":"<p>Flacons de parfum vintage avec pompe pour marques et grossistes. Petits flacons vaporisateurs, vente directe d&#039;usine, personnalisation en grande quantit\u00e9, livraison rapide dans le monde entier.<\/p>","protected":false},"featured_media":4423,"template":"","meta":{"postBodyCss":"","postBodyMargin":[],"postBodyPadding":[],"postBodyBackground":{"backgroundType":"classic","gradient":""}},"product_brand":[],"product_cat":[15,16,62],"product_tag":[],"class_list":{"0":"post-4420","1":"product","2":"type-product","3":"status-publish","4":"has-post-thumbnail","6":"product_cat-glass-containers","7":"product_cat-glass-bottles","8":"product_cat-perfume-bottles","10":"first","11":"instock","12":"shipping-taxable","13":"product-type-simple"},"jetpack_sharing_enabled":true,"_links":{"self":[{"href":"https:\/\/minghanggroup.com\/fr\/wp-json\/wp\/v2\/product\/4420","targetHints":{"allow":["GET"]}}],"collection":[{"href":"https:\/\/minghanggroup.com\/fr\/wp-json\/wp\/v2\/product"}],"about":[{"href":"https:\/\/minghanggroup.com\/fr\/wp-json\/wp\/v2\/types\/product"}],"wp:featuredmedia":[{"embeddable":true,"href":"https:\/\/minghanggroup.com\/fr\/wp-json\/wp\/v2\/media\/4423"}],"wp:attachment":[{"href":"https:\/\/minghanggroup.com\/fr\/wp-json\/wp\/v2\/media?parent=4420"}],"wp:term":[{"taxonomy":"product_brand","embeddable":true,"href":"https:\/\/minghanggroup.com\/fr\/wp-json\/wp\/v2\/product_brand?post=4420"},{"taxonomy":"product_cat","embeddable":true,"href":"https:\/\/minghanggroup.com\/fr\/wp-json\/wp\/v2\/product_cat?post=4420"},{"taxonomy":"product_tag","embeddable":true,"href":"https:\/\/minghanggroup.com\/fr\/wp-json\/wp\/v2\/product_tag?post=4420"}],"curies":[{"name":"wp","href":"https:\/\/api.w.org\/{rel}","templated":true}]}}