{"id":4410,"date":"2026-01-07T14:14:27","date_gmt":"2026-01-07T06:14:27","guid":{"rendered":"https:\/\/minghanggroup.com\/?post_type=product&#038;p=4410"},"modified":"2026-01-07T16:51:43","modified_gmt":"2026-01-07T08:51:43","slug":"white-cologne-bottles-wholesale-perfume-bottle-supplier","status":"publish","type":"product","link":"https:\/\/minghanggroup.com\/fr\/produit\/white-cologne-bottles-wholesale-perfume-bottle-supplier\/","title":{"rendered":"Flacons de Cologne en verre blanc de 30 ml, 50 ml et 100 ml avec base montagneuse (vente en gros)"},"content":{"rendered":"<p>Vos flacons d&#039;eau de Cologne blancs doivent captiver l&#039;attention des clients. Nous sommes le fournisseur de flacons de parfum en verre qui transforment les simples curieux en acheteurs\u00a0: chaque flacon est synonyme de luxe.<\/p>\n<h2>Caract\u00e9ristiques du produit<\/h2>\n<ul>\n<li><strong>Visualisation 3D de la montagne\u00a0: <\/strong>Cette subtile montagne int\u00e9rieure ? Elle transforme votre flacon de parfum en un vendeur silencieux \u2013 fini le verre banal !<\/li>\n<li><strong>Harmonie du capuchon mat : <\/strong>Bouchon blanc mat + verre transparent = un luxe \u00e9pur\u00e9 instantan\u00e9 pour l&#039;emballage de votre parfum.<\/li>\n<li><strong>La stabilit\u00e9 qui fait vendre : <\/strong>Vos bouteilles ne vacilleront plus sur les \u00e9tag\u00e8res gr\u00e2ce \u00e0 leur base \u00e9paissie.<\/li>\n<\/ul>\n<h2>Caract\u00e9ristiques principales<\/h2>\n<table style=\"border-collapse: collapse; width: 80%; margin-left: auto; margin-right: auto;\" border=\"0\" width=\"288\" cellspacing=\"0\" cellpadding=\"0\">\n<tbody>\n<tr style=\"height: 13.50pt;\">\n<td style=\"height: 13.5pt; width: 54pt; text-align: center;\" width=\"72\" height=\"18\">Capacit\u00e9<\/td>\n<td style=\"width: 54pt; text-align: center;\" width=\"72\">Dimensions (mm)<\/td>\n<td style=\"width: 54pt; text-align: center;\" width=\"72\">Sch\u00e9ma de couleurs<\/td>\n<td style=\"width: 54pt; text-align: center;\" width=\"72\">Type de joint<\/td>\n<\/tr>\n<tr style=\"height: 13.50pt;\">\n<td style=\"height: 13.5pt; text-align: center;\" height=\"18\">30 ml<\/td>\n<td style=\"text-align: center;\">46 x 73<\/td>\n<td class=\"et2\" style=\"text-align: center;\" rowspan=\"3\">Verre transparent + capuchon mat<\/td>\n<td class=\"et2\" style=\"text-align: center;\" rowspan=\"3\">Spray Top<\/td>\n<\/tr>\n<tr style=\"height: 13.50pt;\">\n<td style=\"height: 13.5pt; text-align: center;\" height=\"18\">50 ml<\/td>\n<td style=\"text-align: center;\">51 x 80<\/td>\n<\/tr>\n<tr style=\"height: 13.50pt;\">\n<td style=\"height: 13.5pt; text-align: center;\" height=\"18\">100 ml \/ 3,4 oz<\/td>\n<td style=\"text-align: center;\">59 x 94<\/td>\n<\/tr>\n<\/tbody>\n<\/table>\n<h2>Cas de r\u00e9ussite<\/h2>\n<p>L&#039;une de leurs marques de parfums recherchait un packaging capable de mieux refl\u00e9ter l&#039;esprit et le design de sa nouvelle collection. Leurs flacons anciens, d&#039;une esth\u00e9tique sobre, passaient inaper\u00e7us en rayon. Leur premier lancement fut donc nos flacons d&#039;eau de Cologne blancs, orn\u00e9s d&#039;un motif montagneux en 3D \u00e0 l&#039;int\u00e9rieur, d&#039;un corps d\u00e9poli et d&#039;un logo finement emboss\u00e9 sur l&#039;\u00e9paule.<\/p>\n<p>La marque nous a \u00e9galement inform\u00e9s apr\u00e8s le lancement qu&#039;elle avait constat\u00e9 une augmentation de 32 % de son taux de vente, et elle a \u00e9galement not\u00e9 une am\u00e9lioration significative de l&#039;engagement des clients sur les r\u00e9seaux sociaux, et elle a expliqu\u00e9 que cela \u00e9tait d\u00fb \u00e0 l&#039;aspect unique des bouteilles.<\/p>\n<h2>Vos options de personnalisation<\/h2>\n<ol>\n<li><strong>Changement de couleur du bouchon : <\/strong>Remplacez le blanc mat par du noir ou de l&#039;or pour l&#039;assortir \u00e0 la personnalit\u00e9 de votre parfum.<\/li>\n<li><strong>Parfum, bouchons \u00e9tiquet\u00e9s\u00a0:<\/strong> Des notes olfactives miniatures (par exemple, des agrumes sur un bouchon orange) sont grav\u00e9es au laser sur le bouchon, cr\u00e9ant ainsi un parfum personnalis\u00e9 instantan\u00e9ment reconnaissable.<\/li>\n<li><strong>Grande base de personnalisation\u00a0:<\/strong> La surface lisse de la bouteille s&#039;est av\u00e9r\u00e9e id\u00e9ale pour l&#039;application de divers traitements personnalis\u00e9s tels que la pulv\u00e9risation, la s\u00e9rigraphie ou l&#039;\u00e9tiquetage.<\/li>\n<\/ol>","protected":false},"excerpt":{"rendered":"<p>Le flacon de parfum blanc orn\u00e9 d&#039;un motif de montagne s\u00e9duit les clients. En tant que fournisseur de flacons de parfum, nous proposons des services personnalis\u00e9s et acceptons les commandes en gros.<\/p>","protected":false},"featured_media":4419,"template":"","meta":{"postBodyCss":"","postBodyMargin":[],"postBodyPadding":[],"postBodyBackground":{"backgroundType":"classic","gradient":""}},"product_brand":[],"product_cat":[15,16,62],"product_tag":[],"class_list":{"0":"post-4410","1":"product","2":"type-product","3":"status-publish","4":"has-post-thumbnail","6":"product_cat-glass-containers","7":"product_cat-glass-bottles","8":"product_cat-perfume-bottles","10":"first","11":"instock","12":"shipping-taxable","13":"product-type-simple"},"jetpack_sharing_enabled":true,"_links":{"self":[{"href":"https:\/\/minghanggroup.com\/fr\/wp-json\/wp\/v2\/product\/4410","targetHints":{"allow":["GET"]}}],"collection":[{"href":"https:\/\/minghanggroup.com\/fr\/wp-json\/wp\/v2\/product"}],"about":[{"href":"https:\/\/minghanggroup.com\/fr\/wp-json\/wp\/v2\/types\/product"}],"wp:featuredmedia":[{"embeddable":true,"href":"https:\/\/minghanggroup.com\/fr\/wp-json\/wp\/v2\/media\/4419"}],"wp:attachment":[{"href":"https:\/\/minghanggroup.com\/fr\/wp-json\/wp\/v2\/media?parent=4410"}],"wp:term":[{"taxonomy":"product_brand","embeddable":true,"href":"https:\/\/minghanggroup.com\/fr\/wp-json\/wp\/v2\/product_brand?post=4410"},{"taxonomy":"product_cat","embeddable":true,"href":"https:\/\/minghanggroup.com\/fr\/wp-json\/wp\/v2\/product_cat?post=4410"},{"taxonomy":"product_tag","embeddable":true,"href":"https:\/\/minghanggroup.com\/fr\/wp-json\/wp\/v2\/product_tag?post=4410"}],"curies":[{"name":"wp","href":"https:\/\/api.w.org\/{rel}","templated":true}]}}