{"id":4400,"date":"2026-01-07T11:59:55","date_gmt":"2026-01-07T03:59:55","guid":{"rendered":"https:\/\/minghanggroup.com\/?post_type=product&#038;p=4400"},"modified":"2026-01-07T11:59:56","modified_gmt":"2026-01-07T03:59:56","slug":"glass-bottles-for-perfume-bulk-perfume-bottle-manufacturer","status":"publish","type":"product","link":"https:\/\/minghanggroup.com\/fr\/produit\/glass-bottles-for-perfume-bulk-perfume-bottle-manufacturer\/","title":{"rendered":"Flacons ronds en verre transparent de 50 ml et 100 ml pour parfum, avec bouchon \u00e0 bille, en gros"},"content":{"rendered":"<p>Vos flacons de parfum de 50 ml doivent captiver l&#039;attention des clients. Nous sommes fabricants de flacons de parfum en verre qui transforment les simples curieux en acheteurs\u00a0: chaque flacon est synonyme de luxe.<\/p>\n<h2>Caract\u00e9ristiques du produit<\/h2>\n<ul>\n<li><strong>Clart\u00e9 du verre Flint :<\/strong> D\u00e9couvrez la v\u00e9ritable couleur de votre parfum \u00e0 travers ce flacon en verre.<\/li>\n<li><strong>Calotte sph\u00e9rique lisse :<\/strong> Ce bouchon arrondi ? Une \u00e9l\u00e9gance instantan\u00e9e, sans ar\u00eates vives, pour une pulv\u00e9risation tout en douceur.<\/li>\n<li><strong>Forme arrondie de la bouteille\u00a0:<\/strong> Les lignes g\u00e9n\u00e9rales sont douces et harmonieuses, cr\u00e9ant une apparence visuelle simple et \u00e9l\u00e9gante, adapt\u00e9e \u00e0 diff\u00e9rents styles de parfums et positionnements de marque.<\/li>\n<\/ul>\n<h2>Caract\u00e9ristiques principales<\/h2>\n<table style=\"border-collapse: collapse; width: 80%; margin-left: auto; margin-right: auto;\" border=\"0\" width=\"288\" cellspacing=\"0\" cellpadding=\"0\">\n<tbody>\n<tr style=\"height: 13.50pt;\">\n<td style=\"height: 13.5pt; width: 54pt; text-align: center;\" width=\"72\" height=\"18\">Capacit\u00e9<\/td>\n<td style=\"width: 54pt; text-align: center;\" width=\"72\">Dimensions (mm)<\/td>\n<td style=\"width: 54pt; text-align: center;\" width=\"72\">Mat\u00e9riel<\/td>\n<td style=\"width: 54pt; text-align: center;\" width=\"72\">Type de joint<\/td>\n<\/tr>\n<tr style=\"height: 13.50pt;\">\n<td style=\"height: 13.5pt; text-align: center;\" height=\"18\">50 ml<\/td>\n<td style=\"text-align: center;\">39 x 49 x 119<\/td>\n<td class=\"et2\" style=\"text-align: center;\" rowspan=\"2\">Verre de silex<\/td>\n<td class=\"et2\" style=\"text-align: center;\" rowspan=\"2\">Spray Top<\/td>\n<\/tr>\n<tr style=\"height: 13.50pt;\">\n<td style=\"height: 13.5pt; text-align: center;\" height=\"18\">100 ml \/ 3,4 oz<\/td>\n<td style=\"text-align: center;\">45 x 55 x 130<\/td>\n<\/tr>\n<\/tbody>\n<\/table>\n<h2>Cas de r\u00e9ussite<\/h2>\n<p>Une marque de parfums s&#039;appr\u00eatait \u00e0 lancer une nouvelle fragrance unisexe, mais estimait que son packaging actuel ne refl\u00e9tait pas le raffinement du produit. Pour la toute premi\u00e8re production, la marque a donc opt\u00e9 pour nos flacons en verre personnalis\u00e9s\u00a0: finition d\u00e9polie d\u00e9licate, logo \u00e9l\u00e9gant en relief sur l&#039;\u00e9paule et design minimaliste imprim\u00e9.<\/p>\n<p>Les effets ont \u00e9t\u00e9, en effet, tr\u00e8s rapides\u00a0: le parfum, gr\u00e2ce \u00e0 son nouvel emballage modernis\u00e9, a gagn\u00e9 en visibilit\u00e9 dans les rayons, ce qui a permis \u00e0 la marque d\u2019enregistrer une hausse de 32\u00a0% de ses ventes en seulement deux mois. Par cons\u00e9quent, la marque continue de passer des commandes importantes chaque trimestre.<\/p>\n<h2>Vos options de personnalisation<\/h2>\n<ol>\n<li><strong>Association de parfums\u00a0:<\/strong> Choisissez la couleur du couvercle du pot en fonction des composants du parfum : l&#039;argent symbolise la fra\u00eecheur et l&#039;or le luxe.<\/li>\n<li><strong>D\u00e9tails de texture personnalisables\u00a0:<\/strong> Le concept du pot est pens\u00e9 pour introduire une texture l\u00e9g\u00e8re ou des lignes verticales qui intensifieraient l&#039;aspect tactile et le caract\u00e8re unique du produit, tout en restant visuellement simple et \u00e9pur\u00e9.<\/li>\n<li><strong>Emplacement du logo de la marque\u00a0:<\/strong> Une partie de l&#039;\u00e9paule ou du fond de la bouteille, cr\u00e9\u00e9e sp\u00e9cialement pour le logo de votre marque, peut \u00eatre facilement utilis\u00e9e ult\u00e9rieurement pour le marquage \u00e0 chaud, l&#039;\u00e9tiquetage ou le marquage laser.<\/li>\n<\/ol>","protected":false},"excerpt":{"rendered":"<p>Flacons en verre pour parfum, au profil lisse et \u00e0 la finition transparente. Fabricant de flacons de parfum, nous proposons la vente directe d&#039;usine et une personnalisation flexible pour les commandes en gros.<\/p>","protected":false},"featured_media":4407,"template":"","meta":{"postBodyCss":"","postBodyMargin":[],"postBodyPadding":[],"postBodyBackground":{"backgroundType":"classic","gradient":""}},"product_brand":[],"product_cat":[15,16,62],"product_tag":[],"class_list":{"0":"post-4400","1":"product","2":"type-product","3":"status-publish","4":"has-post-thumbnail","6":"product_cat-glass-containers","7":"product_cat-glass-bottles","8":"product_cat-perfume-bottles","10":"first","11":"instock","12":"shipping-taxable","13":"product-type-simple"},"jetpack_sharing_enabled":true,"_links":{"self":[{"href":"https:\/\/minghanggroup.com\/fr\/wp-json\/wp\/v2\/product\/4400","targetHints":{"allow":["GET"]}}],"collection":[{"href":"https:\/\/minghanggroup.com\/fr\/wp-json\/wp\/v2\/product"}],"about":[{"href":"https:\/\/minghanggroup.com\/fr\/wp-json\/wp\/v2\/types\/product"}],"wp:featuredmedia":[{"embeddable":true,"href":"https:\/\/minghanggroup.com\/fr\/wp-json\/wp\/v2\/media\/4407"}],"wp:attachment":[{"href":"https:\/\/minghanggroup.com\/fr\/wp-json\/wp\/v2\/media?parent=4400"}],"wp:term":[{"taxonomy":"product_brand","embeddable":true,"href":"https:\/\/minghanggroup.com\/fr\/wp-json\/wp\/v2\/product_brand?post=4400"},{"taxonomy":"product_cat","embeddable":true,"href":"https:\/\/minghanggroup.com\/fr\/wp-json\/wp\/v2\/product_cat?post=4400"},{"taxonomy":"product_tag","embeddable":true,"href":"https:\/\/minghanggroup.com\/fr\/wp-json\/wp\/v2\/product_tag?post=4400"}],"curies":[{"name":"wp","href":"https:\/\/api.w.org\/{rel}","templated":true}]}}