{"id":4399,"date":"2026-01-07T08:56:01","date_gmt":"2026-01-07T00:56:01","guid":{"rendered":"https:\/\/minghanggroup.com\/?post_type=product&#038;p=4399"},"modified":"2026-01-07T14:16:42","modified_gmt":"2026-01-07T06:16:42","slug":"scent-bottles-of-cologne-with-sphere-lids-wholesale","status":"publish","type":"product","link":"https:\/\/minghanggroup.com\/fr\/produit\/scent-bottles-of-cologne-with-sphere-lids-wholesale\/","title":{"rendered":"Flacons de parfum de 30 ml, 50 ml et 100 ml avec bouchon sph\u00e9rique - Vente en gros"},"content":{"rendered":"<p>Ce flacon de parfum est en verre transparent, surmont\u00e9 d&#039;un bouchon sph\u00e9rique lisse et contrastant. Son aspect imposant est obtenu gr\u00e2ce \u00e0 une base \u00e9paissie qui met en valeur le parfum et lui conf\u00e8re une pr\u00e9sence visuelle solide et stable.<\/p>\n<h2>Caract\u00e9ristiques du produit<\/h2>\n<ul>\n<li><strong>Bouteille en verre haute transparence :<\/strong> Il est compos\u00e9 de verre tr\u00e8s transparent, ce qui permet de voir facilement et clairement la couleur du parfum, ce qui favorise la puret\u00e9 et la qualit\u00e9 per\u00e7ue du produit.<\/li>\n<li><strong>Chapeau d\u00e9coratif sph\u00e9rique :<\/strong> Le bouchon arrondi est un \u00e9l\u00e9ment de design exclusif de l&#039;emballage du parfum\u00a0; sa forme ronde et sph\u00e9rique lui conf\u00e8re un aspect d\u00e9coratif et tendance.<\/li>\n<li><strong>Base stable et \u00e9paissie :<\/strong> La base \u00e9paissie contribue \u00e0 am\u00e9liorer la stabilit\u00e9 g\u00e9n\u00e9rale et \u00e0 augmenter la texture de la bouteille.<\/li>\n<\/ul>\n<h2 style=\"text-align: left;\">Caract\u00e9ristiques principales<\/h2>\n<table class=\"aligncenter\" style=\"border-collapse: collapse; width: 487.52pt;\" border=\"0\" width=\"650\" cellspacing=\"0\" cellpadding=\"0\">\n<tbody>\n<tr style=\"height: 13.50pt;\">\n<td style=\"height: 13.50pt; width: 119.25pt;\" width=\"159\" height=\"18\">Sp\u00e9cification<\/td>\n<td style=\"width: 368.25pt;\" width=\"491\">D\u00e9tails<\/td>\n<\/tr>\n<tr style=\"height: 13.50pt;\">\n<td style=\"height: 13.50pt;\" height=\"18\">Capacit\u00e9<\/td>\n<td>30ml \/ 50ml \/ 100ml<\/td>\n<\/tr>\n<tr style=\"height: 13.50pt;\">\n<td style=\"height: 13.50pt;\" height=\"18\">Dimensions<\/td>\n<td>38\u00d789 mm \/ 42\u00d798 mm \/ 48\u00d7130 mm<\/td>\n<\/tr>\n<tr style=\"height: 13.50pt;\">\n<td style=\"height: 13.50pt;\" height=\"18\">Mat\u00e9riel<\/td>\n<td>Bouchons en verre, en plastique ou en m\u00e9tal haute clart\u00e9<\/td>\n<\/tr>\n<tr style=\"height: 13.50pt;\">\n<td style=\"height: 13.50pt;\" height=\"18\">\u00c9tendue de la personnalisation<\/td>\n<td>Couleur\/teinte du verre, couleur\/finition\/forme du bouchon, impression, gravure<\/td>\n<\/tr>\n<tr style=\"height: 13.50pt;\">\n<td style=\"height: 13.50pt;\" height=\"18\">Savoir-faire<\/td>\n<td>Moulage en verre de haute pr\u00e9cision, rev\u00eatement brillant du capuchon<\/td>\n<\/tr>\n<tr style=\"height: 13.50pt;\">\n<td style=\"height: 13.50pt;\" height=\"18\">Objectif du produit<\/td>\n<td>Flacons de parfum en vrac, flacons d&#039;eau de Cologne<\/td>\n<\/tr>\n<tr style=\"height: 13.50pt;\">\n<td style=\"height: 13.50pt;\" height=\"18\">Secteurs d&#039;activit\u00e9 appropri\u00e9s<\/td>\n<td>Parfumerie contemporaine, boutiques de design, art de vivre et soins personnels<\/td>\n<\/tr>\n<\/tbody>\n<\/table>\n<h2>Succ\u00e8s : Lancement d&#039;un parfum par un studio de design scandinave<\/h2>\n<p>L&#039;une des firmes de design scandinaves sp\u00e9cialis\u00e9es dans le mobilier minimaliste a lanc\u00e9 sa premi\u00e8re ligne de parfums. Elle a choisi notre flacon d&#039;eau de Cologne de 100 ml comme contenant, agr\u00e9ment\u00e9 d&#039;un bouchon sph\u00e9rique blanc mat r\u00e9alis\u00e9 \u00e0 la main et d&#039;un fond en verre d\u00e9poli. Ce flacon \u00e0 plusieurs niveaux est devenu l&#039;\u00e9l\u00e9ment visuel phare de la collection et a permis d&#039;enregistrer une croissance des ventes de 40 %. Le fond du flacon a \u00e9t\u00e9 \u00e9paissi, r\u00e9duisant ainsi la casse de 35 % lors du transport. Tr\u00e8s satisfaite du succ\u00e8s rencontr\u00e9 par le produit aupr\u00e8s du march\u00e9, la firme a pass\u00e9 une nouvelle commande de 350\u00a0000 flacons pour sa future gamme de parfums.<\/p>\n<h2>Personnalisation des flacons de parfum<\/h2>\n<ul>\n<li>Couleurs de bouchon enti\u00e8rement personnalisables\u00a0: les bouchons sph\u00e9riques peuvent \u00eatre personnalis\u00e9s selon n\u2019importe quel nuancier Pantone, avec des finitions paillet\u00e9es ou mates.<\/li>\n<li>S\u00e9rigraphie sur verre\u00a0: pour imprimer des logos simples ou des motifs g\u00e9om\u00e9triques sur la surface du verre. Gravure laser\u00a0: pour graver des motifs complexes, des num\u00e9ros de s\u00e9rie ou des lettres sur le verre.<\/li>\n<li>Texturation de la base\u00a0: Pour am\u00e9liorer l\u2019adh\u00e9rence et l\u2019esth\u00e9tique de la base \u00e9paissie, un sablage ou des anneaux en caoutchouc peuvent \u00eatre ajout\u00e9s.<\/li>\n<li>Col de bouteille personnalis\u00e9\u00a0: Choisissez une hauteur plus importante ou plus conique pour le col court afin d\u2019obtenir une apparence l\u00e9g\u00e8rement diff\u00e9rente.<\/li>\n<\/ul>","protected":false},"excerpt":{"rendered":"<p>Ces flacons d&#039;eau de Cologne au design minimaliste, avec un col court et un bouchon sph\u00e9rique brillant, offrent une pr\u00e9sentation \u00e9l\u00e9gante et contemporaine. \u00c9chantillons gratuits.<\/p>","protected":false},"featured_media":4402,"template":"","meta":{"postBodyCss":"","postBodyMargin":[],"postBodyPadding":[],"postBodyBackground":{"backgroundType":"classic","gradient":""}},"product_brand":[],"product_cat":[15,16,62],"product_tag":[],"class_list":{"0":"post-4399","1":"product","2":"type-product","3":"status-publish","4":"has-post-thumbnail","6":"product_cat-glass-containers","7":"product_cat-glass-bottles","8":"product_cat-perfume-bottles","10":"first","11":"instock","12":"shipping-taxable","13":"product-type-simple"},"jetpack_sharing_enabled":true,"_links":{"self":[{"href":"https:\/\/minghanggroup.com\/fr\/wp-json\/wp\/v2\/product\/4399","targetHints":{"allow":["GET"]}}],"collection":[{"href":"https:\/\/minghanggroup.com\/fr\/wp-json\/wp\/v2\/product"}],"about":[{"href":"https:\/\/minghanggroup.com\/fr\/wp-json\/wp\/v2\/types\/product"}],"wp:featuredmedia":[{"embeddable":true,"href":"https:\/\/minghanggroup.com\/fr\/wp-json\/wp\/v2\/media\/4402"}],"wp:attachment":[{"href":"https:\/\/minghanggroup.com\/fr\/wp-json\/wp\/v2\/media?parent=4399"}],"wp:term":[{"taxonomy":"product_brand","embeddable":true,"href":"https:\/\/minghanggroup.com\/fr\/wp-json\/wp\/v2\/product_brand?post=4399"},{"taxonomy":"product_cat","embeddable":true,"href":"https:\/\/minghanggroup.com\/fr\/wp-json\/wp\/v2\/product_cat?post=4399"},{"taxonomy":"product_tag","embeddable":true,"href":"https:\/\/minghanggroup.com\/fr\/wp-json\/wp\/v2\/product_tag?post=4399"}],"curies":[{"name":"wp","href":"https:\/\/api.w.org\/{rel}","templated":true}]}}