{"id":4393,"date":"2026-01-06T17:00:11","date_gmt":"2026-01-06T09:00:11","guid":{"rendered":"https:\/\/minghanggroup.com\/?post_type=product&#038;p=4393"},"modified":"2026-01-06T17:08:49","modified_gmt":"2026-01-06T09:08:49","slug":"30ml-50ml-100ml-custom-glass-fragrance-bottles-wholesale","status":"publish","type":"product","link":"https:\/\/minghanggroup.com\/fr\/produit\/30ml-50ml-100ml-custom-glass-fragrance-bottles-wholesale\/","title":{"rendered":"Flacons de parfum en verre personnalis\u00e9s de 30 ml, 50 ml et 100 ml (vente en gros)"},"content":{"rendered":"<div class=\"qk-md-paragraph\" data-spm-anchor-id=\"5176.28103460.0.i14.14c47551N6phDS\"><span class=\"qk-md-text complete\">Ton <\/span><span class=\"qk-md-text complete\">flacons de cologne de 50 ml<\/span><span class=\"qk-md-text complete\"> devrait inciter les clients \u00e0 s&#039;arr\u00eater au milieu des rayons. Nous fabriquons <\/span><span class=\"qk-md-text complete\">flacons de parfum en verre en gros<\/span><span class=\"qk-md-text complete\"> con\u00e7u pour <\/span><span class=\"qk-md-text complete\">emballage de parfum<\/span><span class=\"qk-md-text complete\"> que <\/span><span class=\"qk-md-text complete\">en fait<\/span><span class=\"qk-md-text complete\"> vend\u2014o\u00f9 chaque <\/span><span class=\"qk-md-text complete\">flacon de parfum en verre<\/span><span class=\"qk-md-text complete\"> devient l&#039;arme secr\u00e8te de votre marque. <\/span><\/div>\n<h2>Caract\u00e9ristiques du produit<\/h2>\n<ul>\n<li><strong>Raffinement du capuchon m\u00e9tallique\u00a0: <\/strong>Bouchons noirs, dor\u00e9s ou argent\u00e9s\u00a0? \u00c0 vous de choisir un mod\u00e8le qui refl\u00e8te la personnalit\u00e9 de votre parfum\u00a0: pas de bouchons ternes\u00a0!<\/li>\n<li><strong>Verre de silex cristallin :<\/strong> Admirez votre parfum dans ce flacon en verre de haute qualit\u00e9, sans illusions troubles.<\/li>\n<li><strong>Peut \u00eatre utilis\u00e9 sur tous types de parfums\u00a0:<\/strong> Cela peut \u00eatre utilis\u00e9 sur les parfums, les eaux de Cologne, les huiles parfum\u00e9es et autres produits liquides.<\/li>\n<\/ul>\n<h2>Caract\u00e9ristiques principales<\/h2>\n<table style=\"border-collapse: collapse; width: 80%; margin-left: auto; margin-right: auto;\" border=\"0\" width=\"288\" cellspacing=\"0\" cellpadding=\"0\">\n<tbody>\n<tr style=\"height: 13.50pt;\">\n<td style=\"height: 13.5pt; width: 54pt; text-align: center;\" width=\"72\" height=\"18\">Capacit\u00e9<\/td>\n<td style=\"width: 54pt; text-align: center;\" width=\"72\">Dimensions (mm)<\/td>\n<td style=\"width: 54pt; text-align: center;\" width=\"72\">Mat\u00e9riel<\/td>\n<td style=\"width: 54pt; text-align: center;\" width=\"72\">Type de joint<\/td>\n<\/tr>\n<tr style=\"height: 13.50pt;\">\n<td style=\"height: 13.5pt; text-align: center;\" height=\"18\">30 ml \/ 1 oz<\/td>\n<td style=\"text-align: center;\">42 x 73<\/td>\n<td class=\"et2\" style=\"text-align: center;\" rowspan=\"3\">Verre de silex<\/td>\n<td class=\"et2\" style=\"text-align: center;\" rowspan=\"3\">Spray Top<\/td>\n<\/tr>\n<tr style=\"height: 13.50pt;\">\n<td style=\"height: 13.5pt; text-align: center;\" height=\"18\">50 ml<\/td>\n<td style=\"text-align: center;\">45 x 88<\/td>\n<\/tr>\n<tr style=\"height: 13.50pt;\">\n<td style=\"height: 13.5pt; text-align: center;\" height=\"18\">100 ml \/ 3,4 oz<\/td>\n<td style=\"text-align: center;\">56 x 101<\/td>\n<\/tr>\n<\/tbody>\n<\/table>\n<h2>Cas de r\u00e9ussite<\/h2>\n<p>Une entreprise locale de parfums naturels a choisi nos flacons d&#039;eau de Cologne de 50 ml pour le lancement de sa nouvelle gamme. Elle a opt\u00e9 pour des flacons en verre transparent orn\u00e9s d&#039;un logo th\u00e9matique afin de mettre en valeur la puret\u00e9 de la fragrance et d&#039;apporter une touche de sophistication suppl\u00e9mentaire \u00e0 son image de marque gr\u00e2ce \u00e0 un rev\u00eatement dor\u00e9 sur le bouchon. La gravure sobre du logo souligne l&#039;\u00e9l\u00e9gance et l&#039;originalit\u00e9 des flacons.<\/p>\n<p>En trois mois seulement, leurs ventes en ligne ont progress\u00e9 de 40 % et ont permis d&#039;attirer l&#039;attention de davantage de d\u00e9taillants, leur ouvrant ainsi les portes de deux grands magasins traditionnels.<\/p>\n<h2>Vos options de personnalisation<\/h2>\n<ol>\n<li><strong>Strat\u00e9gie de couleur du bouchon :<\/strong>Prix \u200b\u200bde l&#039;or dans la cat\u00e9gorie des parfums de luxe, prix de l&#039;argent dans la cat\u00e9gorie des parfums frais.<\/li>\n<li><strong>D\u00e9tail de surface :<\/strong>D\u00e9coration en relief sur le verre de silex, ressemblant \u00e0 des logos.<\/li>\n<li><strong>Association de parfums\u00a0:<\/strong>Les parfums bois\u00e9s doivent \u00eatre utilis\u00e9s avec des flacons en verre fonc\u00e9 et les parfums d&#039;agrumes avec des flacons en verre transparent.<\/li>\n<\/ol>","protected":false},"excerpt":{"rendered":"<p>D\u00e9couvrez nos flacons d&#039;eau de Cologne de 50 ml avec bouchons personnalisables. Nous proposons des flacons de parfum en verre en gros, directement de l&#039;usine, et une livraison rapide pour les entreprises.<\/p>","protected":false},"featured_media":4396,"template":"","meta":{"postBodyCss":"","postBodyMargin":[],"postBodyPadding":[],"postBodyBackground":{"backgroundType":"classic","gradient":""}},"product_brand":[],"product_cat":[15,16,62],"product_tag":[],"class_list":{"0":"post-4393","1":"product","2":"type-product","3":"status-publish","4":"has-post-thumbnail","6":"product_cat-glass-containers","7":"product_cat-glass-bottles","8":"product_cat-perfume-bottles","10":"first","11":"instock","12":"shipping-taxable","13":"product-type-simple"},"jetpack_sharing_enabled":true,"_links":{"self":[{"href":"https:\/\/minghanggroup.com\/fr\/wp-json\/wp\/v2\/product\/4393","targetHints":{"allow":["GET"]}}],"collection":[{"href":"https:\/\/minghanggroup.com\/fr\/wp-json\/wp\/v2\/product"}],"about":[{"href":"https:\/\/minghanggroup.com\/fr\/wp-json\/wp\/v2\/types\/product"}],"wp:featuredmedia":[{"embeddable":true,"href":"https:\/\/minghanggroup.com\/fr\/wp-json\/wp\/v2\/media\/4396"}],"wp:attachment":[{"href":"https:\/\/minghanggroup.com\/fr\/wp-json\/wp\/v2\/media?parent=4393"}],"wp:term":[{"taxonomy":"product_brand","embeddable":true,"href":"https:\/\/minghanggroup.com\/fr\/wp-json\/wp\/v2\/product_brand?post=4393"},{"taxonomy":"product_cat","embeddable":true,"href":"https:\/\/minghanggroup.com\/fr\/wp-json\/wp\/v2\/product_cat?post=4393"},{"taxonomy":"product_tag","embeddable":true,"href":"https:\/\/minghanggroup.com\/fr\/wp-json\/wp\/v2\/product_tag?post=4393"}],"curies":[{"name":"wp","href":"https:\/\/api.w.org\/{rel}","templated":true}]}}