{"id":4381,"date":"2026-01-06T15:08:58","date_gmt":"2026-01-06T07:08:58","guid":{"rendered":"https:\/\/minghanggroup.com\/?post_type=product&#038;p=4381"},"modified":"2026-01-06T15:38:08","modified_gmt":"2026-01-06T07:38:08","slug":"luxury-perfume-bottles-with-gold-decorative-wholesale","status":"publish","type":"product","link":"https:\/\/minghanggroup.com\/fr\/produit\/luxury-perfume-bottles-with-gold-decorative-wholesale\/","title":{"rendered":"Flacons de parfum de luxe de 50 ml avec d\u00e9corations dor\u00e9es (vente en gros)"},"content":{"rendered":"<p>Cette marque de flacons de parfum de luxe est fabriqu\u00e9e en verre d&#039;une clart\u00e9 cristalline et se d\u00e9cline en quatre formes (citrouille, cylindrique, carr\u00e9e et ovale). Les flacons sont orn\u00e9s de magnifiques motifs sur le bouchon plaqu\u00e9 or, dont les facettes scintillent au soleil.<\/p>\n<h2>Caract\u00e9ristiques du produit<\/h2>\n<ul>\n<li><strong>Combinaisons de formes multiples :<\/strong> Pour satisfaire les go\u00fbts esth\u00e9tiques vari\u00e9s, il existe quatre formes de bouteilles : citrouille, cylindrique, carr\u00e9e et ovale.<\/li>\n<li><strong>Casquettes \u00e0 multiples facettes :<\/strong> Les capuchons transparents pr\u00e9sentent une d\u00e9coupe textur\u00e9e et un d\u00e9tail m\u00e9tallique dor\u00e9, ajoutant une touche de luxe \u00e0 l&#039;ensemble.<\/li>\n<li><strong>\u00c9l\u00e9ments d\u00e9coratifs dor\u00e9s :<\/strong> Les bouteilles sont orn\u00e9es de motifs dor\u00e9s\/ajour\u00e9s imitant le cristal et les composants m\u00e9talliques, ce qui t\u00e9moigne d&#039;un travail artisanal de grande qualit\u00e9.<\/li>\n<\/ul>\n<h2 style=\"text-align: left;\">Caract\u00e9ristiques principales<\/h2>\n<table class=\"aligncenter\" style=\"border-collapse: collapse; width: 575.27pt;\" border=\"0\" width=\"767\" cellspacing=\"0\" cellpadding=\"0\">\n<tbody>\n<tr style=\"height: 13.50pt;\">\n<td style=\"height: 13.50pt; width: 117.75pt;\" width=\"157\" height=\"18\">Sp\u00e9cification<\/td>\n<td style=\"width: 457.50pt;\" width=\"610\">D\u00e9tails<\/td>\n<\/tr>\n<tr style=\"height: 13.50pt;\">\n<td style=\"height: 13.50pt;\" height=\"18\">Capacit\u00e9<\/td>\n<td>50 ml (Tous styles)<\/td>\n<\/tr>\n<tr style=\"height: 13.50pt;\">\n<td style=\"height: 13.50pt;\" height=\"18\">Dimensions<\/td>\n<td>60\u00d764mm (Citrouille) \/ 48\u00d7106mm (Cylindre) \/ 38\u00d787mm (Carr\u00e9) \/ 67\u00d798mm (Ovale)<\/td>\n<\/tr>\n<tr style=\"height: 13.50pt;\">\n<td style=\"height: 13.50pt;\" height=\"18\">Mat\u00e9riel<\/td>\n<td>Verre de qualit\u00e9 cristalline, accents m\u00e9talliques dor\u00e9s<\/td>\n<\/tr>\n<tr style=\"height: 13.50pt;\">\n<td style=\"height: 13.50pt;\" height=\"18\">Forme de bouteille<\/td>\n<td>Citrouille, cylindre, carr\u00e9, ovale<\/td>\n<\/tr>\n<tr style=\"height: 13.50pt;\">\n<td style=\"height: 13.50pt;\" height=\"18\">\u00c9tendue de la personnalisation<\/td>\n<td>Couleur du verre, design avec accents dor\u00e9s, style de capuchon<\/td>\n<\/tr>\n<tr style=\"height: 13.50pt;\">\n<td style=\"height: 13.50pt;\" height=\"18\">Savoir-faire<\/td>\n<td>Soufflage de verre de pr\u00e9cision, application de filigrane m\u00e9tallique<\/td>\n<\/tr>\n<tr style=\"height: 13.50pt;\">\n<td style=\"height: 13.50pt;\" height=\"18\">Objectif du produit<\/td>\n<td>Flacons de parfum de luxe en gros, flacons de parfum en vrac<\/td>\n<\/tr>\n<tr style=\"height: 13.50pt;\">\n<td style=\"height: 13.50pt;\" height=\"18\">Secteurs d&#039;activit\u00e9 appropri\u00e9s<\/td>\n<td>Haute Parfumerie, H\u00f4tellerie cinq \u00e9toiles, Vente au d\u00e9tail exclusive<\/td>\n<\/tr>\n<\/tbody>\n<\/table>\n<h2>Histoire \u00e0 succ\u00e8s<\/h2>\n<p>Une marque de parfums de luxe fran\u00e7aise de renom nous a command\u00e9 quatre flacons de parfum haut de gamme, plaqu\u00e9s or 24 carats et orn\u00e9s du logo et du nom de la marque grav\u00e9s sur le bouchon. D\u00e8s leur lancement, ces flacons ont rencontr\u00e9 un vif succ\u00e8s. Selon la marque, la perception du positionnement haut de gamme du produit a progress\u00e9 de 45 % gr\u00e2ce au cristal et au design dor\u00e9, et le nombre d&#039;avis positifs soulignant le luxe du design a augment\u00e9 de 36 %. Tr\u00e8s satisfaite de ces r\u00e9sultats, la marque a r\u00e9cemment command\u00e9 350\u00a0000 flacons suppl\u00e9mentaires afin d&#039;\u00e9tendre sa distribution \u00e0 l&#039;international.<\/p>\n<h2>Personnalisation de flacons de parfum de luxe en gros<\/h2>\n<ul>\n<li>Marquage \u00e0 chaud personnalis\u00e9\u00a0: Personnalisez chaque forme de bouteille avec des motifs, monogrammes ou badges uniques en marquage \u00e0 chaud.<\/li>\n<li>Placage en m\u00e9taux pr\u00e9cieux\u00a0: Pr\u00e9sente des d\u00e9tails en or de diff\u00e9rents types de plaquage (or rose, platine, rhodium).<\/li>\n<li>Verre cristal teint\u00e9\u00a0: Chaque forme de bouteille est propos\u00e9e dans des couleurs exclusives (saphir, vert \u00e9meraude, rubis, ambre).<\/li>\n<li>D\u00e9tails d&#039;utilisation des incrustations d&#039;\u00e9mail\u00a0: Apportez davantage de couleur et de profondeur aux motifs de marquage \u00e0 chaud gr\u00e2ce \u00e0 des d\u00e9corations en \u00e9mail peintes \u00e0 la main.<\/li>\n<\/ul>","protected":false},"excerpt":{"rendered":"<p>Flacons de parfum de luxe en cristal orn\u00e9 de d\u00e9tails dor\u00e9s pour une allure raffin\u00e9e. Id\u00e9aux pour les marques haut de gamme. Vente en gros de flacons de parfum de luxe avec \u00e9chantillons gratuits.<\/p>","protected":false},"featured_media":4389,"template":"","meta":{"postBodyCss":"","postBodyMargin":[],"postBodyPadding":[],"postBodyBackground":{"backgroundType":"classic","gradient":""}},"product_brand":[],"product_cat":[15,16,62],"product_tag":[],"class_list":{"0":"post-4381","1":"product","2":"type-product","3":"status-publish","4":"has-post-thumbnail","6":"product_cat-glass-containers","7":"product_cat-glass-bottles","8":"product_cat-perfume-bottles","10":"first","11":"instock","12":"shipping-taxable","13":"product-type-simple"},"jetpack_sharing_enabled":true,"_links":{"self":[{"href":"https:\/\/minghanggroup.com\/fr\/wp-json\/wp\/v2\/product\/4381","targetHints":{"allow":["GET"]}}],"collection":[{"href":"https:\/\/minghanggroup.com\/fr\/wp-json\/wp\/v2\/product"}],"about":[{"href":"https:\/\/minghanggroup.com\/fr\/wp-json\/wp\/v2\/types\/product"}],"wp:featuredmedia":[{"embeddable":true,"href":"https:\/\/minghanggroup.com\/fr\/wp-json\/wp\/v2\/media\/4389"}],"wp:attachment":[{"href":"https:\/\/minghanggroup.com\/fr\/wp-json\/wp\/v2\/media?parent=4381"}],"wp:term":[{"taxonomy":"product_brand","embeddable":true,"href":"https:\/\/minghanggroup.com\/fr\/wp-json\/wp\/v2\/product_brand?post=4381"},{"taxonomy":"product_cat","embeddable":true,"href":"https:\/\/minghanggroup.com\/fr\/wp-json\/wp\/v2\/product_cat?post=4381"},{"taxonomy":"product_tag","embeddable":true,"href":"https:\/\/minghanggroup.com\/fr\/wp-json\/wp\/v2\/product_tag?post=4381"}],"curies":[{"name":"wp","href":"https:\/\/api.w.org\/{rel}","templated":true}]}}