{"id":4344,"date":"2026-01-06T13:54:45","date_gmt":"2026-01-06T05:54:45","guid":{"rendered":"https:\/\/minghanggroup.com\/?post_type=product&#038;p=4344"},"modified":"2026-01-06T14:59:09","modified_gmt":"2026-01-06T06:59:09","slug":"glass-perfume-spray-bottle-with-clear-mountain-base-bulk","status":"publish","type":"product","link":"https:\/\/minghanggroup.com\/fr\/produit\/glass-perfume-spray-bottle-with-clear-mountain-base-bulk\/","title":{"rendered":"Flacons vaporisateurs de parfum en verre de 30 ml, 50 ml et 100 ml avec base transparente en forme de montagne (vente en gros)"},"content":{"rendered":"<p>Ces flacons de parfum vides sont en verre transparent poli, surmont\u00e9s d&#039;un bouchon en m\u00e9tal noir mat. La base, en forme de montagne transparente, est d\u00e9licatement int\u00e9gr\u00e9e au corps du flacon, cr\u00e9ant ainsi une \u00e9l\u00e9gance sereine et un effet saisissant.<\/p>\n<h2>Caract\u00e9ristiques du produit<\/h2>\n<ul>\n<li><strong>Sculpture de montagne transparente exquise :<\/strong> Le corps de la bouteille, en forme de montagne, est fabriqu\u00e9 dans un mat\u00e9riau transparent qui ajoute des touches de texture fines et distinctes \u00e0 la bouteille sans la rendre discordante.<\/li>\n<li><strong>Palette de couleurs minimaliste noire\u00a0:<\/strong> Le corps en verre transparent et le dessus en m\u00e9tal noir lui conf\u00e8rent une allure \u00e9l\u00e9gante et moderne.<\/li>\n<li><strong>Trois tailles alternatives\u00a0:<\/strong> Les formats 30 ml, 50 ml et 100 ml sont les trois qui r\u00e9pondent le mieux aux besoins des diff\u00e9rents types de produits, allant des formats d&#039;essai aux produits en format standard.<\/li>\n<\/ul>\n<h2 style=\"text-align: left;\">Caract\u00e9ristiques principales<\/h2>\n<table class=\"aligncenter\" style=\"border-collapse: collapse; width: 416.27pt;\" border=\"0\" width=\"555\" cellspacing=\"0\" cellpadding=\"0\">\n<tbody>\n<tr style=\"height: 13.50pt;\">\n<td style=\"height: 13.50pt; width: 117.75pt;\" width=\"157\" height=\"18\">Sp\u00e9cification<\/td>\n<td style=\"width: 298.50pt;\" width=\"398\">D\u00e9tails<\/td>\n<\/tr>\n<tr style=\"height: 13.50pt;\">\n<td style=\"height: 13.50pt;\" height=\"18\">Capacit\u00e9<\/td>\n<td>30ml \/ 50ml \/ 100ml<\/td>\n<\/tr>\n<tr style=\"height: 13.50pt;\">\n<td style=\"height: 13.50pt;\" height=\"18\">Dimensions<\/td>\n<td>46\u00d773mm \/ 51\u00d780mm \/ 59\u00d794mm<\/td>\n<\/tr>\n<tr style=\"height: 13.50pt;\">\n<td style=\"height: 13.50pt;\" height=\"18\">Mat\u00e9riel<\/td>\n<td>Verre transparent, capuchon en m\u00e9tal noir<\/td>\n<\/tr>\n<tr style=\"height: 13.50pt;\">\n<td style=\"height: 13.50pt;\" height=\"18\">Forme de bouteille<\/td>\n<td>Cylindre avec base sculpt\u00e9e<\/td>\n<\/tr>\n<tr style=\"height: 13.50pt;\">\n<td style=\"height: 13.50pt;\" height=\"18\">\u00c9tendue de la personnalisation<\/td>\n<td>Conception de la sculpture, couleur du verre, finition<\/td>\n<\/tr>\n<tr style=\"height: 13.50pt;\">\n<td style=\"height: 13.50pt;\" height=\"18\">Savoir-faire<\/td>\n<td>Encapsulation de verre, travail des m\u00e9taux de pr\u00e9cision<\/td>\n<\/tr>\n<tr style=\"height: 13.50pt;\">\n<td style=\"height: 13.50pt;\" height=\"18\">Objectif du produit<\/td>\n<td>Flacons de parfum en verre, flacons de parfum vides<\/td>\n<\/tr>\n<tr style=\"height: 13.50pt;\">\n<td style=\"height: 13.50pt;\" height=\"18\">Secteurs d&#039;activit\u00e9 appropri\u00e9s<\/td>\n<td>Parfumerie contemporaine, ateliers de parfumerie sur mesure<\/td>\n<\/tr>\n<\/tbody>\n<\/table>\n<h2>Histoire \u00e0 succ\u00e8s<\/h2>\n<p>Notre flacon vaporisateur de parfum en verre de 100 ml a \u00e9t\u00e9 choisi par un studio de parfums minimalistes et unisexes bas\u00e9 \u00e0 New York. Le corps du flacon a \u00e9t\u00e9 personnalis\u00e9 avec du verre d\u00e9poli. La conception int\u00e9rieure sp\u00e9cifique a tripl\u00e9 le contact avec le client. Leur produit phare \u00e9tait la recharge de 50 ml, avec un taux de remplissage de 70 %. Cette constance dans l&#039;image de marque et les retours positifs des clients ont impressionn\u00e9 le studio, qui a command\u00e9 250\u00a0000 flacons suppl\u00e9mentaires pour soutenir cette nouvelle gamme et son partenariat de distribution.<\/p>\n<h2>Personnalisation des flacons vaporisateurs de parfum en verre<\/h2>\n<ul>\n<li>Couleurs sculpt\u00e9es : Fournit des informations internes en r\u00e9sine transparente color\u00e9e (gris fum\u00e9, bleu, ambre) pour r\u00e9aliser de l\u00e9g\u00e8res diff\u00e9rences de tons.<\/li>\n<li>Couleurs du verre\u00a0: Les tubes externes peuvent \u00eatre fabriqu\u00e9s en verre clair, teint\u00e9 ou d\u00e9poli, avec des effets tout verre ou d\u00e9grad\u00e9s disponibles.<\/li>\n<li>Gravure laser sur verre\u00a0: Grave des motifs, des coordonn\u00e9es ou du texte tr\u00e8s minimalistes sur une surface de verre lisse.<\/li>\n<li>S\u00e9rigraphie : Cette m\u00e9thode consiste \u00e0 imprimer un logo ou un texte uni \u00e0 un endroit discret sur la bouteille en verre.<\/li>\n<\/ul>","protected":false},"excerpt":{"rendered":"<p>Flacon vaporisateur en verre alliant polyvalence et \u00e9l\u00e9gance. Ces flacons vides sont disponibles imm\u00e9diatement et b\u00e9n\u00e9ficient d&#039;une livraison rapide dans le monde entier.<\/p>","protected":false},"featured_media":4352,"template":"","meta":{"postBodyCss":"","postBodyMargin":[],"postBodyPadding":[],"postBodyBackground":{"backgroundType":"classic","gradient":""}},"product_brand":[],"product_cat":[15,16,62],"product_tag":[],"class_list":{"0":"post-4344","1":"product","2":"type-product","3":"status-publish","4":"has-post-thumbnail","6":"product_cat-glass-containers","7":"product_cat-glass-bottles","8":"product_cat-perfume-bottles","10":"first","11":"instock","12":"shipping-taxable","13":"product-type-simple"},"jetpack_sharing_enabled":true,"_links":{"self":[{"href":"https:\/\/minghanggroup.com\/fr\/wp-json\/wp\/v2\/product\/4344","targetHints":{"allow":["GET"]}}],"collection":[{"href":"https:\/\/minghanggroup.com\/fr\/wp-json\/wp\/v2\/product"}],"about":[{"href":"https:\/\/minghanggroup.com\/fr\/wp-json\/wp\/v2\/types\/product"}],"wp:featuredmedia":[{"embeddable":true,"href":"https:\/\/minghanggroup.com\/fr\/wp-json\/wp\/v2\/media\/4352"}],"wp:attachment":[{"href":"https:\/\/minghanggroup.com\/fr\/wp-json\/wp\/v2\/media?parent=4344"}],"wp:term":[{"taxonomy":"product_brand","embeddable":true,"href":"https:\/\/minghanggroup.com\/fr\/wp-json\/wp\/v2\/product_brand?post=4344"},{"taxonomy":"product_cat","embeddable":true,"href":"https:\/\/minghanggroup.com\/fr\/wp-json\/wp\/v2\/product_cat?post=4344"},{"taxonomy":"product_tag","embeddable":true,"href":"https:\/\/minghanggroup.com\/fr\/wp-json\/wp\/v2\/product_tag?post=4344"}],"curies":[{"name":"wp","href":"https:\/\/api.w.org\/{rel}","templated":true}]}}