{"id":4338,"date":"2026-01-06T13:16:46","date_gmt":"2026-01-06T05:16:46","guid":{"rendered":"https:\/\/minghanggroup.com\/?post_type=product&#038;p=4338"},"modified":"2026-01-06T13:46:44","modified_gmt":"2026-01-06T05:46:44","slug":"green-glass-crystal-perfume-bottles-with-mountain-base-bulk","status":"publish","type":"product","link":"https:\/\/minghanggroup.com\/fr\/produit\/green-glass-crystal-perfume-bottles-with-mountain-base-bulk\/","title":{"rendered":"Flacons de parfum en cristal de verre vert de 30 ml, 50 ml et 100 ml avec base en forme de montagne (lot en vrac)"},"content":{"rendered":"<p>Ces flacons de parfum verts sont en verre transparent et lisse, surmont\u00e9s d&#039;un bouchon m\u00e9tallique vert brillant tr\u00e8s tendance. Un motif montagneux vert orne la base, assorti au vert du bouchon.<\/p>\n<h2>Caract\u00e9ristiques du produit<\/h2>\n<ul>\n<li><strong>Plusieurs tailles :<\/strong> Ils existent en trois tailles pour s&#039;adapter \u00e0 un usage quotidien et portable, ainsi qu&#039;\u00e0 d&#039;autres types de rangement de parfums.<\/li>\n<li><strong>Sculpture de Green Mountain :<\/strong> La sculpture r\u00e9aliste de montagne verte \u00e0 l&#039;int\u00e9rieur de la bouteille est audacieuse, naturelle et artistique.<\/li>\n<li><strong>Motif \u00e0 blocs de couleur vert fonc\u00e9 :<\/strong> Le bouchon vert transparent et les d\u00e9tails int\u00e9rieurs sur le verre transparent conf\u00e8rent \u00e0 la marque une identit\u00e9 m\u00e9morable et pleine d&#039;\u00e9nergie.<\/li>\n<\/ul>\n<h2 style=\"text-align: left;\">Caract\u00e9ristiques principales<\/h2>\n<table class=\"aligncenter\" style=\"border-collapse: collapse; width: 416.27pt;\" border=\"0\" width=\"555\" cellspacing=\"0\" cellpadding=\"0\">\n<tbody>\n<tr style=\"height: 13.50pt;\">\n<td style=\"height: 13.50pt; width: 117.75pt;\" width=\"157\" height=\"18\">Capacit\u00e9<\/td>\n<td style=\"width: 298.50pt;\" width=\"398\">30ml \/ 50ml \/ 100ml<\/td>\n<\/tr>\n<tr style=\"height: 13.50pt;\">\n<td style=\"height: 13.50pt;\" height=\"18\">Dimensions<\/td>\n<td>46\u00d773mm \/ 51\u00d780mm \/ 59\u00d794mm<\/td>\n<\/tr>\n<tr style=\"height: 13.50pt;\">\n<td style=\"height: 13.50pt;\" height=\"18\">Mat\u00e9riel<\/td>\n<td>Verre transparent, bouchon en m\u00e9tal vert<\/td>\n<\/tr>\n<tr style=\"height: 13.50pt;\">\n<td style=\"height: 13.50pt;\" height=\"18\">Forme de bouteille<\/td>\n<td>Cylindre avec base sculpt\u00e9e<\/td>\n<\/tr>\n<tr style=\"height: 13.50pt;\">\n<td style=\"height: 13.50pt;\" height=\"18\">\u00c9tendue de la personnalisation<\/td>\n<td>Couleur\/teinte du verre, gravure, peinture au pistolet<\/td>\n<\/tr>\n<tr style=\"height: 13.50pt;\">\n<td style=\"height: 13.50pt;\" height=\"18\">Savoir-faire<\/td>\n<td>Encapsulation du verre, formage et rev\u00eatement de pr\u00e9cision des m\u00e9taux<\/td>\n<\/tr>\n<tr style=\"height: 13.50pt;\">\n<td style=\"height: 13.50pt;\" height=\"18\">Objectif du produit<\/td>\n<td>Flacons de parfum en cristal, flacons de parfum en verre en vrac<\/td>\n<\/tr>\n<tr style=\"height: 13.50pt;\">\n<td style=\"height: 13.50pt;\" height=\"18\">Secteurs d&#039;activit\u00e9 appropri\u00e9s<\/td>\n<td>Marques contemporaines de parfumerie, de bien-\u00eatre et de spa<\/td>\n<\/tr>\n<\/tbody>\n<\/table>\n<h2>Histoire \u00e0 succ\u00e8s<\/h2>\n<p>Notre flacon de parfum vert de 100 ml a \u00e9t\u00e9 choisi par une marque australienne engag\u00e9e pour le d\u00e9veloppement durable et la nature. Cette derni\u00e8re a personnalis\u00e9 le motif montagneux \u00e0 l&#039;int\u00e9rieur du flacon pour \u00e9voquer les Alpes australiennes. La philosophie de la marque est parfaitement illustr\u00e9e par ce vert \u00e9clatant, qui a entra\u00een\u00e9 une augmentation de 500 % de l&#039;engagement sur les r\u00e9seaux sociaux. L&#039;\u00e9l\u00e9gance du flacon a \u00e9galement permis au produit d&#039;\u00eatre distribu\u00e9 dans plus de 200 boutiques de luxe d\u00e9di\u00e9es au bien-\u00eatre et \u00e0 l&#039;art de vivre. Tr\u00e8s satisfaite de l&#039;accueil re\u00e7u, la marque a command\u00e9 300\u00a0000 flacons suppl\u00e9mentaires afin de dynamiser son d\u00e9veloppement sur le march\u00e9 nord-am\u00e9ricain.<\/p>\n<h2>Personnalisation de flacons de parfum en cristal<\/h2>\n<ul>\n<li>Personnalisez la couleur et la forme de la sculpture int\u00e9rieure : proposez des sculptures de couleurs vari\u00e9es (bleu, ambre) ou de formes diverses (for\u00eat, r\u00e9cif corallien).<\/li>\n<li>Bouteille en vitrail\u00a0: Le verre color\u00e9 (par exemple vert d\u2019eau, bleu turquoise) peut \u00eatre utilis\u00e9 pour faire \u00e9cho ou contraster avec la sculpture int\u00e9rieure.<\/li>\n<li>Gravure laser sur verre\u00a0: D\u00e9corez la surface du verre avec des motifs, des noms de marque ou des coordonn\u00e9es.<\/li>\n<li>Texture du capuchon\u00a0: On peut ajouter des rainures verticales ou un motif molet\u00e9 au capuchon afin d\u2019am\u00e9liorer la prise en main ou de le rendre plus esth\u00e9tique.<\/li>\n<\/ul>","protected":false},"excerpt":{"rendered":"<p>Flacon de parfum en cristal transparent, cylindrique, avec un socle vert montagne \u00e9clatant. Ce flacon de parfum vert incarne le luxe, directement du fabricant.<\/p>","protected":false},"featured_media":4340,"template":"","meta":{"postBodyCss":"","postBodyMargin":[],"postBodyPadding":[],"postBodyBackground":{"backgroundType":"classic","gradient":""}},"product_brand":[],"product_cat":[15,16,62],"product_tag":[],"class_list":{"0":"post-4338","1":"product","2":"type-product","3":"status-publish","4":"has-post-thumbnail","6":"product_cat-glass-containers","7":"product_cat-glass-bottles","8":"product_cat-perfume-bottles","10":"first","11":"instock","12":"shipping-taxable","13":"product-type-simple"},"jetpack_sharing_enabled":true,"_links":{"self":[{"href":"https:\/\/minghanggroup.com\/fr\/wp-json\/wp\/v2\/product\/4338","targetHints":{"allow":["GET"]}}],"collection":[{"href":"https:\/\/minghanggroup.com\/fr\/wp-json\/wp\/v2\/product"}],"about":[{"href":"https:\/\/minghanggroup.com\/fr\/wp-json\/wp\/v2\/types\/product"}],"wp:featuredmedia":[{"embeddable":true,"href":"https:\/\/minghanggroup.com\/fr\/wp-json\/wp\/v2\/media\/4340"}],"wp:attachment":[{"href":"https:\/\/minghanggroup.com\/fr\/wp-json\/wp\/v2\/media?parent=4338"}],"wp:term":[{"taxonomy":"product_brand","embeddable":true,"href":"https:\/\/minghanggroup.com\/fr\/wp-json\/wp\/v2\/product_brand?post=4338"},{"taxonomy":"product_cat","embeddable":true,"href":"https:\/\/minghanggroup.com\/fr\/wp-json\/wp\/v2\/product_cat?post=4338"},{"taxonomy":"product_tag","embeddable":true,"href":"https:\/\/minghanggroup.com\/fr\/wp-json\/wp\/v2\/product_tag?post=4338"}],"curies":[{"name":"wp","href":"https:\/\/api.w.org\/{rel}","templated":true}]}}