{"id":4337,"date":"2026-01-06T17:07:46","date_gmt":"2026-01-06T09:07:46","guid":{"rendered":"https:\/\/minghanggroup.com\/?post_type=product&#038;p=4337"},"modified":"2026-01-06T17:07:48","modified_gmt":"2026-01-06T09:07:48","slug":"glass-customized-perfume-bottles-with-lids-wholesale","status":"publish","type":"product","link":"https:\/\/minghanggroup.com\/fr\/produit\/glass-customized-perfume-bottles-with-lids-wholesale\/","title":{"rendered":"Flacons de parfum en verre personnalis\u00e9s de 100 ml avec bouchons (vente en gros)"},"content":{"rendered":"<p>Votre flacon de parfum personnalis\u00e9 doit attirer tous les regards. Nous fabriquons en gros des flacons de parfum en verre haut de gamme, con\u00e7us pour un packaging performant et attractif\u00a0: chaque flacon devient l\u2019atout secret de votre marque.<\/p>\n<h2>Caract\u00e9ristiques du produit<\/h2>\n<ul>\n<li><strong>\u00c9l\u00e9gance octogonale : <\/strong>Ce contour original refl\u00e8te la lumi\u00e8re d&#039;une mani\u00e8re tout \u00e0 fait unique ; votre emballage de parfum devient ainsi un v\u00e9ritable objet de d\u00e9coration qui attire le regard sur n&#039;importe quelle \u00e9tag\u00e8re.<\/li>\n<li><strong>Bouchon en or noir de luxe : <\/strong>Ce bouchon \u00e9l\u00e9gant ? Il donne instantan\u00e9ment une allure haut de gamme \u00e0 votre bouteille en verre ; ce n&#039;est certainement pas une contrefa\u00e7on bon march\u00e9.<\/li>\n<li><strong>Confort ergonomique : <\/strong>Con\u00e7u pour une prise en main optimale : bonne adh\u00e9rence, pulv\u00e9risation simple et aucune fuite.<\/li>\n<\/ul>\n<h2>Caract\u00e9ristiques principales<\/h2>\n<table style=\"border-collapse: collapse; width: 80%; margin-left: auto; margin-right: auto;\" border=\"0\" width=\"288\" cellspacing=\"0\" cellpadding=\"0\">\n<tbody>\n<tr style=\"height: 13.50pt;\">\n<td style=\"height: 13.5pt; width: 54pt; text-align: center;\" width=\"72\" height=\"18\">Capacit\u00e9<\/td>\n<td style=\"width: 54pt; text-align: center;\" width=\"72\">Forme<\/td>\n<td style=\"width: 54pt; text-align: center;\" width=\"72\">Dimensions (mm)<\/td>\n<td style=\"width: 54pt; text-align: center;\" width=\"72\">Usage<\/td>\n<\/tr>\n<tr style=\"height: 13.50pt;\">\n<td style=\"height: 13.5pt; text-align: center;\" height=\"18\">100 ml \/ 3,4 oz<\/td>\n<td style=\"text-align: center;\">Octogonal<\/td>\n<td style=\"text-align: center;\">75 x 34 x 89<\/td>\n<td style=\"text-align: center;\">Parfums, eaux de Cologne, brumes corporelles<\/td>\n<\/tr>\n<\/tbody>\n<\/table>\n<h2>Cas de r\u00e9ussite<\/h2>\n<p>Une marque de parfums de luxe a radicalement transform\u00e9 son packaging en optant pour nos flacons personnalis\u00e9s. Ces flacons pr\u00e9sentent une \u00e9l\u00e9gante forme octogonale, un bouchon argent\u00e9 et des motifs s\u00e9rigraphi\u00e9s exclusifs sur soie, ainsi qu&#039;un logo de la marque s\u00e9rigraphi\u00e9 sur mesure et d&#039;une grande pr\u00e9cision.<\/p>\n<p>Ces flacons de parfum exclusifs ont conf\u00e9r\u00e9 au produit une image haut de gamme, ce qui a permis d&#039;augmenter ses ventes de 30 % au premier trimestre suivant son lancement. Gr\u00e2ce \u00e0 ce nouvel emballage, la marque a r\u00e9ussi \u00e0 int\u00e9grer cinq nouveaux grands magasins de luxe, qui ont d\u00e9j\u00e0 renouvel\u00e9 leur commande de flacons personnalis\u00e9s pour le trimestre prochain.<\/p>\n<h2>Vos options de personnalisation<\/h2>\n<ol>\n<li><strong>Personnalisation de casquette :<\/strong> Choisissez parmi diff\u00e9rents mat\u00e9riaux pour les bouchons, tels que l&#039;or, l&#039;argent, le noir brillant ou mat, pour correspondre \u00e0 l&#039;\u00e9l\u00e9gance et \u00e0 l&#039;image de luxe de votre marque.<\/li>\n<li><strong>Couleur de la bouteille :<\/strong> Choisissez un verre clair et d\u00e9poli pour une allure sophistiqu\u00e9e et \u00e9l\u00e9gante. Vous pouvez \u00e9galement opter pour du verre color\u00e9 si vous souhaitez donner \u00e0 votre produit un design original et captivant.<\/li>\n<li><strong>Accents or\/argent :<\/strong> Des touches d&#039;or ou d&#039;argent peuvent \u00eatre ajout\u00e9es au logo, aux d\u00e9tails du bouchon ou du flacon, pour un rendu encore plus luxueux et raffin\u00e9. Cette caract\u00e9ristique est id\u00e9ale pour le d\u00e9veloppement d&#039;une ligne de parfums haut de gamme.<\/li>\n<\/ol>","protected":false},"excerpt":{"rendered":"<p>D\u00e9couvrez nos flacons de parfum personnalis\u00e9s, con\u00e7us pour les fragrances de luxe. Nos flacons d&#039;eau de Cologne en verre sont parfaits pour le branding gr\u00e2ce \u00e0 leur personnalisation en gros et leur livraison rapide.<\/p>","protected":false},"featured_media":4348,"template":"","meta":{"postBodyCss":"","postBodyMargin":[],"postBodyPadding":[],"postBodyBackground":{"backgroundType":"classic","gradient":""}},"product_brand":[],"product_cat":[15,16,62],"product_tag":[],"class_list":{"0":"post-4337","1":"product","2":"type-product","3":"status-publish","4":"has-post-thumbnail","6":"product_cat-glass-containers","7":"product_cat-glass-bottles","8":"product_cat-perfume-bottles","10":"first","11":"instock","12":"shipping-taxable","13":"product-type-simple"},"jetpack_sharing_enabled":true,"_links":{"self":[{"href":"https:\/\/minghanggroup.com\/fr\/wp-json\/wp\/v2\/product\/4337","targetHints":{"allow":["GET"]}}],"collection":[{"href":"https:\/\/minghanggroup.com\/fr\/wp-json\/wp\/v2\/product"}],"about":[{"href":"https:\/\/minghanggroup.com\/fr\/wp-json\/wp\/v2\/types\/product"}],"wp:featuredmedia":[{"embeddable":true,"href":"https:\/\/minghanggroup.com\/fr\/wp-json\/wp\/v2\/media\/4348"}],"wp:attachment":[{"href":"https:\/\/minghanggroup.com\/fr\/wp-json\/wp\/v2\/media?parent=4337"}],"wp:term":[{"taxonomy":"product_brand","embeddable":true,"href":"https:\/\/minghanggroup.com\/fr\/wp-json\/wp\/v2\/product_brand?post=4337"},{"taxonomy":"product_cat","embeddable":true,"href":"https:\/\/minghanggroup.com\/fr\/wp-json\/wp\/v2\/product_cat?post=4337"},{"taxonomy":"product_tag","embeddable":true,"href":"https:\/\/minghanggroup.com\/fr\/wp-json\/wp\/v2\/product_tag?post=4337"}],"curies":[{"name":"wp","href":"https:\/\/api.w.org\/{rel}","templated":true}]}}