{"id":4331,"date":"2026-01-06T10:40:23","date_gmt":"2026-01-06T02:40:23","guid":{"rendered":"https:\/\/minghanggroup.com\/?post_type=product&#038;p=4331"},"modified":"2026-01-06T11:57:38","modified_gmt":"2026-01-06T03:57:38","slug":"empty-bottles-for-perfume-with-silver-mountain-base-bulk","status":"publish","type":"product","link":"https:\/\/minghanggroup.com\/fr\/produit\/empty-bottles-for-perfume-with-silver-mountain-base-bulk\/","title":{"rendered":"Flacons vides de 30 ml, 50 ml et 100 ml pour parfum avec base Silver Mountain (en gros)"},"content":{"rendered":"<p>Ces flacons de parfum sont fabriqu\u00e9s en verre lisse et transparent, avec un bouchon en m\u00e9tal argent\u00e9 mat et un fond en m\u00e9tal orn\u00e9 d&#039;un motif de montagne, l&#039;ensemble leur conf\u00e9rant une \u00e9l\u00e9gance sobre.<\/p>\n<h2>Caract\u00e9ristiques du produit<\/h2>\n<ul>\n<li><strong>D\u00e9tail de base de Silver Mountain :<\/strong> Le motif argent\u00e9 \u00e0 l&#039;int\u00e9rieur de la bouteille d\u00e9gage une impression artistique particuli\u00e8re, remarquable et saisissante.<\/li>\n<li><strong>Bouteille en verre Argent rafra\u00eechissant :<\/strong> La couleur argent\u00e9e, associ\u00e9e \u00e0 la bouteille en verre transparent, lui conf\u00e8re une allure contemporaine, haut de gamme et unisexe.<\/li>\n<li><strong>Trois tailles id\u00e9ales\u00a0:<\/strong> Choisissez un format d\u00e9couverte de 30 ml, un format quotidien de 50 ml ou un format luxe de 100 ml.<\/li>\n<\/ul>\n<h2 style=\"text-align: left;\">Caract\u00e9ristiques principales<\/h2>\n<table class=\"aligncenter\" style=\"border-collapse: collapse; width: 416.27pt;\" border=\"0\" width=\"555\" cellspacing=\"0\" cellpadding=\"0\">\n<tbody>\n<tr style=\"height: 13.50pt;\">\n<td style=\"height: 13.50pt; width: 117.75pt;\" width=\"157\" height=\"18\">Sp\u00e9cification<\/td>\n<td style=\"width: 298.50pt;\" width=\"398\">D\u00e9tails<\/td>\n<\/tr>\n<tr style=\"height: 13.50pt;\">\n<td style=\"height: 13.50pt;\" height=\"18\">Capacit\u00e9<\/td>\n<td>30ml \/ 50ml \/ 100ml<\/td>\n<\/tr>\n<tr style=\"height: 13.50pt;\">\n<td style=\"height: 13.50pt;\" height=\"18\">Dimensions<\/td>\n<td>46\u00d773mm \/ 51\u00d780mm \/ 59\u00d794mm<\/td>\n<\/tr>\n<tr style=\"height: 13.50pt;\">\n<td style=\"height: 13.50pt;\" height=\"18\">Mat\u00e9riel<\/td>\n<td>Verre transparent, bouchon en m\u00e9tal argent\u00e9<\/td>\n<\/tr>\n<tr style=\"height: 13.50pt;\">\n<td style=\"height: 13.50pt;\" height=\"18\">Forme de bouteille<\/td>\n<td>Cylindre avec base sculpt\u00e9e<\/td>\n<\/tr>\n<tr style=\"height: 13.50pt;\">\n<td style=\"height: 13.50pt;\" height=\"18\">\u00c9tendue de la personnalisation<\/td>\n<td>Conception de la sculpture, couleur\/teinte du verre, finition du m\u00e9tal<\/td>\n<\/tr>\n<tr style=\"height: 13.50pt;\">\n<td style=\"height: 13.50pt;\" height=\"18\">Savoir-faire<\/td>\n<td>Encapsulation de verre, travail des m\u00e9taux de pr\u00e9cision<\/td>\n<\/tr>\n<tr style=\"height: 13.50pt;\">\n<td style=\"height: 13.50pt;\" height=\"18\">Objectif du produit<\/td>\n<td>Flacons de parfum en verre vides, flacons de parfum en vrac<\/td>\n<\/tr>\n<tr style=\"height: 13.50pt;\">\n<td style=\"height: 13.50pt;\" height=\"18\">Secteurs d&#039;activit\u00e9 appropri\u00e9s<\/td>\n<td>Parfumerie contemporaine, marques de style de vie<\/td>\n<\/tr>\n<\/tbody>\n<\/table>\n<h2>Histoire \u00e0 succ\u00e8s<\/h2>\n<p>Une marque de mode nordique minimaliste a achet\u00e9 nos flacons de parfum vides de 50 ml et a cr\u00e9\u00e9 une sculpture int\u00e9rieure \u00e9voquant les montagnes rocheuses des fjords nordiques. Leur couleur, gris argent\u00e9, s&#039;accorde parfaitement \u00e0 l&#039;image de la marque. Ce design distinctif a entra\u00een\u00e9 une augmentation de 300 % des partages sur les r\u00e9seaux sociaux. Le flacon de 50 ml s&#039;est tr\u00e8s bien vendu dans les boutiques hors taxes des a\u00e9roports et a g\u00e9n\u00e9r\u00e9 un taux de conversion 200 fois sup\u00e9rieur \u00e0 celui de toute autre marque. Tellement satisfaite, la marque a pass\u00e9 une nouvelle commande de 250\u00a0000 flacons pour ses deux autres parfums.<\/p>\n<h2>Bouteilles en verre vides pour la personnalisation de parfums<\/h2>\n<ul>\n<li>Sous le m\u00e9tal : Choisissez la couleur des d\u00e9tails int\u00e9rieurs et du capuchon : argent traditionnel, gris anthracite fonc\u00e9 ou chrome bross\u00e9.<\/li>\n<li>Colorez le verre\u00a0: Choisissez un verre clair et color\u00e9, comme un gris fum\u00e9 ou un bleu clair, pour remplir la bouteille afin d\u2019en modifier l\u2019ambiance.<\/li>\n<li>Bouteille givr\u00e9e\u00a0: Il s\u2019agira d\u2019une bouteille givr\u00e9e\u00a0; cependant, si vous souhaitez un aspect doux, moderne et opaque, vous devriez givrer la bouteille enti\u00e8re.<\/li>\n<li>Bouchon textur\u00e9\u00a0: Si le bouchon doit offrir une exp\u00e9rience tactile, vous pouvez opter pour une finition bross\u00e9e, mate ou l\u00e9g\u00e8rement textur\u00e9e.<\/li>\n<\/ul>","protected":false},"excerpt":{"rendered":"<p>Flacons de parfum en verre transparent avec un \u00e9l\u00e9gant socle argent\u00e9 \u00e9voquant une montagne. Ces flacons de parfum vides incarnent une \u00e9l\u00e9gance moderne, directement du fabricant.<\/p>","protected":false},"featured_media":4336,"template":"","meta":{"postBodyCss":"","postBodyMargin":[],"postBodyPadding":[],"postBodyBackground":{"backgroundType":"classic","gradient":""}},"product_brand":[],"product_cat":[15,16,62],"product_tag":[],"class_list":{"0":"post-4331","1":"product","2":"type-product","3":"status-publish","4":"has-post-thumbnail","6":"product_cat-glass-containers","7":"product_cat-glass-bottles","8":"product_cat-perfume-bottles","10":"first","11":"instock","12":"shipping-taxable","13":"product-type-simple"},"jetpack_sharing_enabled":true,"_links":{"self":[{"href":"https:\/\/minghanggroup.com\/fr\/wp-json\/wp\/v2\/product\/4331","targetHints":{"allow":["GET"]}}],"collection":[{"href":"https:\/\/minghanggroup.com\/fr\/wp-json\/wp\/v2\/product"}],"about":[{"href":"https:\/\/minghanggroup.com\/fr\/wp-json\/wp\/v2\/types\/product"}],"wp:featuredmedia":[{"embeddable":true,"href":"https:\/\/minghanggroup.com\/fr\/wp-json\/wp\/v2\/media\/4336"}],"wp:attachment":[{"href":"https:\/\/minghanggroup.com\/fr\/wp-json\/wp\/v2\/media?parent=4331"}],"wp:term":[{"taxonomy":"product_brand","embeddable":true,"href":"https:\/\/minghanggroup.com\/fr\/wp-json\/wp\/v2\/product_brand?post=4331"},{"taxonomy":"product_cat","embeddable":true,"href":"https:\/\/minghanggroup.com\/fr\/wp-json\/wp\/v2\/product_cat?post=4331"},{"taxonomy":"product_tag","embeddable":true,"href":"https:\/\/minghanggroup.com\/fr\/wp-json\/wp\/v2\/product_tag?post=4331"}],"curies":[{"name":"wp","href":"https:\/\/api.w.org\/{rel}","templated":true}]}}