{"id":4321,"date":"2026-01-06T10:43:01","date_gmt":"2026-01-06T02:43:01","guid":{"rendered":"https:\/\/minghanggroup.com\/?post_type=product&#038;p=4321"},"modified":"2026-01-06T17:05:38","modified_gmt":"2026-01-06T09:05:38","slug":"rectangle-1-ounce-perfume-bottles-for-brand-packaging-bulk","status":"publish","type":"product","link":"https:\/\/minghanggroup.com\/fr\/produit\/rectangle-1-ounce-perfume-bottles-for-brand-packaging-bulk\/","title":{"rendered":"Flacons de parfum rectangulaires de 30 ml (1 once) pour emballage de marque en gros"},"content":{"rendered":"<p>Votre flacon de parfum rectangulaire doit captiver l&#039;attention. Nous cr\u00e9ons des flacons de parfum haut de gamme de 30 ml, con\u00e7us pour optimiser le succ\u00e8s de votre packaging\u00a0: chaque flacon en verre devient la signature de votre marque.<\/p>\n<h2>Caract\u00e9ristiques du produit<\/h2>\n<ul>\n<li><strong>Silhouette rectangulaire moderne :<\/strong> Vos flacons de parfum rectangulaires se distinguent par leurs lignes \u00e9pur\u00e9es, ce qui en fait instantan\u00e9ment une ic\u00f4ne sur n&#039;importe quelle \u00e9tag\u00e8re.<\/li>\n<li><strong>1 once, la taille id\u00e9ale :<\/strong> Parfaits pour les \u00e9chantillons ou un usage quotidien, les flacons de parfum de 30 ml sont une excellente id\u00e9e.<\/li>\n<li><strong>Convient \u00e0 divers produits parfum\u00e9s\u00a0:<\/strong> L&#039;utilisation de ce produit ne se limite pas aux parfums, mais s&#039;\u00e9tend \u00e9galement aux huiles d&#039;aromath\u00e9rapie et \u00e0 d&#039;autres produits, offrant ainsi des utilisations flexibles et diversifi\u00e9es.<\/li>\n<\/ul>\n<h2>Caract\u00e9ristiques principales<\/h2>\n<table style=\"border-collapse: collapse; width: 80%; margin-left: AUTO; margin-right: AUTO;\" border=\"0\" width=\"288\" cellspacing=\"0\" cellpadding=\"0\">\n<tbody>\n<tr style=\"height: 13.50pt;\">\n<td style=\"height: 13.5pt; width: 54pt; text-align: center;\" width=\"72\" height=\"18\">Capacit\u00e9<\/td>\n<td style=\"width: 54pt; text-align: center;\" width=\"72\">Forme<\/td>\n<td style=\"width: 54pt; text-align: center;\" width=\"72\">Dimensions (mm)<\/td>\n<td style=\"width: 54pt; text-align: center;\" width=\"72\">Options de surface<\/td>\n<\/tr>\n<tr style=\"height: 13.50pt;\">\n<td style=\"height: 13.5pt; text-align: center;\" height=\"18\">30 ml (1 oz)<\/td>\n<td style=\"text-align: center;\">Rectangle<\/td>\n<td style=\"text-align: center;\">37 x 25 x 95<\/td>\n<td style=\"text-align: center;\">Verre d\u00e9poli, s\u00e9rigraphie, marquage \u00e0 chaud<\/td>\n<\/tr>\n<\/tbody>\n<\/table>\n<h2>Cas de r\u00e9ussite<\/h2>\n<p>L&#039;une des marques de parfums les plus uniques et prestigieuses, r\u00e9put\u00e9e pour ses fragrances envo\u00fbtantes et ses formules onctueuses et harmonieuses, recherchait un packaging qui sublimerait son produit. Elle a choisi nos flacons de parfum rectangulaires en verre de 30 ml et a opt\u00e9 pour une finition d\u00e9polie et un bouchon argent\u00e9 m\u00e9tallis\u00e9, gage d&#039;\u00e9l\u00e9gance. Elle a \u00e9galement choisi d&#039;y apposer son logo en relief, cr\u00e9ant ainsi un flacon raffin\u00e9 et esth\u00e9tique, reflet de son positionnement haut de gamme.<\/p>\n<p>Les ventes ont progress\u00e9 de 35 % au premier trimestre suivant la refonte du produit, et les retours clients sont tr\u00e8s positifs. Les clients sont devenus r\u00e9guliers et passent des commandes annuelles d\u00e9passant les 100\u00a0000 unit\u00e9s.<\/p>\n<h2>Vos options de personnalisation<\/h2>\n<ol>\n<li><strong>Finition givr\u00e9e ou transparente\u00a0:<\/strong> Choisissez un verre d\u00e9poli ou transparent pour une allure raffin\u00e9e et luxueuse, tout en mettant en valeur la couleur du parfum. Le verre d\u00e9poli offre une sensation tactile plus somptueuse, tandis que le verre transparent \u00e9voque la puret\u00e9 et la nettet\u00e9.<\/li>\n<li><strong>Bouchons de couleur personnalis\u00e9s\u00a0:<\/strong> Choisissez parmi une gamme de couleurs de bouchon m\u00e9tallique, comme l&#039;or, l&#039;argent ou l&#039;or rose, pour une harmonie parfaite avec l&#039;identit\u00e9 visuelle du parfum et pour cr\u00e9er une ambiance particuli\u00e8re. Ce petit d\u00e9tail personnalis\u00e9, en sublimant le design et l&#039;attrait du produit, contribue \u00e0 faire sentir au client qu&#039;il est unique.<\/li>\n<li><strong>Impression s\u00e9rigraphique :<\/strong> Envisagez d&#039;ajouter de la soie d\u00e9corative, des illustrations s\u00e9rigraphi\u00e9es ou des personnages \u00e0 un flacon, rehaussant ainsi sa valeur visuelle et le transformant en v\u00e9ritable \u0153uvre d&#039;art. C&#039;est une mani\u00e8re d&#039;exprimer subtilement la personnalit\u00e9 de la marque, \u00e0 travers des designs qui, associ\u00e9s \u00e0 l&#039;identit\u00e9 du parfum, contribuent \u00e0 l&#039;harmonie de l&#039;ensemble.<\/li>\n<\/ol>","protected":false},"excerpt":{"rendered":"<p>Ces flacons de parfum de 30 ml sont parfaits pour la personnalisation de marque. Livraison directe d&#039;usine et livraison rapide pour les besoins professionnels.<\/p>","protected":false},"featured_media":4329,"template":"","meta":{"postBodyCss":"","postBodyMargin":[],"postBodyPadding":[],"postBodyBackground":{"backgroundType":"classic","gradient":""}},"product_brand":[],"product_cat":[15,16,62],"product_tag":[],"class_list":{"0":"post-4321","1":"product","2":"type-product","3":"status-publish","4":"has-post-thumbnail","6":"product_cat-glass-containers","7":"product_cat-glass-bottles","8":"product_cat-perfume-bottles","10":"first","11":"instock","12":"shipping-taxable","13":"product-type-simple"},"jetpack_sharing_enabled":true,"_links":{"self":[{"href":"https:\/\/minghanggroup.com\/fr\/wp-json\/wp\/v2\/product\/4321","targetHints":{"allow":["GET"]}}],"collection":[{"href":"https:\/\/minghanggroup.com\/fr\/wp-json\/wp\/v2\/product"}],"about":[{"href":"https:\/\/minghanggroup.com\/fr\/wp-json\/wp\/v2\/types\/product"}],"wp:featuredmedia":[{"embeddable":true,"href":"https:\/\/minghanggroup.com\/fr\/wp-json\/wp\/v2\/media\/4329"}],"wp:attachment":[{"href":"https:\/\/minghanggroup.com\/fr\/wp-json\/wp\/v2\/media?parent=4321"}],"wp:term":[{"taxonomy":"product_brand","embeddable":true,"href":"https:\/\/minghanggroup.com\/fr\/wp-json\/wp\/v2\/product_brand?post=4321"},{"taxonomy":"product_cat","embeddable":true,"href":"https:\/\/minghanggroup.com\/fr\/wp-json\/wp\/v2\/product_cat?post=4321"},{"taxonomy":"product_tag","embeddable":true,"href":"https:\/\/minghanggroup.com\/fr\/wp-json\/wp\/v2\/product_tag?post=4321"}],"curies":[{"name":"wp","href":"https:\/\/api.w.org\/{rel}","templated":true}]}}