{"id":4320,"date":"2026-01-06T08:49:17","date_gmt":"2026-01-06T00:49:17","guid":{"rendered":"https:\/\/minghanggroup.com\/?post_type=product&#038;p=4320"},"modified":"2026-01-06T11:40:53","modified_gmt":"2026-01-06T03:40:53","slug":"custom-golden-perfume-bottle-with-mountain-base","status":"publish","type":"product","link":"https:\/\/minghanggroup.com\/fr\/produit\/custom-golden-perfume-bottle-with-mountain-base\/","title":{"rendered":"Flacons de parfum dor\u00e9s personnalis\u00e9s de 30 ml, 50 ml et 100 ml avec socle montagneux (vente en gros)"},"content":{"rendered":"<p>Ces flacons de parfum dor\u00e9s sont compos\u00e9s de verre transparent (de forme cylindrique fluide) et d&#039;un bouchon en m\u00e9tal dor\u00e9 poli. Le d\u00e9tail le plus remarquable est la sculpture de montagne dor\u00e9e qui orne le socle et qui conf\u00e8re une gr\u00e2ce exquise \u00e0 ces flacons.<\/p>\n<h2>Caract\u00e9ristiques du produit<\/h2>\n<ul>\n<li><strong>Sculpture suspendue de la Montagne d&#039;Or :<\/strong> La sculpture dor\u00e9e repr\u00e9sentant une montagne \u00e0 l&#039;int\u00e9rieur de la bouteille cr\u00e9e une impression artistique parfaite et grandiose.<\/li>\n<li><strong>Forme classique de bouteille cylindrique\u00a0:<\/strong> Il est remarquablement stable et poss\u00e8de une texture haut de gamme, ce qui en fait le choix id\u00e9al pour afficher une image de marque raffin\u00e9e.<\/li>\n<li><strong>Palette de couleurs or :<\/strong> Le verre transparent ainsi que les d\u00e9corations du bouchon et du fond seront de couleur or, formant une palette de couleurs d&#039;une grande \u00e9l\u00e9gance et d&#039;un luxe discret.<\/li>\n<\/ul>\n<h2 style=\"text-align: left;\">Caract\u00e9ristiques principales<\/h2>\n<table class=\"aligncenter\" style=\"border-collapse: collapse; width: 465.77pt;\" border=\"0\" width=\"621\" cellspacing=\"0\" cellpadding=\"0\">\n<tbody>\n<tr style=\"height: 13.50pt;\">\n<td style=\"height: 13.50pt; width: 117.75pt;\" width=\"157\" height=\"18\">Sp\u00e9cification<\/td>\n<td style=\"width: 348.00pt;\" width=\"464\">D\u00e9tails<\/td>\n<\/tr>\n<tr style=\"height: 13.50pt;\">\n<td style=\"height: 13.50pt;\" height=\"18\">Capacit\u00e9<\/td>\n<td>30ml \/ 50ml \/ 100ml<\/td>\n<\/tr>\n<tr style=\"height: 13.50pt;\">\n<td style=\"height: 13.50pt;\" height=\"18\">Dimensions<\/td>\n<td>46\u00d773mm \/ 51\u00d780mm \/ 59\u00d794mm<\/td>\n<\/tr>\n<tr style=\"height: 13.50pt;\">\n<td style=\"height: 13.50pt;\" height=\"18\">Mat\u00e9riel<\/td>\n<td>Verre transparent, bouchon en m\u00e9tal dor\u00e9<\/td>\n<\/tr>\n<tr style=\"height: 13.50pt;\">\n<td style=\"height: 13.50pt;\" height=\"18\">Forme de bouteille<\/td>\n<td>Cylindre avec base sculpt\u00e9e encapsul\u00e9e<\/td>\n<\/tr>\n<tr style=\"height: 13.50pt;\">\n<td style=\"height: 13.50pt;\" height=\"18\">\u00c9tendue de la personnalisation<\/td>\n<td>Conception de sculptures, couleur\/teinte du verre, finition du m\u00e9tal, impression<\/td>\n<\/tr>\n<tr style=\"height: 13.50pt;\">\n<td style=\"height: 13.50pt;\" height=\"18\">Savoir-faire<\/td>\n<td>Encapsulation de verre de pr\u00e9cision, fonderie et placage de m\u00e9taux<\/td>\n<\/tr>\n<tr style=\"height: 13.50pt;\">\n<td style=\"height: 13.50pt;\" height=\"18\">Objectif du produit<\/td>\n<td>Flacons de parfum personnalis\u00e9s, flacons de parfum dor\u00e9s de luxe<\/td>\n<\/tr>\n<tr style=\"height: 13.50pt;\">\n<td style=\"height: 13.50pt;\" height=\"18\">Secteurs d&#039;activit\u00e9 appropri\u00e9s<\/td>\n<td>Produits de luxe, Haute Parfumerie, H\u00f4tellerie exclusive<\/td>\n<\/tr>\n<\/tbody>\n<\/table>\n<h2>Succ\u00e8s\u00a0: Lancement du produit phare d\u2019un groupe de luxe du Moyen-Orient<\/h2>\n<p>Une des plus grandes entreprises de luxe des \u00c9mirats arabes unis a choisi notre flacon de parfum dor\u00e9 de 100 ml, dont l&#039;int\u00e9rieur a \u00e9t\u00e9 sculpt\u00e9 pour \u00e9voquer les montagnes du Hajar. D&#039;une qualit\u00e9 exceptionnelle et d&#039;une finition irr\u00e9prochable, il est vendu \u00e0 un prix sup\u00e9rieur de 400 % \u00e0 son co\u00fbt de production. Le flacon de 50 ml repr\u00e9sente plus de 40 % des ventes totales en duty-free dans les a\u00e9roports et est devenu un best-seller. Impressionn\u00e9 par la rapidit\u00e9 avec laquelle la marque a conquis le march\u00e9, le client a sign\u00e9 un contrat d&#039;exclusivit\u00e9 de 5 ans et command\u00e9 800\u00a0000 flacons suppl\u00e9mentaires.<\/p>\n<h2>Options personnalis\u00e9es pour les flacons de parfum<\/h2>\n<ul>\n<li>M\u00e9tal de la sculpture et du capuchon : L&#039;int\u00e9rieur de la sculpture ainsi que le capuchon (or rose, or antique, platine) peuvent \u00eatre r\u00e9alis\u00e9s en diff\u00e9rents m\u00e9taux ou placages.<\/li>\n<li>Bouteille en verre color\u00e9 : Le verre est disponible en diff\u00e9rentes couleurs (ambre, bleu cobalt et vert \u00e9meraude) pour cr\u00e9er un contraste ou un compl\u00e9ment avec la bouteille dor\u00e9e.<\/li>\n<li>Gravure laser sur verre\u00a0: Les motifs, noms ou coordonn\u00e9es grav\u00e9s sur la surface du verre se trouvent au-dessus de la sculpture.<\/li>\n<li>Effet verre d\u00e9poli\u00a0: ils ajoutent une touche d\u00e9polie au verre pour faciliter l\u2019impression visuelle de la sculpture, lui conf\u00e9rant un aspect lisse et \u00e9l\u00e9gant.<\/li>\n<\/ul>\n<p>&nbsp;<\/p>","protected":false},"excerpt":{"rendered":"<p>Flacons de parfum personnalis\u00e9s avec d\u00e9tails dor\u00e9s sculpt\u00e9s et bouchons vaporisateurs en m\u00e9tal. Flacons de parfum dor\u00e9s haut de gamme pour les marques, d\u00e9duction pour les commandes en gros. Livraison rapide.<\/p>","protected":false},"featured_media":4322,"template":"","meta":{"postBodyCss":"","postBodyMargin":[],"postBodyPadding":[],"postBodyBackground":{"backgroundType":"classic","gradient":""}},"product_brand":[],"product_cat":[15,16,62],"product_tag":[],"class_list":{"0":"post-4320","1":"product","2":"type-product","3":"status-publish","4":"has-post-thumbnail","6":"product_cat-glass-containers","7":"product_cat-glass-bottles","8":"product_cat-perfume-bottles","10":"first","11":"instock","12":"shipping-taxable","13":"product-type-simple"},"jetpack_sharing_enabled":true,"_links":{"self":[{"href":"https:\/\/minghanggroup.com\/fr\/wp-json\/wp\/v2\/product\/4320","targetHints":{"allow":["GET"]}}],"collection":[{"href":"https:\/\/minghanggroup.com\/fr\/wp-json\/wp\/v2\/product"}],"about":[{"href":"https:\/\/minghanggroup.com\/fr\/wp-json\/wp\/v2\/types\/product"}],"wp:featuredmedia":[{"embeddable":true,"href":"https:\/\/minghanggroup.com\/fr\/wp-json\/wp\/v2\/media\/4322"}],"wp:attachment":[{"href":"https:\/\/minghanggroup.com\/fr\/wp-json\/wp\/v2\/media?parent=4320"}],"wp:term":[{"taxonomy":"product_brand","embeddable":true,"href":"https:\/\/minghanggroup.com\/fr\/wp-json\/wp\/v2\/product_brand?post=4320"},{"taxonomy":"product_cat","embeddable":true,"href":"https:\/\/minghanggroup.com\/fr\/wp-json\/wp\/v2\/product_cat?post=4320"},{"taxonomy":"product_tag","embeddable":true,"href":"https:\/\/minghanggroup.com\/fr\/wp-json\/wp\/v2\/product_tag?post=4320"}],"curies":[{"name":"wp","href":"https:\/\/api.w.org\/{rel}","templated":true}]}}