{"id":4306,"date":"2026-01-05T16:46:51","date_gmt":"2026-01-05T08:46:51","guid":{"rendered":"https:\/\/minghanggroup.com\/?post_type=product&#038;p=4306"},"modified":"2026-01-05T16:59:12","modified_gmt":"2026-01-05T08:59:12","slug":"glass-empty-perfume-bottles-with-vertical-texture-wholesale","status":"publish","type":"product","link":"https:\/\/minghanggroup.com\/fr\/produit\/glass-empty-perfume-bottles-with-vertical-texture-wholesale\/","title":{"rendered":"Flacons de parfum vides en verre de 40 ml \u00e0 texture verticale (vente en gros)"},"content":{"rendered":"<p>Vos flacons de parfum vides en verre doivent attirer l&#039;attention et susciter le regard. Nous fabriquons en gros des flacons de parfum en verre haut de gamme, con\u00e7us pour optimiser le succ\u00e8s de vos campagnes publicitaires\u00a0: chaque flacon devient un atout majeur pour votre marque.<\/p>\n<h2>Caract\u00e9ristiques du produit<\/h2>\n<ul>\n<li><strong>\u00c9l\u00e9gance de la texture c\u00f4tel\u00e9e : <\/strong>Les nervures verticales ajoutent non seulement une touche de luxe tactile, mais rendent \u00e9galement l&#039;objet visuellement attrayant en captant la lumi\u00e8re.<\/li>\n<li><strong>Contraste du bouchon rouge vif\u00a0: <\/strong>Cette calotte sph\u00e9rique rouge vif ? Le verre le plus transparent la rend imm\u00e9diatement attrayante.<\/li>\n<li><strong>Format polyvalent de 40 ml : <\/strong>Parfait pour les parfums homme\/femme, les brumes corporelles ou les huiles essentielles.<\/li>\n<\/ul>\n<h2>Caract\u00e9ristiques principales<\/h2>\n<table style=\"border-collapse: collapse; width: 80%; margin-left: auto; margin-right: auto;\" border=\"0\" width=\"360\" cellspacing=\"0\" cellpadding=\"0\">\n<tbody>\n<tr style=\"height: 13.50pt;\">\n<td style=\"height: 13.5pt; width: 54pt; text-align: center;\" width=\"72\" height=\"18\">Capacit\u00e9<\/td>\n<td style=\"width: 54pt; text-align: center;\" width=\"72\">Forme<\/td>\n<td style=\"width: 54pt; text-align: center;\" width=\"72\">Dimensions<\/td>\n<td style=\"width: 54pt; text-align: center;\" width=\"72\">Diam\u00e8tre<\/td>\n<td style=\"width: 54pt; text-align: center;\" width=\"72\">Utilisations<\/td>\n<\/tr>\n<tr style=\"height: 13.50pt;\">\n<td style=\"height: 13.5pt; text-align: center;\" height=\"18\">40 ml<\/td>\n<td style=\"text-align: center;\">Cylindre nervur\u00e9<\/td>\n<td style=\"text-align: center;\">50x50mm<\/td>\n<td style=\"text-align: center;\">15 mm<\/td>\n<td style=\"text-align: center;\">Parfums pour hommes\/femmes, brumes corporelles<\/td>\n<\/tr>\n<\/tbody>\n<\/table>\n<h2>Cas de r\u00e9ussite<\/h2>\n<p>Une marque de parfums de luxe a choisi notre site pour sa nouvelle collection de flacons en verre \u00e0 bouchon sph\u00e9rique rouge, disponibles en gros. Deux \u00e9l\u00e9ments cr\u00e9atifs ont permis \u00e0 la marque de promouvoir son image\u00a0: un logo personnalis\u00e9 en relief sur le fond des flacons et un verre ambr\u00e9 prot\u00e9geant le parfum des rayons UV.<\/p>\n<p>La marque a enregistr\u00e9 une croissance de 30 % de son chiffre d&#039;affaires en seulement deux mois, et ce succ\u00e8s est devenu un sujet de conversation tr\u00e8s populaire parmi de nombreux consommateurs.<\/p>\n<h2>Vos options de personnalisation<\/h2>\n<ol>\n<li><strong>Logos en relief ou en creux\u00a0:<\/strong> Vous pouvez embosser ou d\u00e9bosser un logo sur la bouteille pour communiquer visuellement et physiquement au client l&#039;aspect luxueux du produit et ainsi diff\u00e9rencier votre marque des autres en rayon.<\/li>\n<li><strong>Soie d\u00e9corative, s\u00e9rigraphie :<\/strong> Choisissez une s\u00e9rigraphie d\u00e9taill\u00e9e pour embellir la bouteille et y ajouter des graphismes, des motifs ou du texte exceptionnels, qui feront indirectement la promotion de votre marque.<\/li>\n<li><strong>Coffrets et \u00e9tuis cadeaux personnalis\u00e9s\u00a0:<\/strong> Des emballages ou des \u00e9tuis personnalis\u00e9s peuvent \u00eatre con\u00e7us pour donner une touche personnelle aux \u00e9ditions sp\u00e9ciales ou aux offres cadeaux, une solution id\u00e9ale pour les ventes saisonni\u00e8res ou pour votre ligne de luxe.<\/li>\n<\/ol>","protected":false},"excerpt":{"rendered":"<p>D\u00e9couvrez nos flacons de parfum en verre en gros. Vente directe d&#039;usine, \u00e9chantillons gratuits et personnalisation possible pour les entreprises.<\/p>","protected":false},"featured_media":4316,"template":"","meta":{"postBodyCss":"","postBodyMargin":[],"postBodyPadding":[],"postBodyBackground":{"backgroundType":"classic","gradient":""}},"product_brand":[],"product_cat":[15,16,62],"product_tag":[],"class_list":{"0":"post-4306","1":"product","2":"type-product","3":"status-publish","4":"has-post-thumbnail","6":"product_cat-glass-containers","7":"product_cat-glass-bottles","8":"product_cat-perfume-bottles","10":"first","11":"instock","12":"shipping-taxable","13":"product-type-simple"},"jetpack_sharing_enabled":true,"_links":{"self":[{"href":"https:\/\/minghanggroup.com\/fr\/wp-json\/wp\/v2\/product\/4306","targetHints":{"allow":["GET"]}}],"collection":[{"href":"https:\/\/minghanggroup.com\/fr\/wp-json\/wp\/v2\/product"}],"about":[{"href":"https:\/\/minghanggroup.com\/fr\/wp-json\/wp\/v2\/types\/product"}],"wp:featuredmedia":[{"embeddable":true,"href":"https:\/\/minghanggroup.com\/fr\/wp-json\/wp\/v2\/media\/4316"}],"wp:attachment":[{"href":"https:\/\/minghanggroup.com\/fr\/wp-json\/wp\/v2\/media?parent=4306"}],"wp:term":[{"taxonomy":"product_brand","embeddable":true,"href":"https:\/\/minghanggroup.com\/fr\/wp-json\/wp\/v2\/product_brand?post=4306"},{"taxonomy":"product_cat","embeddable":true,"href":"https:\/\/minghanggroup.com\/fr\/wp-json\/wp\/v2\/product_cat?post=4306"},{"taxonomy":"product_tag","embeddable":true,"href":"https:\/\/minghanggroup.com\/fr\/wp-json\/wp\/v2\/product_tag?post=4306"}],"curies":[{"name":"wp","href":"https:\/\/api.w.org\/{rel}","templated":true}]}}