{"id":4297,"date":"2026-01-05T13:41:08","date_gmt":"2026-01-05T05:41:08","guid":{"rendered":"https:\/\/minghanggroup.com\/?post_type=product&#038;p=4297"},"modified":"2026-01-05T14:19:43","modified_gmt":"2026-01-05T06:19:43","slug":"perfume-glass-spray-bottles-with-gold-lids-bulk","status":"publish","type":"product","link":"https:\/\/minghanggroup.com\/fr\/produit\/perfume-glass-spray-bottles-with-gold-lids-bulk\/","title":{"rendered":"Flacons vaporisateurs en verre de 75 ml (2,5 oz) pour parfum, avec bouchons dor\u00e9s (vente en gros)"},"content":{"rendered":"<p>Il s&#039;agit d&#039;un flacon de parfum de 75 ml (transparent, aux lignes lisses et arrondies avec une base lourde) avec un bouchon m\u00e9tallique dor\u00e9 et un anneau ornemental dor\u00e9 au niveau du col.<\/p>\n<h2>Caract\u00e9ristiques du produit<\/h2>\n<ul>\n<li><strong>Corps profil\u00e9 et incurv\u00e9 :<\/strong> La r\u00e9fraction de la lumi\u00e8re est douce et arrondie, ce qui conf\u00e8re au corps un toucher souple, accentu\u00e9 par les bords sculpt\u00e9s.<\/li>\n<li><strong>Bouchon asym\u00e9trique en m\u00e9tal dor\u00e9 :<\/strong> Le capuchon dor\u00e9 au design distinctif est une touche de style sophistiqu\u00e9 et respire le luxe.<\/li>\n<li><strong>Bague d\u00e9corative en m\u00e9tal dor\u00e9 :<\/strong> L&#039;anneau m\u00e9tallique qui relie le flacon au bouchon ajoute une touche de sophistication et d&#039;\u00e9l\u00e9gance aux d\u00e9tails.<\/li>\n<\/ul>\n<h2 style=\"text-align: left;\">Caract\u00e9ristiques principales<\/h2>\n<table class=\"aligncenter\" style=\"border-collapse: collapse; width: 421.52pt;\" border=\"0\" width=\"562\" cellspacing=\"0\" cellpadding=\"0\">\n<tbody>\n<tr style=\"height: 13.50pt;\">\n<td style=\"height: 13.50pt; width: 119.25pt;\" width=\"159\" height=\"18\">Sp\u00e9cification<\/td>\n<td style=\"width: 302.25pt;\" width=\"403\">D\u00e9tails<\/td>\n<\/tr>\n<tr style=\"height: 13.50pt;\">\n<td style=\"height: 13.50pt;\" height=\"18\">Capacit\u00e9<\/td>\n<td>75 ml (2,5 oz)<\/td>\n<\/tr>\n<tr style=\"height: 13.50pt;\">\n<td style=\"height: 13.50pt;\" height=\"18\">Dimensions<\/td>\n<td>39 \u00d7 76 \u00d7 94 mm<\/td>\n<\/tr>\n<tr style=\"height: 13.50pt;\">\n<td style=\"height: 13.50pt;\" height=\"18\">Mat\u00e9riel<\/td>\n<td>Verre transparent + composants m\u00e9talliques<\/td>\n<\/tr>\n<tr style=\"height: 13.50pt;\">\n<td style=\"height: 13.50pt;\" height=\"18\">Forme de bouteille<\/td>\n<td>Rond avec base \u00e9paissie<\/td>\n<\/tr>\n<tr style=\"height: 13.50pt;\">\n<td style=\"height: 13.50pt;\" height=\"18\">\u00c9tendue de la personnalisation<\/td>\n<td>Couleur\/Finition du verre, Gravure\/Impression<\/td>\n<\/tr>\n<tr style=\"height: 13.50pt;\">\n<td style=\"height: 13.50pt;\" height=\"18\">Savoir-faire<\/td>\n<td>Moulage de verre courb\u00e9, placage de m\u00e9tal et assemblage<\/td>\n<\/tr>\n<tr style=\"height: 13.50pt;\">\n<td style=\"height: 13.50pt;\" height=\"18\">Objectif du produit<\/td>\n<td>Flacons vaporisateurs en verre pour parfum, flacons de parfum ronds<\/td>\n<\/tr>\n<tr style=\"height: 13.50pt;\">\n<td style=\"height: 13.50pt;\" height=\"18\">Secteurs d&#039;activit\u00e9 appropri\u00e9s<\/td>\n<td>Parfumerie de niche, marques de beaut\u00e9, vente au d\u00e9tail de luxe<\/td>\n<\/tr>\n<\/tbody>\n<\/table>\n<h2>Succ\u00e8s\u00a0: Le parfum le plus vendu d\u2019une marque californienne lifestyle<\/h2>\n<p>L&#039;une des marques californiennes les plus prestigieuses a choisi notre flacon de parfum de 75 ml et a imagin\u00e9 un flacon en verre rose p\u00e2le. Le design \u00e9l\u00e9gant et ergonomique de ce flacon vaporisateur a rencontr\u00e9 un franc succ\u00e8s\u00a0: 85\u00a0% des clients ont attribu\u00e9 une excellente note au produit, notamment pour sa prise en main facile. Son design soign\u00e9 justifie un prix sup\u00e9rieur de 60\u00a0% \u00e0 celui des produits concurrents. Tr\u00e8s satisfaite du succ\u00e8s rencontr\u00e9 par le produit sur le march\u00e9, la marque a command\u00e9 500\u00a0000 flacons suppl\u00e9mentaires afin de faciliter son lancement dans les points de vente \u00e0 travers le pays.<\/p>\n<h2>Personnalisation des flacons vaporisateurs en verre pour parfum<\/h2>\n<ul>\n<li>Couleurs\/Effets Verre : Verre clair, teint\u00e9 (champagne, verre de mer) ou d\u00e9poli (effets d\u00e9grad\u00e9s disponibles).<\/li>\n<li>Finitions m\u00e9talliques personnalis\u00e9es\u00a0: De nombreuses finitions m\u00e9talliques peuvent \u00eatre appliqu\u00e9es au capuchon et au col (or, or rose, chrome, noir).<\/li>\n<li>Gravure laser de contour : Les motifs, marques ou logos plus d\u00e9taill\u00e9s sont d\u00e9coup\u00e9s sur des lignes de contour en relief.<\/li>\n<li>S\u00e9rigraphie : De jolis motifs ou logos sont imprim\u00e9s sur une surface en verre parfaitement incurv\u00e9e.<\/li>\n<li>Buses de pulv\u00e9risation personnalis\u00e9es\u00a0: Le flacon pr\u00e9sente des lignes fluides qui sont mises en valeur par des buses de pulv\u00e9risation aux formes uniques.<\/li>\n<\/ul>","protected":false},"excerpt":{"rendered":"<p>Flacons vaporisateurs de parfum ronds et luxueux en verre, aux lignes fluides et aux accents dor\u00e9s. Flacon de 75 ml (2,5 oz) propos\u00e9 avec remise pour les commandes en gros et \u00e9chantillons gratuits.<\/p>","protected":false},"featured_media":4301,"template":"","meta":{"postBodyCss":"","postBodyMargin":[],"postBodyPadding":[],"postBodyBackground":{"backgroundType":"classic","gradient":""}},"product_brand":[],"product_cat":[15,16,62],"product_tag":[],"class_list":{"0":"post-4297","1":"product","2":"type-product","3":"status-publish","4":"has-post-thumbnail","6":"product_cat-glass-containers","7":"product_cat-glass-bottles","8":"product_cat-perfume-bottles","10":"first","11":"instock","12":"shipping-taxable","13":"product-type-simple"},"jetpack_sharing_enabled":true,"_links":{"self":[{"href":"https:\/\/minghanggroup.com\/fr\/wp-json\/wp\/v2\/product\/4297","targetHints":{"allow":["GET"]}}],"collection":[{"href":"https:\/\/minghanggroup.com\/fr\/wp-json\/wp\/v2\/product"}],"about":[{"href":"https:\/\/minghanggroup.com\/fr\/wp-json\/wp\/v2\/types\/product"}],"wp:featuredmedia":[{"embeddable":true,"href":"https:\/\/minghanggroup.com\/fr\/wp-json\/wp\/v2\/media\/4301"}],"wp:attachment":[{"href":"https:\/\/minghanggroup.com\/fr\/wp-json\/wp\/v2\/media?parent=4297"}],"wp:term":[{"taxonomy":"product_brand","embeddable":true,"href":"https:\/\/minghanggroup.com\/fr\/wp-json\/wp\/v2\/product_brand?post=4297"},{"taxonomy":"product_cat","embeddable":true,"href":"https:\/\/minghanggroup.com\/fr\/wp-json\/wp\/v2\/product_cat?post=4297"},{"taxonomy":"product_tag","embeddable":true,"href":"https:\/\/minghanggroup.com\/fr\/wp-json\/wp\/v2\/product_tag?post=4297"}],"curies":[{"name":"wp","href":"https:\/\/api.w.org\/{rel}","templated":true}]}}