{"id":4296,"date":"2026-01-05T14:28:22","date_gmt":"2026-01-05T06:28:22","guid":{"rendered":"https:\/\/minghanggroup.com\/?post_type=product&#038;p=4296"},"modified":"2026-01-05T17:06:56","modified_gmt":"2026-01-05T09:06:56","slug":"rectangular-custom-100ml-empty-perfume-bottles-wholesale","status":"publish","type":"product","link":"https:\/\/minghanggroup.com\/fr\/produit\/rectangular-custom-100ml-empty-perfume-bottles-wholesale\/","title":{"rendered":"Flacons de parfum rectangulaires vides personnalis\u00e9s de 100 ml en gros"},"content":{"rendered":"<p>Vos flacons de parfum vides de 100 ml doivent captiver l&#039;attention. Nous fabriquons en gros des flacons de parfum vides haut de gamme, con\u00e7us pour optimiser le succ\u00e8s de vos campagnes publicitaires\u00a0: chaque flacon en verre devient la signature de votre marque.<\/p>\n<h2>Caract\u00e9ristiques du produit<\/h2>\n<ul>\n<li><strong>Design \u00e9l\u00e9gant : <\/strong>Sa silhouette rectangulaire \u00e9pur\u00e9e et simple, associ\u00e9e \u00e0 son bouchon dor\u00e9, lui conf\u00e8re une esth\u00e9tique chic et classique, id\u00e9ale pour les parfums haut de gamme.<\/li>\n<li><strong>Bouchon en or premium : <\/strong>Le bouchon en m\u00e9tal dor\u00e9 ajoute \u00e0 l&#039;aspect opulent du flacon, ce qui en fait un choix parfait pour les parfums \u00e0 la fois tendance et vintage.<\/li>\n<li><strong>Options personnalisables\u00a0: <\/strong>Vous pouvez personnaliser ce produit avec un logo en relief, de la s\u00e9rigraphie, et en choisissant une couleur personnalis\u00e9e pour la bouteille et le bouchon.<\/li>\n<\/ul>\n<h2>Caract\u00e9ristiques principales<\/h2>\n<table style=\"border-collapse: collapse; width: 80%; margin-left: auto; margin-right: auto;\" border=\"0\" width=\"360\" cellspacing=\"0\" cellpadding=\"0\">\n<tbody>\n<tr style=\"height: 13.50pt;\">\n<td style=\"height: 13.5pt; width: 54pt; text-align: center;\" width=\"72\" height=\"18\">Capacit\u00e9<\/td>\n<td style=\"width: 54pt; text-align: center;\" width=\"72\">Dimensions (mm)<\/td>\n<td style=\"width: 54pt; text-align: center;\" width=\"72\">Forme<\/td>\n<td style=\"width: 54pt; text-align: center;\" width=\"72\">Fonctionnalit\u00e9 principale<\/td>\n<td style=\"width: 54pt; text-align: center;\" width=\"72\">Options de surface<\/td>\n<\/tr>\n<tr style=\"height: 13.50pt;\">\n<td style=\"height: 13.5pt; text-align: center;\" height=\"18\">100 ml \/ 3,4 oz<\/td>\n<td style=\"text-align: center;\">55 x 30 x 118<\/td>\n<td style=\"text-align: center;\">Rectangulaire<\/td>\n<td style=\"text-align: center;\">capuchon sph\u00e9rique + atomiseur<\/td>\n<td style=\"text-align: center;\">Sablage, s\u00e9rigraphie, dorure, d\u00e9calcomanies<\/td>\n<\/tr>\n<\/tbody>\n<\/table>\n<h2>Cas de r\u00e9ussite<\/h2>\n<p>La maison de parfumerie souhaitait rehausser le niveau de ses emballages \u00e0 la hauteur de la qualit\u00e9 de ses parfums. Pour sa nouvelle cr\u00e9ation, elle a exp\u00e9riment\u00e9 avec des flacons de parfum vides de 100 ml dot\u00e9s de bouchons dor\u00e9s. Afin de parfaire l&#039;emballage, elle a emboss\u00e9 le logo sur les flacons et leur a donn\u00e9 une texture mate, leur conf\u00e9rant ainsi une apparence moderne et \u00e9l\u00e9gante. Un motif finement s\u00e9rigraphi\u00e9 orne \u00e9galement les flacons, pour le plus grand plaisir des yeux.<\/p>\n<p>La marque a enregistr\u00e9 une croissance de ses ventes de 35 % d\u00e8s son premier mois d&#039;activit\u00e9. L&#039;entreprise a continu\u00e9 \u00e0 effectuer des achats en gros de bouteilles personnalis\u00e9es, qui sont devenues l&#039;emballage de toutes ses nouveaut\u00e9s.<\/p>\n<h2>Vos options de personnalisation<\/h2>\n<ol>\n<li><strong>Logos en relief\/en creux\u00a0: <\/strong>Donnez une nouvelle dimension \u00e0 votre marque en apposant un logo en relief ou en creux sur la bouteille.<\/li>\n<li><strong>S\u00e9rigraphie : <\/strong>D\u00e9corez le flacon avec de la soie ou de la s\u00e9rigraphie pour ajouter des d\u00e9tails complexes, des mots ou des graphismes afin de mettre en valeur le caract\u00e8re unique du parfum.<\/li>\n<li><strong>Variantes de casquette : <\/strong>Permettre le choix des diff\u00e9rents mat\u00e9riaux et finitions du bouchon (or, argent ou mat) pour correspondre au design de la bouteille.<\/li>\n<\/ol>","protected":false},"excerpt":{"rendered":"<p>D\u00e9couvrez nos flacons de parfum vides de 100 ml, de forme rectangulaire, disponibles en gros. Personnalisation possible et prix direct usine.<\/p>","protected":false},"featured_media":4305,"template":"","meta":{"postBodyCss":"","postBodyMargin":[],"postBodyPadding":[],"postBodyBackground":{"backgroundType":"classic","gradient":""}},"product_brand":[],"product_cat":[16,15,62],"product_tag":[],"class_list":{"0":"post-4296","1":"product","2":"type-product","3":"status-publish","4":"has-post-thumbnail","6":"product_cat-glass-bottles","7":"product_cat-glass-containers","8":"product_cat-perfume-bottles","10":"first","11":"instock","12":"shipping-taxable","13":"product-type-simple"},"jetpack_sharing_enabled":true,"_links":{"self":[{"href":"https:\/\/minghanggroup.com\/fr\/wp-json\/wp\/v2\/product\/4296","targetHints":{"allow":["GET"]}}],"collection":[{"href":"https:\/\/minghanggroup.com\/fr\/wp-json\/wp\/v2\/product"}],"about":[{"href":"https:\/\/minghanggroup.com\/fr\/wp-json\/wp\/v2\/types\/product"}],"wp:featuredmedia":[{"embeddable":true,"href":"https:\/\/minghanggroup.com\/fr\/wp-json\/wp\/v2\/media\/4305"}],"wp:attachment":[{"href":"https:\/\/minghanggroup.com\/fr\/wp-json\/wp\/v2\/media?parent=4296"}],"wp:term":[{"taxonomy":"product_brand","embeddable":true,"href":"https:\/\/minghanggroup.com\/fr\/wp-json\/wp\/v2\/product_brand?post=4296"},{"taxonomy":"product_cat","embeddable":true,"href":"https:\/\/minghanggroup.com\/fr\/wp-json\/wp\/v2\/product_cat?post=4296"},{"taxonomy":"product_tag","embeddable":true,"href":"https:\/\/minghanggroup.com\/fr\/wp-json\/wp\/v2\/product_tag?post=4296"}],"curies":[{"name":"wp","href":"https:\/\/api.w.org\/{rel}","templated":true}]}}