{"id":4287,"date":"2026-01-05T13:35:46","date_gmt":"2026-01-05T05:35:46","guid":{"rendered":"https:\/\/minghanggroup.com\/?post_type=product&#038;p=4287"},"modified":"2026-01-05T16:51:56","modified_gmt":"2026-01-05T08:51:56","slug":"glass-unique-fragrance-bottles-for-packaging-bulk","status":"publish","type":"product","link":"https:\/\/minghanggroup.com\/fr\/produit\/glass-unique-fragrance-bottles-for-packaging-bulk\/","title":{"rendered":"Flacons de parfum uniques en verre de 30 ml et 100 ml pour conditionnement en vrac"},"content":{"rendered":"<p>Vos flacons de parfum uniques doivent susciter l&#039;admiration et l&#039;int\u00e9r\u00eat de vos clients. Nous cr\u00e9ons des flacons d&#039;eau de Cologne haut de gamme de 100 ml, con\u00e7us pour optimiser le succ\u00e8s de vos emballages et faire de chaque flacon en verre un \u00e9l\u00e9ment central de la conversation autour de votre marque.<\/p>\n<h2>Caract\u00e9ristiques du produit<\/h2>\n<ul>\n<li><strong>Design g\u00e9om\u00e9trique pointu :<\/strong> L&#039;utilisation de lignes \u00e9pur\u00e9es et de d\u00e9coupes pr\u00e9cises conf\u00e8re un impact visuel imm\u00e9diat \u00e0 l&#039;emballage de votre parfum.<\/li>\n<li><strong>Capuchon dor\u00e9 de luxe\u00a0:<\/strong> Le bouchon carr\u00e9 dor\u00e9 embl\u00e9matique ajoute une touche de sophistication moderne \u00e0 votre bouteille en verre.<\/li>\n<li><strong>Double, polyvalence de taille :<\/strong> Des coffrets d&#039;emballage de parfum complets peuvent \u00eatre cr\u00e9\u00e9s en m\u00e9langeant des flacons de 30 ml pour les \u00e9chantillons avec des flacons d&#039;eau de Cologne de 100 ml (3,4 oz).<\/li>\n<\/ul>\n<h2>Caract\u00e9ristiques principales<\/h2>\n<table style=\"border-collapse: collapse; width: 80%; margin-left: auto; margin-right: auto;\" border=\"0\" width=\"288\" cellspacing=\"0\" cellpadding=\"0\">\n<tbody>\n<tr style=\"height: 13.50pt;\">\n<td style=\"height: 13.5pt; width: 54pt; text-align: center;\" width=\"72\" height=\"18\">Capacit\u00e9<\/td>\n<td style=\"width: 54pt; text-align: center;\" width=\"72\">Dimensions (mm)<\/td>\n<td style=\"width: 54pt; text-align: center;\" width=\"72\">Usage<\/td>\n<td style=\"width: 54pt; text-align: center;\" width=\"72\">Couleur du bonnet<\/td>\n<\/tr>\n<tr style=\"height: 13.50pt;\">\n<td style=\"height: 13.5pt; text-align: center;\" height=\"18\">30 ml \/ 1 oz<\/td>\n<td style=\"text-align: center;\">45 x 45 x 59<\/td>\n<td class=\"et2\" style=\"text-align: center;\" rowspan=\"2\">Parfums, eaux de Cologne, brumes corporelles<\/td>\n<td class=\"et2\" style=\"text-align: center;\" rowspan=\"2\">Or<\/td>\n<\/tr>\n<tr style=\"height: 13.50pt;\">\n<td style=\"height: 13.5pt; text-align: center;\" height=\"18\">100 ml \/ 3,4 oz<\/td>\n<td style=\"text-align: center;\">60 x 60 x 79<\/td>\n<\/tr>\n<\/tbody>\n<\/table>\n<h2>Cas de r\u00e9ussite<\/h2>\n<p>Une marque de parfums de luxe souhaitait moderniser son packaging et renforcer son image haut de gamme. Apr\u00e8s avoir test\u00e9 plusieurs options, elle a opt\u00e9 pour nos flacons d&#039;eau de Cologne en verre transparent de 100 ml, personnalis\u00e9s avec un motif g\u00e9om\u00e9trique exclusif. Le bouchon carr\u00e9 plaqu\u00e9 or, estampill\u00e9 de son logo, et la finition mate sur la base du flacon lui conf\u00e8rent une allure raffin\u00e9e qui a imm\u00e9diatement s\u00e9duit la client\u00e8le. Un mois plus tard, les ventes en magasin ont bondi de 30 %. L&#039;alliance d&#039;un packaging premium et d&#039;une image de marque forte a jou\u00e9 un r\u00f4le d\u00e9terminant dans l&#039;augmentation de 50 % du taux de rachat.<\/p>\n<h2>Vos options de personnalisation<\/h2>\n<ol>\n<li><strong>Personnalisation du design g\u00e9om\u00e9trique\u00a0:<\/strong> Modifiez les formes et les angles du corps de la bouteille gr\u00e2ce \u00e0 un large \u00e9ventail d&#039;options afin de communiquer visuellement l&#039;essence de la marque, par exemple, des lignes angulaires, \u00e0 facettes ou fluides.<\/li>\n<li><strong>Options de bouchon : <\/strong>Choisissez une gamme vari\u00e9e de mat\u00e9riaux et de finitions pour vos bouchons, comme l&#039;or, l&#039;argent ou le m\u00e9tal mat, ainsi que des formes diff\u00e9rentes, carr\u00e9es ou rondes, pour sublimer l&#039;image de votre parfum.<\/li>\n<li><strong>Logos en relief ou en creux\u00a0:<\/strong> Incorporez un logo de marque en relief ou en creux sur la bouteille ou le bouchon afin de faciliter la reconnaissance de la marque et l&#039;interaction sensorielle.<\/li>\n<\/ol>","protected":false},"excerpt":{"rendered":"<p>Flacons de parfum uniques, fabriqu\u00e9s artisanalement et disponibles directement du fabricant. Vente en gros, design personnalisable\u00a0: ces flacons de 100\u00a0ml r\u00e9pondent aux besoins de votre marque de parfum.<\/p>","protected":false},"featured_media":4295,"template":"","meta":{"postBodyCss":"","postBodyMargin":[],"postBodyPadding":[],"postBodyBackground":{"backgroundType":"classic","gradient":""}},"product_brand":[],"product_cat":[15,16,62],"product_tag":[],"class_list":{"0":"post-4287","1":"product","2":"type-product","3":"status-publish","4":"has-post-thumbnail","6":"product_cat-glass-containers","7":"product_cat-glass-bottles","8":"product_cat-perfume-bottles","10":"first","11":"instock","12":"shipping-taxable","13":"product-type-simple"},"jetpack_sharing_enabled":true,"_links":{"self":[{"href":"https:\/\/minghanggroup.com\/fr\/wp-json\/wp\/v2\/product\/4287","targetHints":{"allow":["GET"]}}],"collection":[{"href":"https:\/\/minghanggroup.com\/fr\/wp-json\/wp\/v2\/product"}],"about":[{"href":"https:\/\/minghanggroup.com\/fr\/wp-json\/wp\/v2\/types\/product"}],"wp:featuredmedia":[{"embeddable":true,"href":"https:\/\/minghanggroup.com\/fr\/wp-json\/wp\/v2\/media\/4295"}],"wp:attachment":[{"href":"https:\/\/minghanggroup.com\/fr\/wp-json\/wp\/v2\/media?parent=4287"}],"wp:term":[{"taxonomy":"product_brand","embeddable":true,"href":"https:\/\/minghanggroup.com\/fr\/wp-json\/wp\/v2\/product_brand?post=4287"},{"taxonomy":"product_cat","embeddable":true,"href":"https:\/\/minghanggroup.com\/fr\/wp-json\/wp\/v2\/product_cat?post=4287"},{"taxonomy":"product_tag","embeddable":true,"href":"https:\/\/minghanggroup.com\/fr\/wp-json\/wp\/v2\/product_tag?post=4287"}],"curies":[{"name":"wp","href":"https:\/\/api.w.org\/{rel}","templated":true}]}}