{"id":4286,"date":"2026-01-05T11:34:24","date_gmt":"2026-01-05T03:34:24","guid":{"rendered":"https:\/\/minghanggroup.com\/?post_type=product&#038;p=4286"},"modified":"2026-01-05T13:40:36","modified_gmt":"2026-01-05T05:40:36","slug":"unique-perfume-bottles-with-pumpkin-design-bulk","status":"publish","type":"product","link":"https:\/\/minghanggroup.com\/fr\/produit\/unique-perfume-bottles-with-pumpkin-design-bulk\/","title":{"rendered":"Flacons de parfum uniques de 50 ml avec motif citrouille (vente en gros)"},"content":{"rendered":"<p>Ces magnifiques flacons de parfum sont en cristal et leur forme de citrouille est arrondie et c\u00f4tel\u00e9e, avec un bouchon \u00e0 multiples facettes et un anneau en m\u00e9tal dor\u00e9 poli.<\/p>\n<h2>Caract\u00e9ristiques du produit<\/h2>\n<ul>\n<li><strong>Bouteille c\u00f4tel\u00e9e en forme de citrouille :<\/strong> La forme plate de la citrouille, agr\u00e9ment\u00e9e de nervures verticales en trois dimensions, accro\u00eet l&#039;\u00e9clat de la r\u00e9fraction de la lumi\u00e8re, lui conf\u00e9rant une sophistication digne d&#039;un bijou.<\/li>\n<li><strong>Texture rainur\u00e9e verticalement profonde :<\/strong> La texture nette donne un effet visuel de lumi\u00e8re et d&#039;ombre qui cr\u00e9e une impression de richesse et lui conf\u00e8re une sophistication classique.<\/li>\n<li><strong>Bague en m\u00e9tal dor\u00e9 :<\/strong> L&#039;anneau en m\u00e9tal dor\u00e9 entre le flacon et le bouchon ajoute une touche de raffinement et conf\u00e8re \u00e0 la mati\u00e8re transparente une note d&#039;\u00e9l\u00e9gance.<\/li>\n<\/ul>\n<h2 style=\"text-align: left;\">Caract\u00e9ristiques principales<\/h2>\n<table class=\"aligncenter\" style=\"border-collapse: collapse; width: 533.27pt;\" border=\"0\" width=\"711\" cellspacing=\"0\" cellpadding=\"0\">\n<tbody>\n<tr style=\"height: 13.50pt;\">\n<td style=\"height: 13.50pt; width: 144.75pt;\" width=\"193\" height=\"18\">Fonctionnalit\u00e9<\/td>\n<td style=\"width: 388.50pt;\" width=\"518\">D\u00e9tails<\/td>\n<\/tr>\n<tr style=\"height: 13.50pt;\">\n<td style=\"height: 13.50pt;\" height=\"18\">Capacit\u00e9<\/td>\n<td>50 ml<\/td>\n<\/tr>\n<tr style=\"height: 13.50pt;\">\n<td style=\"height: 13.50pt;\" height=\"18\">Dimensions<\/td>\n<td>64 mm \u00d7 62 mm<\/td>\n<\/tr>\n<tr style=\"height: 13.50pt;\">\n<td style=\"height: 13.50pt;\" height=\"18\">Mat\u00e9riel<\/td>\n<td>Verre haute clart\u00e9, composants m\u00e9talliques<\/td>\n<\/tr>\n<tr style=\"height: 13.50pt;\">\n<td style=\"height: 13.50pt;\" height=\"18\">Forme de bouteille<\/td>\n<td>Citrouille c\u00f4tel\u00e9e<\/td>\n<\/tr>\n<tr style=\"height: 13.50pt;\">\n<td style=\"height: 13.50pt;\" height=\"18\">Gamme de personnalisation<\/td>\n<td>Couleur\/teinte du verre, design des nervures, finition du m\u00e9tal, style du bouchon, gravure<\/td>\n<\/tr>\n<tr style=\"height: 13.50pt;\">\n<td style=\"height: 13.50pt;\" height=\"18\">Points forts du savoir-faire<\/td>\n<td>Moulage de verre cannel\u00e9, plaquage m\u00e9tallique et assemblage<\/td>\n<\/tr>\n<tr style=\"height: 13.50pt;\">\n<td style=\"height: 13.50pt;\" height=\"18\">Utilisation principale<\/td>\n<td>Flacons de parfum uniques, flacons de parfum de luxe<\/td>\n<\/tr>\n<tr style=\"height: 13.50pt;\">\n<td style=\"height: 13.50pt;\" height=\"18\">Secteurs cibles<\/td>\n<td>Haute Parfumerie, Marques de Luxe, Distributeurs Exclusifs<\/td>\n<\/tr>\n<\/tbody>\n<\/table>\n<h2>Succ\u00e8s : Un chef-d&#039;\u0153uvre \u00e0 petite \u00e9chelle, une marque de parfums fran\u00e7aise<\/h2>\n<p>L&#039;une des plus anciennes marques de parfums fran\u00e7aises a choisi notre flacon de 50 ml en verre ambr\u00e9 profond et plaqu\u00e9 or 24 carats. Sa forme de citrouille a imm\u00e9diatement s\u00e9duit et la collection a \u00e9t\u00e9 \u00e9puis\u00e9e en ligne en moins de 12 heures. Son design raffin\u00e9 a g\u00e9n\u00e9r\u00e9 une augmentation de 500 % des publications des utilisateurs sur les r\u00e9seaux sociaux. Face \u00e0 l&#039;engouement suscit\u00e9 par ces flacons uniques, la marque a pass\u00e9 une nouvelle commande de 100\u00a0000 exemplaires pour une \u00e9dition limit\u00e9e annuelle.<\/p>\n<h2>Personnalisation de magnifiques flacons de parfum<\/h2>\n<ul>\n<li>Couleurs du verre : Ils proposent un large choix de couleurs de verre, notamment le vert \u00e9meraude, le bleu cobalt et le rouge rubis.<\/li>\n<li>Col de bouteille en m\u00e9tal et finition : Ornements m\u00e9talliques personnalis\u00e9s de toutes sortes (or rose, palladium) et finitions (poli, bross\u00e9, antique).<\/li>\n<li>Variations de rainures\u00a0: Ajoutez, soustrayez ou \u00e9largissez, approfondissez un certain nombre de rainures verticales pour obtenir des variations de rythme visuel.<\/li>\n<li>Conception personnalis\u00e9e de capuchon en cristal\u00a0: Cr\u00e9ez des motifs ou des formes de d\u00e9coupe sp\u00e9ciaux pour le capuchon en cristal.<\/li>\n<\/ul>","protected":false},"excerpt":{"rendered":"<p>Flacons de parfum uniques en cristal en forme de citrouille, orn\u00e9s de d\u00e9tails dor\u00e9s. Superbes flacons fournis directement par l&#039;usine aux marques. Livraison rapide.<\/p>","protected":false},"featured_media":4291,"template":"","meta":{"postBodyCss":"","postBodyMargin":[],"postBodyPadding":[],"postBodyBackground":{"backgroundType":"classic","gradient":""}},"product_brand":[],"product_cat":[15,16,62],"product_tag":[],"class_list":{"0":"post-4286","1":"product","2":"type-product","3":"status-publish","4":"has-post-thumbnail","6":"product_cat-glass-containers","7":"product_cat-glass-bottles","8":"product_cat-perfume-bottles","10":"first","11":"instock","12":"shipping-taxable","13":"product-type-simple"},"jetpack_sharing_enabled":true,"_links":{"self":[{"href":"https:\/\/minghanggroup.com\/fr\/wp-json\/wp\/v2\/product\/4286","targetHints":{"allow":["GET"]}}],"collection":[{"href":"https:\/\/minghanggroup.com\/fr\/wp-json\/wp\/v2\/product"}],"about":[{"href":"https:\/\/minghanggroup.com\/fr\/wp-json\/wp\/v2\/types\/product"}],"wp:featuredmedia":[{"embeddable":true,"href":"https:\/\/minghanggroup.com\/fr\/wp-json\/wp\/v2\/media\/4291"}],"wp:attachment":[{"href":"https:\/\/minghanggroup.com\/fr\/wp-json\/wp\/v2\/media?parent=4286"}],"wp:term":[{"taxonomy":"product_brand","embeddable":true,"href":"https:\/\/minghanggroup.com\/fr\/wp-json\/wp\/v2\/product_brand?post=4286"},{"taxonomy":"product_cat","embeddable":true,"href":"https:\/\/minghanggroup.com\/fr\/wp-json\/wp\/v2\/product_cat?post=4286"},{"taxonomy":"product_tag","embeddable":true,"href":"https:\/\/minghanggroup.com\/fr\/wp-json\/wp\/v2\/product_tag?post=4286"}],"curies":[{"name":"wp","href":"https:\/\/api.w.org\/{rel}","templated":true}]}}