{"id":4281,"date":"2026-01-05T10:28:11","date_gmt":"2026-01-05T02:28:11","guid":{"rendered":"https:\/\/minghanggroup.com\/?post_type=product&#038;p=4281"},"modified":"2026-01-05T17:22:36","modified_gmt":"2026-01-05T09:22:36","slug":"crystal-bottles-for-perfume-with-black-lids-bulk","status":"publish","type":"product","link":"https:\/\/minghanggroup.com\/fr\/produit\/crystal-bottles-for-perfume-with-black-lids-bulk\/","title":{"rendered":"Flacons en cristal de 100 ml pour parfum avec bouchons noirs (vente en gros)"},"content":{"rendered":"<p>Ce flacon de parfum en cristal, de forme classique, \u00e0 peine vertical et rectangulaire, pr\u00e9sente deux profondes rainures horizontales de chaque c\u00f4t\u00e9, soulignant son \u00e9l\u00e9gance et son esth\u00e9tique. Le flacon et son bouchon cylindrique en m\u00e9tal noir contrastent avec une modernit\u00e9 saisissante.<\/p>\n<h2>Caract\u00e9ristiques du produit<\/h2>\n<ul>\n<li><strong>Bouteille rectangulaire rainur\u00e9e :<\/strong> La forme rectangulaire fine orn\u00e9e de deux lignes horizontales donne de la profondeur \u00e0 la bouteille et am\u00e9liore la prise en main.<\/li>\n<li><strong>Bouchon en m\u00e9tal noir :<\/strong> Le bouchon cylindrique en m\u00e9tal noir pr\u00e9sente un design minimaliste, contrairement \u00e0 la bouteille transparente, dont le design est tr\u00e8s sophistiqu\u00e9 et moderne.<\/li>\n<li><strong>Mat\u00e9riau : verre transparent<\/strong> La structure en verre enti\u00e8rement transparente laisse clairement transpara\u00eetre le reste du parfum, tout en amplifiant les subtils effets de la r\u00e9flexion de la lumi\u00e8re.<\/li>\n<\/ul>\n<h2 style=\"text-align: left;\">Caract\u00e9ristiques principales<\/h2>\n<table class=\"aligncenter\" style=\"border-collapse: collapse; width: 599.27pt;\" border=\"0\" width=\"799\" cellspacing=\"0\" cellpadding=\"0\">\n<tbody>\n<tr style=\"height: 13.50pt;\">\n<td style=\"height: 13.50pt; width: 146.25pt;\" width=\"195\" height=\"18\">Fonctionnalit\u00e9<\/td>\n<td style=\"width: 453.00pt;\" width=\"604\">D\u00e9tails<\/td>\n<\/tr>\n<tr style=\"height: 13.50pt;\">\n<td style=\"height: 13.50pt;\" height=\"18\">Capacit\u00e9<\/td>\n<td>100 ml<\/td>\n<\/tr>\n<tr style=\"height: 13.50pt;\">\n<td style=\"height: 13.50pt;\" height=\"18\">Dimensions<\/td>\n<td>65 mm \u00d7 33 mm \u00d7 108 mm<\/td>\n<\/tr>\n<tr style=\"height: 13.50pt;\">\n<td style=\"height: 13.50pt;\" height=\"18\">Mat\u00e9riel<\/td>\n<td>Verre transparent, bouchon en m\u00e9tal<\/td>\n<\/tr>\n<tr style=\"height: 13.50pt;\">\n<td style=\"height: 13.50pt;\" height=\"18\">Forme de bouteille<\/td>\n<td>Rectangle vertical avec rainures horizontales<\/td>\n<\/tr>\n<tr style=\"height: 13.50pt;\">\n<td style=\"height: 13.50pt;\" height=\"18\">Gamme de personnalisation<\/td>\n<td>Couleur\/Finition du verre, Couleur\/Finition du bouchon, Motif des rainures, Impression\/Gravure laser<\/td>\n<\/tr>\n<tr style=\"height: 13.50pt;\">\n<td style=\"height: 13.50pt;\" height=\"18\">Points forts du savoir-faire<\/td>\n<td>Moulures \u00e0 rainures horizontales de pr\u00e9cision, verre haute clart\u00e9, travail du m\u00e9tal<\/td>\n<\/tr>\n<tr style=\"height: 13.50pt;\">\n<td style=\"height: 13.50pt;\" height=\"18\">Utilisation principale<\/td>\n<td>Flacons en cristal pour parfum, flacons \u00e0 fragrance<\/td>\n<\/tr>\n<tr style=\"height: 13.50pt;\">\n<td style=\"height: 13.50pt;\" height=\"18\">Secteurs cibles<\/td>\n<td>Marques de soins pour hommes, styles d&#039;apothicaire, marques de cr\u00e9ateurs<\/td>\n<\/tr>\n<\/tbody>\n<\/table>\n<h2>Succ\u00e8s commercial : Collection de parfums d&#039;un studio de design nordique<\/h2>\n<p>Nos flacons de parfum vides en cristal de 100 ml ont \u00e9t\u00e9 command\u00e9s par un studio de design nordique sp\u00e9cialis\u00e9 dans le mobilier minimaliste. Le verre gris fum\u00e9 a \u00e9t\u00e9 personnalis\u00e9 pour ces flacons. Dot\u00e9s de rainures horizontales assurant une bonne prise en main, ils ont \u00e9t\u00e9 particuli\u00e8rement appr\u00e9ci\u00e9s des clients, comme en t\u00e9moignent plus de 40 % des avis en ligne. Le design du flacon a eu un impact consid\u00e9rable sur les r\u00e9seaux sociaux, contribuant \u00e0 une augmentation de 35 % de la notori\u00e9t\u00e9 de la marque. Fort de ce succ\u00e8s commercial, le studio a pass\u00e9 une nouvelle commande de 250\u00a0000 flacons pour d\u00e9velopper son activit\u00e9 de parfumerie personnelle.<\/p>\n<h2>Flacons en cristal pour la personnalisation de parfums<\/h2>\n<ul>\n<li>Impression s\u00e9rigraphique sur verre Collez votre logo, motif ou texte sur la surface plane entre les rainures<\/li>\n<li>Conception personnalis\u00e9e des rainures\u00a0: faites varier le nombre, la profondeur ou le motif des rainures horizontales (par exemple, ajoutez une troisi\u00e8me rainure ou rendez les rainures verticales).<\/li>\n<li>Logo discret : Un logo discret et en relief est grav\u00e9 au fond de la bouteille, une petite touche personnelle.<\/li>\n<li>Effet verre bicolore\u00a0: Il consiste \u00e0 utiliser plusieurs couches de verre afin de r\u00e9v\u00e9ler les diff\u00e9rentes couleurs sous les rainures.<\/li>\n<\/ul>","protected":false},"excerpt":{"rendered":"<p>Flacons de parfum modernes vides en verre transparent avec bouchon en m\u00e9tal noir. Flacons en cristal id\u00e9aux pour les marques de parfums, vente directe d&#039;usine, \u00e9chantillons gratuits.<\/p>","protected":false},"featured_media":4282,"template":"","meta":{"postBodyCss":"","postBodyMargin":[],"postBodyPadding":[],"postBodyBackground":{"backgroundType":"classic","gradient":""}},"product_brand":[],"product_cat":[15,16,62],"product_tag":[],"class_list":{"0":"post-4281","1":"product","2":"type-product","3":"status-publish","4":"has-post-thumbnail","6":"product_cat-glass-containers","7":"product_cat-glass-bottles","8":"product_cat-perfume-bottles","10":"first","11":"instock","12":"shipping-taxable","13":"product-type-simple"},"jetpack_sharing_enabled":true,"_links":{"self":[{"href":"https:\/\/minghanggroup.com\/fr\/wp-json\/wp\/v2\/product\/4281","targetHints":{"allow":["GET"]}}],"collection":[{"href":"https:\/\/minghanggroup.com\/fr\/wp-json\/wp\/v2\/product"}],"about":[{"href":"https:\/\/minghanggroup.com\/fr\/wp-json\/wp\/v2\/types\/product"}],"wp:featuredmedia":[{"embeddable":true,"href":"https:\/\/minghanggroup.com\/fr\/wp-json\/wp\/v2\/media\/4282"}],"wp:attachment":[{"href":"https:\/\/minghanggroup.com\/fr\/wp-json\/wp\/v2\/media?parent=4281"}],"wp:term":[{"taxonomy":"product_brand","embeddable":true,"href":"https:\/\/minghanggroup.com\/fr\/wp-json\/wp\/v2\/product_brand?post=4281"},{"taxonomy":"product_cat","embeddable":true,"href":"https:\/\/minghanggroup.com\/fr\/wp-json\/wp\/v2\/product_cat?post=4281"},{"taxonomy":"product_tag","embeddable":true,"href":"https:\/\/minghanggroup.com\/fr\/wp-json\/wp\/v2\/product_tag?post=4281"}],"curies":[{"name":"wp","href":"https:\/\/api.w.org\/{rel}","templated":true}]}}