{"id":4276,"date":"2026-01-05T10:20:58","date_gmt":"2026-01-05T02:20:58","guid":{"rendered":"https:\/\/minghanggroup.com\/?post_type=product&#038;p=4276"},"modified":"2026-01-05T16:50:30","modified_gmt":"2026-01-05T08:50:30","slug":"glass-clear-cologne-bottles-with-spray-wholesale","status":"publish","type":"product","link":"https:\/\/minghanggroup.com\/fr\/produit\/glass-clear-cologne-bottles-with-spray-wholesale\/","title":{"rendered":"Flacons de colophane en verre transparent de 50 ml et 100 ml avec vaporisateur, vente en gros"},"content":{"rendered":"<p>Vos flacons de parfum transparents doivent captiver le regard. Nous cr\u00e9ons des flacons de parfum haut de gamme de 100 ml, con\u00e7us pour optimiser le succ\u00e8s de votre marque\u00a0: chaque flacon en verre devient un embl\u00e8me de votre parfum.<\/p>\n<h2>Caract\u00e9ristiques du produit<\/h2>\n<ul>\n<li><strong>Corps en verre haute clart\u00e9 :<\/strong> Le verre ultra-transparent est un support id\u00e9al pour la couleur du parfum, qui peut \u00eatre vue dans toute sa vivacit\u00e9, rendant ainsi l&#039;\u00e9tag\u00e8re visuellement attrayante.<\/li>\n<li><strong>Forme \u00e9quilibr\u00e9e et moderne : <\/strong>L&#039;alliance de lignes \u00e9pur\u00e9es et d&#039;un profil aux formes douces et arrondies conf\u00e8re \u00e0 ce design un style intemporel, adapt\u00e9 aux diff\u00e9rents types de parfums.<\/li>\n<li><strong>Polyvalent pour le branding\u00a0: <\/strong>Le design neutre de la bouteille est compatible avec l&#039;\u00e9tiquetage, l&#039;impression ou la personnalisation du logo pour les diff\u00e9rentes identit\u00e9s de marque.<\/li>\n<\/ul>\n<h2>Caract\u00e9ristiques principales<\/h2>\n<table style=\"border-collapse: collapse; width: 80%; margin-left: auto; margin-right: auto;\" border=\"0\" width=\"288\" cellspacing=\"0\" cellpadding=\"0\">\n<tbody>\n<tr style=\"height: 13.50pt;\">\n<td class=\"et2\" style=\"height: 13.5pt; width: 54pt; text-align: center;\" width=\"72\" height=\"18\">Capacit\u00e9 (ml)<\/td>\n<td style=\"width: 54pt; text-align: center;\" width=\"72\">Dimensions (mm)<\/td>\n<td style=\"width: 54pt; text-align: center;\" width=\"72\">Couleur du verre<\/td>\n<td style=\"width: 54pt; text-align: center;\" width=\"72\">Couleurs des couvercles<\/td>\n<\/tr>\n<tr style=\"height: 13.50pt;\">\n<td style=\"height: 13.5pt; text-align: center;\" align=\"right\" height=\"18\">50<\/td>\n<td style=\"text-align: center;\">62 x 22 x 88<\/td>\n<td class=\"et2\" style=\"text-align: center;\" rowspan=\"2\">Transparent, personnalis\u00e9<\/td>\n<td class=\"et2\" style=\"text-align: center;\" rowspan=\"2\">Or, argent, personnalis\u00e9<\/td>\n<\/tr>\n<tr style=\"height: 13.50pt;\">\n<td style=\"height: 13.5pt; text-align: center;\" align=\"right\" height=\"18\">100<\/td>\n<td style=\"text-align: center;\">74 x 26 x 110<\/td>\n<\/tr>\n<\/tbody>\n<\/table>\n<h2>Cas de r\u00e9ussite<\/h2>\n<p>Une marque de parfums souhaitait renforcer sa pr\u00e9sence sur le march\u00e9 gr\u00e2ce \u00e0 un packaging refl\u00e9tant la puret\u00e9 et le caract\u00e8re artisanal de ses fragrances. Pour le lancement d&#039;une nouvelle collection, elle a choisi nos flacons d&#039;eau de Cologne transparents de 100 ml, qu&#039;elle a personnalis\u00e9s avec une finition en verre d\u00e9poli, un logo discr\u00e8tement emboss\u00e9 sur l&#039;\u00e9paule et un vaporisateur en m\u00e9tal bross\u00e9. En moins de trois mois, les ventes au d\u00e9tail ont progress\u00e9 de 32 %, les clients appr\u00e9ciant particuli\u00e8rement le toucher luxueux et l&#039;\u00e9l\u00e9gance des flacons. Motiv\u00e9e par le succ\u00e8s de cette campagne, la marque a appliqu\u00e9 ce design \u00e0 sa gamme de produits phares, augmentant ainsi son volume de commandes de 45 %.<\/p>\n<h2>Vos options de personnalisation<\/h2>\n<ol>\n<li><strong>Finition de surface de la bouteille :<\/strong> Choisissez parmi les options transparentes et d\u00e9polies pour mettre en valeur visuellement le logo en cr\u00e9ant un contraste.<\/li>\n<li><strong>Traitement du verre d\u00e9grad\u00e9\u00a0:<\/strong> On peut utiliser un d\u00e9grad\u00e9 ou un fondu de couleur claire sur le verre pour lui donner un aspect tridimensionnel.<\/li>\n<li><strong>D\u00e9tails de l&#039;\u00e9dition limit\u00e9e\u00a0:<\/strong> Des \u00e9l\u00e9ments de petite taille, sp\u00e9cifiques \u00e0 certains lots, comme des marquages \u200b\u200bnum\u00e9rot\u00e9s ou des textures de surface uniques, peuvent \u00eatre utilis\u00e9s pour des \u00e9ditions saisonni\u00e8res ou de luxe.<\/li>\n<\/ol>","protected":false},"excerpt":{"rendered":"<p>Les flacons transparents mettent en valeur la puret\u00e9 du parfum. Id\u00e9aux en format 100 ml, ils sont disponibles \u00e0 prix direct usine et avec des options de personnalisation.<\/p>","protected":false},"featured_media":4280,"template":"","meta":{"postBodyCss":"","postBodyMargin":[],"postBodyPadding":[],"postBodyBackground":{"backgroundType":"classic","gradient":""}},"product_brand":[],"product_cat":[15,16,62],"product_tag":[],"class_list":{"0":"post-4276","1":"product","2":"type-product","3":"status-publish","4":"has-post-thumbnail","6":"product_cat-glass-containers","7":"product_cat-glass-bottles","8":"product_cat-perfume-bottles","10":"first","11":"instock","12":"shipping-taxable","13":"product-type-simple"},"jetpack_sharing_enabled":true,"_links":{"self":[{"href":"https:\/\/minghanggroup.com\/fr\/wp-json\/wp\/v2\/product\/4276","targetHints":{"allow":["GET"]}}],"collection":[{"href":"https:\/\/minghanggroup.com\/fr\/wp-json\/wp\/v2\/product"}],"about":[{"href":"https:\/\/minghanggroup.com\/fr\/wp-json\/wp\/v2\/types\/product"}],"wp:featuredmedia":[{"embeddable":true,"href":"https:\/\/minghanggroup.com\/fr\/wp-json\/wp\/v2\/media\/4280"}],"wp:attachment":[{"href":"https:\/\/minghanggroup.com\/fr\/wp-json\/wp\/v2\/media?parent=4276"}],"wp:term":[{"taxonomy":"product_brand","embeddable":true,"href":"https:\/\/minghanggroup.com\/fr\/wp-json\/wp\/v2\/product_brand?post=4276"},{"taxonomy":"product_cat","embeddable":true,"href":"https:\/\/minghanggroup.com\/fr\/wp-json\/wp\/v2\/product_cat?post=4276"},{"taxonomy":"product_tag","embeddable":true,"href":"https:\/\/minghanggroup.com\/fr\/wp-json\/wp\/v2\/product_tag?post=4276"}],"curies":[{"name":"wp","href":"https:\/\/api.w.org\/{rel}","templated":true}]}}