{"id":4266,"date":"2026-01-04T17:00:07","date_gmt":"2026-01-04T09:00:07","guid":{"rendered":"https:\/\/minghanggroup.com\/?post_type=product&#038;p=4266"},"modified":"2026-01-04T17:00:09","modified_gmt":"2026-01-04T09:00:09","slug":"glass-perfume-containers-with-metal-sprayer-wholesale","status":"publish","type":"product","link":"https:\/\/minghanggroup.com\/fr\/produit\/glass-perfume-containers-with-metal-sprayer-wholesale\/","title":{"rendered":"Flacons de parfum en verre de 30 ml et 50 ml avec vaporisateur en m\u00e9tal (vente en gros)"},"content":{"rendered":"<p>Vos petits flacons de parfum doivent captiver l&#039;attention. Nous fabriquons en gros des contenants haut de gamme con\u00e7us pour optimiser le succ\u00e8s de vos parfums\u00a0: chaque petit flacon devient ainsi la signature de votre marque.<\/p>\n<h2>Caract\u00e9ristiques du produit<\/h2>\n<ul>\n<li><strong>Silhouette \u00e9pur\u00e9e et moderne :<\/strong> Ses proportions \u00e9quilibr\u00e9es et ses c\u00f4t\u00e9s l\u00e9g\u00e8rement inclin\u00e9s cr\u00e9ent un look moderne qui convient \u00e0 une large gamme de styles de parfums.<\/li>\n<li><strong>Corps en verre haute clart\u00e9 :<\/strong> Le verre transparent permet de voir la couleur du parfum sans aucune obstruction ; ainsi, une vue d\u00e9gag\u00e9e du produit sur l&#039;\u00e9tag\u00e8re renforce son attrait et sa visibilit\u00e9.<\/li>\n<li><strong>Conception personnalis\u00e9e et pr\u00eate \u00e0 l&#039;emploi\u00a0:<\/strong> Le flacon est id\u00e9al pour le rev\u00eatement color\u00e9, la s\u00e9rigraphie, l&#039;impression s\u00e9rigraphique ou la d\u00e9coration de logos afin de favoriser la diff\u00e9renciation de la marque.<\/li>\n<\/ul>\n<h2>Caract\u00e9ristiques principales<\/h2>\n<table style=\"border-collapse: collapse; width: 80%; margin-left: auto; margin-right: auto;\" border=\"0\" width=\"288\" cellspacing=\"0\" cellpadding=\"0\">\n<tbody>\n<tr style=\"height: 13.50pt;\">\n<td style=\"height: 13.5pt; width: 54pt; text-align: center;\" width=\"72\" height=\"18\">Capacit\u00e9 (ml)<\/td>\n<td style=\"width: 54pt; text-align: center;\" width=\"72\">Dimensions (mm)<\/td>\n<td style=\"width: 54pt; text-align: center;\" width=\"72\">Mat\u00e9riel<\/td>\n<td style=\"width: 54pt; text-align: center;\" width=\"72\">Couleurs disponibles<\/td>\n<\/tr>\n<tr style=\"height: 13.50pt;\">\n<td style=\"height: 13.5pt; text-align: center;\" align=\"right\" height=\"18\">30<\/td>\n<td style=\"text-align: center;\">55 x 25 x 85<\/td>\n<td class=\"et2\" style=\"text-align: center;\" rowspan=\"2\">Verre cristallin<\/td>\n<td class=\"et2\" style=\"text-align: center;\" rowspan=\"2\">Or, argent, noir, blanc, bois<\/td>\n<\/tr>\n<tr style=\"height: 13.50pt;\">\n<td style=\"height: 13.5pt; text-align: center;\" align=\"right\" height=\"18\">50<\/td>\n<td style=\"text-align: center;\">66 x 30 x 100<\/td>\n<\/tr>\n<\/tbody>\n<\/table>\n<h2>Cas de r\u00e9ussite<\/h2>\n<p>Une nouvelle fragrance a \u00e9t\u00e9 cr\u00e9\u00e9e par une marque de parfums, qui a choisi de la conditionner dans nos petits flacons, passant ainsi une premi\u00e8re commande de 5\u00a0000 unit\u00e9s. Afin de valoriser leur marque, ces flacons pr\u00e9sentaient une finition en verre d\u00e9poli, un \u00e9l\u00e9gant logo en relief sur le devant et un verre color\u00e9 aux tons doux.<\/p>\n<p>Apr\u00e8s quelques mois, le taux de rachat a augment\u00e9 de 65 %, et la marque passe donc r\u00e9guli\u00e8rement des commandes en gros. Afin d&#039;\u00e9largir encore sa gamme de produits, elle a lanc\u00e9 un format plus grand, pr\u00e9sent\u00e9 dans les m\u00eames flacons de parfum personnalis\u00e9s.<\/p>\n<h2>Vos options de personnalisation<\/h2>\n<ol>\n<li><strong>Conception de processus partitionn\u00e9s\u00a0:<\/strong> Permet l&#039;utilisation de proc\u00e9d\u00e9s combin\u00e9s sur diff\u00e9rentes parties du corps de la bouteille, par exemple des finitions transparentes et d\u00e9polies dans diff\u00e9rentes zones, cr\u00e9ant ainsi une superposition visuelle du produit.<\/li>\n<li><strong>\u00c9l\u00e9ments d&#039;identification en relief\u00a0:<\/strong> De tr\u00e8s petites lignes ou symboles en relief peuvent \u00eatre appos\u00e9s sur l&#039;\u00e9paule ou le c\u00f4t\u00e9 de la bouteille afin de cr\u00e9er des points d&#039;identification uniques.<\/li>\n<li><strong>\u00c9paisseur du verre personnalis\u00e9e\u00a0:<\/strong> Propose diff\u00e9rentes \u00e9paisseurs de verre, permettant ainsi une combinaison flexible de ma\u00eetrise des co\u00fbts et de luxe haut de gamme.<\/li>\n<li><strong>D\u00e9tails personnalis\u00e9s pour lutter contre la contrefa\u00e7on\u00a0:<\/strong> Les \u00e9l\u00e9ments anti-contrefa\u00e7on peuvent \u00eatre personnalis\u00e9s en fonction des canaux de vente, par exemple par des marquages \u200b\u200binvisibles ou des motifs de fond sp\u00e9ciaux, renfor\u00e7ant ainsi l&#039;efficacit\u00e9 de la protection de la marque.<\/li>\n<\/ol>","protected":false},"excerpt":{"rendered":"<p>Flacons de parfum en verre transparent au toucher raffin\u00e9. Assistance directe du fabricant, possibilit\u00e9 d&#039;\u00e9chantillons et personnalisation flexible pour les petits flacons d&#039;eau de Cologne.<\/p>","protected":false},"featured_media":4270,"template":"","meta":{"postBodyCss":"","postBodyMargin":[],"postBodyPadding":[],"postBodyBackground":{"backgroundType":"classic","gradient":""}},"product_brand":[],"product_cat":[15,16,62],"product_tag":[],"class_list":{"0":"post-4266","1":"product","2":"type-product","3":"status-publish","4":"has-post-thumbnail","6":"product_cat-glass-containers","7":"product_cat-glass-bottles","8":"product_cat-perfume-bottles","10":"first","11":"instock","12":"shipping-taxable","13":"product-type-simple"},"jetpack_sharing_enabled":true,"_links":{"self":[{"href":"https:\/\/minghanggroup.com\/fr\/wp-json\/wp\/v2\/product\/4266","targetHints":{"allow":["GET"]}}],"collection":[{"href":"https:\/\/minghanggroup.com\/fr\/wp-json\/wp\/v2\/product"}],"about":[{"href":"https:\/\/minghanggroup.com\/fr\/wp-json\/wp\/v2\/types\/product"}],"wp:featuredmedia":[{"embeddable":true,"href":"https:\/\/minghanggroup.com\/fr\/wp-json\/wp\/v2\/media\/4270"}],"wp:attachment":[{"href":"https:\/\/minghanggroup.com\/fr\/wp-json\/wp\/v2\/media?parent=4266"}],"wp:term":[{"taxonomy":"product_brand","embeddable":true,"href":"https:\/\/minghanggroup.com\/fr\/wp-json\/wp\/v2\/product_brand?post=4266"},{"taxonomy":"product_cat","embeddable":true,"href":"https:\/\/minghanggroup.com\/fr\/wp-json\/wp\/v2\/product_cat?post=4266"},{"taxonomy":"product_tag","embeddable":true,"href":"https:\/\/minghanggroup.com\/fr\/wp-json\/wp\/v2\/product_tag?post=4266"}],"curies":[{"name":"wp","href":"https:\/\/api.w.org\/{rel}","templated":true}]}}