{"id":4256,"date":"2026-01-04T15:11:18","date_gmt":"2026-01-04T07:11:18","guid":{"rendered":"https:\/\/minghanggroup.com\/?post_type=product&#038;p=4256"},"modified":"2026-01-04T16:59:12","modified_gmt":"2026-01-04T08:59:12","slug":"round-customized-perfume-bottles-wholesale","status":"publish","type":"product","link":"https:\/\/minghanggroup.com\/fr\/produit\/round-customized-perfume-bottles-wholesale\/","title":{"rendered":"Flacons de parfum ronds personnalis\u00e9s de 30 ml, 50 ml et 100 ml (vente en gros)"},"content":{"rendered":"<p>Elles sont con\u00e7ues comme des flacons de parfum en gros parfaits, chaque flacon \u00e9tant dot\u00e9 d&#039;un bouchon en cristal taill\u00e9 en diamant \u00e9tincelant et d&#039;un embout en argent poli, et fabriqu\u00e9 en verre taill\u00e9 en cristal.<\/p>\n<h2>Caract\u00e9ristiques du produit<\/h2>\n<ul>\n<li><strong>Courbes et lignes :<\/strong> Le manche fusel\u00e9 et les lignes fluides et sculpt\u00e9es offrent une prise en main naturelle et luxueuse du corps aux courbes gracieuses.<\/li>\n<li><strong>Bouchon transparent et embout m\u00e9tallique\u00a0:<\/strong> Le capuchon \u00e0 facettes et l&#039;embout argent\u00e9, parfaitement fusionn\u00e9s, forment un design qui ressemble \u00e0 un bijou.<\/li>\n<li><strong>Trois forfaits :<\/strong> Des emballages de 30 ml, 50 ml et 100 ml comprenant des coffrets d&#039;essai de luxe, des produits de base et des parfums signature.<\/li>\n<\/ul>\n<h2 style=\"text-align: left;\">Caract\u00e9ristiques principales<\/h2>\n<table class=\"aligncenter\" style=\"border-collapse: collapse; width: 658.52pt;\" border=\"0\" width=\"878\" cellspacing=\"0\" cellpadding=\"0\">\n<tbody>\n<tr style=\"height: 13.50pt;\">\n<td style=\"height: 13.50pt; width: 130.50pt;\" width=\"174\" height=\"18\">Sp\u00e9cification<\/td>\n<td style=\"width: 528.00pt;\" width=\"704\">D\u00e9tails<\/td>\n<\/tr>\n<tr style=\"height: 13.50pt;\">\n<td style=\"height: 13.50pt;\" height=\"18\">Dimensions<\/td>\n<td>30 ml : 64 \u00d7 28 \u00d7 72 mm ; 50 ml : 75 \u00d7 25 \u00d7 85 mm ; 100 ml : 86 \u00d7 36 \u00d7 90 mm<\/td>\n<\/tr>\n<tr style=\"height: 13.50pt;\">\n<td style=\"height: 13.50pt;\" height=\"18\">Mat\u00e9riel<\/td>\n<td>Corps en verre haute clart\u00e9 ; composants m\u00e9talliques<\/td>\n<\/tr>\n<tr style=\"height: 13.50pt;\">\n<td style=\"height: 13.50pt;\" height=\"18\">Forme de bouteille<\/td>\n<td>Forme conique incurv\u00e9e avec d\u00e9coupes de surface arqu\u00e9es en 3D<\/td>\n<\/tr>\n<tr style=\"height: 13.50pt;\">\n<td style=\"height: 13.50pt;\" height=\"18\">\u00c9tendue de la personnalisation<\/td>\n<td>Marquage couleur (fum\u00e9e, ambre, d\u00e9grad\u00e9)\u00a0: gravure de surface 3D, s\u00e9rigraphie de pr\u00e9cision<\/td>\n<\/tr>\n<tr style=\"height: 13.50pt;\">\n<td style=\"height: 13.50pt;\" height=\"18\">Caract\u00e9ristique de fabrication<\/td>\n<td>Sculpture sur verre taill\u00e9 en 3D<\/td>\n<\/tr>\n<tr style=\"height: 13.50pt;\">\n<td style=\"height: 13.50pt;\" height=\"18\">Objectif du produit<\/td>\n<td>Flacons de parfums ultra-luxueux, flacons de cologne en gros<\/td>\n<\/tr>\n<tr style=\"height: 13.50pt;\">\n<td style=\"height: 13.50pt;\" height=\"18\">Secteurs d&#039;activit\u00e9 appropri\u00e9s<\/td>\n<td>Parfumerie de luxe et de niche, marques de mode de cr\u00e9ateurs, vente au d\u00e9tail exclusive<\/td>\n<\/tr>\n<\/tbody>\n<\/table>\n<h2>\u00c9tude de cas r\u00e9ussie\u00a0: Lancement du produit phare d\u2019un groupe de luxe du Moyen-Orient<\/h2>\n<p>Un groupe de luxe de Duba\u00ef a choisi nos flacons de parfum personnalis\u00e9s de 100 ml comme produit phare. Un flacon en verre saphir sur mesure a \u00e9t\u00e9 cr\u00e9\u00e9. Son poids et son aspect pr\u00e9cieux ont entra\u00een\u00e9 un surco\u00fbt de 400 % pour le d\u00e9taillant par rapport \u00e0 son co\u00fbt de fabrication. Les propri\u00e9t\u00e9s r\u00e9fl\u00e9chissantes du flacon ont incit\u00e9 les clients \u00e0 passer 60 % de temps en plus au comptoir. Impressionn\u00e9e par le succ\u00e8s fulgurant de la marque et par l&#039;importance du flacon dans ce d\u00e9veloppement, l&#039;\u00e9quipe a pass\u00e9 une nouvelle commande de 750\u00a0000 flacons afin de garantir \u00e0 l&#039;entreprise l&#039;exclusivit\u00e9 de la distribution dans la r\u00e9gion.<\/p>\n<h2>Flacons de Cologne personnalis\u00e9s en gros<\/h2>\n<ul>\n<li>Couleurs et transparences du verre : propos\u00e9 dans diff\u00e9rentes couleurs de pierres pr\u00e9cieuses (\u00e9meraude, rubis, ambre) et diff\u00e9rents degr\u00e9s d&#039;incolore.<\/li>\n<li>Finitions m\u00e9talliques\u00a0: La collerette de la buse et les autres pi\u00e8ces m\u00e9talliques peuvent \u00eatre personnalis\u00e9es avec diff\u00e9rentes finitions, notamment or rose, PVD noir ou argent antique.<\/li>\n<li>Gravure personnalis\u00e9e en arc de cercle\u00a0: Cr\u00e9ez des motifs de gravure de surface sp\u00e9ciaux, par exemple des vagues, des feuilles ou des motifs g\u00e9om\u00e9triques.<\/li>\n<li>Gravure laser incurv\u00e9e\u00a0: Faites graver des logos, des monogrammes ou des motifs sur la surface lisse et incurv\u00e9e de la bouteille.<\/li>\n<\/ul>","protected":false},"excerpt":{"rendered":"<p>D\u00e9couvrez nos flacons de parfum en verre haute transparence, disponibles en gros. Personnalisables avec votre logo, ces flacons offrent une allure luxueuse. \u00c9chantillon gratuit.<\/p>","protected":false},"featured_media":4259,"template":"","meta":{"postBodyCss":"","postBodyMargin":[],"postBodyPadding":[],"postBodyBackground":{"backgroundType":"classic","gradient":""}},"product_brand":[],"product_cat":[15,16,62],"product_tag":[],"class_list":{"0":"post-4256","1":"product","2":"type-product","3":"status-publish","4":"has-post-thumbnail","6":"product_cat-glass-containers","7":"product_cat-glass-bottles","8":"product_cat-perfume-bottles","10":"first","11":"instock","12":"shipping-taxable","13":"product-type-simple"},"jetpack_sharing_enabled":true,"_links":{"self":[{"href":"https:\/\/minghanggroup.com\/fr\/wp-json\/wp\/v2\/product\/4256","targetHints":{"allow":["GET"]}}],"collection":[{"href":"https:\/\/minghanggroup.com\/fr\/wp-json\/wp\/v2\/product"}],"about":[{"href":"https:\/\/minghanggroup.com\/fr\/wp-json\/wp\/v2\/types\/product"}],"wp:featuredmedia":[{"embeddable":true,"href":"https:\/\/minghanggroup.com\/fr\/wp-json\/wp\/v2\/media\/4259"}],"wp:attachment":[{"href":"https:\/\/minghanggroup.com\/fr\/wp-json\/wp\/v2\/media?parent=4256"}],"wp:term":[{"taxonomy":"product_brand","embeddable":true,"href":"https:\/\/minghanggroup.com\/fr\/wp-json\/wp\/v2\/product_brand?post=4256"},{"taxonomy":"product_cat","embeddable":true,"href":"https:\/\/minghanggroup.com\/fr\/wp-json\/wp\/v2\/product_cat?post=4256"},{"taxonomy":"product_tag","embeddable":true,"href":"https:\/\/minghanggroup.com\/fr\/wp-json\/wp\/v2\/product_tag?post=4256"}],"curies":[{"name":"wp","href":"https:\/\/api.w.org\/{rel}","templated":true}]}}