{"id":4250,"date":"2026-01-04T14:36:11","date_gmt":"2026-01-04T06:36:11","guid":{"rendered":"https:\/\/minghanggroup.com\/?post_type=product&#038;p=4250"},"modified":"2026-01-04T17:18:47","modified_gmt":"2026-01-04T09:18:47","slug":"small-empty-travel-cologne-bottles-bulk","status":"publish","type":"product","link":"https:\/\/minghanggroup.com\/fr\/produit\/small-empty-travel-cologne-bottles-bulk\/","title":{"rendered":"Flacons de voyage vides de 25 ml pour eau de Cologne (en gros)"},"content":{"rendered":"<p>Ce flacon de parfum de voyage, d&#039;une contenance de 25 ml, est tr\u00e8s compact et donc tr\u00e8s facile \u00e0 transporter. Con\u00e7u en verre pur et poli, il est surmont\u00e9 d&#039;un \u00e9l\u00e9gant bouchon en m\u00e9tal argent\u00e9, parfaitement assorti \u00e0 son design minimaliste.<\/p>\n<h2>Caract\u00e9ristiques du produit<\/h2>\n<ul>\n<li><strong>Design rectangulaire aux dimensions ultra-compactes\u00a0:<\/strong> Le flacon fin n&#039;occupera pas beaucoup de place car il pourra se glisser dans n&#039;importe quelle poche, pochette ou sac de voyage.<\/li>\n<li><strong>Bouchon m\u00e9tallique \u00e9tanche et s\u00e9curis\u00e9\u00a0:<\/strong> Le bouchon m\u00e9tallique \u00e0 vis assurera une fermeture \u00e9tanche, vous offrant ainsi une tranquillit\u00e9 d&#039;esprit durant votre voyage.<\/li>\n<li><strong>Capacit\u00e9 de 25 ml :<\/strong> 25 ml est la taille optimale pour conserver un parfum car elle n&#039;est ni trop petite ni trop grande pour \u00eatre transport\u00e9e quotidiennement toute la journ\u00e9e ou lors de courtes excursions.<\/li>\n<\/ul>\n<h2 style=\"text-align: left;\">Caract\u00e9ristiques principales<\/h2>\n<table class=\"aligncenter\" style=\"border-collapse: collapse; width: 523.52pt;\" border=\"0\" width=\"698\" cellspacing=\"0\" cellpadding=\"0\">\n<tbody>\n<tr style=\"height: 13.50pt;\">\n<td style=\"height: 13.50pt; width: 130.50pt;\" width=\"174\" height=\"18\">Sp\u00e9cification<\/td>\n<td style=\"width: 393.00pt;\" width=\"524\">D\u00e9tails<\/td>\n<\/tr>\n<tr style=\"height: 13.50pt;\">\n<td style=\"height: 13.50pt;\" height=\"18\">Capacit\u00e9<\/td>\n<td>25 ml<\/td>\n<\/tr>\n<tr style=\"height: 13.50pt;\">\n<td style=\"height: 13.50pt;\" height=\"18\">Dimensions<\/td>\n<td>32\u00d720\u00d775 mm<\/td>\n<\/tr>\n<tr style=\"height: 13.50pt;\">\n<td style=\"height: 13.50pt;\" height=\"18\">Mat\u00e9riel<\/td>\n<td>Corps en verre transparent ; bouchon \u00e0 vis en m\u00e9tal de haute qualit\u00e9<\/td>\n<\/tr>\n<tr style=\"height: 13.50pt;\">\n<td style=\"height: 13.50pt;\" height=\"18\">Forme de bouteille<\/td>\n<td>Rectangle mince aux bords biseaut\u00e9s avec pr\u00e9cision<\/td>\n<\/tr>\n<tr style=\"height: 13.50pt;\">\n<td style=\"height: 13.50pt;\" height=\"18\">\u00c9tendue de la personnalisation<\/td>\n<td>Impression s\u00e9rigraphique : d\u00e9polie, d\u00e9grad\u00e9e, bross\u00e9e, polie.<\/td>\n<\/tr>\n<tr style=\"height: 13.50pt;\">\n<td style=\"height: 13.50pt;\" height=\"18\">Caract\u00e9ristique de fabrication<\/td>\n<td>D\u00e9coupe de verre \u00e0 bords biseaut\u00e9s de pr\u00e9cision, fermeture filet\u00e9e \u00e9tanche<\/td>\n<\/tr>\n<tr style=\"height: 13.50pt;\">\n<td style=\"height: 13.50pt;\" height=\"18\">Objectif du produit<\/td>\n<td>Flacons de parfum de voyage, flacons testeurs d&#039;eau de Cologne<\/td>\n<\/tr>\n<tr style=\"height: 13.50pt;\">\n<td style=\"height: 13.50pt;\" height=\"18\">Secteurs d&#039;activit\u00e9 appropri\u00e9s<\/td>\n<td>Parfumerie, h\u00f4tellerie, commerce de d\u00e9tail de voyage<\/td>\n<\/tr>\n<\/tbody>\n<\/table>\n<h2>Succ\u00e8s garanti : Un parfum exclusif pour une cha\u00eene h\u00f4teli\u00e8re internationale<\/h2>\n<p>Une cha\u00eene h\u00f4teli\u00e8re asiatique a choisi notre flacon de parfum de voyage de 25 ml et l&#039;a fait personnaliser avec un flacon en verre d\u00e9poli orn\u00e9 du logo de la marque d\u00e9coup\u00e9 au laser sur le devant. Le petit format a rencontr\u00e9 un vif succ\u00e8s\u00a0: 88\u00a0% des clients ont emport\u00e9 le flacon chez eux. L&#039;aspect luxueux du flacon a rehauss\u00e9 le prestige de l&#039;h\u00f4tel aux yeux des clients, entra\u00eenant une hausse de 15\u00a0% de leur satisfaction apr\u00e8s leur s\u00e9jour. Tr\u00e8s satisfait des retours clients et de l&#039;impact positif sur son image de marque, l&#039;h\u00f4tel a command\u00e9 500\u00a0000 flacons suppl\u00e9mentaires pour l&#039;ensemble de ses \u00e9tablissements.<\/p>\n<h2>Alternatives de personnalisation pour les flacons de parfum de voyage<\/h2>\n<ul>\n<li>Couleur du verre\u00a0: Les verres sont disponibles en version transparente et en version teint\u00e9e (ambre, gris fum\u00e9).<\/li>\n<li>S\u00e9rigraphie : Affichez une image nette de votre logo, de votre graphisme ou du nom de votre parfum sur une surface plane en verre.<\/li>\n<li>Gravure laser\u00a0: Approfondissez les d\u00e9tails, les monogrammes ou les num\u00e9ros de lot de votre motif complexe grav\u00e9 sur le verre pour cr\u00e9er une marque permanente haut de gamme qui dure \u00e9ternellement.<\/li>\n<li>Prise en main textur\u00e9e\u00a0: Les bords de la bouteille sont dot\u00e9s de bandes antid\u00e9rapantes sabl\u00e9es ou caoutchout\u00e9es con\u00e7ues pour am\u00e9liorer la prise en main.<\/li>\n<\/ul>","protected":false},"excerpt":{"rendered":"<p>D\u00e9couvrez le flacon de parfum de voyage de 25 ml. Flacons en verre haute transparence avec un bouchon cylindrique argent\u00e9 minimaliste. Demandez des \u00e9chantillons gratuits d\u00e8s maintenant\u00a0!<\/p>","protected":false},"featured_media":4253,"template":"","meta":{"postBodyCss":"","postBodyMargin":[],"postBodyPadding":[],"postBodyBackground":{"backgroundType":"classic","gradient":""}},"product_brand":[],"product_cat":[15,16,62],"product_tag":[],"class_list":{"0":"post-4250","1":"product","2":"type-product","3":"status-publish","4":"has-post-thumbnail","6":"product_cat-glass-containers","7":"product_cat-glass-bottles","8":"product_cat-perfume-bottles","10":"first","11":"instock","12":"shipping-taxable","13":"product-type-simple"},"jetpack_sharing_enabled":true,"_links":{"self":[{"href":"https:\/\/minghanggroup.com\/fr\/wp-json\/wp\/v2\/product\/4250","targetHints":{"allow":["GET"]}}],"collection":[{"href":"https:\/\/minghanggroup.com\/fr\/wp-json\/wp\/v2\/product"}],"about":[{"href":"https:\/\/minghanggroup.com\/fr\/wp-json\/wp\/v2\/types\/product"}],"wp:featuredmedia":[{"embeddable":true,"href":"https:\/\/minghanggroup.com\/fr\/wp-json\/wp\/v2\/media\/4253"}],"wp:attachment":[{"href":"https:\/\/minghanggroup.com\/fr\/wp-json\/wp\/v2\/media?parent=4250"}],"wp:term":[{"taxonomy":"product_brand","embeddable":true,"href":"https:\/\/minghanggroup.com\/fr\/wp-json\/wp\/v2\/product_brand?post=4250"},{"taxonomy":"product_cat","embeddable":true,"href":"https:\/\/minghanggroup.com\/fr\/wp-json\/wp\/v2\/product_cat?post=4250"},{"taxonomy":"product_tag","embeddable":true,"href":"https:\/\/minghanggroup.com\/fr\/wp-json\/wp\/v2\/product_tag?post=4250"}],"curies":[{"name":"wp","href":"https:\/\/api.w.org\/{rel}","templated":true}]}}