{"id":4249,"date":"2026-01-04T15:56:50","date_gmt":"2026-01-04T07:56:50","guid":{"rendered":"https:\/\/minghanggroup.com\/?post_type=product&#038;p=4249"},"modified":"2026-01-30T15:43:59","modified_gmt":"2026-01-30T07:43:59","slug":"vertical-cut-glass-mens-cologne-bottles-bulk","status":"publish","type":"product","link":"https:\/\/minghanggroup.com\/fr\/produit\/vertical-cut-glass-mens-cologne-bottles-bulk\/","title":{"rendered":"Flacons de cologne pour homme en verre taill\u00e9 verticalement, 100 ml, en gros"},"content":{"rendered":"<p>Vos flacons de parfum pour homme doivent attirer tous les regards. Nous fabriquons en gros des flacons de parfum haut de gamme, con\u00e7us pour garantir le succ\u00e8s de votre marque\u00a0: chaque flacon en verre devient un embl\u00e8me de votre parfum.<\/p>\n<h2>Caract\u00e9ristiques du produit<\/h2>\n<ul>\n<li><strong>Clart\u00e9 du verre cristallin :<\/strong>Notre flacon de parfum en verre cristal r\u00e9v\u00e8le la v\u00e9ritable couleur de votre fragrance \u2013 id\u00e9al pour les lignes de parfums haut de gamme.<\/li>\n<li><strong>Motif de texture verticale\u00a0:<\/strong>Des lignes verticales nettes captent magnifiquement la lumi\u00e8re, ajoutant de la profondeur \u00e0 l&#039;emballage de votre parfum.<\/li>\n<li><strong>Polyvalence des couleurs :<\/strong>Choisissez parmi les finitions or, argent, noir, blanc ou bois pour correspondre \u00e0 votre image masculine.<\/li>\n<li><strong>Vaporisateur de qualit\u00e9 sup\u00e9rieure\u00a0:<\/strong>Diffuse une brume fine et homog\u00e8ne pour une application douce de votre parfum personnalis\u00e9.<\/li>\n<\/ul>\n<h2>Caract\u00e9ristiques principales<\/h2>\n<table style=\"border-collapse: collapse; width: 80%; margin-left: auto; margin-right: auto;\" border=\"0\" width=\"360\" cellspacing=\"0\" cellpadding=\"0\">\n<tbody>\n<tr style=\"height: 13.50pt;\">\n<td style=\"height: 13.5pt; text-align: center;\" width=\"72\" height=\"18\">Capacit\u00e9<\/td>\n<td style=\"width: 54pt; text-align: center;\" width=\"72\">Dimensions<\/td>\n<td style=\"width: 54pt; text-align: center;\" width=\"72\">Mat\u00e9riel<\/td>\n<td style=\"width: 54pt; text-align: center;\" width=\"72\">Type de pulv\u00e9risation<\/td>\n<td style=\"width: 54pt; text-align: center;\" width=\"72\">Couleurs disponibles<\/td>\n<\/tr>\n<tr style=\"height: 13.50pt;\">\n<td class=\"et2\" style=\"height: 27pt; text-align: center;\" rowspan=\"2\" height=\"36\">100 ml (3,4 oz)<\/td>\n<td style=\"text-align: center;\">52 x 52 x 119 mm<\/td>\n<td class=\"et2\" style=\"text-align: center;\" rowspan=\"2\">Verre cristallin<\/td>\n<td class=\"et2\" style=\"text-align: center;\" rowspan=\"2\">Atomiseur<\/td>\n<td class=\"et2\" style=\"text-align: center;\" rowspan=\"2\">Or, argent, noir, blanc, bois<\/td>\n<\/tr>\n<tr style=\"height: 13.50pt;\">\n<td style=\"text-align: center;\">52 x 52 x 126 mm<\/td>\n<\/tr>\n<\/tbody>\n<\/table>\n<h2>Cas de r\u00e9ussite<\/h2>\n<p>Une marque de parfums pour hommes, fi\u00e8re de sa fragrance, estimait que son emballage d&#039;origine ne refl\u00e9tait pas une image haut de gamme. Elle a donc opt\u00e9 pour nos flacons d&#039;eau de Cologne pour hommes, personnalis\u00e9s avec une finition en verre mat, une couleur anthracite et un logo en relief sur le devant. Suite au lancement de ce nouvel emballage, l&#039;attrait visuel du produit en rayon s&#039;est consid\u00e9rablement am\u00e9lior\u00e9, entra\u00eenant une hausse de 32 % des ventes au d\u00e9tail en seulement trois mois.<\/p>\n<h2>Vos options de personnalisation<\/h2>\n<ol>\n<li><strong>Options de couleur pour les bouteilles\u00a0:<\/strong>Ce produit est compatible avec les teintes naturelles transparentes, gris fum\u00e9 fonc\u00e9, ambr\u00e9es ou les coloris exclusifs de la marque, permettant ainsi de cr\u00e9er diff\u00e9rents positionnements pour les parfums masculins.<\/li>\n<li><strong>Personnalisation du logo de la marque\u00a0:<\/strong>Elle offre des combinaisons de lettrage en relief, de logos en creux ou d&#039;impression s\u00e9rigraphique de haute pr\u00e9cision, qui conviennent \u00e0 une utilisation \u00e0 long terme des s\u00e9ries de marques.<\/li>\n<li><strong>Combinaisons de styles de bouchons de bouteille\u00a0:<\/strong>Les bouchons en m\u00e9tal, \u00e9lectroplaqu\u00e9s ou en similicuir sont utilis\u00e9s par le produit pour rehausser le caract\u00e8re \u00e9nergique et \u00e9l\u00e9gant des parfums pour hommes.<\/li>\n<\/ol>","protected":false},"excerpt":{"rendered":"<p>Flacons de parfum haut de gamme pour homme, en verre transparent aux lignes verticales raffin\u00e9es. Vente directe d&#039;usine, options personnalis\u00e9es disponibles. Id\u00e9al pour les commandes en gros de flacons de parfum.<\/p>","protected":false},"featured_media":4262,"template":"","meta":{"postBodyCss":"","postBodyMargin":[],"postBodyPadding":[],"postBodyBackground":{"backgroundType":"classic","gradient":""}},"product_brand":[],"product_cat":[15,16,62],"product_tag":[],"class_list":{"0":"post-4249","1":"product","2":"type-product","3":"status-publish","4":"has-post-thumbnail","6":"product_cat-glass-containers","7":"product_cat-glass-bottles","8":"product_cat-perfume-bottles","10":"first","11":"instock","12":"shipping-taxable","13":"product-type-simple"},"jetpack_sharing_enabled":true,"_links":{"self":[{"href":"https:\/\/minghanggroup.com\/fr\/wp-json\/wp\/v2\/product\/4249","targetHints":{"allow":["GET"]}}],"collection":[{"href":"https:\/\/minghanggroup.com\/fr\/wp-json\/wp\/v2\/product"}],"about":[{"href":"https:\/\/minghanggroup.com\/fr\/wp-json\/wp\/v2\/types\/product"}],"wp:featuredmedia":[{"embeddable":true,"href":"https:\/\/minghanggroup.com\/fr\/wp-json\/wp\/v2\/media\/4262"}],"wp:attachment":[{"href":"https:\/\/minghanggroup.com\/fr\/wp-json\/wp\/v2\/media?parent=4249"}],"wp:term":[{"taxonomy":"product_brand","embeddable":true,"href":"https:\/\/minghanggroup.com\/fr\/wp-json\/wp\/v2\/product_brand?post=4249"},{"taxonomy":"product_cat","embeddable":true,"href":"https:\/\/minghanggroup.com\/fr\/wp-json\/wp\/v2\/product_cat?post=4249"},{"taxonomy":"product_tag","embeddable":true,"href":"https:\/\/minghanggroup.com\/fr\/wp-json\/wp\/v2\/product_tag?post=4249"}],"curies":[{"name":"wp","href":"https:\/\/api.w.org\/{rel}","templated":true}]}}