{"id":4237,"date":"2026-01-04T14:30:19","date_gmt":"2026-01-04T06:30:19","guid":{"rendered":"https:\/\/minghanggroup.com\/?post_type=product&#038;p=4237"},"modified":"2026-01-04T14:30:20","modified_gmt":"2026-01-04T06:30:20","slug":"glass-vintage-fragrance-bottles-with-pump-bulk","status":"publish","type":"product","link":"https:\/\/minghanggroup.com\/fr\/produit\/glass-vintage-fragrance-bottles-with-pump-bulk\/","title":{"rendered":"Flacons de parfum vintage en verre de 50 ml et 100 ml avec pompe (vente en gros)"},"content":{"rendered":"<p>Vos flacons de parfum vintage doivent captiver l&#039;attention. Nous cr\u00e9ons des flacons de parfum haut de gamme avec pompe, con\u00e7us pour optimiser le succ\u00e8s de votre packaging\u00a0: chaque flacon en verre devient ainsi la signature de votre marque.<\/p>\n<p>Caract\u00e9ristiques du produit<\/p>\n<ul>\n<li><strong>Silhouette vintage classique :<\/strong> Un design vintage classique aux lignes douces et fluides, offrant un rendu visuel global stable et \u00e9l\u00e9gant, adaptable \u00e0 diff\u00e9rents styles de parfums.<\/li>\n<li><strong>Corps en verre transparent de haute qualit\u00e9 :<\/strong> Flacon en verre transparent de haute qualit\u00e9, tr\u00e8s clair et pur, mettant naturellement en valeur la couleur et la texture du parfum.<\/li>\n<li><strong>Base en verre \u00e9pais :<\/strong> La base en verre \u00e9pais conf\u00e8re non seulement \u00e0 la bouteille une plus grande stabilit\u00e9, mais renforce \u00e9galement son aspect haut de gamme.<\/li>\n<li><strong>Bouchon transparent assorti\u00a0:<\/strong> Le design du bouchon transparent, assorti au mat\u00e9riau de la bouteille, cr\u00e9e une forte unit\u00e9 visuelle.<\/li>\n<\/ul>\n<h2>Caract\u00e9ristiques principales<\/h2>\n<table style=\"border-collapse: collapse; width: 80%; margin-left: auto; margin-right: auto;\" border=\"0\" width=\"360\" cellspacing=\"0\" cellpadding=\"0\">\n<tbody>\n<tr style=\"height: 13.50pt;\">\n<td style=\"height: 13.5pt; width: 54pt; text-align: center;\" width=\"72\" height=\"18\">Capacit\u00e9 (ml)<\/td>\n<td style=\"width: 54pt; text-align: center;\" width=\"72\">Dimensions (mm)<\/td>\n<td style=\"width: 54pt; text-align: center;\" width=\"72\">Calibre<\/td>\n<td style=\"width: 54pt; text-align: center;\" width=\"72\">Couleur du verre<\/td>\n<td style=\"width: 54pt; text-align: center;\" width=\"72\">Options de pompe<\/td>\n<\/tr>\n<tr style=\"height: 13.50pt;\">\n<td style=\"height: 13.5pt; text-align: center;\" align=\"right\" height=\"18\">50<\/td>\n<td style=\"text-align: center;\">49 x 49 x 80<\/td>\n<td class=\"et2\" style=\"text-align: center;\" rowspan=\"2\">15 mm<\/td>\n<td class=\"et2\" style=\"text-align: center;\" rowspan=\"2\">Transparent<\/td>\n<td class=\"et2\" style=\"text-align: center;\" rowspan=\"2\">Or, argent<\/td>\n<\/tr>\n<tr style=\"height: 13.50pt;\">\n<td style=\"height: 13.5pt; text-align: center;\" align=\"right\" height=\"18\">100<\/td>\n<td style=\"text-align: center;\">58 x 58 x 101<\/td>\n<\/tr>\n<\/tbody>\n<\/table>\n<h2>Succ\u00e8s des flacons de parfum vintage<\/h2>\n<p>Une marque de parfums a utilis\u00e9 nos flacons en verre au style vintage pour le lancement de son nouveau produit. Elle les a personnalis\u00e9s avec un logo en relief unique pour mettre en valeur son nom. Elle a \u00e9galement opt\u00e9 pour une finition mate et douce afin de donner au flacon un aspect plus luxueux, et a utilis\u00e9 la s\u00e9rigraphie pour un design plus \u00e9l\u00e9gant.<\/p>\n<p>L&#039;attrait du produit en rayon a \u00e9t\u00e9 instantan\u00e9ment renforc\u00e9, ce qui a permis d&#039;enregistrer une augmentation des ventes de 32 % en deux mois.<\/p>\n<h2>Vos options de personnalisation<\/h2>\n<ul>\n<li><strong>Traitement de surface des bouteilles :<\/strong> Distinguez visuellement les diff\u00e9rentes fragrances ou gammes de produits en choisissant parmi une finition brillante, une finition mate givr\u00e9e ou des effets de sablage s\u00e9lectif.<\/li>\n<li><strong>Personnalisation du logo de la marque\u00a0:<\/strong> Am\u00e9liorez la notori\u00e9t\u00e9 de votre marque et donnez-lui une touche haut de gamme en utilisant des logos en relief, en s\u00e9rigraphie, imprim\u00e9s en s\u00e9rigraphie ou estamp\u00e9s \u00e0 chaud.<\/li>\n<li><strong>Palette de couleurs :<\/strong> Une bouteille peut \u00eatre personnalis\u00e9e avec des rev\u00eatements transparents, d\u00e9grad\u00e9s ou de couleur unie, id\u00e9aux pour les \u00e9ditions limit\u00e9es ou les parfums saisonniers.<\/li>\n<\/ul>","protected":false},"excerpt":{"rendered":"<p>Flacons de parfum vintage au design arrondi et au corps en verre transparent. Vente directe d&#039;usine, personnalisation en gros possible pour flacons de parfum avec pompe. Livraison rapide.<\/p>","protected":false},"featured_media":4247,"template":"","meta":{"postBodyCss":"","postBodyMargin":[],"postBodyPadding":[],"postBodyBackground":{"backgroundType":"classic","gradient":""}},"product_brand":[],"product_cat":[15,16],"product_tag":[],"class_list":{"0":"post-4237","1":"product","2":"type-product","3":"status-publish","4":"has-post-thumbnail","6":"product_cat-glass-containers","7":"product_cat-glass-bottles","9":"first","10":"instock","11":"shipping-taxable","12":"product-type-simple"},"jetpack_sharing_enabled":true,"_links":{"self":[{"href":"https:\/\/minghanggroup.com\/fr\/wp-json\/wp\/v2\/product\/4237","targetHints":{"allow":["GET"]}}],"collection":[{"href":"https:\/\/minghanggroup.com\/fr\/wp-json\/wp\/v2\/product"}],"about":[{"href":"https:\/\/minghanggroup.com\/fr\/wp-json\/wp\/v2\/types\/product"}],"wp:featuredmedia":[{"embeddable":true,"href":"https:\/\/minghanggroup.com\/fr\/wp-json\/wp\/v2\/media\/4247"}],"wp:attachment":[{"href":"https:\/\/minghanggroup.com\/fr\/wp-json\/wp\/v2\/media?parent=4237"}],"wp:term":[{"taxonomy":"product_brand","embeddable":true,"href":"https:\/\/minghanggroup.com\/fr\/wp-json\/wp\/v2\/product_brand?post=4237"},{"taxonomy":"product_cat","embeddable":true,"href":"https:\/\/minghanggroup.com\/fr\/wp-json\/wp\/v2\/product_cat?post=4237"},{"taxonomy":"product_tag","embeddable":true,"href":"https:\/\/minghanggroup.com\/fr\/wp-json\/wp\/v2\/product_tag?post=4237"}],"curies":[{"name":"wp","href":"https:\/\/api.w.org\/{rel}","templated":true}]}}