{"id":4236,"date":"2026-01-04T11:26:54","date_gmt":"2026-01-04T03:26:54","guid":{"rendered":"https:\/\/minghanggroup.com\/?post_type=product&#038;p=4236"},"modified":"2026-01-04T13:35:29","modified_gmt":"2026-01-04T05:35:29","slug":"clear-cologne-empty-bottles-with-metal-lids-bulk","status":"publish","type":"product","link":"https:\/\/minghanggroup.com\/fr\/produit\/clear-cologne-empty-bottles-with-metal-lids-bulk\/","title":{"rendered":"Flacons de colophane vides transparents de 50 ml et 100 ml avec bouchons m\u00e9talliques (vente en gros)"},"content":{"rendered":"<p>Ce flacon vide d&#039;eau de Cologne est en verre poli, transparent et plat, et son corps est rectangulaire avec des angles arrondis. Il existe en deux tailles et est disponible avec des bouchons noirs ou dor\u00e9s\u00a0; il est \u00e9galement personnalisable.<\/p>\n<h2>Caract\u00e9ristiques du produit<\/h2>\n<ul>\n<li><strong>Corps inclin\u00e9 de conception structurelle :<\/strong> Il s&#039;agit d&#039;une silhouette \u00e9lanc\u00e9e et droite, aux bords biseaut\u00e9s, qui lui conf\u00e8re une allure audacieuse, moderne et masculine.<\/li>\n<li><strong>Embouts m\u00e9talliques bicolores\u00a0:<\/strong> Fabriqu\u00e9s avec des bouchons cylindriques en m\u00e9tal noir et or, l\u00e9g\u00e8rement sophistiqu\u00e9s, ces flacons bicolores sont propos\u00e9s dans les deux versions pour satisfaire tous les go\u00fbts en mati\u00e8re de parfums.<\/li>\n<li><strong>Double capacit\u00e9 :<\/strong> Deux formats de bouteilles permettront un usage quotidien et un rangement pratique, offrant ainsi plus de flexibilit\u00e9 et d&#039;utilit\u00e9.<\/li>\n<\/ul>\n<h2 style=\"text-align: left;\">Caract\u00e9ristiques principales<\/h2>\n<table class=\"aligncenter\" style=\"border-collapse: collapse; width: 471.02pt;\" border=\"0\" width=\"628\" cellspacing=\"0\" cellpadding=\"0\">\n<tbody>\n<tr style=\"height: 13.50pt;\">\n<td style=\"height: 13.50pt; width: 130.50pt;\" width=\"174\" height=\"18\">Sp\u00e9cification<\/td>\n<td style=\"width: 340.50pt;\" width=\"454\">D\u00e9tails<\/td>\n<\/tr>\n<tr style=\"height: 13.50pt;\">\n<td style=\"height: 13.50pt;\" height=\"18\">Dimensions<\/td>\n<td>50 ml : 42 \u00d7 25 \u00d7 92 mm ; 100 ml : 53 \u00d7 31 \u00d7 114 mm<\/td>\n<\/tr>\n<tr style=\"height: 13.50pt;\">\n<td style=\"height: 13.50pt;\" height=\"18\">Mat\u00e9riel<\/td>\n<td>Corps en verre transparent ; bouchon \u00e0 vis en m\u00e9tal de haute qualit\u00e9<\/td>\n<\/tr>\n<tr style=\"height: 13.50pt;\">\n<td style=\"height: 13.50pt;\" height=\"18\">Forme de bouteille<\/td>\n<td>Rectangle haut aux bords biseaut\u00e9s avec pr\u00e9cision<\/td>\n<\/tr>\n<tr style=\"height: 13.50pt;\">\n<td style=\"height: 13.50pt;\" height=\"18\">\u00c9tendue de la personnalisation<\/td>\n<td>Givr\u00e9 \/ Mat \/ S\u00e9rigraphie \/ Gravure laser<\/td>\n<\/tr>\n<tr style=\"height: 13.50pt;\">\n<td style=\"height: 13.50pt;\" height=\"18\">Objectif du produit<\/td>\n<td>Flacons vides de colophane, flacons de parfum<\/td>\n<\/tr>\n<tr style=\"height: 13.50pt;\">\n<td style=\"height: 13.50pt;\" height=\"18\">Secteurs d&#039;activit\u00e9 appropri\u00e9s<\/td>\n<td>Marques de soins pour animaux, marques priv\u00e9es, studios de parfums personnalis\u00e9s<\/td>\n<\/tr>\n<\/tbody>\n<\/table>\n<h2>Histoire \u00e0 succ\u00e8s<\/h2>\n<p>Notre flacon de 100 ml d&#039;eau de Cologne en spray a \u00e9t\u00e9 choisi par une entreprise de soins pour hommes en pleine expansion, sp\u00e9cialis\u00e9e dans la vente directe au consommateur. Ce flacon est dot\u00e9 d&#039;un bouchon noir mat personnalis\u00e9 et d&#039;un corps en verre d\u00e9poli. Son bord biseaut\u00e9 offre une excellente prise en main et un toucher agr\u00e9able, pl\u00e9biscit\u00e9s par 40 % des clients. \u00c9tanche et en verre r\u00e9sistant, il garantit un taux de r\u00e9ussite de livraison de 99,8 %. Tr\u00e8s satisfaite de l&#039;ad\u00e9quation au march\u00e9 et de la qualit\u00e9 du produit, la marque a command\u00e9 300\u00a0000 flacons pour distribuer sa nouvelle gamme et se d\u00e9velopper \u00e0 l&#039;international.<\/p>\n<h2>Options de personnalisation pour flacons de parfum vides<\/h2>\n<ul>\n<li>Couleurs et finitions du verre \u2013 Ces verres sont disponibles dans diff\u00e9rentes teintes (ambre, gris) et peuvent \u00e9galement \u00eatre finis avec un traitement d\u00e9poli complet, une gravure satin\u00e9e, etc.<\/li>\n<li>S\u00e9rigraphie sur verre \u2013 Imprimez des logos, des motifs ou du texte sur des surfaces vitr\u00e9es planes.<\/li>\n<li>Marquages \u200b\u200bde volume en relief \u2013 Le fond de la bouteille comporte des marquages \u200b\u200bde volume en relief int\u00e9gr\u00e9s (par exemple, \u00ab 100 ml \u00bb).<\/li>\n<li>Int\u00e9gration de la pompe de pulv\u00e9risation \u2013 Il s&#039;agit de l&#039;int\u00e9gration d&#039;une pompe de pulv\u00e9risation \u00e0 brume fine qui s&#039;adapte \u00e0 l&#039;interface standard de la bouteille.<\/li>\n<\/ul>","protected":false},"excerpt":{"rendered":"<p>Flacons vides et vaporisateurs d&#039;eau de Cologne pour les marques. Fabriqu\u00e9s en verre transparent avec bouchons en m\u00e9tal, disponibles en gros avec livraison rapide.<\/p>","protected":false},"featured_media":4241,"template":"","meta":{"postBodyCss":"","postBodyMargin":[],"postBodyPadding":[],"postBodyBackground":{"backgroundType":"classic","gradient":""}},"product_brand":[],"product_cat":[15,16,62],"product_tag":[],"class_list":{"0":"post-4236","1":"product","2":"type-product","3":"status-publish","4":"has-post-thumbnail","6":"product_cat-glass-containers","7":"product_cat-glass-bottles","8":"product_cat-perfume-bottles","10":"first","11":"instock","12":"shipping-taxable","13":"product-type-simple"},"jetpack_sharing_enabled":true,"_links":{"self":[{"href":"https:\/\/minghanggroup.com\/fr\/wp-json\/wp\/v2\/product\/4236","targetHints":{"allow":["GET"]}}],"collection":[{"href":"https:\/\/minghanggroup.com\/fr\/wp-json\/wp\/v2\/product"}],"about":[{"href":"https:\/\/minghanggroup.com\/fr\/wp-json\/wp\/v2\/types\/product"}],"wp:featuredmedia":[{"embeddable":true,"href":"https:\/\/minghanggroup.com\/fr\/wp-json\/wp\/v2\/media\/4241"}],"wp:attachment":[{"href":"https:\/\/minghanggroup.com\/fr\/wp-json\/wp\/v2\/media?parent=4236"}],"wp:term":[{"taxonomy":"product_brand","embeddable":true,"href":"https:\/\/minghanggroup.com\/fr\/wp-json\/wp\/v2\/product_brand?post=4236"},{"taxonomy":"product_cat","embeddable":true,"href":"https:\/\/minghanggroup.com\/fr\/wp-json\/wp\/v2\/product_cat?post=4236"},{"taxonomy":"product_tag","embeddable":true,"href":"https:\/\/minghanggroup.com\/fr\/wp-json\/wp\/v2\/product_tag?post=4236"}],"curies":[{"name":"wp","href":"https:\/\/api.w.org\/{rel}","templated":true}]}}