{"id":4230,"date":"2026-01-04T10:39:15","date_gmt":"2026-01-04T02:39:15","guid":{"rendered":"https:\/\/minghanggroup.com\/?post_type=product&#038;p=4230"},"modified":"2026-01-04T17:54:13","modified_gmt":"2026-01-04T09:54:13","slug":"small-customizable-perfume-bottles-for-fragrance-brands","status":"publish","type":"product","link":"https:\/\/minghanggroup.com\/fr\/produit\/small-customizable-perfume-bottles-for-fragrance-brands\/","title":{"rendered":"Petits flacons de parfum personnalisables de 30 ml et 45 ml pour les marques de parfums"},"content":{"rendered":"<p>Vos flacons de parfum doivent captiver l&#039;attention. Nous cr\u00e9ons des flacons haut de gamme personnalisables, con\u00e7us pour un packaging r\u00e9ussi\u00a0: chaque flacon en verre devient la signature de votre marque.<\/p>\n<h2>Caract\u00e9ristiques du produit<\/h2>\n<ul>\n<li><strong>Silhouette triangulaire \u00e9pur\u00e9e :<\/strong>Des lignes nettes et droites et une forme triangulaire r\u00e9guli\u00e8re lui conf\u00e8rent un aspect moderne et architectural, avec une forte pr\u00e9sence sur l&#039;\u00e9tag\u00e8re.<\/li>\n<li><strong>Corps en verre haute transparence :<\/strong>Le verre pur et \u00e9pais met en valeur la couleur r\u00e9elle du parfum et, en m\u00eame temps, il d\u00e9gage une impression de classe et de luxe.<\/li>\n<li><strong>Pr\u00eat pour la personnalisation\u00a0:<\/strong>Id\u00e9al pour les couleurs personnalis\u00e9es, les logos en relief ou imprim\u00e9s, et les changements de bouchon pour s&#039;adapter aux diff\u00e9rents styles de marque.<\/li>\n<\/ul>\n<h2>Caract\u00e9ristiques principales<\/h2>\n<table style=\"border-collapse: collapse; width: 80%; margin-left: auto; margin-right: auto;\" border=\"0\" width=\"360\" cellspacing=\"0\" cellpadding=\"0\">\n<tbody>\n<tr style=\"height: 13.50pt;\">\n<td style=\"height: 13.5pt; width: 54pt; text-align: center;\" width=\"72\" height=\"18\">Capacit\u00e9 (ml)<\/td>\n<td style=\"width: 54pt; text-align: center;\" width=\"72\">Dimensions (mm)<\/td>\n<td style=\"width: 54pt; text-align: center;\" width=\"72\">Calibre<\/td>\n<td style=\"width: 54pt; text-align: center;\" width=\"72\">Couleur du verre<\/td>\n<td style=\"width: 54pt; text-align: center;\" width=\"72\">Options de pompe<\/td>\n<\/tr>\n<tr style=\"height: 13.50pt;\">\n<td style=\"height: 13.5pt; text-align: center;\" align=\"right\" height=\"18\">30<\/td>\n<td style=\"text-align: center;\">38 x 38 x 80<\/td>\n<td class=\"et2\" style=\"text-align: center;\" rowspan=\"2\">15 mm<\/td>\n<td class=\"et2\" style=\"text-align: center;\" rowspan=\"2\">Transparent<\/td>\n<td class=\"et2\" style=\"text-align: center;\" rowspan=\"2\">Or, argent<\/td>\n<\/tr>\n<tr style=\"height: 13.50pt;\">\n<td style=\"height: 13.5pt; text-align: center;\" align=\"right\" height=\"18\">45<\/td>\n<td style=\"text-align: center;\">38 x 38 x 116<\/td>\n<\/tr>\n<\/tbody>\n<\/table>\n<h2>Cas de r\u00e9ussite<\/h2>\n<p>Une marque de parfums souhaitait moderniser le packaging de sa ligne de fragrances classiques. Apr\u00e8s avoir \u00e9tudi\u00e9 plusieurs options, elle a opt\u00e9 pour nos flacons de parfum en verre et a pass\u00e9 une premi\u00e8re commande de 5\u00a0000 unit\u00e9s. Afin de refl\u00e9ter son identit\u00e9 visuelle, la marque a personnalis\u00e9 les flacons en y apposant son logo en relief et en utilisant une couleur de verre sur mesure.<\/p>\n<p>Gr\u00e2ce \u00e0 un nouvel emballage, la marque a enregistr\u00e9 une augmentation de 32 % de ses ventes en trois mois, et les commandes r\u00e9p\u00e9t\u00e9es des distributeurs ont progress\u00e9 de 65 %. Par cons\u00e9quent, la marque a re\u00e7u trois nouvelles commandes de petits flacons de parfum en six mois.<\/p>\n<h2>Vos options de personnalisation<\/h2>\n<ol>\n<li><strong>Logo en relief ou en creux\u00a0:<\/strong> Ajoutez un logo en relief ou en creux sur la surface de la bouteille pour accro\u00eetre la notori\u00e9t\u00e9 de la marque.<\/li>\n<li><strong>Couleur de bouteille personnalis\u00e9e\u00a0:<\/strong> Choisissez parmi des verres transparents, d\u00e9polis ou teint\u00e9s sur mesure, en harmonie avec les diff\u00e9rents concepts ou collections de parfums.<\/li>\n<li><strong>Techniques de d\u00e9coration de surface\u00a0:<\/strong> D\u00e9corez avec de la soie, de la s\u00e9rigraphie, du marquage \u00e0 chaud ou de l&#039;impression UV pour les logos, les motifs ou le texte.<\/li>\n<\/ol>","protected":false},"excerpt":{"rendered":"<p>Petits flacons de parfum au design transparent. Vente directe d&#039;usine, \u00e9chantillons gratuits, commandes en gros et flacons personnalisables pour une identit\u00e9 de marque unique.<\/p>","protected":false},"featured_media":4235,"template":"","meta":{"postBodyCss":"","postBodyMargin":[],"postBodyPadding":[],"postBodyBackground":{"backgroundType":"classic","gradient":""}},"product_brand":[],"product_cat":[15,16,62],"product_tag":[],"class_list":{"0":"post-4230","1":"product","2":"type-product","3":"status-publish","4":"has-post-thumbnail","6":"product_cat-glass-containers","7":"product_cat-glass-bottles","8":"product_cat-perfume-bottles","10":"first","11":"instock","12":"shipping-taxable","13":"product-type-simple"},"jetpack_sharing_enabled":true,"_links":{"self":[{"href":"https:\/\/minghanggroup.com\/fr\/wp-json\/wp\/v2\/product\/4230","targetHints":{"allow":["GET"]}}],"collection":[{"href":"https:\/\/minghanggroup.com\/fr\/wp-json\/wp\/v2\/product"}],"about":[{"href":"https:\/\/minghanggroup.com\/fr\/wp-json\/wp\/v2\/types\/product"}],"wp:featuredmedia":[{"embeddable":true,"href":"https:\/\/minghanggroup.com\/fr\/wp-json\/wp\/v2\/media\/4235"}],"wp:attachment":[{"href":"https:\/\/minghanggroup.com\/fr\/wp-json\/wp\/v2\/media?parent=4230"}],"wp:term":[{"taxonomy":"product_brand","embeddable":true,"href":"https:\/\/minghanggroup.com\/fr\/wp-json\/wp\/v2\/product_brand?post=4230"},{"taxonomy":"product_cat","embeddable":true,"href":"https:\/\/minghanggroup.com\/fr\/wp-json\/wp\/v2\/product_cat?post=4230"},{"taxonomy":"product_tag","embeddable":true,"href":"https:\/\/minghanggroup.com\/fr\/wp-json\/wp\/v2\/product_tag?post=4230"}],"curies":[{"name":"wp","href":"https:\/\/api.w.org\/{rel}","templated":true}]}}