{"id":4225,"date":"2025-12-31T11:26:29","date_gmt":"2025-12-31T03:26:29","guid":{"rendered":"https:\/\/minghanggroup.com\/?post_type=product&#038;p=4225"},"modified":"2025-12-31T11:55:45","modified_gmt":"2025-12-31T03:55:45","slug":"round-glass-perfume-containers-with-metal-lids-bulk","status":"publish","type":"product","link":"https:\/\/minghanggroup.com\/fr\/produit\/round-glass-perfume-containers-with-metal-lids-bulk\/","title":{"rendered":"Flacons de parfum ronds en verre de 30 ml, 50 ml et 80 ml avec couvercles m\u00e9talliques (vente en gros)"},"content":{"rendered":"<p>Le flacon de parfum rond est fabriqu\u00e9 en verre lisse et transparent, sa base est \u00e9paissie pour lui assurer une grande stabilit\u00e9 et son bouchon m\u00e9tallique est cylindrique.<\/p>\n<h2>Caract\u00e9ristiques du produit<\/h2>\n<ul>\n<li><strong>Bouteille sph\u00e9rique au toucher doux :<\/strong> Le design sph\u00e9rique et lisse de la bouteille en verre lui conf\u00e8re une esth\u00e9tique douce et la rend plus facile \u00e0 prendre en main.<\/li>\n<li><strong>Bouchons m\u00e9talliques multicolores\u00a0:<\/strong> Il est livr\u00e9 avec des capuchons m\u00e9talliques noirs, dor\u00e9s et argent\u00e9s de forme cylindrique, offrant une alternative de style \u00e9poustouflante et rehaussant la sophistication du produit.<\/li>\n<li><strong>Trois tailles :<\/strong> Ce produit est disponible en formats de 30 ml, 50 ml et 80 ml pour r\u00e9pondre aux besoins des formats d&#039;essai, des parfums de tous les jours et des cadeaux parfaits.<\/li>\n<\/ul>\n<h2 style=\"text-align: left;\">Caract\u00e9ristiques principales<\/h2>\n<table class=\"aligncenter\" style=\"border-collapse: collapse; width: 482.27pt;\" border=\"0\" width=\"643\" cellspacing=\"0\" cellpadding=\"0\">\n<tbody>\n<tr style=\"height: 13.50pt;\">\n<td style=\"height: 13.50pt; width: 131.25pt;\" width=\"175\" height=\"18\">Sp\u00e9cification<\/td>\n<td style=\"width: 351.00pt;\" width=\"468\">D\u00e9tails<\/td>\n<\/tr>\n<tr style=\"height: 13.50pt;\">\n<td style=\"height: 13.50pt;\" height=\"18\">Dimensions<\/td>\n<td>30 ml : 50 \u00d7 64 mm ; 50 ml : 57 \u00d7 63 mm ; 80 ml : 70 \u00d7 75 mm<\/td>\n<\/tr>\n<tr style=\"height: 13.50pt;\">\n<td style=\"height: 13.50pt;\" height=\"18\">Mat\u00e9riel<\/td>\n<td>Corps en verre transparent ; capuchons cylindriques en m\u00e9tal noir\/or\/argent<\/td>\n<\/tr>\n<tr style=\"height: 13.50pt;\">\n<td style=\"height: 13.50pt;\" height=\"18\">Forme de bouteille<\/td>\n<td>Sph\u00e8re \u00e0 base lest\u00e9e (conception d&#039;affichage stable)<\/td>\n<\/tr>\n<tr style=\"height: 13.50pt;\">\n<td style=\"height: 13.50pt;\" height=\"18\">Caract\u00e9ristique de fabrication<\/td>\n<td>Soufflage de verre sph\u00e9rique de pr\u00e9cision, moulage de base lest\u00e9e<\/td>\n<\/tr>\n<tr style=\"height: 13.50pt;\">\n<td style=\"height: 13.50pt;\" height=\"18\">Id\u00e9al pour<\/td>\n<td>Contenants pour parfums, flacons de parfum ronds en vrac<\/td>\n<\/tr>\n<\/tbody>\n<\/table>\n<h2>Histoire \u00e0 succ\u00e8s<\/h2>\n<p>Une marque cor\u00e9enne tendance de beaut\u00e9 et de style de vie a d\u00e9voil\u00e9 sa premi\u00e8re gamme de parfums. Elle a choisi notre flacon rond de 50 ml, surmont\u00e9 d&#039;un bouchon aux tons doux. Ce parfum rond et adorable a connu un succ\u00e8s imm\u00e9diat, faisant exploser les mentions sur les r\u00e9seaux sociaux de 500 % d\u00e8s le premier mois. La forme distinctive du flacon est devenue l&#039;un des symboles de la marque\u00a0: 90 % de ses consommateurs cibles la reconnaissent instantan\u00e9ment. Fort de ce succ\u00e8s fulgurant, la marque a command\u00e9 600\u00a0000 flacons suppl\u00e9mentaires pour conqu\u00e9rir le march\u00e9 international.<\/p>\n<h2>Options de mise en bouteille ronde pour parfum<\/h2>\n<ul>\n<li>Couleur personnalis\u00e9e du bouchon m\u00e9tallique\u00a0: le rev\u00eatement PVD du bouchon peut \u00eatre personnalis\u00e9 aux couleurs d\u2019une marque ou d\u2019une saison.<\/li>\n<li>Couleur et transparence du verre \u2013 Les bouteilles en verre sph\u00e9riques se d\u00e9clinent en une vari\u00e9t\u00e9 de finitions (rose, bleu, ambre) ou sont d\u00e9polies.<\/li>\n<li>S\u00e9rigraphie sur verre \u2013 Verre bomb\u00e9\u00a0: Imprimez des logos, des motifs ou du texte simples sur la surface.<\/li>\n<li>Gravure laser \u2013 Gravez des images d\u00e9taill\u00e9es, des constellations ou des combinaisons de lettres sur du verre.<\/li>\n<\/ul>","protected":false},"excerpt":{"rendered":"<p>Flacon de parfum rond en verre transparent avec bouchon en m\u00e9tal. Design sph\u00e9rique et lisse, disponible en plusieurs tailles. Vente directe d&#039;usine pour les marques.<\/p>","protected":false},"featured_media":4226,"template":"","meta":{"postBodyCss":"","postBodyMargin":[],"postBodyPadding":[],"postBodyBackground":{"backgroundType":"classic","gradient":""}},"product_brand":[],"product_cat":[15,16,62],"product_tag":[],"class_list":{"0":"post-4225","1":"product","2":"type-product","3":"status-publish","4":"has-post-thumbnail","6":"product_cat-glass-containers","7":"product_cat-glass-bottles","8":"product_cat-perfume-bottles","10":"first","11":"instock","12":"shipping-taxable","13":"product-type-simple"},"jetpack_sharing_enabled":true,"_links":{"self":[{"href":"https:\/\/minghanggroup.com\/fr\/wp-json\/wp\/v2\/product\/4225","targetHints":{"allow":["GET"]}}],"collection":[{"href":"https:\/\/minghanggroup.com\/fr\/wp-json\/wp\/v2\/product"}],"about":[{"href":"https:\/\/minghanggroup.com\/fr\/wp-json\/wp\/v2\/types\/product"}],"wp:featuredmedia":[{"embeddable":true,"href":"https:\/\/minghanggroup.com\/fr\/wp-json\/wp\/v2\/media\/4226"}],"wp:attachment":[{"href":"https:\/\/minghanggroup.com\/fr\/wp-json\/wp\/v2\/media?parent=4225"}],"wp:term":[{"taxonomy":"product_brand","embeddable":true,"href":"https:\/\/minghanggroup.com\/fr\/wp-json\/wp\/v2\/product_brand?post=4225"},{"taxonomy":"product_cat","embeddable":true,"href":"https:\/\/minghanggroup.com\/fr\/wp-json\/wp\/v2\/product_cat?post=4225"},{"taxonomy":"product_tag","embeddable":true,"href":"https:\/\/minghanggroup.com\/fr\/wp-json\/wp\/v2\/product_tag?post=4225"}],"curies":[{"name":"wp","href":"https:\/\/api.w.org\/{rel}","templated":true}]}}