{"id":4208,"date":"2025-12-30T15:33:11","date_gmt":"2025-12-30T07:33:11","guid":{"rendered":"https:\/\/minghanggroup.com\/?post_type=product&#038;p=4208"},"modified":"2025-12-30T16:53:58","modified_gmt":"2025-12-30T08:53:58","slug":"clear-glass-cologne-bottles-with-metal-lids-bulk","status":"publish","type":"product","link":"https:\/\/minghanggroup.com\/fr\/produit\/clear-glass-cologne-bottles-with-metal-lids-bulk\/","title":{"rendered":"Flacons de cologne en verre transparent de 30 ml, 50 ml et 100 ml avec bouchons m\u00e9talliques (vente en gros)"},"content":{"rendered":"<p>Ce flacon de parfum rond-carr\u00e9 pr\u00e9sente des bords arrondis. Sa structure simple, son bouchon m\u00e9tallique en forme de d\u00f4me et son minimalisme cr\u00e9ent un contraste saisissant.<\/p>\n<h2>Caract\u00e9ristiques du produit<\/h2>\n<ul>\n<li><strong>Tailles diverses :<\/strong> Il existe diff\u00e9rentes tailles disponibles pour stocker le parfum selon les besoins, que ce soit pour un usage personnel ou en gros.<\/li>\n<li><strong>Bouchons m\u00e9talliques :<\/strong> Il existe des capuchons carr\u00e9s en m\u00e9tal argent\u00e9, dor\u00e9 et noir, de styles vari\u00e9s, ce qui conf\u00e8re au produit un aspect raffin\u00e9 et moderne.<\/li>\n<li><strong>Corps de bouteille carr\u00e9 arrondi :<\/strong> Les angles arrondis du corps carr\u00e9 et cylindrique de la bouteille sont adoucis pour la rendre plus confortable et plus facile \u00e0 tenir ou \u00e0 pr\u00e9senter.<\/li>\n<\/ul>\n<h2 style=\"text-align: left;\">Caract\u00e9ristiques principales<\/h2>\n<table class=\"aligncenter\" style=\"border-collapse: collapse; width: 434.27pt;\" border=\"0\" width=\"579\" cellspacing=\"0\" cellpadding=\"0\">\n<tbody>\n<tr style=\"height: 13.50pt;\">\n<td style=\"height: 13.50pt; width: 82.50pt;\" width=\"110\" height=\"18\">Sp\u00e9cification<\/td>\n<td style=\"width: 351.75pt;\" width=\"469\">D\u00e9tails<\/td>\n<\/tr>\n<tr style=\"height: 13.50pt;\">\n<td style=\"height: 13.50pt;\" height=\"18\">Dimensions<\/td>\n<td>30 ml : 56 \u00d7 28 \u00d7 70 mm ; 50 ml : 63 \u00d7 31 \u00d7 79 mm ; 100 ml : 76 \u00d7 38 \u00d7 98 mm<\/td>\n<\/tr>\n<tr style=\"height: 13.50pt;\">\n<td style=\"height: 13.50pt;\" height=\"18\">Mat\u00e9riel<\/td>\n<td>Corps en verre transparent ; capuchons en m\u00e9tal argent\u00e9\/dor\u00e9\/noir<\/td>\n<\/tr>\n<tr style=\"height: 13.50pt;\">\n<td style=\"height: 13.50pt;\" height=\"18\">Forme de bouteille<\/td>\n<td>Prisme carr\u00e9 arrondi (moulure \u00e0 bords doux)<\/td>\n<\/tr>\n<tr style=\"height: 13.50pt;\">\n<td style=\"height: 13.50pt;\" height=\"18\">Type de fermeture<\/td>\n<td>Bouchon \u00e0 vis carr\u00e9 en m\u00e9tal (\u00e9tanch\u00e9it\u00e9 parfaite)<\/td>\n<\/tr>\n<tr style=\"height: 13.50pt;\">\n<td style=\"height: 13.50pt;\" height=\"18\">Id\u00e9al pour<\/td>\n<td>Flacons d&#039;eau de Cologne en gros, flacons de parfum en vrac<\/td>\n<\/tr>\n<\/tbody>\n<\/table>\n<h2>Histoire d&#039;une r\u00e9ussite<\/h2>\n<p>Une entreprise populaire sp\u00e9cialis\u00e9e dans la vente directe de produits pour hommes s&#039;est lanc\u00e9e sur le march\u00e9 des parfums. Elle a choisi nos flacons d&#039;eau de Cologne pour ses trois premi\u00e8res fragrances, chacune \u00e9tant dot\u00e9e d&#039;un bouchon de couleur sp\u00e9cifique. Le flacon, de forme ronde ou carr\u00e9e, a rencontr\u00e9 un vif succ\u00e8s\u00a0: 85\u00a0% des commentaires clients mentionnaient une excellente prise en main. Son design \u00e9pur\u00e9 a g\u00e9n\u00e9r\u00e9 trois fois plus de partages sur les r\u00e9seaux sociaux que ses concurrents. Forte de ce succ\u00e8s, la marque a pass\u00e9 une nouvelle commande de 400\u00a0000 flacons.<\/p>\n<h2>Options de personnalisation pour les flacons de Cologne en gros<\/h2>\n<ul>\n<li>Couleurs personnalis\u00e9es pour les bouchons m\u00e9talliques \u2013 Choisissez le rev\u00eatement PVD du bouchon parmi les couleurs Pantone de votre marque.<\/li>\n<li>Couleurs des bouteilles en verre \u2013 Les bouteilles en verre sont disponibles en verre color\u00e9, notamment ambr\u00e9, gris fum\u00e9 ou bleu cobalt.<\/li>\n<li>S\u00e9rigraphie sur verre \u2013 Imprimez votre logo, votre motif ou m\u00eame du texte sur la partie plate de la bouteille en verre.<\/li>\n<li>Finition verre d\u00e9poli \u2013 Offre une sensation lisse et haut de gamme gr\u00e2ce \u00e0 une finition enti\u00e8rement d\u00e9polie ou \u00e0 une finition d\u00e9polie d\u00e9grad\u00e9e.<\/li>\n<\/ul>","protected":false},"excerpt":{"rendered":"<p>Flacons d&#039;eau de Cologne modernes et transparents, disponibles en plusieurs tailles et couleurs de bouchon. Vente en gros de flacons d&#039;eau de Cologne avec livraison rapide, id\u00e9al pour les marques de parfums et les marques priv\u00e9es.<\/p>","protected":false},"featured_media":4215,"template":"","meta":{"postBodyCss":"","postBodyMargin":[],"postBodyPadding":[],"postBodyBackground":{"backgroundType":"classic","gradient":""}},"product_brand":[],"product_cat":[15,16,62],"product_tag":[],"class_list":{"0":"post-4208","1":"product","2":"type-product","3":"status-publish","4":"has-post-thumbnail","6":"product_cat-glass-containers","7":"product_cat-glass-bottles","8":"product_cat-perfume-bottles","10":"first","11":"instock","12":"shipping-taxable","13":"product-type-simple"},"jetpack_sharing_enabled":true,"_links":{"self":[{"href":"https:\/\/minghanggroup.com\/fr\/wp-json\/wp\/v2\/product\/4208","targetHints":{"allow":["GET"]}}],"collection":[{"href":"https:\/\/minghanggroup.com\/fr\/wp-json\/wp\/v2\/product"}],"about":[{"href":"https:\/\/minghanggroup.com\/fr\/wp-json\/wp\/v2\/types\/product"}],"wp:featuredmedia":[{"embeddable":true,"href":"https:\/\/minghanggroup.com\/fr\/wp-json\/wp\/v2\/media\/4215"}],"wp:attachment":[{"href":"https:\/\/minghanggroup.com\/fr\/wp-json\/wp\/v2\/media?parent=4208"}],"wp:term":[{"taxonomy":"product_brand","embeddable":true,"href":"https:\/\/minghanggroup.com\/fr\/wp-json\/wp\/v2\/product_brand?post=4208"},{"taxonomy":"product_cat","embeddable":true,"href":"https:\/\/minghanggroup.com\/fr\/wp-json\/wp\/v2\/product_cat?post=4208"},{"taxonomy":"product_tag","embeddable":true,"href":"https:\/\/minghanggroup.com\/fr\/wp-json\/wp\/v2\/product_tag?post=4208"}],"curies":[{"name":"wp","href":"https:\/\/api.w.org\/{rel}","templated":true}]}}