{"id":4203,"date":"2025-12-30T15:14:37","date_gmt":"2025-12-30T07:14:37","guid":{"rendered":"https:\/\/minghanggroup.com\/?post_type=product&#038;p=4203"},"modified":"2025-12-30T15:32:27","modified_gmt":"2025-12-30T07:32:27","slug":"crystal-scent-bottles-with-with-silver-spray-bulk","status":"publish","type":"product","link":"https:\/\/minghanggroup.com\/fr\/produit\/crystal-scent-bottles-with-with-silver-spray-bulk\/","title":{"rendered":"Flacons de parfum cristallin de 30 ml, 50 ml et 100 ml avec spray argent\u00e9 (vente en gros)"},"content":{"rendered":"<p>Ces flacons de parfum en cristal sont enti\u00e8rement fabriqu\u00e9s en verre cristallin \u00e0 multiples facettes, avec des bouchons en cristal taill\u00e9 en diamant et de magnifiques embouts vaporisateurs argent\u00e9s ; ils sont \u00e0 la fois luxueux et modernes.<\/p>\n<h2>Caract\u00e9ristiques du produit<\/h2>\n<ul>\n<li><strong>Prisme g\u00e9om\u00e9trique \u00e0 multiples facettes :<\/strong> Les formes g\u00e9om\u00e9triques \u00e0 multiples facettes du verre taill\u00e9 produisent des effets de r\u00e9fraction de la lumi\u00e8re in\u00e9gal\u00e9s et pr\u00e9sentent un profil architectural remarquable.<\/li>\n<li><strong>Verre clair \u00e0 haute transparence\u00a0:<\/strong> Il s&#039;agit d&#039;un mat\u00e9riau transparent, d&#039;une excellente transparence permettant de bien visualiser le parfum qu&#039;il contient.<\/li>\n<li><strong>Trois tailles :<\/strong> Vous trouverez des flacons de 30 ml, 50 ml et 100 ml adapt\u00e9s \u00e0 vos besoins, que ce soit pour emporter des \u00e9chantillons, des formats voyage ou des parfums exclusifs.<\/li>\n<\/ul>\n<h2 style=\"text-align: left;\">Caract\u00e9ristiques principales<\/h2>\n<table class=\"aligncenter\" style=\"border-collapse: collapse; width: 536.27pt;\" border=\"0\" width=\"715\" cellspacing=\"0\" cellpadding=\"0\">\n<tbody>\n<tr style=\"height: 13.50pt;\">\n<td style=\"height: 13.50pt; width: 83.25pt;\" width=\"111\" height=\"18\">Sp\u00e9cification<\/td>\n<td style=\"width: 453.00pt;\" width=\"604\">D\u00e9tails<\/td>\n<\/tr>\n<tr style=\"height: 13.50pt;\">\n<td style=\"height: 13.50pt;\" height=\"18\">Dimensions<\/td>\n<td>30 ml : 44 \u00d7 47 \u00d7 62 mm ; 50 ml : 57 \u00d7 28 \u00d7 75 mm ; 100 ml : 67 \u00d7 35 \u00d7 95 mm<\/td>\n<\/tr>\n<tr style=\"height: 13.50pt;\">\n<td style=\"height: 13.50pt;\" height=\"18\">Mat\u00e9riel<\/td>\n<td>Corps en verre transparent \u00e0 multiples facettes\u00a0; composants en m\u00e9tal argent\u00e9\u00a0; capuchon carr\u00e9 \u00e0 facettes<\/td>\n<\/tr>\n<tr style=\"height: 13.50pt;\">\n<td style=\"height: 13.50pt;\" height=\"18\">Type de fermeture<\/td>\n<td>Bouchon carr\u00e9 \u00e0 facettes avec collerette de pulv\u00e9risation int\u00e9gr\u00e9e en m\u00e9tal argent\u00e9<\/td>\n<\/tr>\n<tr style=\"height: 13.50pt;\">\n<td style=\"height: 13.50pt;\" height=\"18\">Id\u00e9al pour<\/td>\n<td>Flacons de parfum en cristal, flacons de parfum en vrac<\/td>\n<\/tr>\n<\/tbody>\n<\/table>\n<h2>Histoire \u00e0 succ\u00e8s<\/h2>\n<p>Notre flacon de parfum de 30 ml a \u00e9t\u00e9 choisi par l&#039;un des plus grands grands magasins au monde, qui a \u00e9t\u00e9 charg\u00e9 d&#039;apporter de l\u00e9g\u00e8res modifications au col en m\u00e9tal plaqu\u00e9 palladium d\u00e9poli \u00e0 multiples facettes. Ce design sophistiqu\u00e9 cr\u00e9e de magnifiques jeux d&#039;ombre et de lumi\u00e8re gr\u00e2ce \u00e0 l&#039;\u00e9clairage du magasin et augmente d&#039;un quart l&#039;int\u00e9r\u00eat des clients pour le rayon parfumerie. Ce design haut de gamme positionne notre marque de parfum 40 % au-dessus des parfums de cr\u00e9ateurs similaires. L&#039;accueil du march\u00e9 a \u00e9t\u00e9 exceptionnel et les d\u00e9taillants ont imm\u00e9diatement command\u00e9 plus d&#039;un million de flacons afin de r\u00e9pondre \u00e0 la demande pour les deux ann\u00e9es suivantes.<\/p>\n<h2>Personnalisation des flacons de parfum en cristal<\/h2>\n<ul>\n<li>Couleurs de verre personnalis\u00e9es \u2013 Couleurs de verre personnalis\u00e9es disponibles pour les verres \u00e0 bouteilles haut de gamme taill\u00e9s, en champagne, gris fum\u00e9 ou rose clair.<\/li>\n<li>Finitions des goulots de bouteilles en m\u00e9tal \u2013 Le goulot d&#039;une bouteille peut pr\u00e9senter de nombreuses finitions diff\u00e9rentes, y compris des finitions m\u00e9talliques (or, or rose, noir, canon de fusil).<\/li>\n<li>Gravure laser \u00e0 facettes \u2013 Un logo ou un motif peut \u00eatre d\u00e9coup\u00e9 en facettes s\u00e9lectionn\u00e9es \u00e0 l&#039;aide d&#039;un laser.<\/li>\n<li>Conception antid\u00e9rapante \u2013 Les deux c\u00f4t\u00e9s de la bouteille sont micro-grav\u00e9s pour offrir une meilleure prise en main.<\/li>\n<\/ul>","protected":false},"excerpt":{"rendered":"<p>Flacons de parfum en cristal, con\u00e7us avec du verre facett\u00e9 et des bouchons taill\u00e9s en diamant. Qualit\u00e9 sup\u00e9rieure, vente directe d&#039;usine pour les marques et les grossistes.<\/p>","protected":false},"featured_media":4207,"template":"","meta":{"postBodyCss":"","postBodyMargin":[],"postBodyPadding":[],"postBodyBackground":{"backgroundType":"classic","gradient":""}},"product_brand":[],"product_cat":[15,16,62],"product_tag":[],"class_list":{"0":"post-4203","1":"product","2":"type-product","3":"status-publish","4":"has-post-thumbnail","6":"product_cat-glass-containers","7":"product_cat-glass-bottles","8":"product_cat-perfume-bottles","10":"first","11":"instock","12":"shipping-taxable","13":"product-type-simple"},"jetpack_sharing_enabled":true,"_links":{"self":[{"href":"https:\/\/minghanggroup.com\/fr\/wp-json\/wp\/v2\/product\/4203","targetHints":{"allow":["GET"]}}],"collection":[{"href":"https:\/\/minghanggroup.com\/fr\/wp-json\/wp\/v2\/product"}],"about":[{"href":"https:\/\/minghanggroup.com\/fr\/wp-json\/wp\/v2\/types\/product"}],"wp:featuredmedia":[{"embeddable":true,"href":"https:\/\/minghanggroup.com\/fr\/wp-json\/wp\/v2\/media\/4207"}],"wp:attachment":[{"href":"https:\/\/minghanggroup.com\/fr\/wp-json\/wp\/v2\/media?parent=4203"}],"wp:term":[{"taxonomy":"product_brand","embeddable":true,"href":"https:\/\/minghanggroup.com\/fr\/wp-json\/wp\/v2\/product_brand?post=4203"},{"taxonomy":"product_cat","embeddable":true,"href":"https:\/\/minghanggroup.com\/fr\/wp-json\/wp\/v2\/product_cat?post=4203"},{"taxonomy":"product_tag","embeddable":true,"href":"https:\/\/minghanggroup.com\/fr\/wp-json\/wp\/v2\/product_tag?post=4203"}],"curies":[{"name":"wp","href":"https:\/\/api.w.org\/{rel}","templated":true}]}}