{"id":4202,"date":"2025-12-30T16:04:18","date_gmt":"2025-12-30T08:04:18","guid":{"rendered":"https:\/\/minghanggroup.com\/?post_type=product&#038;p=4202"},"modified":"2025-12-30T17:03:31","modified_gmt":"2025-12-30T09:03:31","slug":"clear-perfume-bottles-for-custom-fragrance-packaging-bulk","status":"publish","type":"product","link":"https:\/\/minghanggroup.com\/fr\/produit\/clear-perfume-bottles-for-custom-fragrance-packaging-bulk\/","title":{"rendered":"Flacons de parfum transparents de 25 ml et 90 ml pour emballage personnalis\u00e9 en gros"},"content":{"rendered":"<p>Vos flacons de parfum transparents doivent captiver le regard. Nous cr\u00e9ons des flacons haut de gamme, con\u00e7us pour optimiser le succ\u00e8s de votre parfum\u00a0: chaque flacon en verre devient ainsi la signature de votre marque.<\/p>\n<h2>Caract\u00e9ristiques du produit<\/h2>\n<ul>\n<li><strong>Vitrine de la clart\u00e9 cristalline\u00a0:<\/strong>Notre flacon de parfum en verre est le contenant id\u00e9al pour mettre en valeur la couleur originale de votre fragrance, rendant ainsi l&#039;emballage de votre parfum visuellement attrayant.<\/li>\n<li><strong>Couvercles \u00e9tanches :<\/strong>Le goulot de s\u00e9curit\u00e9 emp\u00eachera les fuites du produit pendant le transport des marchandises\u00a0; une excellente solution pour les huiles essentielles ou votre gamme de parfums personnalis\u00e9s.<\/li>\n<li><strong>Bouchon de bouteille g\u00e9om\u00e9trique :<\/strong> Le bouchon \u00e0 la d\u00e9coupe g\u00e9om\u00e9trique imite la nettet\u00e9 d&#039;une pierre pr\u00e9cieuse refl\u00e9tant la lumi\u00e8re, communiquant ainsi silencieusement avec le corps minimaliste de la bouteille, discret mais porteur du langage du luxe et de l&#039;\u00e9l\u00e9gance.<\/li>\n<\/ul>\n<h2>Caract\u00e9ristiques principales<\/h2>\n<table style=\"border-collapse: collapse; width: 80%; margin-left: auto; margin-right: auto;\" border=\"0\" width=\"288\" cellspacing=\"0\" cellpadding=\"0\">\n<tbody>\n<tr style=\"height: 13.50pt;\">\n<td style=\"height: 13.5pt; width: 54pt; text-align: center;\" width=\"72\" height=\"18\">Capacit\u00e9 (ml)<\/td>\n<td style=\"width: 54pt; text-align: center;\" width=\"72\">Dimensions (mm)<\/td>\n<td style=\"width: 54pt; text-align: center;\" width=\"72\">Type de joint<\/td>\n<td style=\"width: 54pt; text-align: center;\" width=\"72\">Couleurs des buses<\/td>\n<\/tr>\n<tr style=\"height: 13.50pt;\">\n<td style=\"height: 13.5pt; text-align: center;\" align=\"right\" height=\"18\">25<\/td>\n<td style=\"text-align: center;\">37 x 37 x 58<\/td>\n<td class=\"et2\" style=\"text-align: center;\" rowspan=\"2\">Col ajust\u00e9<\/td>\n<td class=\"et2\" style=\"text-align: center;\" rowspan=\"2\">Argent\/Or<\/td>\n<\/tr>\n<tr style=\"height: 13.50pt;\">\n<td style=\"height: 13.5pt; text-align: center;\" align=\"right\" height=\"18\">90<\/td>\n<td style=\"text-align: center;\">55 x 55 x 88<\/td>\n<\/tr>\n<\/tbody>\n<\/table>\n<h2>Cas de r\u00e9ussite<\/h2>\n<p>Une marque de parfums souhaitait que ses emballages refl\u00e8tent davantage son image de marque sophistiqu\u00e9e. Elle a choisi nos flacons de parfum transparents et les a personnalis\u00e9s avec un logo en relief, une finition velout\u00e9e et un verre l\u00e9g\u00e8rement teint\u00e9 afin de distinguer visuellement chaque gamme de parfums.<\/p>\n<p>Au moment du changement d&#039;image, l&#039;entreprise a enregistr\u00e9 une croissance de ses ventes de 28 % au premier trimestre, et le volume des commandes r\u00e9p\u00e9t\u00e9es des distributeurs \u00e9tait nettement plus \u00e9lev\u00e9.<\/p>\n<h2>Votre parcours de personnalisation<\/h2>\n<ol>\n<li><strong>Couleurs de l&#039;atomiseur\u00a0:<\/strong> Choisissez des embouts argent\u00e9s ou dor\u00e9s qui correspondent \u00e0 votre identit\u00e9 de marque.<\/li>\n<li><strong>Emplacement de l&#039;\u00e9tiquette\u00a0:<\/strong> Apposez un logo personnalis\u00e9 sur la bouteille cylindrique en verre.<\/li>\n<li><strong>D\u00e9coration haut de gamme :<\/strong> Incorporez des touches discr\u00e8tes de feuille d&#039;or pour rehausser le luxe.<\/li>\n<li><strong>Correspondance des styles\u00a0:<\/strong> Choisissez une finition mate ou brillante pour vos solutions d&#039;emballage de parfum.<\/li>\n<\/ol>","protected":false},"excerpt":{"rendered":"<p>Flacons de parfum en verre transparent aux courbes douces et \u00e0 base en verre massif. Vente directe d&#039;usine\u00a0: \u00e9chantillons gratuits et personnalisation flexible pour les commandes en gros.<\/p>","protected":false},"featured_media":4212,"template":"","meta":{"postBodyCss":"","postBodyMargin":[],"postBodyPadding":[],"postBodyBackground":{"backgroundType":"classic","gradient":""}},"product_brand":[],"product_cat":[15,16,62],"product_tag":[],"class_list":{"0":"post-4202","1":"product","2":"type-product","3":"status-publish","4":"has-post-thumbnail","6":"product_cat-glass-containers","7":"product_cat-glass-bottles","8":"product_cat-perfume-bottles","10":"first","11":"instock","12":"shipping-taxable","13":"product-type-simple"},"jetpack_sharing_enabled":true,"_links":{"self":[{"href":"https:\/\/minghanggroup.com\/fr\/wp-json\/wp\/v2\/product\/4202","targetHints":{"allow":["GET"]}}],"collection":[{"href":"https:\/\/minghanggroup.com\/fr\/wp-json\/wp\/v2\/product"}],"about":[{"href":"https:\/\/minghanggroup.com\/fr\/wp-json\/wp\/v2\/types\/product"}],"wp:featuredmedia":[{"embeddable":true,"href":"https:\/\/minghanggroup.com\/fr\/wp-json\/wp\/v2\/media\/4212"}],"wp:attachment":[{"href":"https:\/\/minghanggroup.com\/fr\/wp-json\/wp\/v2\/media?parent=4202"}],"wp:term":[{"taxonomy":"product_brand","embeddable":true,"href":"https:\/\/minghanggroup.com\/fr\/wp-json\/wp\/v2\/product_brand?post=4202"},{"taxonomy":"product_cat","embeddable":true,"href":"https:\/\/minghanggroup.com\/fr\/wp-json\/wp\/v2\/product_cat?post=4202"},{"taxonomy":"product_tag","embeddable":true,"href":"https:\/\/minghanggroup.com\/fr\/wp-json\/wp\/v2\/product_tag?post=4202"}],"curies":[{"name":"wp","href":"https:\/\/api.w.org\/{rel}","templated":true}]}}