{"id":4197,"date":"2025-12-30T14:05:06","date_gmt":"2025-12-30T06:05:06","guid":{"rendered":"https:\/\/minghanggroup.com\/?post_type=product&#038;p=4197"},"modified":"2025-12-30T16:59:44","modified_gmt":"2025-12-30T08:59:44","slug":"empty-bottles-of-perfume-with-lids-bulk","status":"publish","type":"product","link":"https:\/\/minghanggroup.com\/fr\/produit\/empty-bottles-of-perfume-with-lids-bulk\/","title":{"rendered":"Flacons de parfum vides de 50 ml avec bouchons (vente en gros)"},"content":{"rendered":"<p>Ces flacons de parfum haut de gamme en verre vide sont con\u00e7us avec un verre aux multiples facettes d&#039;une clart\u00e9 cristalline, et chaque bouchon est surmont\u00e9 d&#039;un cristal taill\u00e9 en diamant brillant.<\/p>\n<h2>Caract\u00e9ristiques du produit<\/h2>\n<ul>\n<li><strong>Verre cristallin :<\/strong> Il s&#039;agit d&#039;un mat\u00e9riau tr\u00e8s transparent, ce qui permet \u00e0 la couleur du parfum de ressortir parfaitement, car il est limpide comme du cristal et sans distorsion, \u00e0 l&#039;image d&#039;une pierre pr\u00e9cieuse.<\/li>\n<li><strong>Bouteille en verre \u00e0 multiples facettes :<\/strong> Le verre \u00e0 facettes, un type de verre transparent, amplifie la r\u00e9flexion de la lumi\u00e8re sur la surface de la bouteille, cr\u00e9ant une illusion d&#039;optique semblable \u00e0 celle d&#039;un bijou incrust\u00e9 \u00e0 l&#039;int\u00e9rieur de la bouteille.<\/li>\n<li><strong>Couronne ou coiffe textur\u00e9e orn\u00e9e de diamants\u00a0: <\/strong>Le capuchon lui-m\u00eame pr\u00e9sente \u00e9galement une texture taill\u00e9e en diamant. Ainsi, sa structure renforce l&#039;illusion de multiples facettes.<\/li>\n<\/ul>\n<h2 style=\"text-align: left;\">Caract\u00e9ristiques principales<\/h2>\n<table class=\"aligncenter\" style=\"border-collapse: collapse; width: 452.27pt;\" border=\"0\" width=\"603\" cellspacing=\"0\" cellpadding=\"0\">\n<tbody>\n<tr style=\"height: 13.50pt;\">\n<td style=\"height: 13.50pt; width: 130.50pt;\" width=\"174\" height=\"18\">Sp\u00e9cification<\/td>\n<td style=\"width: 321.75pt;\" width=\"429\">D\u00e9tails<\/td>\n<\/tr>\n<tr style=\"height: 13.50pt;\">\n<td style=\"height: 13.50pt;\" height=\"18\">Capacit\u00e9<\/td>\n<td>50 ml<\/td>\n<\/tr>\n<tr style=\"height: 13.50pt;\">\n<td style=\"height: 13.50pt;\" height=\"18\">Dimensions<\/td>\n<td>50\u00d739\u00d787mm<\/td>\n<\/tr>\n<tr style=\"height: 13.50pt;\">\n<td style=\"height: 13.50pt;\" height=\"18\">Mat\u00e9riel<\/td>\n<td>Corps en verre cristallin de haute clart\u00e9<\/td>\n<\/tr>\n<tr style=\"height: 13.50pt;\">\n<td style=\"height: 13.50pt;\" height=\"18\">Type de fermeture<\/td>\n<td>Capuchon en cristal facett\u00e9 avec collerette dor\u00e9e int\u00e9gr\u00e9e<\/td>\n<\/tr>\n<tr style=\"height: 13.50pt;\">\n<td style=\"height: 13.50pt;\" height=\"18\">Caract\u00e9ristique de fabrication<\/td>\n<td>Verre d&#039;une clart\u00e9 exceptionnelle, assemblage m\u00e9tallique de qualit\u00e9 sup\u00e9rieure<\/td>\n<\/tr>\n<tr style=\"height: 13.50pt;\">\n<td style=\"height: 13.50pt;\" height=\"18\">Id\u00e9al pour<\/td>\n<td>Flacons de parfum en verre vides, flacons de parfum en vrac<\/td>\n<\/tr>\n<\/tbody>\n<\/table>\n<h2>Histoire \u00e0 succ\u00e8s<\/h2>\n<p>Un parfumeur travaillant pour les familles royales du Moyen-Orient recherchait un flacon luxueux, d&#039;une qualit\u00e9 de fabrication exceptionnelle. Il a command\u00e9 nos flacons de parfum vides de 50 ml, r\u00e9alis\u00e9s sur mesure en bleu saphir. Ce jeu d&#039;ombre et de lumi\u00e8re, associ\u00e9 \u00e0 la technique de taille employ\u00e9e dans la boutique, a cr\u00e9\u00e9 un magnifique effet visuel, incitant les clients \u00e0 passer 70 % de plus de temps en magasin. Son aspect pr\u00e9cieux lui permet d&#039;\u00eatre vendu \u00e0 un prix plus de trois fois sup\u00e9rieur \u00e0 son co\u00fbt de production. Fort de ce succ\u00e8s, le client a pass\u00e9 une nouvelle commande de 500\u00a0000 flacons et a sign\u00e9 un accord de distribution exclusive pour la r\u00e9gion.<\/p>\n<h2>Personnalisation de flacons de parfum en verre vides<\/h2>\n<ul>\n<li>Couleurs et tons de verre sur mesure \u2013 Le verre taill\u00e9 (rubis, \u00e9meraude, topaze) se d\u00e9cline dans une vari\u00e9t\u00e9 de tons de pierres pr\u00e9cieuses.<\/li>\n<li>Gravure laser simple face \u2013 Faites graver des badges, des lettres ou des num\u00e9ros de s\u00e9rie sur certaines faces de la bouteille.<\/li>\n<li>Frosty \u2013 Les facettes alternent le givre pour un effet bicolore.<\/li>\n<li>Cr\u00e9ez votre propre bouchon \u2013 Transformez le bouchon en cristal en un mod\u00e8le avec une forme ou un motif diff\u00e9rent.<\/li>\n<\/ul>","protected":false},"excerpt":{"rendered":"<p>Flacons de parfum vides de luxe en verre cristallin \u00e0 facettes, avec vaporisateur dor\u00e9. Vente directe d&#039;usine, id\u00e9al pour les marques de parfums haut de gamme.<\/p>","protected":false},"featured_media":4201,"template":"","meta":{"postBodyCss":"","postBodyMargin":[],"postBodyPadding":[],"postBodyBackground":{"backgroundType":"classic","gradient":""}},"product_brand":[],"product_cat":[15,16,62],"product_tag":[],"class_list":{"0":"post-4197","1":"product","2":"type-product","3":"status-publish","4":"has-post-thumbnail","6":"product_cat-glass-containers","7":"product_cat-glass-bottles","8":"product_cat-perfume-bottles","10":"first","11":"instock","12":"shipping-taxable","13":"product-type-simple"},"jetpack_sharing_enabled":true,"_links":{"self":[{"href":"https:\/\/minghanggroup.com\/fr\/wp-json\/wp\/v2\/product\/4197","targetHints":{"allow":["GET"]}}],"collection":[{"href":"https:\/\/minghanggroup.com\/fr\/wp-json\/wp\/v2\/product"}],"about":[{"href":"https:\/\/minghanggroup.com\/fr\/wp-json\/wp\/v2\/types\/product"}],"wp:featuredmedia":[{"embeddable":true,"href":"https:\/\/minghanggroup.com\/fr\/wp-json\/wp\/v2\/media\/4201"}],"wp:attachment":[{"href":"https:\/\/minghanggroup.com\/fr\/wp-json\/wp\/v2\/media?parent=4197"}],"wp:term":[{"taxonomy":"product_brand","embeddable":true,"href":"https:\/\/minghanggroup.com\/fr\/wp-json\/wp\/v2\/product_brand?post=4197"},{"taxonomy":"product_cat","embeddable":true,"href":"https:\/\/minghanggroup.com\/fr\/wp-json\/wp\/v2\/product_cat?post=4197"},{"taxonomy":"product_tag","embeddable":true,"href":"https:\/\/minghanggroup.com\/fr\/wp-json\/wp\/v2\/product_tag?post=4197"}],"curies":[{"name":"wp","href":"https:\/\/api.w.org\/{rel}","templated":true}]}}