{"id":4187,"date":"2025-12-30T11:22:54","date_gmt":"2025-12-30T03:22:54","guid":{"rendered":"https:\/\/minghanggroup.com\/?post_type=product&#038;p=4187"},"modified":"2025-12-30T17:03:18","modified_gmt":"2025-12-30T09:03:18","slug":"glass-perfume-spray-bottles-for-packaging-wholesale","status":"publish","type":"product","link":"https:\/\/minghanggroup.com\/fr\/produit\/glass-perfume-spray-bottles-for-packaging-wholesale\/","title":{"rendered":"Flacons vaporisateurs de parfum en verre de 50 ml et 100 ml pour le conditionnement en gros"},"content":{"rendered":"<p>Vos flacons de parfum en verre doivent captiver l&#039;attention. Nous fabriquons en gros des flacons haut de gamme con\u00e7us pour optimiser le succ\u00e8s de vos parfums\u00a0: chaque flacon devient la signature de votre marque.<\/p>\n<h2>Caract\u00e9ristiques du produit<\/h2>\n<ul>\n<li><strong>Corps en verre haute transparence : <\/strong>Le corps du flacon est en verre tr\u00e8s clair, propre et transparent, ce qui permet de voir tr\u00e8s clairement la couleur du parfum.<\/li>\n<li><strong>Socle en verre \u00e9pais renforc\u00e9 :<\/strong> Le fond en verre \u00e9pais stabilise non seulement la bouteille, mais lui conf\u00e8re \u00e9galement un effet tactile luxueux, lourd et solide.<\/li>\n<li><strong>Design minimaliste intemporel\u00a0:<\/strong> Son design simple et \u00e9l\u00e9gant s&#039;accorde aussi bien avec les concepts de parfums contemporains que traditionnels, ce qui le rend id\u00e9al pour la vente au d\u00e9tail et les cadeaux.<\/li>\n<\/ul>\n<h2>Caract\u00e9ristiques principales<\/h2>\n<table style=\"border-collapse: collapse; width: 80%; margin-left: auto; margin-right: auto;\" border=\"0\" width=\"288\" cellspacing=\"0\" cellpadding=\"0\">\n<tbody>\n<tr style=\"height: 13.50pt;\">\n<td style=\"height: 13.5pt; width: 54pt; text-align: center;\" width=\"72\" height=\"18\">Capacit\u00e9 (ml)<\/td>\n<td style=\"width: 54pt; text-align: center;\" width=\"72\">Dimensions (mm)<\/td>\n<td style=\"width: 54pt; text-align: center;\" width=\"72\">Type de joint<\/td>\n<td style=\"width: 54pt; text-align: center;\" width=\"72\">Options de couleur<\/td>\n<\/tr>\n<tr style=\"height: 13.50pt;\">\n<td style=\"height: 13.5pt; text-align: center;\" align=\"right\" height=\"18\">50<\/td>\n<td style=\"text-align: center;\">47 x 81<\/td>\n<td class=\"et2\" style=\"text-align: center;\" rowspan=\"2\">Col de sertissage 15 mm + pulv\u00e9risateur<\/td>\n<td class=\"et2\" style=\"text-align: center;\" rowspan=\"2\">Personnalisable<\/td>\n<\/tr>\n<tr style=\"height: 13.50pt;\">\n<td style=\"height: 13.5pt; text-align: center;\" align=\"right\" height=\"18\">100<\/td>\n<td style=\"text-align: center;\">59 x 103<\/td>\n<\/tr>\n<\/tbody>\n<\/table>\n<h2>Cas de r\u00e9ussite<\/h2>\n<p>Une marque de parfums estimait que son emballage initial ne refl\u00e9tait pas la qualit\u00e9 de ses fragrances. Elle a donc modifi\u00e9 ses flacons vaporisateurs en verre et les a personnalis\u00e9s avec une finition d\u00e9polie, un logo en relief et une pompe vaporisatrice en m\u00e9tal haut de gamme.<\/p>\n<p>Le nouvel emballage a imm\u00e9diatement dynamis\u00e9 la pr\u00e9sentation en rayon, ce qui a permis d&#039;augmenter les ventes de 28 % au premier trimestre. La marque a d\u00e9cid\u00e9 de passer de nouvelles commandes et d&#039;adopter le m\u00eame design de flacon pour ses nouveaux parfums.<\/p>\n<h2>Vos options de personnalisation<\/h2>\n<ol>\n<li><strong>Finitions des capuchons\u00a0: <\/strong>Harmonisez vos casquettes \u00e0 votre marque gr\u00e2ce \u00e0 des options m\u00e9tallis\u00e9es or, argent ou noir.<\/li>\n<li><strong>Correspondance des couleurs : <\/strong>Personnalisez les teintes du verre pour qu&#039;elles correspondent \u00e0 la palette de votre marque.<\/li>\n<li><strong>Emplacement de l&#039;\u00e9tiquette\u00a0: <\/strong>Personnalisez la bouteille cylindrique en verre avec votre logo pour une reconnaissance imm\u00e9diate.<\/li>\n<li><strong>D\u00e9coration haut de gamme : <\/strong>Ajoutez un subtil gaufrage pour une touche de luxe sans compromettre la clart\u00e9.<\/li>\n<\/ol>","protected":false},"excerpt":{"rendered":"<p>Flacons vaporisateurs en verre \u00e0 base \u00e9paisse et vaporisateur en m\u00e9tal. Vente en gros directe d&#039;usine, \u00e9chantillons gratuits et personnalisation pour les commandes en gros disponibles.<\/p>","protected":false},"featured_media":4192,"template":"","meta":{"postBodyCss":"","postBodyMargin":[],"postBodyPadding":[],"postBodyBackground":{"backgroundType":"classic","gradient":""}},"product_brand":[],"product_cat":[15,16,62],"product_tag":[],"class_list":{"0":"post-4187","1":"product","2":"type-product","3":"status-publish","4":"has-post-thumbnail","6":"product_cat-glass-containers","7":"product_cat-glass-bottles","8":"product_cat-perfume-bottles","10":"first","11":"instock","12":"shipping-taxable","13":"product-type-simple"},"jetpack_sharing_enabled":true,"_links":{"self":[{"href":"https:\/\/minghanggroup.com\/fr\/wp-json\/wp\/v2\/product\/4187","targetHints":{"allow":["GET"]}}],"collection":[{"href":"https:\/\/minghanggroup.com\/fr\/wp-json\/wp\/v2\/product"}],"about":[{"href":"https:\/\/minghanggroup.com\/fr\/wp-json\/wp\/v2\/types\/product"}],"wp:featuredmedia":[{"embeddable":true,"href":"https:\/\/minghanggroup.com\/fr\/wp-json\/wp\/v2\/media\/4192"}],"wp:attachment":[{"href":"https:\/\/minghanggroup.com\/fr\/wp-json\/wp\/v2\/media?parent=4187"}],"wp:term":[{"taxonomy":"product_brand","embeddable":true,"href":"https:\/\/minghanggroup.com\/fr\/wp-json\/wp\/v2\/product_brand?post=4187"},{"taxonomy":"product_cat","embeddable":true,"href":"https:\/\/minghanggroup.com\/fr\/wp-json\/wp\/v2\/product_cat?post=4187"},{"taxonomy":"product_tag","embeddable":true,"href":"https:\/\/minghanggroup.com\/fr\/wp-json\/wp\/v2\/product_tag?post=4187"}],"curies":[{"name":"wp","href":"https:\/\/api.w.org\/{rel}","templated":true}]}}