{"id":4186,"date":"2025-12-30T10:18:04","date_gmt":"2025-12-30T02:18:04","guid":{"rendered":"https:\/\/minghanggroup.com\/?post_type=product&#038;p=4186"},"modified":"2025-12-30T13:02:03","modified_gmt":"2025-12-30T05:02:03","slug":"crystal-fragrance-bottle-with-thick-base-bulk","status":"publish","type":"product","link":"https:\/\/minghanggroup.com\/fr\/produit\/crystal-fragrance-bottle-with-thick-base-bulk\/","title":{"rendered":"Flacon de parfum en cristal de 100 ml \u00e0 fond \u00e9pais (vente en gros)"},"content":{"rendered":"<p>Ce flacon de parfum en cristal est fabriqu\u00e9 en verre limpide et brillant (\u00e9paissi \u00e0 la base pour une meilleure stabilit\u00e9 et une plus grande durabilit\u00e9). Son bouchon est en cristal taill\u00e9 en diamant et orn\u00e9 d&#039;un anneau dor\u00e9 qui rehausse son \u00e9clat.<\/p>\n<h2>Caract\u00e9ristiques du produit<\/h2>\n<ul>\n<li><strong>Casquette \u00e0 facettes diamant\u00e9es :<\/strong> Le bouchon transparent pr\u00e9sente une d\u00e9coupe en forme de diamant qui r\u00e9fracte la lumi\u00e8re, conf\u00e9rant ainsi \u00e0 la bouteille une allure plus \u00e9l\u00e9gante et mettant davantage en valeur le caract\u00e8re luxueux du produit.<\/li>\n<li><strong>D\u00e9tails de la bague en or\u00a0:<\/strong> L&#039;anneau dor\u00e9 qui relie le bouchon et la bouteille ajoute une certaine profondeur visuelle au design et une petite touche de sophistication, tout en \u00e9l\u00e9gance.<\/li>\n<li><strong>Base de conception multicouche\u00a0:<\/strong> Le socle est con\u00e7u pour \u00eatre \u00e9pais, multicouche et, par cons\u00e9quent, plus stable. De plus, il met en valeur la texture du verre.<\/li>\n<\/ul>\n<h2 style=\"text-align: left;\">Caract\u00e9ristiques principales<\/h2>\n<table class=\"aligncenter\" style=\"border-collapse: collapse; width: 548.27pt;\" border=\"0\" width=\"731\" cellspacing=\"0\" cellpadding=\"0\">\n<tbody>\n<tr style=\"height: 13.50pt;\">\n<td style=\"height: 13.50pt; width: 130.50pt;\" width=\"174\" height=\"18\">Sp\u00e9cification<\/td>\n<td style=\"width: 417.75pt;\" width=\"557\">D\u00e9tails<\/td>\n<\/tr>\n<tr style=\"height: 13.50pt;\">\n<td style=\"height: 13.50pt;\" height=\"18\">Capacit\u00e9<\/td>\n<td>100 ml<\/td>\n<\/tr>\n<tr style=\"height: 13.50pt;\">\n<td style=\"height: 13.50pt;\" height=\"18\">Dimensions<\/td>\n<td>55\u00d7114mm<\/td>\n<\/tr>\n<tr style=\"height: 13.50pt;\">\n<td style=\"height: 13.50pt;\" height=\"18\">Mat\u00e9riel<\/td>\n<td>Corps en verre transparent\u00a0; capuchon \u00e0 facettes fa\u00e7on cristal\u00a0; anneau d\u00e9coratif en m\u00e9tal dor\u00e9<\/td>\n<\/tr>\n<tr style=\"height: 13.50pt;\">\n<td style=\"height: 13.50pt;\" height=\"18\">Type de fermeture<\/td>\n<td>Bouchon taill\u00e9 en cristal avec anneau en m\u00e9tal dor\u00e9\u00a0; pompe de pulv\u00e9risation de pr\u00e9cision int\u00e9gr\u00e9e<\/td>\n<\/tr>\n<tr style=\"height: 13.50pt;\">\n<td style=\"height: 13.50pt;\" height=\"18\">Caract\u00e9ristique de fabrication<\/td>\n<td>Moulage de base \u00e9tag\u00e9 lest\u00e9, facettage de cristal de pr\u00e9cision (bouchon)<\/td>\n<\/tr>\n<tr style=\"height: 13.50pt;\">\n<td style=\"height: 13.50pt;\" height=\"18\">Id\u00e9al pour<\/td>\n<td>Flacon de parfum en cristal, flacon de parfum en verre en vrac<\/td>\n<\/tr>\n<\/tbody>\n<\/table>\n<h2>Histoire \u00e0 succ\u00e8s<\/h2>\n<p>Une grande maison de couture milanaise nous a command\u00e9 la r\u00e9alisation de ce flacon de parfum de 100 ml en verre de quartz fum\u00e9, orn\u00e9 d&#039;un anneau d\u00e9coratif plaqu\u00e9 or 24 carats. Le bouchon taill\u00e9 en cristal s&#039;est r\u00e9v\u00e9l\u00e9 \u00eatre l&#039;\u00e9l\u00e9ment phare de la campagne marketing, augmentant de 450 % la visibilit\u00e9 m\u00e9diatique gr\u00e2ce \u00e0 son aspect photog\u00e9nique. Son poids cons\u00e9quent justifie \u00e9galement son prix, sup\u00e9rieur de 75 % \u00e0 la moyenne du march\u00e9. Ce design a rencontr\u00e9 un tel succ\u00e8s que la marque a command\u00e9 250\u00a0000 flacons suppl\u00e9mentaires pour ses deux prochaines gammes de parfums.<\/p>\n<h2>Personnalisation des flacons de parfum en cristal<\/h2>\n<ul>\n<li>Couleur et transparence du verre personnalis\u00e9 \u2013 Il est disponible en plusieurs couleurs diff\u00e9rentes (saphir, vert \u00e9meraude, ambre) avec diff\u00e9rents niveaux de transparence.<\/li>\n<li>Bagues en m\u00e9tal \u2013 Bagues en m\u00e9tal sur mesure, en alliage (or rose, platine, palladium) et finition.<\/li>\n<li>Bouteille en verre d\u00e9poli \u2013 Des options de verre d\u00e9poli ou \u00e0 effet d\u00e9poli d\u00e9grad\u00e9 sont disponibles pour offrir une sensation de luxe plus douce et plus \u00e9th\u00e9r\u00e9e.<\/li>\n<\/ul>","protected":false},"excerpt":{"rendered":"<p>Flacon de parfum haut de gamme en cristal, avec corps en verre \u00e9pais, bouchon taill\u00e9 en cristal et style luxueux et moderne. Livraison rapide et fiable garantie.<\/p>","protected":false},"featured_media":4195,"template":"","meta":{"postBodyCss":"","postBodyMargin":[],"postBodyPadding":[],"postBodyBackground":{"backgroundType":"classic","gradient":""}},"product_brand":[],"product_cat":[15,16,62],"product_tag":[],"class_list":{"0":"post-4186","1":"product","2":"type-product","3":"status-publish","4":"has-post-thumbnail","6":"product_cat-glass-containers","7":"product_cat-glass-bottles","8":"product_cat-perfume-bottles","10":"first","11":"instock","12":"shipping-taxable","13":"product-type-simple"},"jetpack_sharing_enabled":true,"_links":{"self":[{"href":"https:\/\/minghanggroup.com\/fr\/wp-json\/wp\/v2\/product\/4186","targetHints":{"allow":["GET"]}}],"collection":[{"href":"https:\/\/minghanggroup.com\/fr\/wp-json\/wp\/v2\/product"}],"about":[{"href":"https:\/\/minghanggroup.com\/fr\/wp-json\/wp\/v2\/types\/product"}],"wp:featuredmedia":[{"embeddable":true,"href":"https:\/\/minghanggroup.com\/fr\/wp-json\/wp\/v2\/media\/4195"}],"wp:attachment":[{"href":"https:\/\/minghanggroup.com\/fr\/wp-json\/wp\/v2\/media?parent=4186"}],"wp:term":[{"taxonomy":"product_brand","embeddable":true,"href":"https:\/\/minghanggroup.com\/fr\/wp-json\/wp\/v2\/product_brand?post=4186"},{"taxonomy":"product_cat","embeddable":true,"href":"https:\/\/minghanggroup.com\/fr\/wp-json\/wp\/v2\/product_cat?post=4186"},{"taxonomy":"product_tag","embeddable":true,"href":"https:\/\/minghanggroup.com\/fr\/wp-json\/wp\/v2\/product_tag?post=4186"}],"curies":[{"name":"wp","href":"https:\/\/api.w.org\/{rel}","templated":true}]}}