{"id":4177,"date":"2025-12-30T10:17:25","date_gmt":"2025-12-30T02:17:25","guid":{"rendered":"https:\/\/minghanggroup.com\/?post_type=product&#038;p=4177"},"modified":"2025-12-30T17:04:12","modified_gmt":"2025-12-30T09:04:12","slug":"100ml-cologne-bottles-for-fragrance-in-bulk","status":"publish","type":"product","link":"https:\/\/minghanggroup.com\/fr\/produit\/100ml-cologne-bottles-for-fragrance-in-bulk\/","title":{"rendered":"Flacons de 100 ml d&#039;eau de Cologne pour parfum en gros"},"content":{"rendered":"<p>Votre flacon de parfum de 100 ml doit captiver l&#039;attention. Nous fabriquons en grande quantit\u00e9 des flacons de parfum haut de gamme, con\u00e7us pour optimiser le succ\u00e8s de vos campagnes publicitaires\u00a0: chaque flacon en verre devient ainsi la signature de votre marque.<\/p>\n<h2>Caract\u00e9ristiques du produit<\/h2>\n<ul>\n<li><strong>Vitrine de la clart\u00e9 cristalline\u00a0: <\/strong>Notre flacon de parfum en verre r\u00e9v\u00e8le la v\u00e9ritable couleur de votre fragrance, rendant ainsi l&#039;emballage de votre parfum visuellement attrayant en un instant.<\/li>\n<li><strong>Base cylindrique stable : <\/strong>Le fond renforc\u00e9 en verre de votre flacon de parfum de 100 ml le maintiendra parfaitement droit lors de sa pr\u00e9sentation ou de son utilisation quotidienne.<\/li>\n<li><strong>Bouchon m\u00e9tallique personnalisable\u00a0: <\/strong>Pourquoi ne pas compl\u00e9ter l&#039;image de votre marque avec une casquette noire, dor\u00e9e ou argent\u00e9e de votre choix ?<\/li>\n<\/ul>\n<h2>Caract\u00e9ristiques principales<\/h2>\n<table style=\"border-collapse: collapse; width: 80%; margin-left: auto; margin-right: auto;\" border=\"0\" width=\"432\" cellspacing=\"0\" cellpadding=\"0\">\n<tbody>\n<tr style=\"height: 13.50pt;\">\n<td style=\"height: 13.5pt; width: 54pt; text-align: center;\" width=\"72\" height=\"18\">Capacit\u00e9<\/td>\n<td style=\"width: 54pt; text-align: center;\" width=\"72\">Dimensions<\/td>\n<td style=\"width: 54pt; text-align: center;\" width=\"72\">Calibre<\/td>\n<td style=\"width: 54pt; text-align: center;\" width=\"72\">Forme<\/td>\n<td style=\"width: 54pt; text-align: center;\" width=\"72\">Type de joint<\/td>\n<td style=\"width: 54pt; text-align: center;\" width=\"72\">Options de couleur<\/td>\n<\/tr>\n<tr style=\"height: 13.50pt;\">\n<td style=\"height: 13.5pt; text-align: center;\" height=\"18\">100 ml<\/td>\n<td style=\"text-align: center;\">55 x 98 mm<\/td>\n<td style=\"text-align: center;\">15 mm<\/td>\n<td style=\"text-align: center;\">Cylindrique<\/td>\n<td style=\"text-align: center;\">Col serti + pulv\u00e9risateur<\/td>\n<td style=\"text-align: center;\">Personnalisable<\/td>\n<\/tr>\n<\/tbody>\n<\/table>\n<h2>Cas de r\u00e9ussite<\/h2>\n<p>Une marque de parfums de niche proposait une fragrance exceptionnelle, mais jugeait son packaging initial trop g\u00e9n\u00e9rique pour les rayons. Elle a donc opt\u00e9 pour notre flacon de cologne en verre de 100 ml, personnalis\u00e9 et dot\u00e9 d&#039;un bouchon argent\u00e9 exclusif, orn\u00e9 d&#039;un logo s\u00e9rigraphi\u00e9, soulignant ainsi le caract\u00e8re unique de cette gamme de parfums. Une premi\u00e8re commande de 5\u00a0000 unit\u00e9s a \u00e9t\u00e9 pass\u00e9e. Gr\u00e2ce \u00e0 ce nouveau packaging, la marque a gagn\u00e9 en visibilit\u00e9 et ses ventes en ligne ont progress\u00e9 de 32\u00a0% en seulement trois mois.<\/p>\n<h2>Vos options de personnalisation<\/h2>\n<ol>\n<li><strong>Finitions des capuchons\u00a0:<\/strong> Mettez en valeur les couleurs de votre marque gr\u00e2ce \u00e0 notre s\u00e9lection de bouchons m\u00e9tallis\u00e9s noirs, dor\u00e9s ou argent\u00e9s.<\/li>\n<li><strong>Int\u00e9gration des \u00e9tiquettes\u00a0:<\/strong> Personnalisez la simple bouteille en verre avec votre logo pour une identification facile.<\/li>\n<li><strong>D\u00e9coration haut de gamme :<\/strong> Apportez une touche de luxe \u00e0 la bouteille gr\u00e2ce \u00e0 un gaufrage subtil qui n&#039;alt\u00e8re pas sa transparence.<\/li>\n<\/ol>","protected":false},"excerpt":{"rendered":"<p>Flacon de 100 ml pour eau de Cologne, en verre transparent avec fond stable. Vente directe d&#039;usine, \u00e9chantillons gratuits disponibles, id\u00e9al pour les commandes en gros de flacons de parfum avec options de personnalisation.<\/p>","protected":false},"featured_media":4185,"template":"","meta":{"postBodyCss":"","postBodyMargin":[],"postBodyPadding":[],"postBodyBackground":{"backgroundType":"classic","gradient":""}},"product_brand":[],"product_cat":[15,16,62],"product_tag":[],"class_list":{"0":"post-4177","1":"product","2":"type-product","3":"status-publish","4":"has-post-thumbnail","6":"product_cat-glass-containers","7":"product_cat-glass-bottles","8":"product_cat-perfume-bottles","10":"first","11":"instock","12":"shipping-taxable","13":"product-type-simple"},"jetpack_sharing_enabled":true,"_links":{"self":[{"href":"https:\/\/minghanggroup.com\/fr\/wp-json\/wp\/v2\/product\/4177","targetHints":{"allow":["GET"]}}],"collection":[{"href":"https:\/\/minghanggroup.com\/fr\/wp-json\/wp\/v2\/product"}],"about":[{"href":"https:\/\/minghanggroup.com\/fr\/wp-json\/wp\/v2\/types\/product"}],"wp:featuredmedia":[{"embeddable":true,"href":"https:\/\/minghanggroup.com\/fr\/wp-json\/wp\/v2\/media\/4185"}],"wp:attachment":[{"href":"https:\/\/minghanggroup.com\/fr\/wp-json\/wp\/v2\/media?parent=4177"}],"wp:term":[{"taxonomy":"product_brand","embeddable":true,"href":"https:\/\/minghanggroup.com\/fr\/wp-json\/wp\/v2\/product_brand?post=4177"},{"taxonomy":"product_cat","embeddable":true,"href":"https:\/\/minghanggroup.com\/fr\/wp-json\/wp\/v2\/product_cat?post=4177"},{"taxonomy":"product_tag","embeddable":true,"href":"https:\/\/minghanggroup.com\/fr\/wp-json\/wp\/v2\/product_tag?post=4177"}],"curies":[{"name":"wp","href":"https:\/\/api.w.org\/{rel}","templated":true}]}}