{"id":4176,"date":"2025-12-30T09:08:22","date_gmt":"2025-12-30T01:08:22","guid":{"rendered":"https:\/\/minghanggroup.com\/?post_type=product&#038;p=4176"},"modified":"2025-12-30T10:17:42","modified_gmt":"2025-12-30T02:17:42","slug":"50ml-empty-perfume-spray-bottles-with-vertical-stripes-bulk","status":"publish","type":"product","link":"https:\/\/minghanggroup.com\/fr\/produit\/50ml-empty-perfume-spray-bottles-with-vertical-stripes-bulk\/","title":{"rendered":"Flacons de parfum vides de 50 ml \u00e0 rayures verticales (vente en gros)"},"content":{"rendered":"<p>Le flacon de parfum vide de 50 ml est en verre transparent de haute qualit\u00e9. Sa texture \u00e0 rayures verticales lui conf\u00e8re un \u00e9clat particulier, et son bouchon noir \u00e9l\u00e9gant, orn\u00e9 d&#039;un anneau dor\u00e9 poli, lui apporte une touche de luxe discret.<\/p>\n<h2>Caract\u00e9ristiques du produit<\/h2>\n<ul>\n<li><strong>Bouteille \u00e0 rayures verticales :<\/strong> La bouteille pr\u00e9sente des rayures verticales denses qui augmentent la r\u00e9fraction de la lumi\u00e8re et am\u00e9liorent la prise en main.<\/li>\n<li><strong>Bouchon annulaire m\u00e9tallique :<\/strong> L&#039;anneau en m\u00e9tal et le capuchon noir orn\u00e9 d&#039;un anneau en m\u00e9tal dor\u00e9 forment une combinaison totalement naturelle avec une touche luxueuse, affirmant ainsi un positionnement haut de gamme.<\/li>\n<li><strong>Capacit\u00e9 universelle de 50 ml :<\/strong> Sa capacit\u00e9 de 50 ml et son design vertical saisissant en font un atout de choix pour toute coiffeuse.<\/li>\n<\/ul>\n<h2 style=\"text-align: left;\">Caract\u00e9ristiques principales<\/h2>\n<table class=\"aligncenter\" style=\"border-collapse: collapse; width: 412.52pt;\" border=\"0\" width=\"550\" cellspacing=\"0\" cellpadding=\"0\">\n<tbody>\n<tr style=\"height: 13.50pt;\">\n<td style=\"height: 13.50pt; width: 80.25pt;\" width=\"107\" height=\"18\">Sp\u00e9cification<\/td>\n<td style=\"width: 332.25pt;\" width=\"443\">D\u00e9tails<\/td>\n<\/tr>\n<tr style=\"height: 13.50pt;\">\n<td style=\"height: 13.50pt;\" height=\"18\">Capacit\u00e9<\/td>\n<td>50 ml<\/td>\n<\/tr>\n<tr style=\"height: 13.50pt;\">\n<td style=\"height: 13.50pt;\" height=\"18\">Dimensions<\/td>\n<td>55\u00d793mm<\/td>\n<\/tr>\n<tr style=\"height: 13.50pt;\">\n<td style=\"height: 13.50pt;\" height=\"18\">Mat\u00e9riel<\/td>\n<td>Corps en verre transparent \u00e0 rayures\u00a0; couvercle noir\u00a0; anneau en m\u00e9tal dor\u00e9<\/td>\n<\/tr>\n<tr style=\"height: 13.50pt;\">\n<td style=\"height: 13.50pt;\" height=\"18\">Forme de bouteille<\/td>\n<td>Cylindrique<\/td>\n<\/tr>\n<tr style=\"height: 13.50pt;\">\n<td style=\"height: 13.50pt;\" height=\"18\">Type de fermeture<\/td>\n<td>Bouchon noir avec anneau m\u00e9tallique dor\u00e9\u00a0; pompe de pulv\u00e9risation int\u00e9gr\u00e9e<\/td>\n<\/tr>\n<tr style=\"height: 13.50pt;\">\n<td style=\"height: 13.50pt;\" height=\"18\">Id\u00e9al pour<\/td>\n<td>Flacons de parfum vides, flacons de parfum en vrac<\/td>\n<\/tr>\n<\/tbody>\n<\/table>\n<h2>Succ\u00e8s : Collection exclusive d&#039;une c\u00e9l\u00e8bre marque de pharmacie new-yorkaise<\/h2>\n<p>Une pharmacie new-yorkaise r\u00e9put\u00e9e a lanc\u00e9 une ligne de parfum unisexe sur commande. Elle a choisi notre flacon de parfum en verre de 50 ml \u00e0 rayures verticales comme contenant exclusif, coiff\u00e9 d&#039;un bouchon en noyer fonc\u00e9. La texture \u00e0 rayures verticales offre une excellente prise en main, un atout pl\u00e9biscit\u00e9 par 95 % des clients ayant laiss\u00e9 un avis positif en ligne. Cette texture distinctive et famili\u00e8re a permis d&#039;atteindre un taux de vente de 50 % d\u00e8s le premier trimestre. Le pharmacien, ravi de l&#039;am\u00e9lioration de l&#039;image de marque et de l&#039;accueil des clients, a command\u00e9 300\u00a0000 flacons afin de tester le march\u00e9 international.<\/p>\n<h2>Flacons de parfum vides personnalis\u00e9s<\/h2>\n<ul>\n<li>Couleurs de verre personnalis\u00e9es \u2013 Il est propos\u00e9 dans des couleurs de verre taill\u00e9 \u00e0 rayures comme le gris fum\u00e9, le bleu cobalt ou l&#039;ambre.<\/li>\n<li>Bagues m\u00e9talliques personnalis\u00e9es \u2013 Peuvent \u00eatre r\u00e9alis\u00e9es dans de nombreux types de m\u00e9taux (cuivre, bronze, argent) et avec diff\u00e9rentes finitions pour les bagues d\u00e9coratives.<\/li>\n<li>Effet rayures givr\u00e9es \u2013 Rayures givr\u00e9es en relief pour am\u00e9liorer la diffusion de la lumi\u00e8re.<\/li>\n<li>Fond en relief \u2013 Il s&#039;agit d&#039;un logo ou d&#039;un badge en relief situ\u00e9 au fond de la bouteille et qui n&#039;est pas visible.<\/li>\n<\/ul>","protected":false},"excerpt":{"rendered":"<p>Flacons vaporisateurs de parfum vides haut de gamme, flacons en verre de 50 ml avec texture verticale, bouchon noir et bague dor\u00e9e. Vente directe d&#039;usine avec livraison rapide.<\/p>","protected":false},"featured_media":4178,"template":"","meta":{"postBodyCss":"","postBodyMargin":[],"postBodyPadding":[],"postBodyBackground":{"backgroundType":"classic","gradient":""}},"product_brand":[],"product_cat":[15,16,62],"product_tag":[],"class_list":{"0":"post-4176","1":"product","2":"type-product","3":"status-publish","4":"has-post-thumbnail","6":"product_cat-glass-containers","7":"product_cat-glass-bottles","8":"product_cat-perfume-bottles","10":"first","11":"instock","12":"shipping-taxable","13":"product-type-simple"},"jetpack_sharing_enabled":true,"_links":{"self":[{"href":"https:\/\/minghanggroup.com\/fr\/wp-json\/wp\/v2\/product\/4176","targetHints":{"allow":["GET"]}}],"collection":[{"href":"https:\/\/minghanggroup.com\/fr\/wp-json\/wp\/v2\/product"}],"about":[{"href":"https:\/\/minghanggroup.com\/fr\/wp-json\/wp\/v2\/types\/product"}],"wp:featuredmedia":[{"embeddable":true,"href":"https:\/\/minghanggroup.com\/fr\/wp-json\/wp\/v2\/media\/4178"}],"wp:attachment":[{"href":"https:\/\/minghanggroup.com\/fr\/wp-json\/wp\/v2\/media?parent=4176"}],"wp:term":[{"taxonomy":"product_brand","embeddable":true,"href":"https:\/\/minghanggroup.com\/fr\/wp-json\/wp\/v2\/product_brand?post=4176"},{"taxonomy":"product_cat","embeddable":true,"href":"https:\/\/minghanggroup.com\/fr\/wp-json\/wp\/v2\/product_cat?post=4176"},{"taxonomy":"product_tag","embeddable":true,"href":"https:\/\/minghanggroup.com\/fr\/wp-json\/wp\/v2\/product_tag?post=4176"}],"curies":[{"name":"wp","href":"https:\/\/api.w.org\/{rel}","templated":true}]}}