{"id":4170,"date":"2025-12-29T16:38:57","date_gmt":"2025-12-29T08:38:57","guid":{"rendered":"https:\/\/minghanggroup.com\/?post_type=product&#038;p=4170"},"modified":"2025-12-29T16:48:48","modified_gmt":"2025-12-29T08:48:48","slug":"3-oz-perfume-bottles-with-blue-ball-lids-wholesale","status":"publish","type":"product","link":"https:\/\/minghanggroup.com\/fr\/produit\/3-oz-perfume-bottles-with-blue-ball-lids-wholesale\/","title":{"rendered":"Flacons de parfum de 85 ml avec bouchons \u00e0 bille bleue (vente en gros)"},"content":{"rendered":"<p>Sublimez votre gamme de parfums avec des flacons de parfum en gros, comme ce v\u00e9ritable chef-d&#039;\u0153uvre : un flacon de parfum de 3 oz en verre transparent avec un \u00e9l\u00e9gant bouchon sph\u00e9rique bleu.<\/p>\n<h2>Caract\u00e9ristiques du produit<\/h2>\n<ul>\n<li><strong>Conception de capuchon sph\u00e9rique bleu :<\/strong> Le bouchon sph\u00e9rique bleu vif orn\u00e9 d&#039;un texte attire le regard et apporte une touche artistique \u00e0 la bouteille.<\/li>\n<li><strong>Corps en verre courb\u00e9 :<\/strong> Les lignes courbes de la bouteille, ainsi que la texture d\u00e9corative situ\u00e9e au centre de celle-ci, contribuent \u00e0 la prise en main et ajoutent de la profondeur au design minimaliste.<\/li>\n<li><strong>Mat\u00e9riau transparent :<\/strong> La transparence du verre permet de voir clairement la quantit\u00e9 de parfum restante et met \u00e9galement en valeur la clart\u00e9 du verre et son aspect \u00e9l\u00e9gant.<\/li>\n<\/ul>\n<h2 style=\"text-align: left;\">Caract\u00e9ristiques principales<\/h2>\n<table class=\"aligncenter\" style=\"border-collapse: collapse; width: 408.02pt;\" border=\"0\" width=\"544\" cellspacing=\"0\" cellpadding=\"0\">\n<tbody>\n<tr style=\"height: 13.50pt;\">\n<td style=\"height: 13.50pt; width: 84.00pt;\" width=\"112\" height=\"18\">Sp\u00e9cification<\/td>\n<td style=\"width: 324.00pt;\" width=\"432\">D\u00e9tails<\/td>\n<\/tr>\n<tr style=\"height: 13.50pt;\">\n<td style=\"height: 13.50pt;\" height=\"18\">Capacit\u00e9<\/td>\n<td>90 ml (environ 3 oz)<\/td>\n<\/tr>\n<tr style=\"height: 13.50pt;\">\n<td style=\"height: 13.50pt;\" height=\"18\">Dimensions<\/td>\n<td>60\u00d795mm<\/td>\n<\/tr>\n<tr style=\"height: 13.50pt;\">\n<td style=\"height: 13.50pt;\" height=\"18\">Mat\u00e9riel<\/td>\n<td>Corps en verre transparent ; capuchon en plastique\/m\u00e9tal<\/td>\n<\/tr>\n<tr style=\"height: 13.50pt;\">\n<td style=\"height: 13.50pt;\" height=\"18\">Accents de couleur<\/td>\n<td>Verre transparent clair ; capuchon sph\u00e9rique bleu vif<\/td>\n<\/tr>\n<tr style=\"height: 13.50pt;\">\n<td style=\"height: 13.50pt;\" height=\"18\">Type de fermeture<\/td>\n<td>Bouchon \u00e0 vis sph\u00e9rique bleu vif\u00a0; distributeur int\u00e9gr\u00e9 (pour parfum)<\/td>\n<\/tr>\n<tr style=\"height: 13.50pt;\">\n<td style=\"height: 13.50pt;\" height=\"18\">Id\u00e9al pour<\/td>\n<td>Flacons de parfum en gros, flacons de parfum avec bouchons<\/td>\n<\/tr>\n<\/tbody>\n<\/table>\n<h2>Histoire \u00e0 succ\u00e8s<\/h2>\n<p>L&#039;une des marques californiennes les plus populaires du secteur lifestyle a lanc\u00e9 une ligne de parfums inspir\u00e9e par l&#039;oc\u00e9an. Elle a choisi notre flacon de 90 ml comme produit phare, en revisitant le flacon d\u00e9poli vert d&#039;eau et le bouchon textur\u00e9 corail. Sa grande contenance et son aspect haut de gamme ont augment\u00e9 le prix de 40 % par rapport \u00e0 la version pr\u00e9c\u00e9dente. Le design distinctif du bouchon a g\u00e9n\u00e9r\u00e9 une hausse de 300 % des mentions sur Instagram. Fort de ce succ\u00e8s commercial et des excellents retours clients, la marque a pass\u00e9 une nouvelle commande de 175\u00a0000 flacons pour sa collection saisonni\u00e8re.<\/p>\n<h2>Options de personnalisation des flacons de parfum en gros<\/h2>\n<ul>\n<li>Couleurs et finitions de verre personnalis\u00e9es \u2013 Peut \u00eatre utilis\u00e9 dans une gamme de couleurs de verre (ambre, gris fum\u00e9), brillant ou lisse.<\/li>\n<li>Couleurs et textures du bouchon - Choisissez la couleur, la finition (brillante, mate) et la texture du bouchon sph\u00e9rique.<\/li>\n<li>Gravure laser sur verre \u2013 D\u00e9coupe de cercles de feuilles ou de motifs g\u00e9om\u00e9triques au-dessus ou en dessous des marquages \u200b\u200bau centre de la bouteille.<\/li>\n<li>Anneau d\u00e9coratif en m\u00e9tal \u2013 placez un anneau fin en m\u00e9tal (par exemple, en or ou en argent) entre le goulot de la bouteille et le bouchon.<\/li>\n<\/ul>","protected":false},"excerpt":{"rendered":"<p>Ces flacons de parfum en gros affichent un style luxueux et discret. Flacon de 90 ml (3 oz) avec un verre textur\u00e9 et un bouchon \u00e0 bille bleu. En stock, exp\u00e9dition imm\u00e9diate.<\/p>","protected":false},"featured_media":4171,"template":"","meta":{"postBodyCss":"","postBodyMargin":[],"postBodyPadding":[],"postBodyBackground":{"backgroundType":"classic","gradient":""}},"product_brand":[],"product_cat":[15,16,62],"product_tag":[],"class_list":{"0":"post-4170","1":"product","2":"type-product","3":"status-publish","4":"has-post-thumbnail","6":"product_cat-glass-containers","7":"product_cat-glass-bottles","8":"product_cat-perfume-bottles","10":"first","11":"instock","12":"shipping-taxable","13":"product-type-simple"},"jetpack_sharing_enabled":true,"_links":{"self":[{"href":"https:\/\/minghanggroup.com\/fr\/wp-json\/wp\/v2\/product\/4170","targetHints":{"allow":["GET"]}}],"collection":[{"href":"https:\/\/minghanggroup.com\/fr\/wp-json\/wp\/v2\/product"}],"about":[{"href":"https:\/\/minghanggroup.com\/fr\/wp-json\/wp\/v2\/types\/product"}],"wp:featuredmedia":[{"embeddable":true,"href":"https:\/\/minghanggroup.com\/fr\/wp-json\/wp\/v2\/media\/4171"}],"wp:attachment":[{"href":"https:\/\/minghanggroup.com\/fr\/wp-json\/wp\/v2\/media?parent=4170"}],"wp:term":[{"taxonomy":"product_brand","embeddable":true,"href":"https:\/\/minghanggroup.com\/fr\/wp-json\/wp\/v2\/product_brand?post=4170"},{"taxonomy":"product_cat","embeddable":true,"href":"https:\/\/minghanggroup.com\/fr\/wp-json\/wp\/v2\/product_cat?post=4170"},{"taxonomy":"product_tag","embeddable":true,"href":"https:\/\/minghanggroup.com\/fr\/wp-json\/wp\/v2\/product_tag?post=4170"}],"curies":[{"name":"wp","href":"https:\/\/api.w.org\/{rel}","templated":true}]}}