{"id":4151,"date":"2025-12-29T13:34:00","date_gmt":"2025-12-29T05:34:00","guid":{"rendered":"https:\/\/minghanggroup.com\/?post_type=product&#038;p=4151"},"modified":"2025-12-29T14:55:53","modified_gmt":"2025-12-29T06:55:53","slug":"clear-cylindrical-custom-fragrance-bottles-bulk","status":"publish","type":"product","link":"https:\/\/minghanggroup.com\/fr\/produit\/clear-cylindrical-custom-fragrance-bottles-bulk\/","title":{"rendered":"Flacons de parfum cylindriques transparents personnalis\u00e9s de 15 ml, 20 ml et 30 ml (vente en gros)"},"content":{"rendered":"<p>Ces flacons de parfum personnalis\u00e9s se pr\u00e9sentent dans un verre cylindrique \u00e9troit et transparent. Un bouchon carr\u00e9 minimaliste transparent, dot\u00e9 d&#039;un \u00e9l\u00e9gant embout argent\u00e9, compl\u00e8te leur design. Ce flacon de 30 ml allie \u00e0 la perfection minimalisme moderne et \u00e9l\u00e9gance discr\u00e8te.<\/p>\n<h2>Caract\u00e9ristiques du produit<\/h2>\n<ul>\n<li><strong>Bouteille cylindrique transparente :<\/strong> Sa forme fine permet de gagner de la place, elle est \u00e9l\u00e9gante et offre beaucoup d&#039;espace pour mettre en valeur votre marque.<\/li>\n<li><strong>Bouchon transparent avec embout m\u00e9tallique\u00a0:<\/strong> Le capuchon carr\u00e9 transparent est associ\u00e9 \u00e0 un embout en m\u00e9tal argent\u00e9, ce qui lui conf\u00e8re un aspect r\u00e9solument moderne.<\/li>\n<li><strong>Trois tailles :<\/strong> Des formats de 15 ml, 20 ml et 30 ml seront disponibles pour r\u00e9pondre aux besoins des formats d&#039;essai, des formats voyage et des produits en format standard.<\/li>\n<\/ul>\n<h2 style=\"text-align: left;\">Caract\u00e9ristiques principales<\/h2>\n<table class=\"aligncenter\" style=\"border-collapse: collapse; width: 490.52pt;\" border=\"0\" width=\"654\" cellspacing=\"0\" cellpadding=\"0\">\n<tbody>\n<tr style=\"height: 13.50pt;\">\n<td style=\"height: 13.50pt; width: 132.00pt;\" width=\"176\" height=\"18\">Sp\u00e9cification<\/td>\n<td style=\"width: 358.50pt;\" width=\"478\">D\u00e9tails<\/td>\n<\/tr>\n<tr style=\"height: 13.50pt;\">\n<td style=\"height: 13.50pt;\" height=\"18\">Dimensions<\/td>\n<td>15 ml : 25 \u00d7 84 mm ; 20 ml : 29 \u00d7 67 mm ; 30 ml : 33 \u00d7 98 mm<\/td>\n<\/tr>\n<tr style=\"height: 13.50pt;\">\n<td style=\"height: 13.50pt;\" height=\"18\">Mat\u00e9riel<\/td>\n<td>Corps en verre transparent, bouchon en plastique transparent, composants de pulv\u00e9risation en m\u00e9tal<\/td>\n<\/tr>\n<tr style=\"height: 13.50pt;\">\n<td style=\"height: 13.50pt;\" height=\"18\">Forme de bouteille<\/td>\n<td>Cylindre<\/td>\n<\/tr>\n<tr style=\"height: 13.50pt;\">\n<td style=\"height: 13.50pt;\" height=\"18\">Accents de couleur<\/td>\n<td>Verre transparent, accents m\u00e9talliques argent\u00e9s<\/td>\n<\/tr>\n<tr style=\"height: 13.50pt;\">\n<td style=\"height: 13.50pt;\" height=\"18\">Caract\u00e9ristique de fabrication<\/td>\n<td>Verre haute clart\u00e9, m\u00e9canisme de pulv\u00e9risation \u00e9tanche<\/td>\n<\/tr>\n<tr style=\"height: 13.50pt;\">\n<td style=\"height: 13.50pt;\" height=\"18\">Id\u00e9al pour<\/td>\n<td>Flacons de parfum personnalis\u00e9s<\/td>\n<\/tr>\n<\/tbody>\n<\/table>\n<h2>Une success story : le flacon de parfum typique d&#039;une marque minimaliste nordique<\/h2>\n<p>L&#039;une des marques de mode nordiques les plus populaires, r\u00e9put\u00e9e pour son design minimaliste, a choisi notre flacon de parfum de 30 ml comme mod\u00e8le standard, en modifiant le corps en verre d\u00e9poli et l&#039;embout noir mat. Fid\u00e8le \u00e0 ses valeurs de transparence totale, la marque a opt\u00e9 pour un design transparent, ce qui a permis de constater, lors d&#039;une enqu\u00eate, une augmentation de 45 % de la confiance envers la qualit\u00e9 du produit. Nos pompes \u00e9tanches affichent un taux de r\u00e9ussite de 99,8 % lors des exp\u00e9ditions \u00e0 travers le monde. Impressionn\u00e9 par la constance du produit et ses performances sur le march\u00e9, notre client a pass\u00e9 une nouvelle commande de 200\u00a0000 flacons.<\/p>\n<h2>Flacons de parfum individuels<\/h2>\n<ul>\n<li>Couleur ou teinte du verre personnalis\u00e9e \u2013 Disponible en verre ambr\u00e9, gris fum\u00e9 ou bleu clair.<\/li>\n<li>Couleur personnalis\u00e9e du bouchon d&#039;entretien \u2013 Ils proposeront des bouchons carr\u00e9s transparents en acrylique color\u00e9, en noir, blanc, gris et autres couleurs.<\/li>\n<li>Finition m\u00e9tallis\u00e9e en spray \u2013 Choisissez l&#039;or, l&#039;or rose, le noir ou le chrome comme finition de la t\u00eate de pompe.<\/li>\n<li>S\u00e9rigraphie sur verre \u2013 Il s&#039;agit d&#039;un proc\u00e9d\u00e9 qui permet d&#039;imprimer un logo, un motif ou un texte sur une surface en verre.<\/li>\n<\/ul>","protected":false},"excerpt":{"rendered":"<p>Flacons de parfum personnalis\u00e9s, flacons de 30 ml en verre transparent avec vaporisateur argent\u00e9. Approvisionnement direct d&#039;usine garantissant une qualit\u00e9 constante et des prix comp\u00e9titifs.<\/p>","protected":false},"featured_media":4159,"template":"","meta":{"postBodyCss":"","postBodyMargin":[],"postBodyPadding":[],"postBodyBackground":{"backgroundType":"classic","gradient":""}},"product_brand":[],"product_cat":[15,16,62],"product_tag":[],"class_list":{"0":"post-4151","1":"product","2":"type-product","3":"status-publish","4":"has-post-thumbnail","6":"product_cat-glass-containers","7":"product_cat-glass-bottles","8":"product_cat-perfume-bottles","10":"first","11":"instock","12":"shipping-taxable","13":"product-type-simple"},"jetpack_sharing_enabled":true,"_links":{"self":[{"href":"https:\/\/minghanggroup.com\/fr\/wp-json\/wp\/v2\/product\/4151","targetHints":{"allow":["GET"]}}],"collection":[{"href":"https:\/\/minghanggroup.com\/fr\/wp-json\/wp\/v2\/product"}],"about":[{"href":"https:\/\/minghanggroup.com\/fr\/wp-json\/wp\/v2\/types\/product"}],"wp:featuredmedia":[{"embeddable":true,"href":"https:\/\/minghanggroup.com\/fr\/wp-json\/wp\/v2\/media\/4159"}],"wp:attachment":[{"href":"https:\/\/minghanggroup.com\/fr\/wp-json\/wp\/v2\/media?parent=4151"}],"wp:term":[{"taxonomy":"product_brand","embeddable":true,"href":"https:\/\/minghanggroup.com\/fr\/wp-json\/wp\/v2\/product_brand?post=4151"},{"taxonomy":"product_cat","embeddable":true,"href":"https:\/\/minghanggroup.com\/fr\/wp-json\/wp\/v2\/product_cat?post=4151"},{"taxonomy":"product_tag","embeddable":true,"href":"https:\/\/minghanggroup.com\/fr\/wp-json\/wp\/v2\/product_tag?post=4151"}],"curies":[{"name":"wp","href":"https:\/\/api.w.org\/{rel}","templated":true}]}}