{"id":4140,"date":"2025-12-29T11:22:36","date_gmt":"2025-12-29T03:22:36","guid":{"rendered":"https:\/\/minghanggroup.com\/?post_type=product&#038;p=4140"},"modified":"2026-04-14T10:08:31","modified_gmt":"2026-04-14T02:08:31","slug":"100ml-tall-glass-perfume-bottles-for-fragrance-packaging-bulk","status":"publish","type":"product","link":"https:\/\/minghanggroup.com\/fr\/produit\/100ml-tall-glass-perfume-bottles-for-fragrance-packaging-bulk\/","title":{"rendered":"Flacons de parfum en verre de 100 ml pour le conditionnement en gros"},"content":{"rendered":"<p>Votre parfum m\u00e9rite un emballage qui respire la qualit\u00e9 au premier regard. Nous cr\u00e9ons des flacons de parfum en verre haut de gamme, con\u00e7us pour garantir le succ\u00e8s de votre fragrance \u2013 chaque flacon devenant ainsi la signature de votre marque.<\/p>\n<h2>Caract\u00e9ristiques du produit<\/h2>\n<ol>\n<li><strong>Design \u00e9lanc\u00e9 et \u00e9l\u00e9gant :<\/strong> Les flacons de parfum en verre sont con\u00e7us dans une forme cylindrique \u00e9lanc\u00e9e, avec un pied haut et des \u00e9paules lisses et arrondies, ce qui leur conf\u00e8re une forte impression de modernit\u00e9 et leur permet d&#039;attirer facilement l&#039;attention sur les \u00e9tag\u00e8res.<\/li>\n<li><strong>Clart\u00e9 cristalline :<\/strong> Nos flacons de parfum en verre sont un \u00e9crin parfait pour votre fragrance, con\u00e7ue dans le plus pur style moderne qui attire le regard.<\/li>\n<li><strong>Syst\u00e8me de pulv\u00e9risation polyvalent\u00a0:<\/strong> Le vaporisateur int\u00e9gr\u00e9 diffuse une fine brume pour une application uniforme, le choix id\u00e9al pour une ligne de parfums personnalis\u00e9e.<\/li>\n<\/ol>\n<h2>Caract\u00e9ristiques principales<\/h2>\n<table style=\"border-collapse: collapse; width: 80%; margin-left: auto; margin-right: auto;\" border=\"0\" width=\"432\" cellspacing=\"0\" cellpadding=\"0\">\n<tbody>\n<tr style=\"height: 13.50pt;\">\n<td style=\"height: 13.5pt; width: 54pt; text-align: center;\" width=\"72\" height=\"18\">Capacit\u00e9<\/td>\n<td style=\"width: 54pt; text-align: center;\" width=\"72\">Taille<\/td>\n<td style=\"width: 54pt; text-align: center;\" width=\"72\">Diam\u00e8tre du col<\/td>\n<td style=\"width: 54pt; text-align: center;\" width=\"72\">Forme<\/td>\n<td style=\"width: 54pt; text-align: center;\" width=\"72\">Type de fermeture<\/td>\n<td style=\"width: 54pt; text-align: center;\" width=\"72\">Options de couleur<\/td>\n<\/tr>\n<tr style=\"height: 13.50pt;\">\n<td style=\"height: 13.5pt; text-align: center;\" height=\"18\">100 ml<\/td>\n<td style=\"text-align: center;\">40 x 129 mm<\/td>\n<td style=\"text-align: center;\">15 mm<\/td>\n<td style=\"text-align: center;\">Cylindrique<\/td>\n<td style=\"text-align: center;\">Col serti + pulv\u00e9risateur<\/td>\n<td style=\"text-align: center;\">Personnalisable<\/td>\n<\/tr>\n<\/tbody>\n<\/table>\n<h2>Cas de r\u00e9ussite<\/h2>\n<p>Une nouvelle marque de parfums a choisi ce flacon cylindrique en verre comme emballage standard pour sa gamme de parfums quotidiens. La transparence du flacon et la sobri\u00e9t\u00e9 des lignes soulignent la qualit\u00e9 du parfum et le rendent facilement reconnaissable. Gr\u00e2ce au succ\u00e8s rencontr\u00e9 par le produit sur les plateformes de e-commerce et de shopping en ligne, les ventes du premier trimestre ont d\u00e9pass\u00e9 les pr\u00e9visions d&#039;environ 28 %, dont plus de 35 % de commandes renouvel\u00e9es.<\/p>\n<h2>Votre parcours de personnalisation<\/h2>\n<p>Ces flacons de parfum en verre sont con\u00e7us pour \u00eatre facilement modulables en termes de contenance et de proportions, en fonction du positionnement de la marque. Ils r\u00e9pondent ainsi aux exigences des diff\u00e9rents types de parfums et des sp\u00e9cifications des circuits de distribution. Pour une finition plus \u00e9l\u00e9gante, le flacon peut \u00eatre r\u00e9alis\u00e9 en verre blanc transparent de haute qualit\u00e9 ou b\u00e9n\u00e9ficier d&#039;un l\u00e9ger traitement de vaporisation. Le goulot est compatible avec divers syst\u00e8mes de vaporisation, qu&#039;il s&#039;agisse de solutions classiques ou \u00e0 vaporisation fine, pour une exp\u00e9rience utilisateur optimale. C\u00f4t\u00e9 design, des proc\u00e9d\u00e9s tels que la s\u00e9rigraphie, le marquage \u00e0 chaud, l&#039;\u00e9tiquetage ou la vaporisation partielle permettent une meilleure reconnaissance de la marque. Le bouchon peut \u00eatre personnalis\u00e9 avec diff\u00e9rentes couleurs ou mat\u00e9riaux, afin d&#039;adapter l&#039;emballage aux besoins des diff\u00e9rents segments de march\u00e9\u00a0: parfums haut de gamme, de niche ou grand public.<\/p>","protected":false},"excerpt":{"rendered":"<p>Flacon de parfum en verre haut de gamme, directement du fabricant. Commandes en gros possibles, \u00e9chantillons gratuits et livraison internationale pour les marques.<\/p>","protected":false},"featured_media":4144,"template":"","meta":{"postBodyCss":"","postBodyMargin":[],"postBodyPadding":[],"postBodyBackground":{"backgroundType":"classic","gradient":""}},"product_brand":[],"product_cat":[15,16,62],"product_tag":[111],"class_list":{"0":"post-4140","1":"product","2":"type-product","3":"status-publish","4":"has-post-thumbnail","6":"product_cat-glass-containers","7":"product_cat-glass-bottles","8":"product_cat-perfume-bottles","9":"product_tag-glass-mist-bottles","11":"first","12":"instock","13":"shipping-taxable","14":"product-type-simple"},"jetpack_sharing_enabled":true,"_links":{"self":[{"href":"https:\/\/minghanggroup.com\/fr\/wp-json\/wp\/v2\/product\/4140","targetHints":{"allow":["GET"]}}],"collection":[{"href":"https:\/\/minghanggroup.com\/fr\/wp-json\/wp\/v2\/product"}],"about":[{"href":"https:\/\/minghanggroup.com\/fr\/wp-json\/wp\/v2\/types\/product"}],"wp:featuredmedia":[{"embeddable":true,"href":"https:\/\/minghanggroup.com\/fr\/wp-json\/wp\/v2\/media\/4144"}],"wp:attachment":[{"href":"https:\/\/minghanggroup.com\/fr\/wp-json\/wp\/v2\/media?parent=4140"}],"wp:term":[{"taxonomy":"product_brand","embeddable":true,"href":"https:\/\/minghanggroup.com\/fr\/wp-json\/wp\/v2\/product_brand?post=4140"},{"taxonomy":"product_cat","embeddable":true,"href":"https:\/\/minghanggroup.com\/fr\/wp-json\/wp\/v2\/product_cat?post=4140"},{"taxonomy":"product_tag","embeddable":true,"href":"https:\/\/minghanggroup.com\/fr\/wp-json\/wp\/v2\/product_tag?post=4140"}],"curies":[{"name":"wp","href":"https:\/\/api.w.org\/{rel}","templated":true}]}}