{"id":4134,"date":"2025-12-29T10:07:40","date_gmt":"2025-12-29T02:07:40","guid":{"rendered":"https:\/\/minghanggroup.com\/?post_type=product&#038;p=4134"},"modified":"2025-12-29T17:27:51","modified_gmt":"2025-12-29T09:27:51","slug":"fancy-custom-cologne-bottles-with-gold-lids-bulk","status":"publish","type":"product","link":"https:\/\/minghanggroup.com\/fr\/produit\/fancy-custom-cologne-bottles-with-gold-lids-bulk\/","title":{"rendered":"Flacons de parfum personnalis\u00e9s de luxe de 50 ml et 100 ml avec bouchons dor\u00e9s (vente en gros)"},"content":{"rendered":"<p>Il vous faut un emballage qui conf\u00e8re \u00e0 votre parfum une allure luxueuse au premier regard. Nous cr\u00e9ons des flacons d&#039;eau de Cologne sur mesure, con\u00e7us pour assurer le succ\u00e8s de votre parfum \u2013 chaque flacon raffin\u00e9 devenant ainsi la signature de votre marque.<\/p>\n<h2>Caract\u00e9ristiques du produit<\/h2>\n<ul>\n<li><strong>Mat\u00e9riau en verre de haute clart\u00e9\u00a0:<\/strong>Nos flacons de parfum en cristal sont le support id\u00e9al pour mettre en valeur la couleur originale d&#039;un parfum et constituent ainsi un atout visuel imm\u00e9diat.<\/li>\n<li><strong>Silhouette arrondie et \u00e9l\u00e9gante :<\/strong>Les lignes fluides et \u00e9l\u00e9gantes de nos flacons de parfum raffin\u00e9s offrent une \u00e9l\u00e9gance moderne qui se d\u00e9marque sur n&#039;importe quelle \u00e9tag\u00e8re.<\/li>\n<li><strong>Conception de base stable\u00a0:<\/strong>Le fond \u00e9pais du flacon de parfum en verre permet de l&#039;exposer non seulement lors d&#039;une exposition de flacons de parfum en verre, mais aussi de l&#039;utiliser au quotidien.<\/li>\n<li><strong>Options de bouchons d\u00e9coratifs\u00a0:<\/strong>En choisissant des bouchons m\u00e9talliques avec des touches de couleur, vous ajoutez la touche finale d&#039;un style haut de gamme.<\/li>\n<\/ul>\n<h2>Caract\u00e9ristiques principales<\/h2>\n<table style=\"border-collapse: collapse; width: 80%; margin-left: auto; margin-right: auto;\" border=\"0\" width=\"360\" cellspacing=\"0\" cellpadding=\"0\">\n<tbody>\n<tr style=\"height: 13.50pt;\">\n<td style=\"height: 13.5pt; width: 54pt; text-align: center;\" width=\"72\" height=\"18\">Capacit\u00e9 (ml)<\/td>\n<td style=\"width: 54pt; text-align: center;\" width=\"72\">Taille (mm)<\/td>\n<td style=\"width: 54pt; text-align: center;\" width=\"72\">Diam\u00e8tre du col<\/td>\n<td style=\"width: 54pt; text-align: center;\" width=\"72\">M\u00e9thode de scellement<\/td>\n<td style=\"width: 54pt; text-align: center;\" width=\"72\">Option de couleur<\/td>\n<\/tr>\n<tr style=\"height: 13.50pt;\">\n<td style=\"height: 13.5pt; text-align: center;\" height=\"18\">50<\/td>\n<td style=\"text-align: center;\">43 x 77<\/td>\n<td class=\"et2\" style=\"text-align: center;\" rowspan=\"2\">15 mm<\/td>\n<td class=\"et2\" style=\"text-align: center;\" rowspan=\"2\">Col \u00e0 pression + atomiseur<\/td>\n<td class=\"et2\" style=\"text-align: center;\" rowspan=\"2\">Personnalisable<\/td>\n<\/tr>\n<tr style=\"height: 13.50pt;\">\n<td style=\"height: 13.5pt; text-align: center;\" height=\"18\">100<\/td>\n<td style=\"text-align: center;\">52 x 93<\/td>\n<\/tr>\n<\/tbody>\n<\/table>\n<h2>Succ\u00e8s des flacons de parfum de luxe<\/h2>\n<p>Une marque de parfums ciblant les circuits de distribution internationaux, le e-commerce et les boutiques a choisi ce flacon comme emballage principal de sa gamme de luxe. La qualit\u00e9 visuelle globale de la pr\u00e9sentation a \u00e9t\u00e9 consid\u00e9rablement rehauss\u00e9e par l&#039;ajustement des proportions du flacon et l&#039;utilisation d&#039;un bouchon m\u00e9tallique brillant.<\/p>\n<p>Les taux de conversion ont augment\u00e9 de mani\u00e8re significative lors des principales activit\u00e9s promotionnelles de la plateforme apr\u00e8s le lancement du produit, et les ventes de la s\u00e9rie ont progress\u00e9 d&#039;environ 28 % en trois mois par rapport \u00e0 l&#039;ann\u00e9e pr\u00e9c\u00e9dente.<\/p>\n<h2>Votre parcours de personnalisation<\/h2>\n<p>Cr\u00e9er un souvenir est encore plus pr\u00e9cieux que de vendre un parfum. Des couleurs de bouchon uniques ou des motifs d\u00e9coratifs en accord avec l&#039;histoire de votre marque contribuent \u00e0 personnaliser vos flacons d&#039;eau de Cologne. Les huiles essentielles ou votre gamme de parfums personnalis\u00e9s b\u00e9n\u00e9ficieront d&#039;un syst\u00e8me de pression, d&#039;un col ajust\u00e9 et d&#039;un vaporisateur performant qui diffuse une brume fine. Choisissez parmi nos flacons en verre la taille qui correspond \u00e0 vos besoins d&#039;emballage et profitez d&#039;une livraison rapide pour vos commandes en gros. Offrez \u00e0 vos flacons de parfum un cadeau luxueux gr\u00e2ce \u00e0 un bouchon \u00e0 la finition m\u00e9tallique.<\/p>","protected":false},"excerpt":{"rendered":"<p>Flacons de parfum personnalis\u00e9s, directement du fabricant. Livraison internationale fiable et personnalisation de marque garantie. \u00c9chantillon gratuit.<\/p>","protected":false},"featured_media":4137,"template":"","meta":{"postBodyCss":"","postBodyMargin":[],"postBodyPadding":[],"postBodyBackground":{"backgroundType":"classic","gradient":""}},"product_brand":[],"product_cat":[15,16,62],"product_tag":[],"class_list":{"0":"post-4134","1":"product","2":"type-product","3":"status-publish","4":"has-post-thumbnail","6":"product_cat-glass-containers","7":"product_cat-glass-bottles","8":"product_cat-perfume-bottles","10":"first","11":"instock","12":"shipping-taxable","13":"product-type-simple"},"jetpack_sharing_enabled":true,"_links":{"self":[{"href":"https:\/\/minghanggroup.com\/fr\/wp-json\/wp\/v2\/product\/4134","targetHints":{"allow":["GET"]}}],"collection":[{"href":"https:\/\/minghanggroup.com\/fr\/wp-json\/wp\/v2\/product"}],"about":[{"href":"https:\/\/minghanggroup.com\/fr\/wp-json\/wp\/v2\/types\/product"}],"wp:featuredmedia":[{"embeddable":true,"href":"https:\/\/minghanggroup.com\/fr\/wp-json\/wp\/v2\/media\/4137"}],"wp:attachment":[{"href":"https:\/\/minghanggroup.com\/fr\/wp-json\/wp\/v2\/media?parent=4134"}],"wp:term":[{"taxonomy":"product_brand","embeddable":true,"href":"https:\/\/minghanggroup.com\/fr\/wp-json\/wp\/v2\/product_brand?post=4134"},{"taxonomy":"product_cat","embeddable":true,"href":"https:\/\/minghanggroup.com\/fr\/wp-json\/wp\/v2\/product_cat?post=4134"},{"taxonomy":"product_tag","embeddable":true,"href":"https:\/\/minghanggroup.com\/fr\/wp-json\/wp\/v2\/product_tag?post=4134"}],"curies":[{"name":"wp","href":"https:\/\/api.w.org\/{rel}","templated":true}]}}