{"id":4122,"date":"2025-12-26T15:30:44","date_gmt":"2025-12-26T07:30:44","guid":{"rendered":"https:\/\/minghanggroup.com\/?post_type=product&#038;p=4122"},"modified":"2025-12-26T16:12:42","modified_gmt":"2025-12-26T08:12:42","slug":"square-small-perfume-roller-bottles-bulk","status":"publish","type":"product","link":"https:\/\/minghanggroup.com\/fr\/produit\/square-small-perfume-roller-bottles-bulk\/","title":{"rendered":"Flacons roll-on carr\u00e9s de 10 ml pour parfum, en gros"},"content":{"rendered":"<p>Ce petit flacon de parfum, au design minimaliste et carr\u00e9, est fabriqu\u00e9 en verre et dot\u00e9 d&#039;un applicateur \u00e0 bille classique. De ce fait, c&#039;est un excellent flacon de parfum. Sa petite taille et la robustesse du mat\u00e9riau qui le compose le rendent \u00e9galement tr\u00e8s pratique et facile \u00e0 transporter.<\/p>\n<h2>Caract\u00e9ristiques du produit<\/h2>\n<ul>\n<li><strong>Conception \u00e0 bille applicable\u00a0:<\/strong> Le design \u00e0 bille sup\u00e9rieure permet une application simple et facile du parfum et un contr\u00f4le ais\u00e9 de la quantit\u00e9 diffus\u00e9e.<\/li>\n<li><strong>Bouteille carr\u00e9e en verre transparent :<\/strong> Son design \u00e9pur\u00e9 et moderne, ainsi que son corps en verre transparent, permettent de visualiser clairement la quantit\u00e9 de parfum restante.<\/li>\n<li><strong>Format portable 10 ml :<\/strong> Il est petit et se glisse facilement dans un portefeuille ou une poche, et m\u00eame en voyage, il \u00e9vite efficacement les fuites.<\/li>\n<\/ul>\n<h2 style=\"text-align: left;\">Caract\u00e9ristiques principales<\/h2>\n<table class=\"aligncenter\" style=\"border-collapse: collapse; width: 382.52pt;\" border=\"0\" width=\"510\" cellspacing=\"0\" cellpadding=\"0\">\n<tbody>\n<tr style=\"height: 13.50pt;\">\n<td style=\"height: 13.50pt; width: 111.75pt;\" width=\"149\" height=\"18\">Sp\u00e9cification<\/td>\n<td style=\"width: 270.75pt;\" width=\"361\">D\u00e9tails<\/td>\n<\/tr>\n<tr style=\"height: 13.50pt;\">\n<td style=\"height: 13.50pt;\" height=\"18\">Capacit\u00e9<\/td>\n<td>10 ml<\/td>\n<\/tr>\n<tr style=\"height: 13.50pt;\">\n<td style=\"height: 13.50pt;\" height=\"18\">Dimensions (L x H)<\/td>\n<td>1,7 \u00d7 11,2 cm<\/td>\n<\/tr>\n<tr style=\"height: 13.50pt;\">\n<td style=\"height: 13.50pt;\" height=\"18\">Mat\u00e9riel<\/td>\n<td>Verre transparent, capuchon en m\u00e9tal et bille<\/td>\n<\/tr>\n<tr style=\"height: 13.50pt;\">\n<td style=\"height: 13.50pt;\" height=\"18\">Forme de bouteille<\/td>\n<td>Prisme carr\u00e9<\/td>\n<\/tr>\n<tr style=\"height: 13.50pt;\">\n<td style=\"height: 13.50pt;\" height=\"18\">Caract\u00e9ristique du mat\u00e9riau<\/td>\n<td>Durable, \u00e9tanche, finition haut de gamme<\/td>\n<\/tr>\n<tr style=\"height: 13.50pt;\">\n<td style=\"height: 13.50pt;\" height=\"18\">Id\u00e9al pour<\/td>\n<td>Flacons \u00e0 bille pour parfum, petits flacons de parfum<\/td>\n<\/tr>\n<\/tbody>\n<\/table>\n<h2>Succ\u00e8s garanti : Un produit phare d&#039;une marque d&#039;aromath\u00e9rapie<\/h2>\n<p>Notre petit flacon de parfum de 10 ml a \u00e9t\u00e9 choisi par une marque de produits de sant\u00e9 sp\u00e9cialis\u00e9e en aromath\u00e9rapie. Son applicateur \u00e0 bille garantit une application parfaite et sans gaspillage. D&#039;apr\u00e8s les retours clients, la dur\u00e9e de vie du produit a \u00e9t\u00e9 augment\u00e9e de 30 %. Son \u00e9tanch\u00e9it\u00e9 assure un taux de r\u00e9ussite de 99,9 % lors de l&#039;exp\u00e9dition, et nous n&#039;avons re\u00e7u aucune plainte de la part des clients. Fort de ces excellents r\u00e9sultats et des ventes croissantes, le client a pass\u00e9 une nouvelle commande de 120\u00a0000 flacons.<\/p>\n<h2>Les options de personnalisation des flacons de parfum \u00e0 bille comprennent<\/h2>\n<ul>\n<li>Couleur du bouchon personnalis\u00e9e \u2013 Choisissez la couleur du bouchon m\u00e9tallique selon la couleur Pantene ou de marque souhait\u00e9e.<\/li>\n<li>Couleur du flacon \u2013 Ils sont pr\u00e9sent\u00e9s dans un flacon carr\u00e9 en verre ambr\u00e9, bleu cobalt ou vert afin de les prot\u00e9ger de la lumi\u00e8re.<\/li>\n<li>S\u00e9rigraphie sur verre \u2013 Faites imprimer votre logo ou votre motif sur la bouteille en verre.<\/li>\n<li>Surface en verre d\u00e9poli \u2013 D\u00e9polir toute la surface ou une partie de celle-ci pour cr\u00e9er un effet luxueux.<\/li>\n<\/ul>","protected":false},"excerpt":{"rendered":"<p>D\u00e9couvrez les flacons roll-on de parfum de 10 ml au design carr\u00e9 minimaliste. Ce petit flacon transparent est chic et pratique \u00e0 emporter partout. Demandez des \u00e9chantillons gratuits\u00a0!<\/p>","protected":false},"featured_media":4126,"template":"","meta":{"postBodyCss":"","postBodyMargin":[],"postBodyPadding":[],"postBodyBackground":{"backgroundType":"classic","gradient":""}},"product_brand":[],"product_cat":[15,16,62],"product_tag":[],"class_list":{"0":"post-4122","1":"product","2":"type-product","3":"status-publish","4":"has-post-thumbnail","6":"product_cat-glass-containers","7":"product_cat-glass-bottles","8":"product_cat-perfume-bottles","10":"first","11":"instock","12":"shipping-taxable","13":"product-type-simple"},"jetpack_sharing_enabled":true,"_links":{"self":[{"href":"https:\/\/minghanggroup.com\/fr\/wp-json\/wp\/v2\/product\/4122","targetHints":{"allow":["GET"]}}],"collection":[{"href":"https:\/\/minghanggroup.com\/fr\/wp-json\/wp\/v2\/product"}],"about":[{"href":"https:\/\/minghanggroup.com\/fr\/wp-json\/wp\/v2\/types\/product"}],"wp:featuredmedia":[{"embeddable":true,"href":"https:\/\/minghanggroup.com\/fr\/wp-json\/wp\/v2\/media\/4126"}],"wp:attachment":[{"href":"https:\/\/minghanggroup.com\/fr\/wp-json\/wp\/v2\/media?parent=4122"}],"wp:term":[{"taxonomy":"product_brand","embeddable":true,"href":"https:\/\/minghanggroup.com\/fr\/wp-json\/wp\/v2\/product_brand?post=4122"},{"taxonomy":"product_cat","embeddable":true,"href":"https:\/\/minghanggroup.com\/fr\/wp-json\/wp\/v2\/product_cat?post=4122"},{"taxonomy":"product_tag","embeddable":true,"href":"https:\/\/minghanggroup.com\/fr\/wp-json\/wp\/v2\/product_tag?post=4122"}],"curies":[{"name":"wp","href":"https:\/\/api.w.org\/{rel}","templated":true}]}}