{"id":4121,"date":"2025-12-26T16:45:56","date_gmt":"2025-12-26T08:45:56","guid":{"rendered":"https:\/\/minghanggroup.com\/?post_type=product&#038;p=4121"},"modified":"2025-12-26T17:01:06","modified_gmt":"2025-12-26T09:01:06","slug":"custom-empty-cologne-bottles-with-wooden-lids-wholesale","status":"publish","type":"product","link":"https:\/\/minghanggroup.com\/fr\/produit\/custom-empty-cologne-bottles-with-wooden-lids-wholesale\/","title":{"rendered":"Flacons de colophane vides personnalis\u00e9s de 30 ml, 50 ml et 100 ml avec bouchons en bois (vente en gros)"},"content":{"rendered":"<p>Votre parfum m\u00e9rite un \u00e9crin \u00e0 la hauteur de sa fragrance. Nous fabriquons en gros des flacons d&#039;eau de Cologne haut de gamme, con\u00e7us pour optimiser le succ\u00e8s de votre marque\u00a0: chaque flacon vide devient ainsi un symbole de votre embl\u00e8me.<\/p>\n<h2>Caract\u00e9ristiques du produit<\/h2>\n<ol>\n<li><strong>Design moderne et \u00e9l\u00e9gant\u00a0:<\/strong> Les \u00e9l\u00e9ments minimalistes et modernes, associ\u00e9s \u00e0 la forme sph\u00e9rique inhabituelle du bouchon de nos flacons de parfum en verre transparent, cr\u00e9ent un contraste visuel saisissant et esth\u00e9tique.<\/li>\n<li><strong>Durable et \u00e9cologique :<\/strong> Fabriqu\u00e9 \u00e0 partir de verre haut de gamme, durable et r\u00e9sistant, et de bois naturel, ce flacon d&#039;eau de Cologne est une solution d&#039;emballage \u00e9cologique pour l&#039;industrie du parfum qui ne perd rien de son attrait.<\/li>\n<li><strong>Bouchon de bouteille \u00e0 motif bois :<\/strong> Le couvercle en bois conf\u00e8re au produit une certaine classe et un raffinement, lui donnant une allure naturelle et \u00e9cologique tout en \u00e9tant le moyen le plus herm\u00e9tique et le plus s\u00fbr de pr\u00e9server la fra\u00eecheur du parfum \u00e0 l&#039;int\u00e9rieur.<\/li>\n<\/ol>\n<h2>Caract\u00e9ristiques principales<\/h2>\n<table style=\"border-collapse: collapse; width: 80%; margin-left: auto; margin-right: auto;\" border=\"0\" width=\"288\" cellspacing=\"0\" cellpadding=\"0\">\n<tbody>\n<tr style=\"height: 13.50pt;\">\n<td style=\"height: 13.5pt; width: 54pt; text-align: center;\" width=\"72\" height=\"18\">Capacit\u00e9 (ml)<\/td>\n<td style=\"width: 54pt; text-align: center;\" width=\"72\">Taille (mm)<\/td>\n<td style=\"width: 54pt; text-align: center;\" width=\"72\">Diam\u00e8tre du col<\/td>\n<td style=\"width: 54pt; text-align: center;\" width=\"72\">Options de couleur<\/td>\n<\/tr>\n<tr style=\"height: 13.50pt;\">\n<td style=\"height: 13.5pt; text-align: center;\" align=\"right\" height=\"18\">30<\/td>\n<td style=\"text-align: center;\">45 x 56<\/td>\n<td class=\"et2\" style=\"text-align: center;\" rowspan=\"3\">15 mm<\/td>\n<td class=\"et2\" style=\"text-align: center;\" rowspan=\"3\">Sur mesure (verre uniquement)<\/td>\n<\/tr>\n<tr style=\"height: 13.50pt;\">\n<td style=\"height: 13.5pt; text-align: center;\" align=\"right\" height=\"18\">50<\/td>\n<td style=\"text-align: center;\">51 x 72<\/td>\n<\/tr>\n<tr style=\"height: 13.50pt;\">\n<td style=\"height: 13.5pt; text-align: center;\" align=\"right\" height=\"18\">100<\/td>\n<td style=\"text-align: center;\">57 x 84<\/td>\n<\/tr>\n<\/tbody>\n<\/table>\n<h2>Cas de r\u00e9ussite<\/h2>\n<p>Une des plus grandes marques de parfums a choisi ce flacon de 50 ml avec bouchon en bois pour sa nouvelle gamme de fragrances. La marque souhaitait exprimer un mariage entre nature et luxe, et ces flacons, disponibles en gros, associ\u00e9s \u00e0 l&#039;\u00e9l\u00e9gance du bouchon en bois, correspondaient parfaitement \u00e0 cette vision. La simplicit\u00e9 du flacon et le choix de mat\u00e9riaux haut de gamme ont sublim\u00e9 le produit, faisant ainsi de l&#039;argument de vente principal de la marque un \u00e9l\u00e9ment central de son identit\u00e9.<\/p>\n<p>Depuis le relancement de la marque, le volume des ventes a augment\u00e9 de 22 % et les consommateurs ont \u00e9galement largement salu\u00e9 l&#039;emballage du produit et l&#039;utilisation de mat\u00e9riaux \u00e9cologiques.<\/p>\n<h2>Vos conseils de personnalisation<\/h2>\n<p>Lors de la personnalisation de ce flacon de parfum, plusieurs id\u00e9es originales peuvent renforcer la notori\u00e9t\u00e9 de la marque. Vous pouvez, par exemple, exp\u00e9rimenter avec des textures ou des motifs uniques sur le flacon, gr\u00e2ce \u00e0 la gravure ou au gaufrage. Outre l&#039;am\u00e9lioration du toucher, cela conf\u00e8re au flacon une dimension plus cr\u00e9ative. Vous pouvez \u00e9galement opter pour un verre color\u00e9 d\u00e9grad\u00e9, cr\u00e9ant un effet de d\u00e9grad\u00e9 du bas vers le haut, pour un impact visuel accru et une impression de profondeur. Concernant le bouchon, un traitement de surface diff\u00e9rent, comme un fini d\u00e9poli ou brillant, peut \u00eatre envisag\u00e9. Ce type de finition souligne le caract\u00e8re distinctif de la marque et contribue \u00e0 son image \u00e9co-responsable et luxueuse. Enfin, pour accentuer cette impression de luxe, des incrustations m\u00e9talliques ou des ornements de pierres pr\u00e9cieuses peuvent \u00e9galement \u00eatre utiles.<\/p>","protected":false},"excerpt":{"rendered":"<p>D\u00e9couvrez notre gamme de flacons de parfum vides haut de gamme en gros, id\u00e9ale pour vos besoins d&#039;emballage. Nous proposons \u00e9galement des services de personnalisation pour les commandes en gros. N&#039;h\u00e9sitez pas \u00e0 nous contacter pour toute demande.<\/p>","protected":false},"featured_media":4129,"template":"","meta":{"postBodyCss":"","postBodyMargin":[],"postBodyPadding":[],"postBodyBackground":{"backgroundType":"classic","gradient":""}},"product_brand":[],"product_cat":[15,16,62],"product_tag":[],"class_list":{"0":"post-4121","1":"product","2":"type-product","3":"status-publish","4":"has-post-thumbnail","6":"product_cat-glass-containers","7":"product_cat-glass-bottles","8":"product_cat-perfume-bottles","10":"first","11":"instock","12":"shipping-taxable","13":"product-type-simple"},"jetpack_sharing_enabled":true,"_links":{"self":[{"href":"https:\/\/minghanggroup.com\/fr\/wp-json\/wp\/v2\/product\/4121","targetHints":{"allow":["GET"]}}],"collection":[{"href":"https:\/\/minghanggroup.com\/fr\/wp-json\/wp\/v2\/product"}],"about":[{"href":"https:\/\/minghanggroup.com\/fr\/wp-json\/wp\/v2\/types\/product"}],"wp:featuredmedia":[{"embeddable":true,"href":"https:\/\/minghanggroup.com\/fr\/wp-json\/wp\/v2\/media\/4129"}],"wp:attachment":[{"href":"https:\/\/minghanggroup.com\/fr\/wp-json\/wp\/v2\/media?parent=4121"}],"wp:term":[{"taxonomy":"product_brand","embeddable":true,"href":"https:\/\/minghanggroup.com\/fr\/wp-json\/wp\/v2\/product_brand?post=4121"},{"taxonomy":"product_cat","embeddable":true,"href":"https:\/\/minghanggroup.com\/fr\/wp-json\/wp\/v2\/product_cat?post=4121"},{"taxonomy":"product_tag","embeddable":true,"href":"https:\/\/minghanggroup.com\/fr\/wp-json\/wp\/v2\/product_tag?post=4121"}],"curies":[{"name":"wp","href":"https:\/\/api.w.org\/{rel}","templated":true}]}}