{"id":4112,"date":"2025-12-26T14:23:16","date_gmt":"2025-12-26T06:23:16","guid":{"rendered":"https:\/\/minghanggroup.com\/?post_type=product&#038;p=4112"},"modified":"2025-12-26T15:30:50","modified_gmt":"2025-12-26T07:30:50","slug":"custom-10ml-small-vintage-perfume-bottles-bulk","status":"publish","type":"product","link":"https:\/\/minghanggroup.com\/fr\/produit\/custom-10ml-small-vintage-perfume-bottles-bulk\/","title":{"rendered":"Flacons de parfum vintage personnalis\u00e9s de 10 ml en gros"},"content":{"rendered":"<p>Ce flacon de parfum vintage pr\u00e9sente un design g\u00e9om\u00e9trique tr\u00e8s simple, avec un corps en verre carr\u00e9 aux parois droites. L&#039;embout en m\u00e9tal est plaqu\u00e9 or et orn\u00e9 d&#039;un pompon sph\u00e9rique qui conf\u00e8re au flacon une touche d&#039;\u00e9l\u00e9gance et de charme antique.<\/p>\n<h2>Caract\u00e9ristiques du produit<\/h2>\n<ul>\n<li><strong>Format voyage vintage 10 ml :<\/strong> Le format moyen (10 ml) du flacon droit est id\u00e9al pour les \u00e9chantillons de luxe ou les parfums de voyage.<\/li>\n<li><strong>Vaporisateur d\u00e9coratif en forme de t\u00eatard\u00a0:<\/strong> Cette adorable couronne est confectionn\u00e9e en maille color\u00e9e et son embout dor\u00e9 imite la forme d&#039;un ancien flacon de parfum vintage, ce qui la rend \u00e0 la fois belle et utile.<\/li>\n<li><strong>Bouteille carr\u00e9e en verre :<\/strong> Sa forme g\u00e9om\u00e9trique lui conf\u00e8re une apparence moderne et ordonn\u00e9e, ce qui en fait un ajout spectaculaire \u00e0 toute coiffeuse.<\/li>\n<\/ul>\n<h2 style=\"text-align: left;\">Caract\u00e9ristiques principales<\/h2>\n<table class=\"aligncenter\" style=\"border-collapse: collapse; width: 398.27pt;\" border=\"0\" width=\"531\" cellspacing=\"0\" cellpadding=\"0\">\n<tbody>\n<tr style=\"height: 13.50pt;\">\n<td style=\"height: 13.50pt; width: 111.75pt;\" width=\"149\" height=\"18\">Sp\u00e9cification<\/td>\n<td style=\"width: 286.50pt;\" width=\"382\">D\u00e9tails<\/td>\n<\/tr>\n<tr style=\"height: 13.50pt;\">\n<td style=\"height: 13.50pt;\" height=\"18\">Capacit\u00e9<\/td>\n<td>10 ml<\/td>\n<\/tr>\n<tr style=\"height: 13.50pt;\">\n<td style=\"height: 13.50pt;\" height=\"18\">Dimensions (L x H)<\/td>\n<td>1,7 \u00d7 11,2 cm<\/td>\n<\/tr>\n<tr style=\"height: 13.50pt;\">\n<td style=\"height: 13.50pt;\" height=\"18\">Mat\u00e9riel<\/td>\n<td>Verre transparent, composants m\u00e9talliques<\/td>\n<\/tr>\n<tr style=\"height: 13.50pt;\">\n<td style=\"height: 13.50pt;\" height=\"18\">Forme de bouteille<\/td>\n<td>Prisme carr\u00e9<\/td>\n<\/tr>\n<tr style=\"height: 13.50pt;\">\n<td style=\"height: 13.50pt;\" height=\"18\">Accents de couleur<\/td>\n<td>Corps en verre transparent, spray dor\u00e9<\/td>\n<\/tr>\n<tr style=\"height: 13.50pt;\">\n<td style=\"height: 13.50pt;\" height=\"18\">Caract\u00e9ristique du mat\u00e9riau<\/td>\n<td>Finition d\u00e9corative haut de gamme<\/td>\n<\/tr>\n<tr style=\"height: 13.50pt;\">\n<td style=\"height: 13.50pt;\" height=\"18\">Id\u00e9al pour<\/td>\n<td>Flacons de parfum vintage, flacons de parfum de luxe<\/td>\n<\/tr>\n<\/tbody>\n<\/table>\n<h2>Succ\u00e8s annonc\u00e9 : Le lancement d&#039;un nouveau produit embl\u00e9matique pour une marque de luxe<\/h2>\n<p>Une nouvelle marque de parfums de luxe a lanc\u00e9 trois parfums aux senteurs uniques, pr\u00e9sent\u00e9s dans nos flacons de 10 ml orn\u00e9s de pompons de diff\u00e9rentes couleurs. Leur signature\u00a0? Un flacon carr\u00e9 unique, agr\u00e9ment\u00e9 de pompons. En seulement six mois, la marque a atteint 90\u00a0% de sa cible en termes de notori\u00e9t\u00e9. Son succ\u00e8s fulgurant s&#039;explique \u00e9galement par l&#039;\u00e9l\u00e9gance du flacon\u00a0: 30\u00a0% des clients l&#039;ont achet\u00e9 comme cadeau. Fort de ce succ\u00e8s, la marque a renouvel\u00e9 sa commande avec 250\u00a0000 flacons.<\/p>\n<h2>Personnalisation des flacons de parfum Vantage<\/h2>\n<ul>\n<li>Choix de couleurs pour le verre \u2013 Les bouteilles carr\u00e9es en verre sont disponibles en diff\u00e9rentes couleurs, telles que l&#039;ambre, le gris fum\u00e9 ou le rose clair.<\/li>\n<li>S\u00e9rigraphie sur verre \u2013 Faites imprimer un logo de marque minimaliste, un graphisme ou le nom de votre parfum sur votre bouteille en verre.<\/li>\n<li>Rev\u00eatement par pulv\u00e9risation personnalis\u00e9 \u2013 Finition de la buse de pulv\u00e9risation assortie aux autres \u00e9l\u00e9ments de la marque (par exemple, or rose, nickel bross\u00e9).<\/li>\n<li>Panneaux en verre d\u00e9poli \u2013 Utilisez une d\u00e9coration en verre d\u00e9poli sur une ou deux faces de la bouteille carr\u00e9e en verre pour lui donner un aspect \u00e9l\u00e9gant.<\/li>\n<\/ul>","protected":false},"excerpt":{"rendered":"<p>Ce flacon de parfum de 10 ml allie design classique et modernit\u00e9. Un flacon vintage raffin\u00e9, id\u00e9al pour les vaporisateurs de voyage et les \u00e9chantillons de parfum. Livraison rapide.<\/p>","protected":false},"featured_media":4118,"template":"","meta":{"postBodyCss":"","postBodyMargin":[],"postBodyPadding":[],"postBodyBackground":{"backgroundType":"classic","gradient":""}},"product_brand":[],"product_cat":[15,16,62],"product_tag":[],"class_list":{"0":"post-4112","1":"product","2":"type-product","3":"status-publish","4":"has-post-thumbnail","6":"product_cat-glass-containers","7":"product_cat-glass-bottles","8":"product_cat-perfume-bottles","10":"first","11":"instock","12":"shipping-taxable","13":"product-type-simple"},"jetpack_sharing_enabled":true,"_links":{"self":[{"href":"https:\/\/minghanggroup.com\/fr\/wp-json\/wp\/v2\/product\/4112","targetHints":{"allow":["GET"]}}],"collection":[{"href":"https:\/\/minghanggroup.com\/fr\/wp-json\/wp\/v2\/product"}],"about":[{"href":"https:\/\/minghanggroup.com\/fr\/wp-json\/wp\/v2\/types\/product"}],"wp:featuredmedia":[{"embeddable":true,"href":"https:\/\/minghanggroup.com\/fr\/wp-json\/wp\/v2\/media\/4118"}],"wp:attachment":[{"href":"https:\/\/minghanggroup.com\/fr\/wp-json\/wp\/v2\/media?parent=4112"}],"wp:term":[{"taxonomy":"product_brand","embeddable":true,"href":"https:\/\/minghanggroup.com\/fr\/wp-json\/wp\/v2\/product_brand?post=4112"},{"taxonomy":"product_cat","embeddable":true,"href":"https:\/\/minghanggroup.com\/fr\/wp-json\/wp\/v2\/product_cat?post=4112"},{"taxonomy":"product_tag","embeddable":true,"href":"https:\/\/minghanggroup.com\/fr\/wp-json\/wp\/v2\/product_tag?post=4112"}],"curies":[{"name":"wp","href":"https:\/\/api.w.org\/{rel}","templated":true}]}}