{"id":4111,"date":"2025-12-26T15:07:33","date_gmt":"2025-12-26T07:07:33","guid":{"rendered":"https:\/\/minghanggroup.com\/?post_type=product&#038;p=4111"},"modified":"2025-12-29T11:48:50","modified_gmt":"2025-12-29T03:48:50","slug":"custom-perfume-spray-bottles-with-metallic-lids-bulk","status":"publish","type":"product","link":"https:\/\/minghanggroup.com\/fr\/produit\/custom-perfume-spray-bottles-with-metallic-lids-bulk\/","title":{"rendered":"Flacons vaporisateurs de parfum personnalis\u00e9s de 30 ml, 55 ml et 100 ml avec bouchons m\u00e9talliques (vente en gros)"},"content":{"rendered":"<p>Votre parfum m\u00e9rite un emballage \u00e0 la hauteur. Nous cr\u00e9ons des flacons vaporisateurs haut de gamme, con\u00e7us pour optimiser le succ\u00e8s de votre parfum\u00a0: chaque flacon de 30\u00a0ml contribue \u00e0 sublimer l\u2019histoire de votre produit.<\/p>\n<h2>Caract\u00e9ristiques du produit<\/h2>\n<ol>\n<li><strong>\u00c9l\u00e9gance transparente : <\/strong>Avec son allure contemporaine, notre flacon vaporisateur de parfum en verre cristal est le moyen id\u00e9al de r\u00e9v\u00e9ler la v\u00e9ritable couleur de votre fragrance.<\/li>\n<li><strong>\u00c9tanch\u00e9it\u00e9 optimale, aucun risque de fuite\u00a0: <\/strong>Pour garantir une \u00e9tanch\u00e9it\u00e9 optimale, le collet serti est structur\u00e9 de mani\u00e8re \u00e0 ce que la partie sup\u00e9rieure soit de premi\u00e8re qualit\u00e9.<\/li>\n<li><strong>Conception de base stable\u00a0: <\/strong>La conception exclusive du fond du flacon de parfum lui conf\u00e8re une grande stabilit\u00e9, m\u00eame pos\u00e9 sur un sol ou une table en verre ou en marbre.<\/li>\n<\/ol>\n<h2>Caract\u00e9ristiques principales<\/h2>\n<table style=\"border-collapse: collapse; width: 80%; margin-left: auto; margin-right: auto;\" border=\"0\" width=\"360\" cellspacing=\"0\" cellpadding=\"0\">\n<tbody>\n<tr style=\"height: 13.50pt;\">\n<td style=\"height: 13.5pt; width: 54pt; text-align: center;\" width=\"72\" height=\"18\">Capacit\u00e9 (ml)<\/td>\n<td style=\"width: 54pt; text-align: center;\" width=\"72\">Taille (mm)<\/td>\n<td style=\"width: 54pt; text-align: center;\" width=\"72\">Diam\u00e8tre du col<\/td>\n<td style=\"width: 54pt; text-align: center;\" width=\"72\">Type de fermeture<\/td>\n<td style=\"width: 54pt; text-align: center;\" width=\"72\">Mat\u00e9riel<\/td>\n<\/tr>\n<tr style=\"height: 13.50pt;\">\n<td style=\"height: 13.5pt; text-align: center;\" align=\"right\" height=\"18\">30<\/td>\n<td style=\"text-align: center;\">45 x 76<\/td>\n<td class=\"et2\" style=\"text-align: center;\" rowspan=\"3\">15 mm<\/td>\n<td class=\"et2\" style=\"text-align: center;\" rowspan=\"3\">Sertissage du col + pulv\u00e9risateur<\/td>\n<td class=\"et2\" style=\"text-align: center;\" rowspan=\"3\">Verre cristallin<\/td>\n<\/tr>\n<tr style=\"height: 13.50pt;\">\n<td style=\"height: 13.5pt; text-align: center;\" align=\"right\" height=\"18\">55<\/td>\n<td style=\"text-align: center;\">46 x 91,4<\/td>\n<\/tr>\n<tr style=\"height: 13.50pt;\">\n<td style=\"height: 13.5pt; text-align: center;\" align=\"right\" height=\"18\">100<\/td>\n<td style=\"text-align: center;\">45 x 126<\/td>\n<\/tr>\n<\/tbody>\n<\/table>\n<h2>Cas de r\u00e9ussite<\/h2>\n<p>Une grande maison de parfumerie a choisi ce flacon de 30 ml pour son nouveau catalogue. La marque souhaitait v\u00e9hiculer une image de luxe et d&#039;\u00e9l\u00e9gance gr\u00e2ce \u00e0 un design \u00e0 la fois sobre et contemporain. Le flacon vaporisateur transparent laissait entrevoir la d\u00e9licate couleur du parfum, tandis que le bouchon m\u00e9tallique apportait une touche de raffinement, en accord avec son positionnement haut de gamme.<\/p>\n<p>Apr\u00e8s le lancement de sa gamme de parfums, l&#039;entreprise a constat\u00e9 une augmentation de 20 % de ses ventes en trois mois. Les clients ont particuli\u00e8rement appr\u00e9ci\u00e9 le design \u00e9l\u00e9gant du flacon et la grande qualit\u00e9 du vaporisateur.<\/p>\n<h2>Vos conseils de personnalisation<\/h2>\n<p>Le style de votre marque et les caract\u00e9ristiques de votre produit d\u00e9termineront les diff\u00e9rentes options de personnalisation d&#039;un flacon de parfum. Vous pouvez opter pour un flacon en verre transparent afin de mettre en valeur la couleur et la texture du parfum, le rendant ainsi plus attrayant. Pour une touche de luxe, un bouchon en m\u00e9tal peut \u00eatre personnalis\u00e9 dans une vari\u00e9t\u00e9 de couleurs, comme l&#039;argent, l&#039;or ou un brun fonc\u00e9, pour une allure plus raffin\u00e9e. De plus, le vaporisateur peut \u00eatre adapt\u00e9 pour une diffusion pr\u00e9cise et uniforme, pr\u00e9servant ainsi le parfum. Le design du flacon peut \u00eatre repens\u00e9 avec cr\u00e9ativit\u00e9\u00a0: formes et motifs originaux permettent de personnaliser le produit et d&#039;accro\u00eetre sa comp\u00e9titivit\u00e9. Enfin, renforcer la notori\u00e9t\u00e9 de votre marque en apposant votre logo ou des \u00e9tiquettes personnalis\u00e9es sur le flacon transforme celui-ci en un v\u00e9ritable ambassadeur de votre marque.<\/p>","protected":false},"excerpt":{"rendered":"<p>D\u00e9couvrez nos flacons de parfum haut de gamme de 30 ml. Nous proposons des flacons vaporisateurs pour r\u00e9pondre \u00e0 tous vos besoins en mati\u00e8re d&#039;emballage personnalis\u00e9. Vente directe d&#039;usine.<\/p>","protected":false},"featured_media":4120,"template":"","meta":{"postBodyCss":"","postBodyMargin":[],"postBodyPadding":[],"postBodyBackground":{"backgroundType":"classic","gradient":""}},"product_brand":[],"product_cat":[15,16,62],"product_tag":[],"class_list":{"0":"post-4111","1":"product","2":"type-product","3":"status-publish","4":"has-post-thumbnail","6":"product_cat-glass-containers","7":"product_cat-glass-bottles","8":"product_cat-perfume-bottles","10":"first","11":"instock","12":"shipping-taxable","13":"product-type-simple"},"jetpack_sharing_enabled":true,"_links":{"self":[{"href":"https:\/\/minghanggroup.com\/fr\/wp-json\/wp\/v2\/product\/4111","targetHints":{"allow":["GET"]}}],"collection":[{"href":"https:\/\/minghanggroup.com\/fr\/wp-json\/wp\/v2\/product"}],"about":[{"href":"https:\/\/minghanggroup.com\/fr\/wp-json\/wp\/v2\/types\/product"}],"wp:featuredmedia":[{"embeddable":true,"href":"https:\/\/minghanggroup.com\/fr\/wp-json\/wp\/v2\/media\/4120"}],"wp:attachment":[{"href":"https:\/\/minghanggroup.com\/fr\/wp-json\/wp\/v2\/media?parent=4111"}],"wp:term":[{"taxonomy":"product_brand","embeddable":true,"href":"https:\/\/minghanggroup.com\/fr\/wp-json\/wp\/v2\/product_brand?post=4111"},{"taxonomy":"product_cat","embeddable":true,"href":"https:\/\/minghanggroup.com\/fr\/wp-json\/wp\/v2\/product_cat?post=4111"},{"taxonomy":"product_tag","embeddable":true,"href":"https:\/\/minghanggroup.com\/fr\/wp-json\/wp\/v2\/product_tag?post=4111"}],"curies":[{"name":"wp","href":"https:\/\/api.w.org\/{rel}","templated":true}]}}