{"id":4106,"date":"2025-12-26T13:46:59","date_gmt":"2025-12-26T05:46:59","guid":{"rendered":"https:\/\/minghanggroup.com\/?post_type=product&#038;p=4106"},"modified":"2025-12-26T14:21:29","modified_gmt":"2025-12-26T06:21:29","slug":"small-gold-antique-perfume-bottles-bulk","status":"publish","type":"product","link":"https:\/\/minghanggroup.com\/fr\/produit\/small-gold-antique-perfume-bottles-bulk\/","title":{"rendered":"Flacons de parfum antiques dor\u00e9s de 10 ml en gros"},"content":{"rendered":"<p><span class=\"inline cursor-pointer rounded\" data-state=\"closed\"><span class=\"rounded transition-colors hover:bg-yellow-200\/20\">Ces\u00a0<span class=\"text-[#00CEC8]\">antique<\/span>\u00a0Les flacons de parfum sont\u00a0<span class=\"text-[#00CEC8]\">fabriqu\u00e9 \u00e0 partir de mat\u00e9riaux transparents<\/span>\u00a0verre avec\u00a0<span class=\"text-[#00CEC8]\">De jolis corps ronds, en forme de pomme.<\/span>\u00a0<\/span><\/span><span class=\"inline cursor-pointer rounded\" data-state=\"closed\"><span class=\"rounded transition-colors hover:bg-yellow-200\/20\"><span class=\"text-[#00CEC8]\">Ils sont munis de buses en maille d\u00e9licate et<\/span>\u00a0sont\u00a0<span class=\"text-[#00CEC8]\">embelli<\/span>\u00a0avec\u00a0<span class=\"text-[#00CEC8]\">Bordures en or fin et motifs floraux.<\/span><\/span><\/span><\/p>\n<h2>Caract\u00e9ristiques du produit<\/h2>\n<ul>\n<li><strong>Forme de bouteille de pomme vintage :<\/strong> L&#039;\u00e9l\u00e9gant flacon, en forme de pomme arrondie, illustre parfaitement la silhouette gracieuse d&#039;un flacon de parfum vintage classique et la repr\u00e9sente sous une forme tr\u00e8s reconnaissable.<\/li>\n<li><strong>Bordure dor\u00e9e :<\/strong> La bouteille est orn\u00e9e de liser\u00e9s dor\u00e9s et de fins motifs en or qui accentuent son luxe vintage et sa beaut\u00e9 artistique.<\/li>\n<li><strong>Buse de pulv\u00e9risation de type quenouille :<\/strong> Non seulement la buse de pulv\u00e9risation en maille vintage offre une fonction de brumisation efficace, mais elle conf\u00e8re \u00e9galement un certain style r\u00e9tro d&#039;une mani\u00e8re plut\u00f4t \u00e9l\u00e9gante.<\/li>\n<\/ul>\n<h2 style=\"text-align: left;\">Caract\u00e9ristiques principales<\/h2>\n<table class=\"aligncenter\" style=\"border-collapse: collapse; width: 411.02pt;\" border=\"0\" width=\"548\" cellspacing=\"0\" cellpadding=\"0\">\n<tbody>\n<tr style=\"height: 13.50pt;\">\n<td style=\"height: 13.50pt; width: 111.75pt;\" width=\"149\" height=\"18\">Sp\u00e9cification<\/td>\n<td style=\"width: 299.25pt;\" width=\"399\">D\u00e9tails<\/td>\n<\/tr>\n<tr style=\"height: 13.50pt;\">\n<td style=\"height: 13.50pt;\" height=\"18\">Capacit\u00e9<\/td>\n<td>10 ml<\/td>\n<\/tr>\n<tr style=\"height: 13.50pt;\">\n<td style=\"height: 13.50pt;\" height=\"18\">Dimensions (\u00d8 x H)<\/td>\n<td>4\u00d77,1 cm<\/td>\n<\/tr>\n<tr style=\"height: 13.50pt;\">\n<td style=\"height: 13.50pt;\" height=\"18\">Mat\u00e9riel<\/td>\n<td>Verre transparent, accents dor\u00e9s<\/td>\n<\/tr>\n<tr style=\"height: 13.50pt;\">\n<td style=\"height: 13.50pt;\" height=\"18\">Forme de bouteille<\/td>\n<td>Pomme arrondie<\/td>\n<\/tr>\n<tr style=\"height: 13.50pt;\">\n<td style=\"height: 13.50pt;\" height=\"18\">Type de fermeture<\/td>\n<td>Couvercle d\u00e9coratif dor\u00e9<\/td>\n<\/tr>\n<tr style=\"height: 13.50pt;\">\n<td style=\"height: 13.50pt;\" height=\"18\">Caract\u00e9ristique du mat\u00e9riau<\/td>\n<td>D\u00e9coratif, finition haut de gamme, \u00e9l\u00e9gance visuelle<\/td>\n<\/tr>\n<tr style=\"height: 13.50pt;\">\n<td style=\"height: 13.50pt;\" height=\"18\">Id\u00e9al pour<\/td>\n<td>Flacons de parfum anciens, flacons de parfum vintage<\/td>\n<\/tr>\n<\/tbody>\n<\/table>\n<h2>Succ\u00e8s : R\u00e9\u00e9dition d&#039;une c\u00e9l\u00e8bre marque de parfums<\/h2>\n<p>Une marque de parfums historique a choisi de revisiter son parfum embl\u00e9matique des ann\u00e9es 1930. Ces flacons vintage de 10 ml, en forme de pomme, ont \u00e9t\u00e9 s\u00e9lectionn\u00e9s comme emballage unique. Le magnifique plaquage or et le design original en ont imm\u00e9diatement fait une pi\u00e8ce de collection, le premier lot \u00e9tant \u00e9puis\u00e9 en 48 heures. Le succ\u00e8s a \u00e9t\u00e9 retentissant sur les r\u00e9seaux sociaux, g\u00e9n\u00e9rant plus de 2 millions de conversations et une importante couverture m\u00e9diatique. Forte de ce succ\u00e8s, la marque a command\u00e9 100\u00a0000 flacons suppl\u00e9mentaires pour enrichir sa gamme permanente.<\/p>\n<h2>Exigences de personnalisation des flacons de parfum vintage<\/h2>\n<ul>\n<li>Marquage \u00e0 chaud personnalis\u00e9 \u2013 Faites apposer votre propre motif ou monogramme par marquage \u00e0 chaud sur la bouteille.<\/li>\n<li>Bouteille en vitrail \u2013 Les bouteilles en vitrail ont la forme d&#039;une pomme et peuvent \u00eatre de l&#039;une des couleurs suivantes\u00a0: vert \u00e9meraude, bleu cobalt ou am\u00e9thyste.<\/li>\n<li>Accents \u00e9maill\u00e9s \u2013 Appliquez le motif de marquage \u00e0 chaud pour ajouter de la profondeur et de la couleur gr\u00e2ce \u00e0 des \u00e9maux peints \u00e0 la main.<\/li>\n<li>Conception personnalis\u00e9e des pompons \u2013 Modifiez la couleur, la mati\u00e8re et la longueur des pompons ornant le flacon vaporisateur.<\/li>\n<\/ul>","protected":false},"excerpt":{"rendered":"<p>Sublimez votre marque avec des flacons de parfum anciens. Chaque flacon vintage est orn\u00e9 de motifs dor\u00e9s raffin\u00e9s et d&#039;une ampoule en maille. Enti\u00e8rement personnalisables.<\/p>","protected":false},"featured_media":4107,"template":"","meta":{"postBodyCss":"","postBodyMargin":[],"postBodyPadding":[],"postBodyBackground":{"backgroundType":"classic","gradient":""}},"product_brand":[],"product_cat":[15,16,62],"product_tag":[],"class_list":{"0":"post-4106","1":"product","2":"type-product","3":"status-publish","4":"has-post-thumbnail","6":"product_cat-glass-containers","7":"product_cat-glass-bottles","8":"product_cat-perfume-bottles","10":"first","11":"instock","12":"shipping-taxable","13":"product-type-simple"},"jetpack_sharing_enabled":true,"_links":{"self":[{"href":"https:\/\/minghanggroup.com\/fr\/wp-json\/wp\/v2\/product\/4106","targetHints":{"allow":["GET"]}}],"collection":[{"href":"https:\/\/minghanggroup.com\/fr\/wp-json\/wp\/v2\/product"}],"about":[{"href":"https:\/\/minghanggroup.com\/fr\/wp-json\/wp\/v2\/types\/product"}],"wp:featuredmedia":[{"embeddable":true,"href":"https:\/\/minghanggroup.com\/fr\/wp-json\/wp\/v2\/media\/4107"}],"wp:attachment":[{"href":"https:\/\/minghanggroup.com\/fr\/wp-json\/wp\/v2\/media?parent=4106"}],"wp:term":[{"taxonomy":"product_brand","embeddable":true,"href":"https:\/\/minghanggroup.com\/fr\/wp-json\/wp\/v2\/product_brand?post=4106"},{"taxonomy":"product_cat","embeddable":true,"href":"https:\/\/minghanggroup.com\/fr\/wp-json\/wp\/v2\/product_cat?post=4106"},{"taxonomy":"product_tag","embeddable":true,"href":"https:\/\/minghanggroup.com\/fr\/wp-json\/wp\/v2\/product_tag?post=4106"}],"curies":[{"name":"wp","href":"https:\/\/api.w.org\/{rel}","templated":true}]}}