{"id":4092,"date":"2025-12-26T11:58:18","date_gmt":"2025-12-26T03:58:18","guid":{"rendered":"https:\/\/minghanggroup.com\/?post_type=product&#038;p=4092"},"modified":"2025-12-26T16:58:40","modified_gmt":"2025-12-26T08:58:40","slug":"glass-round-perfume-bottle-with-marble-ball-lids-wholesale","status":"publish","type":"product","link":"https:\/\/minghanggroup.com\/fr\/produit\/glass-round-perfume-bottle-with-marble-ball-lids-wholesale\/","title":{"rendered":"Flacons de parfum ronds en verre de 30 ml, 50 ml et 100 ml avec bouchons \u00e0 bille en marbre (vente en gros)"},"content":{"rendered":"<p>Votre parfum m\u00e9rite un emballage aussi exceptionnel que sa fragrance. Nous cr\u00e9ons des flacons de parfum ronds, con\u00e7us pour garantir le succ\u00e8s de votre packaging\u00a0: chaque flacon vaporisateur devient ainsi la signature de votre marque.<\/p>\n<h2>Caract\u00e9ristiques du produit<\/h2>\n<ol>\n<li><strong>Design cylindrique \u00e9l\u00e9gant\u00a0: <\/strong>Nous proposons un flacon de parfum circulaire aux lignes simples et \u00e9l\u00e9gantes, surmont\u00e9 d&#039;un bouchon textur\u00e9 effet marbre qui cr\u00e9e un magnifique contraste.<\/li>\n<li><strong>Syst\u00e8me de pulv\u00e9risation de pr\u00e9cision\u00a0: <\/strong>La pompe int\u00e9gr\u00e9e est tr\u00e8s efficace pour diffuser une fine brume et assurer une application de parfum homog\u00e8ne, rendant ainsi vos flacons de parfum particuli\u00e8rement attrayants.<\/li>\n<li><strong>Construction de base stable : <\/strong>La performance de votre flacon de parfum rond est assur\u00e9e par son fond \u00e9pais qui lui conf\u00e8re une grande stabilit\u00e9, que ce soit pour une exposition ou un usage r\u00e9gulier.<\/li>\n<\/ol>\n<h2>Caract\u00e9ristiques principales<\/h2>\n<table style=\"border-collapse: collapse; width: 80%; margin-left: auto; margin-right: auto;\" border=\"0\" width=\"360\" cellspacing=\"0\" cellpadding=\"0\">\n<tbody>\n<tr style=\"height: 13.50pt;\">\n<td style=\"height: 13.5pt; width: 54pt; text-align: center;\" width=\"72\" height=\"18\">Capacit\u00e9 (ml)<\/td>\n<td style=\"width: 54pt; text-align: center;\" width=\"72\">Taille (mm)<\/td>\n<td style=\"width: 54pt; text-align: center;\" width=\"72\">Diam\u00e8tre du col<\/td>\n<td style=\"width: 54pt; text-align: center;\" width=\"72\">Mat\u00e9riel<\/td>\n<td style=\"width: 54pt; text-align: center;\" width=\"72\">Options de couleur<\/td>\n<\/tr>\n<tr style=\"height: 13.50pt;\">\n<td style=\"height: 13.5pt; text-align: center;\" align=\"right\" height=\"18\">30<\/td>\n<td style=\"text-align: center;\">40 \u00d7 82<\/td>\n<td class=\"et2\" style=\"text-align: center;\" rowspan=\"3\">15 mm<\/td>\n<td class=\"et2\" style=\"text-align: center;\" rowspan=\"3\">Verre cristallin<\/td>\n<td class=\"et2\" style=\"text-align: center;\" rowspan=\"3\">Personnalisable<\/td>\n<\/tr>\n<tr style=\"height: 13.50pt;\">\n<td style=\"height: 13.5pt; text-align: center;\" align=\"right\" height=\"18\">50<\/td>\n<td style=\"text-align: center;\">45 \u00d7 92<\/td>\n<\/tr>\n<tr style=\"height: 13.50pt;\">\n<td style=\"height: 13.5pt; text-align: center;\" align=\"right\" height=\"18\">100<\/td>\n<td style=\"text-align: center;\">53 \u00d7 110<\/td>\n<\/tr>\n<\/tbody>\n<\/table>\n<h2>Cas de r\u00e9ussite<\/h2>\n<p>Une maison de parfumerie a choisi ces flacons circulaires en grande quantit\u00e9 pour commercialiser sa nouvelle fragrance signature. L&#039;entreprise souhaitait rehausser le caract\u00e8re luxueux du produit tout en garantissant sa s\u00e9curit\u00e9 et en optimisant sa distribution. La transparence des flacons vaporisateurs, associ\u00e9e \u00e0 un bouchon rond original, s\u00e9duit les clients en r\u00e9v\u00e9lant la puret\u00e9 et la couleur du parfum, ce qui renforce la notori\u00e9t\u00e9 de la marque et son attrait en rayon. Le syst\u00e8me de vaporisation int\u00e9gr\u00e9 diffuse une brume fine et homog\u00e8ne, pour le plus grand plaisir de l&#039;utilisateur, et minimise le gaspillage de produit.<\/p>\n<p>Apr\u00e8s le lancement du produit et sa promotion sur le march\u00e9, la soci\u00e9t\u00e9 a enregistr\u00e9 une augmentation de 20 % des ventes de sa gamme de parfums en quelques mois.<\/p>\n<h2>Vos conseils de personnalisation<\/h2>\n<p>En mati\u00e8re de personnalisation, les flacons vaporisateurs cylindriques de parfum de cette gamme peuvent \u00eatre adapt\u00e9s aux attentes de diff\u00e9rentes marques gr\u00e2ce \u00e0 la modification de la finition du verre ou \u00e0 l&#039;int\u00e9gration de logos personnalis\u00e9s par s\u00e9rigraphie ou gravure. Les marques peuvent \u00e9galement choisir parmi diff\u00e9rents types de pompes et de bouchons pour mettre en valeur la performance et l&#039;attrait du produit, rendant ainsi le conditionnement du parfum non seulement luxueux, prestigieux et facile d&#039;utilisation, mais aussi fonctionnel et esth\u00e9tique.<\/p>","protected":false},"excerpt":{"rendered":"<p>Flacon de parfum rond en verre de qualit\u00e9 sup\u00e9rieure. Vente directe d&#039;usine, personnalisation en gros possible, livraison rapide.<\/p>","protected":false},"featured_media":4098,"template":"","meta":{"postBodyCss":"","postBodyMargin":[],"postBodyPadding":[],"postBodyBackground":{"backgroundType":"classic","gradient":""}},"product_brand":[],"product_cat":[15,16,62],"product_tag":[],"class_list":{"0":"post-4092","1":"product","2":"type-product","3":"status-publish","4":"has-post-thumbnail","6":"product_cat-glass-containers","7":"product_cat-glass-bottles","8":"product_cat-perfume-bottles","10":"first","11":"instock","12":"shipping-taxable","13":"product-type-simple"},"jetpack_sharing_enabled":true,"_links":{"self":[{"href":"https:\/\/minghanggroup.com\/fr\/wp-json\/wp\/v2\/product\/4092","targetHints":{"allow":["GET"]}}],"collection":[{"href":"https:\/\/minghanggroup.com\/fr\/wp-json\/wp\/v2\/product"}],"about":[{"href":"https:\/\/minghanggroup.com\/fr\/wp-json\/wp\/v2\/types\/product"}],"wp:featuredmedia":[{"embeddable":true,"href":"https:\/\/minghanggroup.com\/fr\/wp-json\/wp\/v2\/media\/4098"}],"wp:attachment":[{"href":"https:\/\/minghanggroup.com\/fr\/wp-json\/wp\/v2\/media?parent=4092"}],"wp:term":[{"taxonomy":"product_brand","embeddable":true,"href":"https:\/\/minghanggroup.com\/fr\/wp-json\/wp\/v2\/product_brand?post=4092"},{"taxonomy":"product_cat","embeddable":true,"href":"https:\/\/minghanggroup.com\/fr\/wp-json\/wp\/v2\/product_cat?post=4092"},{"taxonomy":"product_tag","embeddable":true,"href":"https:\/\/minghanggroup.com\/fr\/wp-json\/wp\/v2\/product_tag?post=4092"}],"curies":[{"name":"wp","href":"https:\/\/api.w.org\/{rel}","templated":true}]}}