{"id":4087,"date":"2025-12-26T10:40:12","date_gmt":"2025-12-26T02:40:12","guid":{"rendered":"https:\/\/minghanggroup.com\/?post_type=product&#038;p=4087"},"modified":"2026-04-14T10:04:14","modified_gmt":"2026-04-14T02:04:14","slug":"custom-glass-perfume-bottles-with-elegant-metal-lids-bulk","status":"publish","type":"product","link":"https:\/\/minghanggroup.com\/fr\/produit\/custom-glass-perfume-bottles-with-elegant-metal-lids-bulk\/","title":{"rendered":"30ml 50ml 100ml Custom Glass Perfume Bottles with Metal Lids Bulk"},"content":{"rendered":"<p>Votre parfum m\u00e9rite un \u00e9crin \u00e0 la hauteur de son image. Nous cr\u00e9ons des flacons de parfum en verre con\u00e7us pour un succ\u00e8s garanti\u00a0: chaque flacon de 50\u00a0ml devient la signature de votre marque.<\/p>\n<h2>Caract\u00e9ristiques du produit<\/h2>\n<ol>\n<li><strong>Design minimaliste moderne : <\/strong>Le design de nos flacons de parfum en cristal est tr\u00e8s simple et moderne, ce qui est id\u00e9al pour mettre en valeur votre parfum.<\/li>\n<li><strong>Mat\u00e9riau en verre cristal de qualit\u00e9 sup\u00e9rieure\u00a0: <\/strong>Les mat\u00e9riaux utilis\u00e9s pour leur fabrication sont du verre cristal de la plus haute qualit\u00e9, r\u00e9sistant, capable de supporter la chaleur et id\u00e9al pour la conservation des huiles essentielles ou de tout type de parfum.<\/li>\n<li><strong>Plusieurs tailles disponibles\u00a0: <\/strong>Vous pouvez choisir entre 30 ml, 50 ml et 100 ml pour r\u00e9pondre \u00e0 vos besoins en mati\u00e8re d&#039;emballage de parfums personnels pour diff\u00e9rentes gammes de produits.<\/li>\n<\/ol>\n<h2>Caract\u00e9ristiques principales<\/h2>\n<table style=\"border-collapse: collapse; width: 80%; margin-left: auto; margin-right: auto;\" border=\"0\" width=\"432\" cellspacing=\"0\" cellpadding=\"0\">\n<tbody>\n<tr style=\"height: 13.50pt;\">\n<td style=\"height: 13.5pt; width: 54pt; text-align: center;\" width=\"72\" height=\"18\">Capacit\u00e9 (ml)<\/td>\n<td style=\"width: 54pt; text-align: center;\" width=\"72\">Taille (mm)<\/td>\n<td style=\"width: 54pt; text-align: center;\" width=\"72\">Diam\u00e8tre du col<\/td>\n<td style=\"width: 54pt; text-align: center;\" width=\"72\">Type de fermeture<\/td>\n<td style=\"width: 54pt; text-align: center;\" width=\"72\">Mat\u00e9riel<\/td>\n<td style=\"width: 54pt; text-align: center;\" width=\"72\">Options de couleur<\/td>\n<\/tr>\n<tr style=\"height: 13.50pt;\">\n<td style=\"height: 13.5pt; text-align: center;\" align=\"right\" height=\"18\">30<\/td>\n<td style=\"text-align: center;\">32 x 98<\/td>\n<td class=\"et2\" style=\"text-align: center;\" rowspan=\"3\">18 mm<\/td>\n<td class=\"et2\" style=\"text-align: center;\" rowspan=\"3\">Col filet\u00e9 + pompe de pulv\u00e9risation<\/td>\n<td class=\"et2\" style=\"text-align: center;\" rowspan=\"3\">Verre cristallin<\/td>\n<td class=\"et2\" style=\"text-align: center;\" rowspan=\"3\">Personnalisable<\/td>\n<\/tr>\n<tr style=\"height: 13.50pt;\">\n<td style=\"height: 13.5pt; text-align: center;\" align=\"right\" height=\"18\">50<\/td>\n<td style=\"text-align: center;\">32 x 122<\/td>\n<\/tr>\n<tr style=\"height: 13.50pt;\">\n<td style=\"height: 13.5pt; text-align: center;\" align=\"right\" height=\"18\">100<\/td>\n<td style=\"text-align: center;\">40 x 167<\/td>\n<\/tr>\n<\/tbody>\n<\/table>\n<h2>Cas de r\u00e9ussite<\/h2>\n<p>Nos flacons de parfum de 50 ml ont \u00e9t\u00e9 choisis par une marque de parfums pour le lancement de sa nouvelle gamme. La marque avait des exigences tr\u00e8s \u00e9lev\u00e9es en mati\u00e8re d&#039;emballage, notamment pour valoriser l&#039;image du produit et l&#039;exp\u00e9rience client. L&#039;image de la marque correspondait parfaitement \u00e0 celle de notre flacon, avec son design chic et contemporain, son verre transparent et son luxueux bouchon argent\u00e9. De plus, le design de son vaporisateur permet une diffusion uniforme et une utilisation simple et intuitive.<\/p>\n<p>Apr\u00e8s seulement trois mois d&#039;utilisation de nos emballages par la marque, les ventes de sa gamme de parfums ont augment\u00e9 de 15 % et les taux de rachat ont \u00e9galement progress\u00e9.<\/p>\n<h2>Vos conseils de personnalisation<\/h2>\n<p>Si vous personnalisez ce flacon de parfum en verre, vous pouvez \u00e9galement adapter son design pour qu&#039;il refl\u00e8te le style unique de votre marque. Le flacon en verre transparent attire le regard gr\u00e2ce \u00e0 la couleur et \u00e0 la texture du parfum, tandis que le couvercle en m\u00e9tal se d\u00e9cline en diff\u00e9rentes teintes, comme l&#039;argent classique, l&#039;or \u00e9l\u00e9gant ou le noir tendance, renfor\u00e7ant ainsi l&#039;impression de luxe. Pour une utilisation optimale et pr\u00e9cise, le style du vaporisateur est \u00e9galement personnalisable afin de garantir une pulv\u00e9risation fine et uniforme \u00e0 chaque utilisation.<\/p>\n<p>Le flacon peut \u00e9galement \u00eatre personnalis\u00e9 de mani\u00e8re symbolique \u00e0 l&#039;image de votre marque\u00a0; une forme ronde, rectangulaire ou originale refl\u00e9tera son caract\u00e8re. De plus, vous pouvez y apposer votre logo exclusif ou une illustration, renfor\u00e7ant ainsi la reconnaissance du produit par les acheteurs et faisant de chaque flacon de parfum une pi\u00e8ce unique.<\/p>","protected":false},"excerpt":{"rendered":"<p>Discover the stylish glass perfume bottles, choose 30ml 100ml and 50ml perfume bottles for brands and wholesalers. Factory direct supply, bulk customization.<\/p>","protected":false},"featured_media":4091,"template":"","meta":{"postBodyCss":"","postBodyMargin":[],"postBodyPadding":[],"postBodyBackground":{"backgroundType":"classic","gradient":""}},"product_brand":[],"product_cat":[15,16,62],"product_tag":[111],"class_list":{"0":"post-4087","1":"product","2":"type-product","3":"status-publish","4":"has-post-thumbnail","6":"product_cat-glass-containers","7":"product_cat-glass-bottles","8":"product_cat-perfume-bottles","9":"product_tag-glass-mist-bottles","11":"first","12":"instock","13":"shipping-taxable","14":"product-type-simple"},"jetpack_sharing_enabled":true,"_links":{"self":[{"href":"https:\/\/minghanggroup.com\/fr\/wp-json\/wp\/v2\/product\/4087","targetHints":{"allow":["GET"]}}],"collection":[{"href":"https:\/\/minghanggroup.com\/fr\/wp-json\/wp\/v2\/product"}],"about":[{"href":"https:\/\/minghanggroup.com\/fr\/wp-json\/wp\/v2\/types\/product"}],"wp:featuredmedia":[{"embeddable":true,"href":"https:\/\/minghanggroup.com\/fr\/wp-json\/wp\/v2\/media\/4091"}],"wp:attachment":[{"href":"https:\/\/minghanggroup.com\/fr\/wp-json\/wp\/v2\/media?parent=4087"}],"wp:term":[{"taxonomy":"product_brand","embeddable":true,"href":"https:\/\/minghanggroup.com\/fr\/wp-json\/wp\/v2\/product_brand?post=4087"},{"taxonomy":"product_cat","embeddable":true,"href":"https:\/\/minghanggroup.com\/fr\/wp-json\/wp\/v2\/product_cat?post=4087"},{"taxonomy":"product_tag","embeddable":true,"href":"https:\/\/minghanggroup.com\/fr\/wp-json\/wp\/v2\/product_tag?post=4087"}],"curies":[{"name":"wp","href":"https:\/\/api.w.org\/{rel}","templated":true}]}}