{"id":4086,"date":"2025-12-25T17:56:05","date_gmt":"2025-12-25T09:56:05","guid":{"rendered":"https:\/\/minghanggroup.com\/?post_type=product&#038;p=4086"},"modified":"2025-12-26T11:17:07","modified_gmt":"2025-12-26T03:17:07","slug":"miniature-perfume-bottles-with-gold-spray-lids-bulk","status":"publish","type":"product","link":"https:\/\/minghanggroup.com\/fr\/produit\/miniature-perfume-bottles-with-gold-spray-lids-bulk\/","title":{"rendered":"Flacons de parfum miniatures de 2 ml, 3 ml, 5 ml et 10 ml avec bouchon vaporisateur dor\u00e9 (vente en gros)"},"content":{"rendered":"<p>Ces flacons de parfum miniatures ont un corps lisse et droit en verre transparent, disponibles en quatre tailles, et sont parfaitement adapt\u00e9s pour pr\u00e9senter des \u00e9chantillons de parfum, des parfums de voyage ou des sprays d&#039;huiles essentielles.<\/p>\n<h2>Caract\u00e9ristiques du produit<\/h2>\n<ul>\n<li><strong>Plusieurs mini-formats\u00a0:<\/strong> Il existe quatre hauteurs diff\u00e9rentes permettant d&#039;accueillir des volumes vari\u00e9s de parfums, d&#039;huiles essentielles et autres produits.<\/li>\n<li><strong>Verre transparent luxueux avec capuchon dor\u00e9\u00a0:<\/strong> Le corps enti\u00e8rement en verre transparent, surmont\u00e9 d&#039;un capuchon en m\u00e9tal dor\u00e9, refl\u00e8te parfaitement son contenu, ce qui lui conf\u00e8re un aspect tr\u00e8s sophistiqu\u00e9 et luxueux.<\/li>\n<li><strong>Conception simple \u00e0 cylindre droit\u00a0:<\/strong> Il s&#039;agit du mod\u00e8le \u00e0 cylindre droit le plus simple, dont la conception facilite le rangement et le transport, ce qui est tr\u00e8s pratique en voyage et pour effectuer des retouches en d\u00e9placement.<\/li>\n<\/ul>\n<h2 style=\"text-align: left;\">Caract\u00e9ristiques principales<\/h2>\n<table class=\"aligncenter\" style=\"border-collapse: collapse; width: 482.27pt;\" border=\"0\" width=\"643\" cellspacing=\"0\" cellpadding=\"0\">\n<tbody>\n<tr style=\"height: 13.50pt;\">\n<td style=\"height: 13.50pt; width: 111.75pt;\" width=\"149\" height=\"18\">Sp\u00e9cification<\/td>\n<td style=\"width: 370.50pt;\" width=\"494\">D\u00e9tails<\/td>\n<\/tr>\n<tr style=\"height: 13.50pt;\">\n<td style=\"height: 13.50pt;\" height=\"18\">Dimensions (\u00d8 x H)<\/td>\n<td>2 ml : 1,4 \u00d7 3 cm ; 3 ml : 1,4 \u00d7 4 cm ; 5 ml\u00a0: 1,4 \u00d7 5,5 cm\u00a0; 10 ml\u00a0: 1,4 \u00d7 10 cm<\/td>\n<\/tr>\n<tr style=\"height: 13.50pt;\">\n<td style=\"height: 13.50pt;\" height=\"18\">Mat\u00e9riel<\/td>\n<td>Corps en verre transparent, capuchon en m\u00e9tal dor\u00e9<\/td>\n<\/tr>\n<tr style=\"height: 13.50pt;\">\n<td style=\"height: 13.50pt;\" height=\"18\">Forme de bouteille<\/td>\n<td>Cylindre \u00e0 paroi droite<\/td>\n<\/tr>\n<tr style=\"height: 13.50pt;\">\n<td style=\"height: 13.50pt;\" height=\"18\">Caract\u00e9ristique du mat\u00e9riau<\/td>\n<td>Durable, rechargeable, finition haut de gamme<\/td>\n<\/tr>\n<tr style=\"height: 13.50pt;\">\n<td style=\"height: 13.50pt;\" height=\"18\">Id\u00e9al pour<\/td>\n<td>Flacons d&#039;\u00e9chantillons de parfum, mini-flacons de parfum<\/td>\n<\/tr>\n<\/tbody>\n<\/table>\n<h2>Histoire \u00e0 succ\u00e8s<\/h2>\n<p>Nos flacons d&#039;\u00e9chantillons de parfum de 5 ml ont \u00e9t\u00e9 choisis comme emballage standard pour tous les produits d&#039;une entreprise proposant un service d&#039;abonnement d&#039;exp\u00e9riences olfactives. Leur design classique a \u00e9t\u00e9 pl\u00e9biscit\u00e9, recueillant 95 % d&#039;avis positifs aupr\u00e8s des abonn\u00e9s. L&#039;absence de risque de fuite a \u00e9galement permis d&#039;atteindre un taux de r\u00e9ussite de livraison de 99,9 %, alors m\u00eame que les produits \u00e9taient souvent endommag\u00e9s. Fort de ce succ\u00e8s, l&#039;entreprise a command\u00e9 500\u00a0000 flacons suppl\u00e9mentaires pour r\u00e9pondre \u00e0 la demande croissante dans les deux ans \u00e0 venir.<\/p>\n<h2>Personnalisation de flacons de parfum miniatures<\/h2>\n<ul>\n<li>Bouchon m\u00e9tallique personnalis\u00e9 \u2013 Or rose, argent ou noir avec diff\u00e9rentes finitions PVD.<\/li>\n<li>Couleurs des bouteilles en verre \u2013 Ambre, bleu cobalt ou vert (avec protection UV).<\/li>\n<li>S\u00e9rigraphie sur verre \u2013 Cela consiste \u00e0 imprimer votre logo, le nom de votre parfum ou un motif sur le verre.<\/li>\n<li>Gravure laser \u2013 Permet de graver des motifs complexes, des num\u00e9ros de lot ou des monogrammes sur la surface du verre.<\/li>\n<li>Pulv\u00e9risateurs personnalis\u00e9s \u2013 Faites concevoir des buses de pulv\u00e9risation adapt\u00e9es \u00e0 votre marque.<\/li>\n<\/ul>","protected":false},"excerpt":{"rendered":"<p>Flacons miniatures et \u00e9chantillons de parfum en verre transparent avec bouchon vaporisateur dor\u00e9. Livraison rapide disponible pour les \u00e9chantillons et les voyages. \u00c9chantillons gratuits.<\/p>","protected":false},"featured_media":4096,"template":"","meta":{"postBodyCss":"","postBodyMargin":[],"postBodyPadding":[],"postBodyBackground":{"backgroundType":"classic","gradient":""}},"product_brand":[],"product_cat":[15,16,62],"product_tag":[],"class_list":{"0":"post-4086","1":"product","2":"type-product","3":"status-publish","4":"has-post-thumbnail","6":"product_cat-glass-containers","7":"product_cat-glass-bottles","8":"product_cat-perfume-bottles","10":"first","11":"instock","12":"shipping-taxable","13":"product-type-simple"},"jetpack_sharing_enabled":true,"_links":{"self":[{"href":"https:\/\/minghanggroup.com\/fr\/wp-json\/wp\/v2\/product\/4086","targetHints":{"allow":["GET"]}}],"collection":[{"href":"https:\/\/minghanggroup.com\/fr\/wp-json\/wp\/v2\/product"}],"about":[{"href":"https:\/\/minghanggroup.com\/fr\/wp-json\/wp\/v2\/types\/product"}],"wp:featuredmedia":[{"embeddable":true,"href":"https:\/\/minghanggroup.com\/fr\/wp-json\/wp\/v2\/media\/4096"}],"wp:attachment":[{"href":"https:\/\/minghanggroup.com\/fr\/wp-json\/wp\/v2\/media?parent=4086"}],"wp:term":[{"taxonomy":"product_brand","embeddable":true,"href":"https:\/\/minghanggroup.com\/fr\/wp-json\/wp\/v2\/product_brand?post=4086"},{"taxonomy":"product_cat","embeddable":true,"href":"https:\/\/minghanggroup.com\/fr\/wp-json\/wp\/v2\/product_cat?post=4086"},{"taxonomy":"product_tag","embeddable":true,"href":"https:\/\/minghanggroup.com\/fr\/wp-json\/wp\/v2\/product_tag?post=4086"}],"curies":[{"name":"wp","href":"https:\/\/api.w.org\/{rel}","templated":true}]}}