{"id":4071,"date":"2025-12-25T16:49:20","date_gmt":"2025-12-25T08:49:20","guid":{"rendered":"https:\/\/minghanggroup.com\/?post_type=product&#038;p=4071"},"modified":"2025-12-25T17:13:24","modified_gmt":"2025-12-25T09:13:24","slug":"100ml-perfume-bottles-with-spray-lids-bulk","status":"publish","type":"product","link":"https:\/\/minghanggroup.com\/fr\/produit\/100ml-perfume-bottles-with-spray-lids-bulk\/","title":{"rendered":"Flacons de parfum de 30 ml, 50 ml et 100 ml avec bouchon vaporisateur (vente en gros)"},"content":{"rendered":"<p>Votre parfum m\u00e9rite de briller de mille feux. Nous concevons des flacons de parfum de 100 ml pour les acheteurs en gros\u00a0: chaque commande group\u00e9e devient la signature de votre marque.<\/p>\n<h2>Caract\u00e9ristiques du produit<\/h2>\n<ol>\n<li><strong>Buse de pulv\u00e9risation : <\/strong>Le diffuseur int\u00e9gr\u00e9 permet une diffusion uniforme du parfum en quelques secondes, ce qui permet \u00e0 l&#039;utilisateur de contr\u00f4ler facilement la quantit\u00e9 de parfum utilis\u00e9e et de r\u00e9duire le gaspillage.<\/li>\n<li><strong>Apparence simple et moderne\u00a0: <\/strong>Le design cylindrique minimaliste peut \u00eatre une solution id\u00e9ale pour toute marque de parfum, offrant un rendu chic et \u00e9l\u00e9gant une fois expos\u00e9.<\/li>\n<li><strong>Conception \u00e9tanche : <\/strong>L&#039;ouverture herm\u00e9tique du flacon, associ\u00e9e \u00e0 un bouchon de haute qualit\u00e9, sont les principaux facteurs qui emp\u00eachent les fuites de liquide et garantissent en m\u00eame temps la conservation du parfum pendant longtemps.<\/li>\n<\/ol>\n<h2>Caract\u00e9ristiques principales<\/h2>\n<table style=\"border-collapse: collapse; width: 80%; margin-left: auto; margin-right: auto;\" border=\"0\" width=\"360\" cellspacing=\"0\" cellpadding=\"0\">\n<tbody>\n<tr style=\"height: 13.50pt;\">\n<td style=\"height: 13.5pt; width: 54pt; text-align: center;\" width=\"72\" height=\"18\">Capacit\u00e9 (ml)<\/td>\n<td style=\"width: 54pt; text-align: center;\" width=\"72\">Taille (mm)<\/td>\n<td style=\"width: 54pt; text-align: center;\" width=\"72\">M\u00e9thode de scellement<\/td>\n<td style=\"width: 54pt; text-align: center;\" width=\"72\">Mat\u00e9riel<\/td>\n<td style=\"width: 54pt; text-align: center;\" width=\"72\">Options de couleur<\/td>\n<\/tr>\n<tr style=\"height: 13.50pt;\">\n<td style=\"height: 13.5pt; text-align: center;\" align=\"right\" height=\"18\">30<\/td>\n<td style=\"text-align: center;\">36*72<\/td>\n<td class=\"et2\" style=\"text-align: center;\" rowspan=\"3\">Sertissage du col + pulv\u00e9risateur<\/td>\n<td class=\"et2\" style=\"text-align: center;\" rowspan=\"3\">Verre cristallin<\/td>\n<td class=\"et2\" style=\"text-align: center;\" rowspan=\"3\">Personnalisable<\/td>\n<\/tr>\n<tr style=\"height: 13.50pt;\">\n<td style=\"height: 13.5pt; text-align: center;\" align=\"right\" height=\"18\">50<\/td>\n<td style=\"text-align: center;\">43.5*85<\/td>\n<\/tr>\n<tr style=\"height: 13.50pt;\">\n<td style=\"height: 13.5pt; text-align: center;\" align=\"right\" height=\"18\">100<\/td>\n<td style=\"text-align: center;\">51.4*100<\/td>\n<\/tr>\n<\/tbody>\n<\/table>\n<h2>Cas de r\u00e9ussite<\/h2>\n<p>Une marque de parfums a choisi d&#039;utiliser ces flacons de 100 ml en vrac pour le conditionnement de sa nouvelle gamme. La marque souhaite ainsi sublimer l&#039;exp\u00e9rience haut de gamme du produit gr\u00e2ce \u00e0 un design exceptionnel, tout en garantissant une conservation et une diffusion optimales du parfum. L&#039;association du flacon en verre transparent et du bouchon noir r\u00e9v\u00e8le la couleur et l&#039;\u00e9clat du parfum, contribuant ainsi \u00e0 l&#039;attrait de l&#039;ensemble. Le vaporisateur int\u00e9gr\u00e9 au flacon assure une diffusion optimale du parfum et \u00e9vite tout gaspillage.<\/p>\n<p>Apr\u00e8s quelques mois de promotion sur le march\u00e9, la marque a enregistr\u00e9 une augmentation de 20 % des ventes de cette gamme de parfums.<\/p>\n<h2>Vos conseils de personnalisation<\/h2>\n<p>Lors de la personnalisation de ce flacon de parfum, vous pouvez choisir parmi des options adapt\u00e9es \u00e0 votre positionnement de marque et aux caract\u00e9ristiques de votre produit. Par exemple, le flacon peut \u00eatre r\u00e9alis\u00e9 en verre transparent afin de mettre en valeur la couleur et la texture du parfum, sublimant ainsi son aspect visuel.<\/p>\n<p>Si vous souhaitez un flacon de parfum qui refl\u00e8te davantage votre style, vous pouvez personnaliser le logo, le motif ou l&#039;\u00e9tiquette afin d&#039;assurer la coh\u00e9rence de votre image de marque. Le design du bouchon est \u00e9galement un \u00e9l\u00e9ment important de la personnalisation\u00a0: vous pouvez opter pour un bouchon noir, dor\u00e9 ou argent\u00e9, ou encore un bouchon en bois \u00e0 l&#039;aspect plus naturel, afin de r\u00e9pondre aux diff\u00e9rentes exigences et tendances du march\u00e9.<\/p>","protected":false},"excerpt":{"rendered":"<p>Flacon de parfum \u00e9l\u00e9gant de 100 ml avec bouchon noir, id\u00e9al pour les parfums. Parfait pour les commandes en gros de flacons de parfum avec \u00e9chantillons gratuits et personnalisation directe d&#039;usine.<\/p>","protected":false},"featured_media":4084,"template":"","meta":{"postBodyCss":"","postBodyMargin":[],"postBodyPadding":[],"postBodyBackground":{"backgroundType":"classic","gradient":""}},"product_brand":[],"product_cat":[15,16,62],"product_tag":[],"class_list":{"0":"post-4071","1":"product","2":"type-product","3":"status-publish","4":"has-post-thumbnail","6":"product_cat-glass-containers","7":"product_cat-glass-bottles","8":"product_cat-perfume-bottles","10":"first","11":"instock","12":"shipping-taxable","13":"product-type-simple"},"jetpack_sharing_enabled":true,"_links":{"self":[{"href":"https:\/\/minghanggroup.com\/fr\/wp-json\/wp\/v2\/product\/4071","targetHints":{"allow":["GET"]}}],"collection":[{"href":"https:\/\/minghanggroup.com\/fr\/wp-json\/wp\/v2\/product"}],"about":[{"href":"https:\/\/minghanggroup.com\/fr\/wp-json\/wp\/v2\/types\/product"}],"wp:featuredmedia":[{"embeddable":true,"href":"https:\/\/minghanggroup.com\/fr\/wp-json\/wp\/v2\/media\/4084"}],"wp:attachment":[{"href":"https:\/\/minghanggroup.com\/fr\/wp-json\/wp\/v2\/media?parent=4071"}],"wp:term":[{"taxonomy":"product_brand","embeddable":true,"href":"https:\/\/minghanggroup.com\/fr\/wp-json\/wp\/v2\/product_brand?post=4071"},{"taxonomy":"product_cat","embeddable":true,"href":"https:\/\/minghanggroup.com\/fr\/wp-json\/wp\/v2\/product_cat?post=4071"},{"taxonomy":"product_tag","embeddable":true,"href":"https:\/\/minghanggroup.com\/fr\/wp-json\/wp\/v2\/product_tag?post=4071"}],"curies":[{"name":"wp","href":"https:\/\/api.w.org\/{rel}","templated":true}]}}