{"id":4067,"date":"2025-12-25T15:10:01","date_gmt":"2025-12-25T07:10:01","guid":{"rendered":"https:\/\/minghanggroup.com\/?post_type=product&#038;p=4067"},"modified":"2025-12-25T17:16:54","modified_gmt":"2025-12-25T09:16:54","slug":"mini-capsule-travel-perfume-bottles-bulk","status":"publish","type":"product","link":"https:\/\/minghanggroup.com\/fr\/produit\/mini-capsule-travel-perfume-bottles-bulk\/","title":{"rendered":"Flacons de parfum de voyage en mini-capsules de 5 ml en gros"},"content":{"rendered":"<p>Ces mini-flacons de parfum se pr\u00e9sentent sous forme de capsules lisses et arrondies, \u00e0 la finition m\u00e9tallique brillante. D&#039;une contenance de 5 ml, ils sont petits et faciles \u00e0 transporter\u00a0: vous pourrez les glisser dans un sac \u00e0 main, une pochette ou m\u00eame une poche.<\/p>\n<h2>Caract\u00e9ristiques du produit<\/h2>\n<ul>\n<li><strong>Format mini portable de 5 ml :<\/strong> Gr\u00e2ce \u00e0 leur contenance de 5 ml et \u00e0 leur forme de capsule, elles se glissent facilement dans une poche ou un sac \u00e0 main et sont parfaites pour une utilisation quotidienne afin de r\u00e9aliser de petites retouches.<\/li>\n<li><strong>Diff\u00e9rentes couleurs m\u00e9talliques :<\/strong> Par ailleurs, on observe diff\u00e9rentes couleurs m\u00e9talliques comme le violet, le noir et plusieurs autres qui sont non seulement plus sophistiqu\u00e9es visuellement, mais qui r\u00e9pondent \u00e9galement \u00e0 diff\u00e9rents go\u00fbts en mati\u00e8re de mode.<\/li>\n<li><strong>Forme de capsule arrondie :<\/strong> Sa forme de capsule arrondie rend le produit confortable \u00e0 utiliser tout en lui conf\u00e9rant un aspect soign\u00e9 et minimaliste.<\/li>\n<\/ul>\n<h2 style=\"text-align: left;\">Caract\u00e9ristiques principales<\/h2>\n<table class=\"aligncenter\" style=\"border-collapse: collapse; width: 485.27pt;\" border=\"0\" width=\"647\" cellspacing=\"0\" cellpadding=\"0\">\n<tbody>\n<tr style=\"height: 13.50pt;\">\n<td style=\"height: 13.50pt; width: 109.50pt;\" width=\"146\" height=\"18\">Sp\u00e9cification<\/td>\n<td style=\"width: 375.75pt;\" width=\"501\">D\u00e9tails<\/td>\n<\/tr>\n<tr style=\"height: 13.50pt;\">\n<td style=\"height: 13.50pt;\" height=\"18\">Capacit\u00e9<\/td>\n<td>5 ml<\/td>\n<\/tr>\n<tr style=\"height: 13.50pt;\">\n<td style=\"height: 13.50pt;\" height=\"18\">Dimensions (\u00d8 x H)<\/td>\n<td>1,7 \u00d7 7,5 cm<\/td>\n<\/tr>\n<tr style=\"height: 13.50pt;\">\n<td style=\"height: 13.50pt;\" height=\"18\">Mat\u00e9riel<\/td>\n<td>Flacon int\u00e9rieur en verre, bo\u00eetier ext\u00e9rieur en m\u00e9tal<\/td>\n<\/tr>\n<tr style=\"height: 13.50pt;\">\n<td style=\"height: 13.50pt;\" height=\"18\">Forme de bouteille<\/td>\n<td>Capsule arrondie<\/td>\n<\/tr>\n<tr style=\"height: 13.50pt;\">\n<td style=\"height: 13.50pt;\" height=\"18\">Id\u00e9al pour<\/td>\n<td>\u00c9chantillons de parfum, mini-flacons de parfum, flacons de parfum de voyage<\/td>\n<\/tr>\n<\/tbody>\n<\/table>\n<h2>Succ\u00e8s : Le coffret d\u00e9couverte d&#039;un parfumeur de niche<\/h2>\n<p>Nos flacons de parfum miniatures de 5 ml ont \u00e9t\u00e9 command\u00e9s par un fabricant de parfums australien. Chaque fragrance a \u00e9t\u00e9 propos\u00e9e dans un flacon miniature m\u00e9tallis\u00e9 de couleur diff\u00e9rente. Ce petit format a permis d&#039;augmenter de 40 % les ventes r\u00e9alis\u00e9es en compl\u00e9ment des achats impulsifs de produits de voyage lors du passage en caisse. Cette collection de parfums a rencontr\u00e9 un franc succ\u00e8s et 60 % des nouveaux clients ont achet\u00e9 ce coffret. Fort de ce succ\u00e8s, le fabricant a command\u00e9 150\u00a0000 flacons suppl\u00e9mentaires pour lancer sa nouvelle collection.<\/p>\n<h2>Flacons de parfum de voyage personnalisables<\/h2>\n<ul>\n<li>Couleur du m\u00e9tal personnalis\u00e9e \u2013 Le rev\u00eatement PVD du bo\u00eetier m\u00e9tallique doit correspondre aux couleurs de votre marque.<\/li>\n<li>Gravure laser sur bo\u00eetier \u2013 Apposez votre logo, votre motif ou le nom de votre parfum sur la surface m\u00e9tallique.<\/li>\n<li>Forme de fen\u00eatre personnalis\u00e9e\u00a0: choisissez le contour de la fen\u00eatre transparente (par exemple ovale, en forme de larme).<\/li>\n<li>Bague antid\u00e9rapante textur\u00e9e\u00a0: une fine bague textur\u00e9e est pr\u00e9vue sur le capuchon m\u00e9tallique pour une meilleure prise en main.<\/li>\n<\/ul>","protected":false},"excerpt":{"rendered":"<p>D\u00e9couvrez nos mini flacons de parfum orn\u00e9s d&#039;un \u00e9l\u00e9gant anneau argent\u00e9. Ce flacon de voyage de 5 ml est disponible en rose, dor\u00e9 et autres coloris. Livraison rapide pour toutes les couleurs.<\/p>","protected":false},"featured_media":4074,"template":"","meta":{"postBodyCss":"","postBodyMargin":[],"postBodyPadding":[],"postBodyBackground":{"backgroundType":"classic","gradient":""}},"product_brand":[],"product_cat":[15,16,62],"product_tag":[],"class_list":{"0":"post-4067","1":"product","2":"type-product","3":"status-publish","4":"has-post-thumbnail","6":"product_cat-glass-containers","7":"product_cat-glass-bottles","8":"product_cat-perfume-bottles","10":"first","11":"instock","12":"shipping-taxable","13":"product-type-simple"},"jetpack_sharing_enabled":true,"_links":{"self":[{"href":"https:\/\/minghanggroup.com\/fr\/wp-json\/wp\/v2\/product\/4067","targetHints":{"allow":["GET"]}}],"collection":[{"href":"https:\/\/minghanggroup.com\/fr\/wp-json\/wp\/v2\/product"}],"about":[{"href":"https:\/\/minghanggroup.com\/fr\/wp-json\/wp\/v2\/types\/product"}],"wp:featuredmedia":[{"embeddable":true,"href":"https:\/\/minghanggroup.com\/fr\/wp-json\/wp\/v2\/media\/4074"}],"wp:attachment":[{"href":"https:\/\/minghanggroup.com\/fr\/wp-json\/wp\/v2\/media?parent=4067"}],"wp:term":[{"taxonomy":"product_brand","embeddable":true,"href":"https:\/\/minghanggroup.com\/fr\/wp-json\/wp\/v2\/product_brand?post=4067"},{"taxonomy":"product_cat","embeddable":true,"href":"https:\/\/minghanggroup.com\/fr\/wp-json\/wp\/v2\/product_cat?post=4067"},{"taxonomy":"product_tag","embeddable":true,"href":"https:\/\/minghanggroup.com\/fr\/wp-json\/wp\/v2\/product_tag?post=4067"}],"curies":[{"name":"wp","href":"https:\/\/api.w.org\/{rel}","templated":true}]}}