{"id":4061,"date":"2025-12-25T15:35:19","date_gmt":"2025-12-25T07:35:19","guid":{"rendered":"https:\/\/minghanggroup.com\/?post_type=product&#038;p=4061"},"modified":"2025-12-25T17:08:46","modified_gmt":"2025-12-25T09:08:46","slug":"empty-perfume-bottles-with-lids-wholesale","status":"publish","type":"product","link":"https:\/\/minghanggroup.com\/fr\/produit\/empty-perfume-bottles-with-lids-wholesale\/","title":{"rendered":"Flacons de parfum vides de 50 ml et 100 ml avec bouchons, vente en gros"},"content":{"rendered":"<p>Vous m\u00e9ritez un emballage haut de gamme qui sublime votre parfum. Nous cr\u00e9ons des flacons de parfum vides con\u00e7us pour une commercialisation r\u00e9ussie\u00a0: chaque flacon de 50\u00a0ml contribue \u00e0 raconter l\u2019histoire de votre produit.<\/p>\n<h2>Caract\u00e9ristiques du produit<\/h2>\n<ul>\n<li><strong>Design moderne et \u00e9l\u00e9gant\u00a0: <\/strong>Nous avons con\u00e7u nos flacons en cristal pour qu&#039;ils soient visuellement attrayants, avec un look tendance et moderne, ce qui constitue une pr\u00e9sentation id\u00e9ale pour votre parfum.<\/li>\n<li><strong>Syst\u00e8me de pulv\u00e9risation de pr\u00e9cision\u00a0: <\/strong>Le pulv\u00e9risateur inclus est toujours efficace pour diffuser une fine brume lors de votre application luxueuse.<\/li>\n<li><strong>Mat\u00e9riau en verre cristal de qualit\u00e9 sup\u00e9rieure\u00a0: <\/strong>Gr\u00e2ce \u00e0 l&#039;utilisation de verre cristal de qualit\u00e9 sup\u00e9rieure, ce produit est non seulement r\u00e9sistant, mais aussi en parfaite harmonie avec votre parfum de luxe.<\/li>\n<li><strong>Plusieurs options de capacit\u00e9\u00a0: <\/strong>Ce mod\u00e8le est propos\u00e9 en versions 50 ml et 100 ml pour r\u00e9pondre \u00e0 vos besoins sp\u00e9cifiques en mati\u00e8re d&#039;emballage de parfum.<\/li>\n<\/ul>\n<h2>Caract\u00e9ristiques principales<\/h2>\n<table style=\"border-collapse: collapse; width: 80%; margin-left: auto; margin-right: auto;\" border=\"0\" width=\"360\" cellspacing=\"0\" cellpadding=\"0\">\n<tbody>\n<tr style=\"height: 13.50pt;\">\n<td style=\"height: 13.5pt; width: 54pt; text-align: center;\" width=\"72\" height=\"18\">Capacit\u00e9 (ml)<\/td>\n<td style=\"width: 54pt; text-align: center;\" width=\"72\">Taille (mm)<\/td>\n<td style=\"width: 54pt; text-align: center;\" width=\"72\">Diam\u00e8tre du col<\/td>\n<td style=\"width: 54pt; text-align: center;\" width=\"72\">M\u00e9thode de scellement<\/td>\n<td style=\"width: 54pt; text-align: center;\" width=\"72\">Mat\u00e9riel<\/td>\n<\/tr>\n<tr style=\"height: 13.50pt;\">\n<td style=\"height: 13.5pt; text-align: center;\" align=\"right\" height=\"18\">50<\/td>\n<td style=\"text-align: center;\">37 * 98<\/td>\n<td class=\"et2\" style=\"text-align: center;\" rowspan=\"3\">15 mm<\/td>\n<td class=\"et2\" style=\"text-align: center;\" rowspan=\"3\">Sertissage du col + pulv\u00e9risateur<\/td>\n<td class=\"et2\" style=\"text-align: center;\" rowspan=\"3\">Verre cristallin<\/td>\n<\/tr>\n<tr style=\"height: 13.50pt;\">\n<td style=\"height: 13.5pt; text-align: center;\" align=\"right\" height=\"18\">50<\/td>\n<td style=\"text-align: center;\">32 * 137<\/td>\n<\/tr>\n<tr style=\"height: 13.50pt;\">\n<td style=\"height: 13.5pt; text-align: center;\" align=\"right\" height=\"18\">100<\/td>\n<td style=\"text-align: center;\">39 * 159<\/td>\n<\/tr>\n<\/tbody>\n<\/table>\n<h2>Cas de r\u00e9ussite<\/h2>\n<p>Une marque de luxe a choisi ce flacon de parfum de 50 ml pour sa nouvelle collection. Elle souhaite v\u00e9hiculer une image haut de gamme et \u00e9l\u00e9gante gr\u00e2ce \u00e0 un design sophistiqu\u00e9 et moderne. Le flacon, en verre transparent avec un bouchon noir, arbore un design \u00e0 la fois simple et raffin\u00e9 qui met parfaitement en valeur la qualit\u00e9 et le charme du parfum.<\/p>\n<p>Apr\u00e8s l&#039;adoption de ce flacon de parfum con\u00e7u sur mesure, les ventes de parfums de la marque ont connu une augmentation significative, de 30 % dans les trois mois suivant le lancement du produit.<\/p>\n<h2>Vos conseils de personnalisation<\/h2>\n<p>Vous disposez de nombreuses options pour personnaliser ce flacon de parfum de 50 ml\u00a0: choisissez ce qui convient le mieux \u00e0 votre marque et \u00e0 votre produit\u00a0; optez pour un verre transparent de qualit\u00e9 permettant d\u2019admirer la couleur et la texture du parfum\u00a0; personnalisez le bouchon selon vos envies\u00a0: le bois offre un aspect naturel et luxueux, tandis que le m\u00e9tal ou le plastique apportent une touche plus moderne\u00a0; enfin, ajoutez votre logo ou un motif pour renforcer l\u2019identit\u00e9 de votre marque.<\/p>","protected":false},"excerpt":{"rendered":"<p>Flacons de parfum vides de 50 ml et 100 ml avec bouchon noir, parfaits pour les parfums ou les cosm\u00e9tiques. Disponibles en gros, avec \u00e9chantillons gratuits et options de personnalisation.<\/p>","protected":false},"featured_media":4066,"template":"","meta":{"postBodyCss":"","postBodyMargin":[],"postBodyPadding":[],"postBodyBackground":{"backgroundType":"classic","gradient":""}},"product_brand":[],"product_cat":[15,16,62],"product_tag":[],"class_list":{"0":"post-4061","1":"product","2":"type-product","3":"status-publish","4":"has-post-thumbnail","6":"product_cat-glass-containers","7":"product_cat-glass-bottles","8":"product_cat-perfume-bottles","10":"first","11":"instock","12":"shipping-taxable","13":"product-type-simple"},"jetpack_sharing_enabled":true,"_links":{"self":[{"href":"https:\/\/minghanggroup.com\/fr\/wp-json\/wp\/v2\/product\/4061","targetHints":{"allow":["GET"]}}],"collection":[{"href":"https:\/\/minghanggroup.com\/fr\/wp-json\/wp\/v2\/product"}],"about":[{"href":"https:\/\/minghanggroup.com\/fr\/wp-json\/wp\/v2\/types\/product"}],"wp:featuredmedia":[{"embeddable":true,"href":"https:\/\/minghanggroup.com\/fr\/wp-json\/wp\/v2\/media\/4066"}],"wp:attachment":[{"href":"https:\/\/minghanggroup.com\/fr\/wp-json\/wp\/v2\/media?parent=4061"}],"wp:term":[{"taxonomy":"product_brand","embeddable":true,"href":"https:\/\/minghanggroup.com\/fr\/wp-json\/wp\/v2\/product_brand?post=4061"},{"taxonomy":"product_cat","embeddable":true,"href":"https:\/\/minghanggroup.com\/fr\/wp-json\/wp\/v2\/product_cat?post=4061"},{"taxonomy":"product_tag","embeddable":true,"href":"https:\/\/minghanggroup.com\/fr\/wp-json\/wp\/v2\/product_tag?post=4061"}],"curies":[{"name":"wp","href":"https:\/\/api.w.org\/{rel}","templated":true}]}}